{"id":977,"date":"2021-08-16T15:25:31","date_gmt":"2021-08-16T13:25:31","guid":{"rendered":"https:\/\/art-mu.fr\/?page_id=977"},"modified":"2021-08-24T15:00:29","modified_gmt":"2021-08-24T13:00:29","slug":"marathon-du-nu-janvier-2018","status":"publish","type":"page","link":"https:\/\/art-mu.fr\/?page_id=977","title":{"rendered":"Marathon du nu janvier 2018"},"content":{"rendered":"\n<p>Pour rompre un peu la routine, un <a href=\"https:\/\/art-mu.fr\/?page_id=79\" data-type=\"page\" data-id=\"79\">marathon du nu<\/a> offrant la possibilit\u00e9 de d\u00e9couverte de plusieurs techniques de gravure : sur Tetrapak, sur Rh\u00e9nalon, linogravure, monotype et un essai de Kitchen litho <em>(principe de la lithographie mais avec papier alu, coca-cola et savon, essai rest\u00e9 sans suite pour l&rsquo;instant au sein de notre association&#8230;).<\/em><\/p>\n\n\n\n<p>Le tout en s&rsquo;appuyant sur la pr\u00e9sence de mod\u00e8les masculins et f\u00e9minins.<\/p>\n\n\n\n<p>Et avec toujours la possibilit\u00e9 de travailler librement pour ceux qui le souhaitent (derni\u00e8re photo)<\/p>\n\n\n\n<figure class=\"wp-block-gallery columns-2 wp-block-gallery-1 is-layout-flex wp-block-gallery-is-layout-flex\"><ul class=\"blocks-gallery-grid\"><li class=\"blocks-gallery-item\"><figure><a href=\"https:\/\/art-mu.fr\/wp-content\/uploads\/2021\/08\/marathon_18_01_00-1.jpg\"><img fetchpriority=\"high\" decoding=\"async\" width=\"1024\" height=\"698\" src=\"https:\/\/art-mu.fr\/wp-content\/uploads\/2021\/08\/marathon_18_01_00-1-1024x698.jpg\" alt=\"\" data-id=\"978\" data-full-url=\"https:\/\/art-mu.fr\/wp-content\/uploads\/2021\/08\/marathon_18_01_00-1.jpg\" data-link=\"https:\/\/art-mu.fr\/?attachment_id=978\" class=\"wp-image-978\" srcset=\"https:\/\/art-mu.fr\/wp-content\/uploads\/2021\/08\/marathon_18_01_00-1-1024x698.jpg 1024w, https:\/\/art-mu.fr\/wp-content\/uploads\/2021\/08\/marathon_18_01_00-1-300x205.jpg 300w, https:\/\/art-mu.fr\/wp-content\/uploads\/2021\/08\/marathon_18_01_00-1-768x524.jpg 768w, https:\/\/art-mu.fr\/wp-content\/uploads\/2021\/08\/marathon_18_01_00-1.jpg 1280w\" sizes=\"(max-width: 1024px) 100vw, 1024px\" \/><\/a><\/figure><\/li><li class=\"blocks-gallery-item\"><figure><a href=\"https:\/\/art-mu.fr\/wp-content\/uploads\/2021\/08\/marathon_18_01_01.jpg\"><img decoding=\"async\" width=\"1024\" height=\"686\" src=\"https:\/\/art-mu.fr\/wp-content\/uploads\/2021\/08\/marathon_18_01_01-1024x686.jpg\" alt=\"\" data-id=\"979\" data-full-url=\"https:\/\/art-mu.fr\/wp-content\/uploads\/2021\/08\/marathon_18_01_01.jpg\" data-link=\"https:\/\/art-mu.fr\/?attachment_id=979\" class=\"wp-image-979\" srcset=\"https:\/\/art-mu.fr\/wp-content\/uploads\/2021\/08\/marathon_18_01_01-1024x686.jpg 1024w, https:\/\/art-mu.fr\/wp-content\/uploads\/2021\/08\/marathon_18_01_01-300x201.jpg 300w, https:\/\/art-mu.fr\/wp-content\/uploads\/2021\/08\/marathon_18_01_01-768x514.jpg 768w, https:\/\/art-mu.fr\/wp-content\/uploads\/2021\/08\/marathon_18_01_01.jpg 1280w\" sizes=\"(max-width: 1024px) 100vw, 1024px\" \/><\/a><\/figure><\/li><li class=\"blocks-gallery-item\"><figure><a href=\"https:\/\/art-mu.fr\/wp-content\/uploads\/2021\/08\/marathon_18_01_02b.jpg\"><img decoding=\"async\" width=\"663\" height=\"960\" src=\"https:\/\/art-mu.fr\/wp-content\/uploads\/2021\/08\/marathon_18_01_02b.jpg\" alt=\"\" data-id=\"980\" data-full-url=\"https:\/\/art-mu.fr\/wp-content\/uploads\/2021\/08\/marathon_18_01_02b.jpg\" data-link=\"https:\/\/art-mu.fr\/?attachment_id=980\" class=\"wp-image-980\" srcset=\"https:\/\/art-mu.fr\/wp-content\/uploads\/2021\/08\/marathon_18_01_02b.jpg 663w, https:\/\/art-mu.fr\/wp-content\/uploads\/2021\/08\/marathon_18_01_02b-207x300.jpg 207w\" sizes=\"(max-width: 663px) 100vw, 663px\" \/><\/a><\/figure><\/li><li class=\"blocks-gallery-item\"><figure><a href=\"https:\/\/art-mu.fr\/wp-content\/uploads\/2021\/08\/marathon_18_01_03-1.jpg-1.jpg\"><img loading=\"lazy\" decoding=\"async\" width=\"687\" height=\"960\" src=\"https:\/\/art-mu.fr\/wp-content\/uploads\/2021\/08\/marathon_18_01_03-1.jpg-1.jpg\" alt=\"\" data-id=\"981\" data-full-url=\"https:\/\/art-mu.fr\/wp-content\/uploads\/2021\/08\/marathon_18_01_03-1.jpg-1.jpg\" data-link=\"https:\/\/art-mu.fr\/?attachment_id=981\" class=\"wp-image-981\" srcset=\"https:\/\/art-mu.fr\/wp-content\/uploads\/2021\/08\/marathon_18_01_03-1.jpg-1.jpg 687w, https:\/\/art-mu.fr\/wp-content\/uploads\/2021\/08\/marathon_18_01_03-1.jpg-1-215x300.jpg 215w\" sizes=\"(max-width: 687px) 100vw, 687px\" \/><\/a><\/figure><\/li><li class=\"blocks-gallery-item\"><figure><a href=\"https:\/\/art-mu.fr\/wp-content\/uploads\/2021\/08\/marathon_18_01_04-1.jpg-1.jpg\"><img loading=\"lazy\" decoding=\"async\" width=\"1024\" height=\"682\" src=\"https:\/\/art-mu.fr\/wp-content\/uploads\/2021\/08\/marathon_18_01_04-1.jpg-1-1024x682.jpg\" alt=\"\" data-id=\"982\" data-full-url=\"https:\/\/art-mu.fr\/wp-content\/uploads\/2021\/08\/marathon_18_01_04-1.jpg-1.jpg\" data-link=\"https:\/\/art-mu.fr\/?attachment_id=982\" class=\"wp-image-982\" srcset=\"https:\/\/art-mu.fr\/wp-content\/uploads\/2021\/08\/marathon_18_01_04-1.jpg-1-1024x682.jpg 1024w, https:\/\/art-mu.fr\/wp-content\/uploads\/2021\/08\/marathon_18_01_04-1.jpg-1-300x200.jpg 300w, https:\/\/art-mu.fr\/wp-content\/uploads\/2021\/08\/marathon_18_01_04-1.jpg-1-768x512.jpg 768w, https:\/\/art-mu.fr\/wp-content\/uploads\/2021\/08\/marathon_18_01_04-1.jpg-1.jpg 1280w\" sizes=\"(max-width: 1024px) 100vw, 1024px\" \/><\/a><\/figure><\/li><li class=\"blocks-gallery-item\"><figure><a href=\"https:\/\/art-mu.fr\/wp-content\/uploads\/2021\/08\/marathon_18_01_05-1.jpg-1.jpg\"><img loading=\"lazy\" decoding=\"async\" width=\"694\" height=\"960\" src=\"https:\/\/art-mu.fr\/wp-content\/uploads\/2021\/08\/marathon_18_01_05-1.jpg-1.jpg\" alt=\"\" data-id=\"983\" data-full-url=\"https:\/\/art-mu.fr\/wp-content\/uploads\/2021\/08\/marathon_18_01_05-1.jpg-1.jpg\" data-link=\"https:\/\/art-mu.fr\/?attachment_id=983\" class=\"wp-image-983\" srcset=\"https:\/\/art-mu.fr\/wp-content\/uploads\/2021\/08\/marathon_18_01_05-1.jpg-1.jpg 694w, https:\/\/art-mu.fr\/wp-content\/uploads\/2021\/08\/marathon_18_01_05-1.jpg-1-217x300.jpg 217w\" sizes=\"(max-width: 694px) 100vw, 694px\" \/><\/a><\/figure><\/li><li class=\"blocks-gallery-item\"><figure><a href=\"https:\/\/art-mu.fr\/wp-content\/uploads\/2021\/08\/marathon_18_01_06.jpg.jpg\"><img loading=\"lazy\" decoding=\"async\" width=\"806\" height=\"960\" src=\"https:\/\/art-mu.fr\/wp-content\/uploads\/2021\/08\/marathon_18_01_06.jpg.jpg\" alt=\"\" data-id=\"984\" data-full-url=\"https:\/\/art-mu.fr\/wp-content\/uploads\/2021\/08\/marathon_18_01_06.jpg.jpg\" data-link=\"https:\/\/art-mu.fr\/?attachment_id=984\" class=\"wp-image-984\" srcset=\"https:\/\/art-mu.fr\/wp-content\/uploads\/2021\/08\/marathon_18_01_06.jpg.jpg 806w, https:\/\/art-mu.fr\/wp-content\/uploads\/2021\/08\/marathon_18_01_06.jpg-252x300.jpg 252w, https:\/\/art-mu.fr\/wp-content\/uploads\/2021\/08\/marathon_18_01_06.jpg-768x915.jpg 768w\" sizes=\"(max-width: 806px) 100vw, 806px\" \/><\/a><\/figure><\/li><li class=\"blocks-gallery-item\"><figure><a href=\"https:\/\/art-mu.fr\/wp-content\/uploads\/2021\/08\/marathon_18_01_07-1.jpg\"><img loading=\"lazy\" decoding=\"async\" width=\"646\" height=\"960\" src=\"https:\/\/art-mu.fr\/wp-content\/uploads\/2021\/08\/marathon_18_01_07-1.jpg\" alt=\"\" data-id=\"985\" data-full-url=\"https:\/\/art-mu.fr\/wp-content\/uploads\/2021\/08\/marathon_18_01_07-1.jpg\" data-link=\"https:\/\/art-mu.fr\/?attachment_id=985\" class=\"wp-image-985\" srcset=\"https:\/\/art-mu.fr\/wp-content\/uploads\/2021\/08\/marathon_18_01_07-1.jpg 646w, https:\/\/art-mu.fr\/wp-content\/uploads\/2021\/08\/marathon_18_01_07-1-202x300.jpg 202w\" sizes=\"(max-width: 646px) 100vw, 646px\" \/><\/a><\/figure><\/li><li class=\"blocks-gallery-item\"><figure><a href=\"https:\/\/art-mu.fr\/wp-content\/uploads\/2021\/08\/marathon_18_01_08-1.jpg\"><img loading=\"lazy\" decoding=\"async\" width=\"648\" height=\"960\" src=\"https:\/\/art-mu.fr\/wp-content\/uploads\/2021\/08\/marathon_18_01_08-1.jpg\" alt=\"\" data-id=\"986\" data-full-url=\"https:\/\/art-mu.fr\/wp-content\/uploads\/2021\/08\/marathon_18_01_08-1.jpg\" data-link=\"https:\/\/art-mu.fr\/?attachment_id=986\" class=\"wp-image-986\" srcset=\"https:\/\/art-mu.fr\/wp-content\/uploads\/2021\/08\/marathon_18_01_08-1.jpg 648w, https:\/\/art-mu.fr\/wp-content\/uploads\/2021\/08\/marathon_18_01_08-1-203x300.jpg 203w\" sizes=\"(max-width: 648px) 100vw, 648px\" \/><\/a><\/figure><\/li><li class=\"blocks-gallery-item\"><figure><a href=\"https:\/\/art-mu.fr\/wp-content\/uploads\/2021\/08\/marathon_18_01_09.jpg.jpg\"><img loading=\"lazy\" decoding=\"async\" width=\"747\" height=\"960\" src=\"https:\/\/art-mu.fr\/wp-content\/uploads\/2021\/08\/marathon_18_01_09.jpg.jpg\" alt=\"\" data-id=\"987\" data-full-url=\"https:\/\/art-mu.fr\/wp-content\/uploads\/2021\/08\/marathon_18_01_09.jpg.jpg\" data-link=\"https:\/\/art-mu.fr\/?attachment_id=987\" class=\"wp-image-987\" srcset=\"https:\/\/art-mu.fr\/wp-content\/uploads\/2021\/08\/marathon_18_01_09.jpg.jpg 747w, https:\/\/art-mu.fr\/wp-content\/uploads\/2021\/08\/marathon_18_01_09.jpg-233x300.jpg 233w\" sizes=\"(max-width: 747px) 100vw, 747px\" \/><\/a><\/figure><\/li><li class=\"blocks-gallery-item\"><figure><a href=\"https:\/\/art-mu.fr\/wp-content\/uploads\/2021\/08\/marathon_18_01_10-1.jpg-1.jpg\"><img loading=\"lazy\" decoding=\"async\" width=\"1024\" height=\"684\" src=\"https:\/\/art-mu.fr\/wp-content\/uploads\/2021\/08\/marathon_18_01_10-1.jpg-1-1024x684.jpg\" alt=\"\" data-id=\"988\" data-full-url=\"https:\/\/art-mu.fr\/wp-content\/uploads\/2021\/08\/marathon_18_01_10-1.jpg-1.jpg\" data-link=\"https:\/\/art-mu.fr\/?attachment_id=988\" class=\"wp-image-988\" srcset=\"https:\/\/art-mu.fr\/wp-content\/uploads\/2021\/08\/marathon_18_01_10-1.jpg-1-1024x684.jpg 1024w, https:\/\/art-mu.fr\/wp-content\/uploads\/2021\/08\/marathon_18_01_10-1.jpg-1-300x200.jpg 300w, https:\/\/art-mu.fr\/wp-content\/uploads\/2021\/08\/marathon_18_01_10-1.jpg-1-768x513.jpg 768w, https:\/\/art-mu.fr\/wp-content\/uploads\/2021\/08\/marathon_18_01_10-1.jpg-1.jpg 1280w\" sizes=\"(max-width: 1024px) 100vw, 1024px\" \/><\/a><\/figure><\/li><li class=\"blocks-gallery-item\"><figure><a href=\"https:\/\/art-mu.fr\/wp-content\/uploads\/2021\/08\/marathon_18_01_11.jpg.jpg.jpg\"><img loading=\"lazy\" decoding=\"async\" width=\"1024\" height=\"539\" src=\"https:\/\/art-mu.fr\/wp-content\/uploads\/2021\/08\/marathon_18_01_11.jpg.jpg-1024x539.jpg\" alt=\"\" data-id=\"989\" data-full-url=\"https:\/\/art-mu.fr\/wp-content\/uploads\/2021\/08\/marathon_18_01_11.jpg.jpg.jpg\" data-link=\"https:\/\/art-mu.fr\/?attachment_id=989\" class=\"wp-image-989\" srcset=\"https:\/\/art-mu.fr\/wp-content\/uploads\/2021\/08\/marathon_18_01_11.jpg.jpg-1024x539.jpg 1024w, https:\/\/art-mu.fr\/wp-content\/uploads\/2021\/08\/marathon_18_01_11.jpg.jpg-300x158.jpg 300w, https:\/\/art-mu.fr\/wp-content\/uploads\/2021\/08\/marathon_18_01_11.jpg.jpg-768x404.jpg 768w, https:\/\/art-mu.fr\/wp-content\/uploads\/2021\/08\/marathon_18_01_11.jpg.jpg.jpg 1280w\" sizes=\"(max-width: 1024px) 100vw, 1024px\" \/><\/a><\/figure><\/li><li class=\"blocks-gallery-item\"><figure><a href=\"https:\/\/art-mu.fr\/wp-content\/uploads\/2021\/08\/marathon_18_01_12.jpg.jpg\"><img loading=\"lazy\" decoding=\"async\" width=\"1024\" height=\"862\" src=\"https:\/\/art-mu.fr\/wp-content\/uploads\/2021\/08\/marathon_18_01_12.jpg-1024x862.jpg\" alt=\"\" data-id=\"990\" data-full-url=\"https:\/\/art-mu.fr\/wp-content\/uploads\/2021\/08\/marathon_18_01_12.jpg.jpg\" data-link=\"https:\/\/art-mu.fr\/?attachment_id=990\" class=\"wp-image-990\" srcset=\"https:\/\/art-mu.fr\/wp-content\/uploads\/2021\/08\/marathon_18_01_12.jpg-1024x862.jpg 1024w, https:\/\/art-mu.fr\/wp-content\/uploads\/2021\/08\/marathon_18_01_12.jpg-300x253.jpg 300w, https:\/\/art-mu.fr\/wp-content\/uploads\/2021\/08\/marathon_18_01_12.jpg-768x647.jpg 768w, https:\/\/art-mu.fr\/wp-content\/uploads\/2021\/08\/marathon_18_01_12.jpg.jpg 1280w\" sizes=\"(max-width: 1024px) 100vw, 1024px\" \/><\/a><\/figure><\/li><li class=\"blocks-gallery-item\"><figure><a href=\"https:\/\/art-mu.fr\/wp-content\/uploads\/2021\/08\/marathon_18_01_13.jpg.jpg\"><img loading=\"lazy\" decoding=\"async\" width=\"734\" height=\"960\" src=\"https:\/\/art-mu.fr\/wp-content\/uploads\/2021\/08\/marathon_18_01_13.jpg.jpg\" alt=\"\" data-id=\"991\" data-full-url=\"https:\/\/art-mu.fr\/wp-content\/uploads\/2021\/08\/marathon_18_01_13.jpg.jpg\" data-link=\"https:\/\/art-mu.fr\/?attachment_id=991\" class=\"wp-image-991\" srcset=\"https:\/\/art-mu.fr\/wp-content\/uploads\/2021\/08\/marathon_18_01_13.jpg.jpg 734w, https:\/\/art-mu.fr\/wp-content\/uploads\/2021\/08\/marathon_18_01_13.jpg-229x300.jpg 229w\" sizes=\"(max-width: 734px) 100vw, 734px\" \/><\/a><\/figure><\/li><li class=\"blocks-gallery-item\"><figure><a href=\"https:\/\/art-mu.fr\/wp-content\/uploads\/2021\/08\/marathon_18_01_14.jpg.jpg\"><img loading=\"lazy\" decoding=\"async\" width=\"603\" height=\"960\" src=\"https:\/\/art-mu.fr\/wp-content\/uploads\/2021\/08\/marathon_18_01_14.jpg.jpg\" alt=\"\" data-id=\"992\" data-full-url=\"https:\/\/art-mu.fr\/wp-content\/uploads\/2021\/08\/marathon_18_01_14.jpg.jpg\" data-link=\"https:\/\/art-mu.fr\/?attachment_id=992\" class=\"wp-image-992\" srcset=\"https:\/\/art-mu.fr\/wp-content\/uploads\/2021\/08\/marathon_18_01_14.jpg.jpg 603w, https:\/\/art-mu.fr\/wp-content\/uploads\/2021\/08\/marathon_18_01_14.jpg-188x300.jpg 188w\" sizes=\"(max-width: 603px) 100vw, 603px\" \/><\/a><\/figure><\/li><li class=\"blocks-gallery-item\"><figure><a href=\"https:\/\/art-mu.fr\/wp-content\/uploads\/2021\/08\/marathon_18_01_15.jpg.jpg.jpg\"><img loading=\"lazy\" decoding=\"async\" width=\"617\" height=\"960\" src=\"https:\/\/art-mu.fr\/wp-content\/uploads\/2021\/08\/marathon_18_01_15.jpg.jpg.jpg\" alt=\"\" data-id=\"993\" data-full-url=\"https:\/\/art-mu.fr\/wp-content\/uploads\/2021\/08\/marathon_18_01_15.jpg.jpg.jpg\" data-link=\"https:\/\/art-mu.fr\/?attachment_id=993\" class=\"wp-image-993\" srcset=\"https:\/\/art-mu.fr\/wp-content\/uploads\/2021\/08\/marathon_18_01_15.jpg.jpg.jpg 617w, https:\/\/art-mu.fr\/wp-content\/uploads\/2021\/08\/marathon_18_01_15.jpg.jpg-193x300.jpg 193w\" sizes=\"(max-width: 617px) 100vw, 617px\" \/><\/a><\/figure><\/li><li class=\"blocks-gallery-item\"><figure><a href=\"https:\/\/art-mu.fr\/wp-content\/uploads\/2021\/08\/marathon_18_01_16.jpg.jpg\"><img loading=\"lazy\" decoding=\"async\" width=\"663\" height=\"960\" src=\"https:\/\/art-mu.fr\/wp-content\/uploads\/2021\/08\/marathon_18_01_16.jpg.jpg\" alt=\"\" data-id=\"994\" data-full-url=\"https:\/\/art-mu.fr\/wp-content\/uploads\/2021\/08\/marathon_18_01_16.jpg.jpg\" data-link=\"https:\/\/art-mu.fr\/?attachment_id=994\" class=\"wp-image-994\" srcset=\"https:\/\/art-mu.fr\/wp-content\/uploads\/2021\/08\/marathon_18_01_16.jpg.jpg 663w, https:\/\/art-mu.fr\/wp-content\/uploads\/2021\/08\/marathon_18_01_16.jpg-207x300.jpg 207w\" sizes=\"(max-width: 663px) 100vw, 663px\" \/><\/a><\/figure><\/li><li class=\"blocks-gallery-item\"><figure><a href=\"https:\/\/art-mu.fr\/wp-content\/uploads\/2021\/08\/marathon_18_01_17.jpg.jpg\"><img loading=\"lazy\" decoding=\"async\" width=\"543\" height=\"960\" src=\"https:\/\/art-mu.fr\/wp-content\/uploads\/2021\/08\/marathon_18_01_17.jpg.jpg\" alt=\"\" data-id=\"995\" data-full-url=\"https:\/\/art-mu.fr\/wp-content\/uploads\/2021\/08\/marathon_18_01_17.jpg.jpg\" data-link=\"https:\/\/art-mu.fr\/?attachment_id=995\" class=\"wp-image-995\" srcset=\"https:\/\/art-mu.fr\/wp-content\/uploads\/2021\/08\/marathon_18_01_17.jpg.jpg 543w, https:\/\/art-mu.fr\/wp-content\/uploads\/2021\/08\/marathon_18_01_17.jpg-170x300.jpg 170w\" sizes=\"(max-width: 543px) 100vw, 543px\" \/><\/a><\/figure><\/li><li class=\"blocks-gallery-item\"><figure><a href=\"https:\/\/art-mu.fr\/wp-content\/uploads\/2021\/08\/marathon_18_01_18.jpg.jpg\"><img loading=\"lazy\" decoding=\"async\" width=\"600\" height=\"960\" src=\"https:\/\/art-mu.fr\/wp-content\/uploads\/2021\/08\/marathon_18_01_18.jpg.jpg\" alt=\"\" data-id=\"996\" data-full-url=\"https:\/\/art-mu.fr\/wp-content\/uploads\/2021\/08\/marathon_18_01_18.jpg.jpg\" data-link=\"https:\/\/art-mu.fr\/?attachment_id=996\" class=\"wp-image-996\" srcset=\"https:\/\/art-mu.fr\/wp-content\/uploads\/2021\/08\/marathon_18_01_18.jpg.jpg 600w, https:\/\/art-mu.fr\/wp-content\/uploads\/2021\/08\/marathon_18_01_18.jpg-188x300.jpg 188w\" sizes=\"(max-width: 600px) 100vw, 600px\" \/><\/a><\/figure><\/li><li class=\"blocks-gallery-item\"><figure><a href=\"https:\/\/art-mu.fr\/wp-content\/uploads\/2021\/08\/marathon_18_01_19.jpg.jpg.jpg\"><img loading=\"lazy\" decoding=\"async\" width=\"602\" height=\"960\" src=\"https:\/\/art-mu.fr\/wp-content\/uploads\/2021\/08\/marathon_18_01_19.jpg.jpg.jpg\" alt=\"\" data-id=\"997\" data-full-url=\"https:\/\/art-mu.fr\/wp-content\/uploads\/2021\/08\/marathon_18_01_19.jpg.jpg.jpg\" data-link=\"https:\/\/art-mu.fr\/?attachment_id=997\" class=\"wp-image-997\" srcset=\"https:\/\/art-mu.fr\/wp-content\/uploads\/2021\/08\/marathon_18_01_19.jpg.jpg.jpg 602w, https:\/\/art-mu.fr\/wp-content\/uploads\/2021\/08\/marathon_18_01_19.jpg.jpg-188x300.jpg 188w\" sizes=\"(max-width: 602px) 100vw, 602px\" \/><\/a><\/figure><\/li><li class=\"blocks-gallery-item\"><figure><a href=\"https:\/\/art-mu.fr\/wp-content\/uploads\/2021\/08\/marathon_18_01_20.jpg.jpg\"><img loading=\"lazy\" decoding=\"async\" width=\"702\" height=\"960\" src=\"https:\/\/art-mu.fr\/wp-content\/uploads\/2021\/08\/marathon_18_01_20.jpg.jpg\" alt=\"\" data-id=\"998\" data-full-url=\"https:\/\/art-mu.fr\/wp-content\/uploads\/2021\/08\/marathon_18_01_20.jpg.jpg\" data-link=\"https:\/\/art-mu.fr\/?attachment_id=998\" class=\"wp-image-998\" srcset=\"https:\/\/art-mu.fr\/wp-content\/uploads\/2021\/08\/marathon_18_01_20.jpg.jpg 702w, https:\/\/art-mu.fr\/wp-content\/uploads\/2021\/08\/marathon_18_01_20.jpg-219x300.jpg 219w\" sizes=\"(max-width: 702px) 100vw, 702px\" \/><\/a><\/figure><\/li><\/ul><\/figure>\n\n\n\n<p>Nota : un <a href=\"https:\/\/art-mu.fr\/?page_id=1901\" data-type=\"page\" data-id=\"1901\">atelier d&rsquo;initiation aux monotypes<\/a> avait d\u00e9j\u00e0 eu lieu en mai 2016 et un <a href=\"https:\/\/art-mu.fr\/?page_id=1984\" data-type=\"page\" data-id=\"1984\">atelier d&rsquo;iniation \u00e0 la gravure sur Rhenalon<\/a> en janvier 2017. Un <a href=\"https:\/\/art-mu.fr\/?page_id=1366\" data-type=\"page\" data-id=\"1366\">atelier de gravure sur Tetrapak<\/a> suivra ce marathon en janvier 2018.<\/p>\n\n\n\n<p>Voir les photos du <a href=\"https:\/\/art-mu.fr\/?page_id=954\" data-type=\"page\" data-id=\"954\">marathon suivant en juin 2018<\/a><\/p>\n\n\n\n<div class=\"wp-block-buttons is-content-justification-center is-layout-flex wp-block-buttons-is-layout-flex\">\n<div class=\"wp-block-button is-style-outline is-style-outline--2\"><a class=\"wp-block-button__link has-blue-color has-light-gray-background-color has-text-color has-background\" href=\"#\">Retour au haut de page<\/a><\/div>\n<\/div>\n","protected":false},"excerpt":{"rendered":"<p>Pour rompre un peu la routine, un marathon du nu offrant la possibilit\u00e9 de d\u00e9couverte de plusieurs techniques de gravure : sur Tetrapak, sur Rh\u00e9nalon, linogravure, monotype et un essai de Kitchen litho (principe de la lithographie mais avec papier alu, coca-cola et savon, essai rest\u00e9 sans suite pour l&rsquo;instant au sein de notre association&#8230;). [&hellip;]<\/p>\n","protected":false},"author":3,"featured_media":0,"parent":79,"menu_order":3,"comment_status":"closed","ping_status":"closed","template":"","meta":{"footnotes":""},"class_list":["post-977","page","type-page","status-publish","hentry"],"_links":{"self":[{"href":"https:\/\/art-mu.fr\/index.php?rest_route=\/wp\/v2\/pages\/977","targetHints":{"allow":["GET"]}}],"collection":[{"href":"https:\/\/art-mu.fr\/index.php?rest_route=\/wp\/v2\/pages"}],"about":[{"href":"https:\/\/art-mu.fr\/index.php?rest_route=\/wp\/v2\/types\/page"}],"author":[{"embeddable":true,"href":"https:\/\/art-mu.fr\/index.php?rest_route=\/wp\/v2\/users\/3"}],"replies":[{"embeddable":true,"href":"https:\/\/art-mu.fr\/index.php?rest_route=%2Fwp%2Fv2%2Fcomments&post=977"}],"version-history":[{"count":7,"href":"https:\/\/art-mu.fr\/index.php?rest_route=\/wp\/v2\/pages\/977\/revisions"}],"predecessor-version":[{"id":2029,"href":"https:\/\/art-mu.fr\/index.php?rest_route=\/wp\/v2\/pages\/977\/revisions\/2029"}],"up":[{"embeddable":true,"href":"https:\/\/art-mu.fr\/index.php?rest_route=\/wp\/v2\/pages\/79"}],"wp:attachment":[{"href":"https:\/\/art-mu.fr\/index.php?rest_route=%2Fwp%2Fv2%2Fmedia&parent=977"}],"curies":[{"name":"wp","href":"https:\/\/api.w.org\/{rel}","templated":true}]}}