{"id":954,"date":"2021-08-16T15:17:46","date_gmt":"2021-08-16T13:17:46","guid":{"rendered":"https:\/\/art-mu.fr\/?page_id=954"},"modified":"2021-08-20T10:59:04","modified_gmt":"2021-08-20T08:59:04","slug":"marathon-du-nu-juin-2018","status":"publish","type":"page","link":"https:\/\/art-mu.fr\/?page_id=954","title":{"rendered":"Marathon du nu juin 2018"},"content":{"rendered":"\n<p>Un <a href=\"https:\/\/art-mu.fr\/?page_id=79\" data-type=\"page\" data-id=\"79\">marathon du nu<\/a> un peu particulier car, suite aux bonnes appr\u00e9ciations sur celui de janvier, il \u00e9tait \u00e0 nouveau coupl\u00e9 \u00e0 une initiation \u00e0 la gravure sur Tetrapak pour ceux qui le souhaitaient <em>(voir trois derni\u00e8res photos : participants ayant r\u00e9alis\u00e9 des dessins plus classiques durant tout ou partie de la journ\u00e9e)<\/em>.<\/p>\n\n\n\n<p>Et toujours plusieurs mod\u00e8les se succ\u00e9dant durant cette journ\u00e9e.<\/p>\n\n\n\n<figure class=\"wp-block-gallery columns-2 wp-block-gallery-1 is-layout-flex wp-block-gallery-is-layout-flex\"><ul class=\"blocks-gallery-grid\"><li class=\"blocks-gallery-item\"><figure><a href=\"https:\/\/art-mu.fr\/wp-content\/uploads\/2021\/08\/marathon_18_01_00.jpg\"><img fetchpriority=\"high\" decoding=\"async\" width=\"1024\" height=\"705\" src=\"https:\/\/art-mu.fr\/wp-content\/uploads\/2021\/08\/marathon_18_01_00-1024x705.jpg\" alt=\"\" data-id=\"957\" data-full-url=\"https:\/\/art-mu.fr\/wp-content\/uploads\/2021\/08\/marathon_18_01_00.jpg\" data-link=\"https:\/\/art-mu.fr\/?attachment_id=957\" class=\"wp-image-957\" srcset=\"https:\/\/art-mu.fr\/wp-content\/uploads\/2021\/08\/marathon_18_01_00-1024x705.jpg 1024w, https:\/\/art-mu.fr\/wp-content\/uploads\/2021\/08\/marathon_18_01_00-300x206.jpg 300w, https:\/\/art-mu.fr\/wp-content\/uploads\/2021\/08\/marathon_18_01_00-768x529.jpg 768w, https:\/\/art-mu.fr\/wp-content\/uploads\/2021\/08\/marathon_18_01_00.jpg 1280w\" sizes=\"(max-width: 1024px) 100vw, 1024px\" \/><\/a><\/figure><\/li><li class=\"blocks-gallery-item\"><figure><a href=\"https:\/\/art-mu.fr\/wp-content\/uploads\/2021\/08\/marathon_18_01_01.jpg.jpg\"><img decoding=\"async\" width=\"1024\" height=\"754\" src=\"https:\/\/art-mu.fr\/wp-content\/uploads\/2021\/08\/marathon_18_01_01.jpg-1024x754.jpg\" alt=\"\" data-id=\"958\" data-full-url=\"https:\/\/art-mu.fr\/wp-content\/uploads\/2021\/08\/marathon_18_01_01.jpg.jpg\" data-link=\"https:\/\/art-mu.fr\/?attachment_id=958\" class=\"wp-image-958\" srcset=\"https:\/\/art-mu.fr\/wp-content\/uploads\/2021\/08\/marathon_18_01_01.jpg-1024x754.jpg 1024w, https:\/\/art-mu.fr\/wp-content\/uploads\/2021\/08\/marathon_18_01_01.jpg-300x221.jpg 300w, https:\/\/art-mu.fr\/wp-content\/uploads\/2021\/08\/marathon_18_01_01.jpg-768x565.jpg 768w, https:\/\/art-mu.fr\/wp-content\/uploads\/2021\/08\/marathon_18_01_01.jpg.jpg 1280w\" sizes=\"(max-width: 1024px) 100vw, 1024px\" \/><\/a><\/figure><\/li><li class=\"blocks-gallery-item\"><figure><a href=\"https:\/\/art-mu.fr\/wp-content\/uploads\/2021\/08\/marathon_18_01_02.jpg.jpg\"><img decoding=\"async\" width=\"1024\" height=\"680\" src=\"https:\/\/art-mu.fr\/wp-content\/uploads\/2021\/08\/marathon_18_01_02.jpg-1024x680.jpg\" alt=\"\" data-id=\"959\" data-full-url=\"https:\/\/art-mu.fr\/wp-content\/uploads\/2021\/08\/marathon_18_01_02.jpg.jpg\" data-link=\"https:\/\/art-mu.fr\/?attachment_id=959\" class=\"wp-image-959\" srcset=\"https:\/\/art-mu.fr\/wp-content\/uploads\/2021\/08\/marathon_18_01_02.jpg-1024x680.jpg 1024w, https:\/\/art-mu.fr\/wp-content\/uploads\/2021\/08\/marathon_18_01_02.jpg-300x199.jpg 300w, https:\/\/art-mu.fr\/wp-content\/uploads\/2021\/08\/marathon_18_01_02.jpg-768x510.jpg 768w, https:\/\/art-mu.fr\/wp-content\/uploads\/2021\/08\/marathon_18_01_02.jpg.jpg 1280w\" sizes=\"(max-width: 1024px) 100vw, 1024px\" \/><\/a><\/figure><\/li><li class=\"blocks-gallery-item\"><figure><a href=\"https:\/\/art-mu.fr\/wp-content\/uploads\/2021\/08\/marathon_18_01_03.jpg.jpg\"><img loading=\"lazy\" decoding=\"async\" width=\"1024\" height=\"697\" src=\"https:\/\/art-mu.fr\/wp-content\/uploads\/2021\/08\/marathon_18_01_03.jpg-1024x697.jpg\" alt=\"\" data-id=\"960\" data-full-url=\"https:\/\/art-mu.fr\/wp-content\/uploads\/2021\/08\/marathon_18_01_03.jpg.jpg\" data-link=\"https:\/\/art-mu.fr\/?attachment_id=960\" class=\"wp-image-960\" srcset=\"https:\/\/art-mu.fr\/wp-content\/uploads\/2021\/08\/marathon_18_01_03.jpg-1024x697.jpg 1024w, https:\/\/art-mu.fr\/wp-content\/uploads\/2021\/08\/marathon_18_01_03.jpg-300x204.jpg 300w, https:\/\/art-mu.fr\/wp-content\/uploads\/2021\/08\/marathon_18_01_03.jpg-768x523.jpg 768w, https:\/\/art-mu.fr\/wp-content\/uploads\/2021\/08\/marathon_18_01_03.jpg.jpg 1280w\" sizes=\"(max-width: 1024px) 100vw, 1024px\" \/><\/a><\/figure><\/li><li class=\"blocks-gallery-item\"><figure><a href=\"https:\/\/art-mu.fr\/wp-content\/uploads\/2021\/08\/marathon_18_01_04.jpg.jpg\"><img loading=\"lazy\" decoding=\"async\" width=\"1024\" height=\"682\" src=\"https:\/\/art-mu.fr\/wp-content\/uploads\/2021\/08\/marathon_18_01_04.jpg-1024x682.jpg\" alt=\"\" data-id=\"961\" data-full-url=\"https:\/\/art-mu.fr\/wp-content\/uploads\/2021\/08\/marathon_18_01_04.jpg.jpg\" data-link=\"https:\/\/art-mu.fr\/?attachment_id=961\" class=\"wp-image-961\" srcset=\"https:\/\/art-mu.fr\/wp-content\/uploads\/2021\/08\/marathon_18_01_04.jpg-1024x682.jpg 1024w, https:\/\/art-mu.fr\/wp-content\/uploads\/2021\/08\/marathon_18_01_04.jpg-300x200.jpg 300w, https:\/\/art-mu.fr\/wp-content\/uploads\/2021\/08\/marathon_18_01_04.jpg-768x512.jpg 768w, https:\/\/art-mu.fr\/wp-content\/uploads\/2021\/08\/marathon_18_01_04.jpg.jpg 1280w\" sizes=\"(max-width: 1024px) 100vw, 1024px\" \/><\/a><\/figure><\/li><li class=\"blocks-gallery-item\"><figure><a href=\"https:\/\/art-mu.fr\/wp-content\/uploads\/2021\/08\/marathon_18_01_05.jpg.jpg\"><img loading=\"lazy\" decoding=\"async\" width=\"1024\" height=\"701\" src=\"https:\/\/art-mu.fr\/wp-content\/uploads\/2021\/08\/marathon_18_01_05.jpg-1024x701.jpg\" alt=\"\" data-id=\"962\" data-full-url=\"https:\/\/art-mu.fr\/wp-content\/uploads\/2021\/08\/marathon_18_01_05.jpg.jpg\" data-link=\"https:\/\/art-mu.fr\/?attachment_id=962\" class=\"wp-image-962\" srcset=\"https:\/\/art-mu.fr\/wp-content\/uploads\/2021\/08\/marathon_18_01_05.jpg-1024x701.jpg 1024w, https:\/\/art-mu.fr\/wp-content\/uploads\/2021\/08\/marathon_18_01_05.jpg-300x205.jpg 300w, https:\/\/art-mu.fr\/wp-content\/uploads\/2021\/08\/marathon_18_01_05.jpg-768x526.jpg 768w, https:\/\/art-mu.fr\/wp-content\/uploads\/2021\/08\/marathon_18_01_05.jpg.jpg 1280w\" sizes=\"(max-width: 1024px) 100vw, 1024px\" \/><\/a><\/figure><\/li><li class=\"blocks-gallery-item\"><figure><a href=\"https:\/\/art-mu.fr\/wp-content\/uploads\/2021\/08\/marathon_18_01_06.jpg\"><img loading=\"lazy\" decoding=\"async\" width=\"1024\" height=\"711\" src=\"https:\/\/art-mu.fr\/wp-content\/uploads\/2021\/08\/marathon_18_01_06-1024x711.jpg\" alt=\"\" data-id=\"963\" data-full-url=\"https:\/\/art-mu.fr\/wp-content\/uploads\/2021\/08\/marathon_18_01_06.jpg\" data-link=\"https:\/\/art-mu.fr\/?attachment_id=963\" class=\"wp-image-963\" srcset=\"https:\/\/art-mu.fr\/wp-content\/uploads\/2021\/08\/marathon_18_01_06-1024x711.jpg 1024w, https:\/\/art-mu.fr\/wp-content\/uploads\/2021\/08\/marathon_18_01_06-300x208.jpg 300w, https:\/\/art-mu.fr\/wp-content\/uploads\/2021\/08\/marathon_18_01_06-768x533.jpg 768w, https:\/\/art-mu.fr\/wp-content\/uploads\/2021\/08\/marathon_18_01_06.jpg 1280w\" sizes=\"(max-width: 1024px) 100vw, 1024px\" \/><\/a><\/figure><\/li><li class=\"blocks-gallery-item\"><figure><a href=\"https:\/\/art-mu.fr\/wp-content\/uploads\/2021\/08\/marathon_18_01_07.jpg\"><img loading=\"lazy\" decoding=\"async\" width=\"662\" height=\"960\" src=\"https:\/\/art-mu.fr\/wp-content\/uploads\/2021\/08\/marathon_18_01_07.jpg\" alt=\"\" data-id=\"964\" data-full-url=\"https:\/\/art-mu.fr\/wp-content\/uploads\/2021\/08\/marathon_18_01_07.jpg\" data-link=\"https:\/\/art-mu.fr\/?attachment_id=964\" class=\"wp-image-964\" srcset=\"https:\/\/art-mu.fr\/wp-content\/uploads\/2021\/08\/marathon_18_01_07.jpg 662w, https:\/\/art-mu.fr\/wp-content\/uploads\/2021\/08\/marathon_18_01_07-207x300.jpg 207w\" sizes=\"(max-width: 662px) 100vw, 662px\" \/><\/a><\/figure><\/li><li class=\"blocks-gallery-item\"><figure><a href=\"https:\/\/art-mu.fr\/wp-content\/uploads\/2021\/08\/marathon_18_01_08.jpg\"><img loading=\"lazy\" decoding=\"async\" width=\"1024\" height=\"708\" src=\"https:\/\/art-mu.fr\/wp-content\/uploads\/2021\/08\/marathon_18_01_08-1024x708.jpg\" alt=\"\" data-id=\"965\" data-full-url=\"https:\/\/art-mu.fr\/wp-content\/uploads\/2021\/08\/marathon_18_01_08.jpg\" data-link=\"https:\/\/art-mu.fr\/?attachment_id=965\" class=\"wp-image-965\" srcset=\"https:\/\/art-mu.fr\/wp-content\/uploads\/2021\/08\/marathon_18_01_08-1024x708.jpg 1024w, https:\/\/art-mu.fr\/wp-content\/uploads\/2021\/08\/marathon_18_01_08-300x207.jpg 300w, https:\/\/art-mu.fr\/wp-content\/uploads\/2021\/08\/marathon_18_01_08-768x531.jpg 768w, https:\/\/art-mu.fr\/wp-content\/uploads\/2021\/08\/marathon_18_01_08.jpg 1280w\" sizes=\"(max-width: 1024px) 100vw, 1024px\" \/><\/a><\/figure><\/li><li class=\"blocks-gallery-item\"><figure><a href=\"https:\/\/art-mu.fr\/wp-content\/uploads\/2021\/08\/marathon_18_01_11.jpg\"><img loading=\"lazy\" decoding=\"async\" width=\"1024\" height=\"682\" src=\"https:\/\/art-mu.fr\/wp-content\/uploads\/2021\/08\/marathon_18_01_11-1024x682.jpg\" alt=\"\" data-id=\"968\" data-full-url=\"https:\/\/art-mu.fr\/wp-content\/uploads\/2021\/08\/marathon_18_01_11.jpg\" data-link=\"https:\/\/art-mu.fr\/?attachment_id=968\" class=\"wp-image-968\" srcset=\"https:\/\/art-mu.fr\/wp-content\/uploads\/2021\/08\/marathon_18_01_11-1024x682.jpg 1024w, https:\/\/art-mu.fr\/wp-content\/uploads\/2021\/08\/marathon_18_01_11-300x200.jpg 300w, https:\/\/art-mu.fr\/wp-content\/uploads\/2021\/08\/marathon_18_01_11-768x512.jpg 768w, https:\/\/art-mu.fr\/wp-content\/uploads\/2021\/08\/marathon_18_01_11.jpg 1280w\" sizes=\"(max-width: 1024px) 100vw, 1024px\" \/><\/a><\/figure><\/li><li class=\"blocks-gallery-item\"><figure><a href=\"https:\/\/art-mu.fr\/wp-content\/uploads\/2021\/08\/marathon_18_01_10.jpg.jpg\"><img loading=\"lazy\" decoding=\"async\" width=\"704\" height=\"960\" src=\"https:\/\/art-mu.fr\/wp-content\/uploads\/2021\/08\/marathon_18_01_10.jpg.jpg\" alt=\"\" data-id=\"967\" data-full-url=\"https:\/\/art-mu.fr\/wp-content\/uploads\/2021\/08\/marathon_18_01_10.jpg.jpg\" data-link=\"https:\/\/art-mu.fr\/?attachment_id=967\" class=\"wp-image-967\" srcset=\"https:\/\/art-mu.fr\/wp-content\/uploads\/2021\/08\/marathon_18_01_10.jpg.jpg 704w, https:\/\/art-mu.fr\/wp-content\/uploads\/2021\/08\/marathon_18_01_10.jpg-220x300.jpg 220w\" sizes=\"(max-width: 704px) 100vw, 704px\" \/><\/a><\/figure><\/li><li class=\"blocks-gallery-item\"><figure><a href=\"https:\/\/art-mu.fr\/wp-content\/uploads\/2021\/08\/marathon_18_01_13.jpg\"><img loading=\"lazy\" decoding=\"async\" width=\"649\" height=\"960\" src=\"https:\/\/art-mu.fr\/wp-content\/uploads\/2021\/08\/marathon_18_01_13.jpg\" alt=\"\" data-id=\"970\" data-full-url=\"https:\/\/art-mu.fr\/wp-content\/uploads\/2021\/08\/marathon_18_01_13.jpg\" data-link=\"https:\/\/art-mu.fr\/?attachment_id=970\" class=\"wp-image-970\" srcset=\"https:\/\/art-mu.fr\/wp-content\/uploads\/2021\/08\/marathon_18_01_13.jpg 649w, https:\/\/art-mu.fr\/wp-content\/uploads\/2021\/08\/marathon_18_01_13-203x300.jpg 203w\" sizes=\"(max-width: 649px) 100vw, 649px\" \/><\/a><\/figure><\/li><li class=\"blocks-gallery-item\"><figure><a href=\"https:\/\/art-mu.fr\/wp-content\/uploads\/2021\/08\/marathon_18_01_12.jpg\"><img loading=\"lazy\" decoding=\"async\" width=\"1024\" height=\"775\" src=\"https:\/\/art-mu.fr\/wp-content\/uploads\/2021\/08\/marathon_18_01_12-1024x775.jpg\" alt=\"\" data-id=\"969\" data-full-url=\"https:\/\/art-mu.fr\/wp-content\/uploads\/2021\/08\/marathon_18_01_12.jpg\" data-link=\"https:\/\/art-mu.fr\/?attachment_id=969\" class=\"wp-image-969\" srcset=\"https:\/\/art-mu.fr\/wp-content\/uploads\/2021\/08\/marathon_18_01_12-1024x775.jpg 1024w, https:\/\/art-mu.fr\/wp-content\/uploads\/2021\/08\/marathon_18_01_12-300x227.jpg 300w, https:\/\/art-mu.fr\/wp-content\/uploads\/2021\/08\/marathon_18_01_12-768x581.jpg 768w, https:\/\/art-mu.fr\/wp-content\/uploads\/2021\/08\/marathon_18_01_12.jpg 1280w\" sizes=\"(max-width: 1024px) 100vw, 1024px\" \/><\/a><\/figure><\/li><li class=\"blocks-gallery-item\"><figure><a href=\"https:\/\/art-mu.fr\/wp-content\/uploads\/2021\/08\/IMG_1942.jpg\"><img loading=\"lazy\" decoding=\"async\" width=\"1024\" height=\"699\" src=\"https:\/\/art-mu.fr\/wp-content\/uploads\/2021\/08\/IMG_1942-1024x699.jpg\" alt=\"\" data-id=\"955\" data-full-url=\"https:\/\/art-mu.fr\/wp-content\/uploads\/2021\/08\/IMG_1942.jpg\" data-link=\"https:\/\/art-mu.fr\/?attachment_id=955\" class=\"wp-image-955\" srcset=\"https:\/\/art-mu.fr\/wp-content\/uploads\/2021\/08\/IMG_1942-1024x699.jpg 1024w, https:\/\/art-mu.fr\/wp-content\/uploads\/2021\/08\/IMG_1942-300x205.jpg 300w, https:\/\/art-mu.fr\/wp-content\/uploads\/2021\/08\/IMG_1942-768x524.jpg 768w, https:\/\/art-mu.fr\/wp-content\/uploads\/2021\/08\/IMG_1942.jpg 1280w\" sizes=\"(max-width: 1024px) 100vw, 1024px\" \/><\/a><\/figure><\/li><li class=\"blocks-gallery-item\"><figure><a href=\"https:\/\/art-mu.fr\/wp-content\/uploads\/2021\/08\/IMG_1947.jpg\"><img loading=\"lazy\" decoding=\"async\" width=\"1024\" height=\"678\" src=\"https:\/\/art-mu.fr\/wp-content\/uploads\/2021\/08\/IMG_1947-1024x678.jpg\" alt=\"\" data-id=\"956\" data-full-url=\"https:\/\/art-mu.fr\/wp-content\/uploads\/2021\/08\/IMG_1947.jpg\" data-link=\"https:\/\/art-mu.fr\/?attachment_id=956\" class=\"wp-image-956\" srcset=\"https:\/\/art-mu.fr\/wp-content\/uploads\/2021\/08\/IMG_1947-1024x678.jpg 1024w, https:\/\/art-mu.fr\/wp-content\/uploads\/2021\/08\/IMG_1947-300x199.jpg 300w, https:\/\/art-mu.fr\/wp-content\/uploads\/2021\/08\/IMG_1947-768x509.jpg 768w, https:\/\/art-mu.fr\/wp-content\/uploads\/2021\/08\/IMG_1947.jpg 1280w\" sizes=\"(max-width: 1024px) 100vw, 1024px\" \/><\/a><\/figure><\/li><li class=\"blocks-gallery-item\"><figure><a href=\"https:\/\/art-mu.fr\/wp-content\/uploads\/2021\/08\/marathon_18_01_14.jpg\"><img loading=\"lazy\" decoding=\"async\" width=\"1024\" height=\"678\" src=\"https:\/\/art-mu.fr\/wp-content\/uploads\/2021\/08\/marathon_18_01_14-1024x678.jpg\" alt=\"\" data-id=\"971\" data-full-url=\"https:\/\/art-mu.fr\/wp-content\/uploads\/2021\/08\/marathon_18_01_14.jpg\" data-link=\"https:\/\/art-mu.fr\/?attachment_id=971\" class=\"wp-image-971\" srcset=\"https:\/\/art-mu.fr\/wp-content\/uploads\/2021\/08\/marathon_18_01_14-1024x678.jpg 1024w, https:\/\/art-mu.fr\/wp-content\/uploads\/2021\/08\/marathon_18_01_14-300x199.jpg 300w, https:\/\/art-mu.fr\/wp-content\/uploads\/2021\/08\/marathon_18_01_14-768x509.jpg 768w, https:\/\/art-mu.fr\/wp-content\/uploads\/2021\/08\/marathon_18_01_14.jpg 1280w\" sizes=\"(max-width: 1024px) 100vw, 1024px\" \/><\/a><\/figure><\/li><\/ul><\/figure>\n\n\n\n<p>Et toujours un repas partag\u00e9 ensemble (m\u00eame s&rsquo;il y en a un qui a d\u00e9j\u00e0 repris le travail, sur cette photo&#8230;)<\/p>\n\n\n\n<figure class=\"wp-block-gallery columns-1 wp-block-gallery-2 is-layout-flex wp-block-gallery-is-layout-flex\"><ul class=\"blocks-gallery-grid\"><li class=\"blocks-gallery-item\"><figure><a href=\"https:\/\/art-mu.fr\/wp-content\/uploads\/2021\/08\/marathon_18_01_15.jpg\"><img loading=\"lazy\" decoding=\"async\" width=\"1280\" height=\"905\" src=\"https:\/\/art-mu.fr\/wp-content\/uploads\/2021\/08\/marathon_18_01_15.jpg\" alt=\"\" data-id=\"972\" data-full-url=\"https:\/\/art-mu.fr\/wp-content\/uploads\/2021\/08\/marathon_18_01_15.jpg\" data-link=\"https:\/\/art-mu.fr\/?attachment_id=972\" class=\"wp-image-972\" srcset=\"https:\/\/art-mu.fr\/wp-content\/uploads\/2021\/08\/marathon_18_01_15.jpg 1280w, https:\/\/art-mu.fr\/wp-content\/uploads\/2021\/08\/marathon_18_01_15-300x212.jpg 300w, https:\/\/art-mu.fr\/wp-content\/uploads\/2021\/08\/marathon_18_01_15-1024x724.jpg 1024w, https:\/\/art-mu.fr\/wp-content\/uploads\/2021\/08\/marathon_18_01_15-768x543.jpg 768w\" sizes=\"(max-width: 1280px) 100vw, 1280px\" \/><\/a><\/figure><\/li><\/ul><\/figure>\n\n\n\n<p>Vers le <a href=\"https:\/\/art-mu.fr\/?page_id=1739\" data-type=\"page\" data-id=\"1739\">marathon de janvier 2019<\/a><\/p>\n\n\n\n<div class=\"wp-block-buttons is-content-justification-center is-layout-flex wp-block-buttons-is-layout-flex\">\n<div class=\"wp-block-button is-style-outline is-style-outline--3\"><a class=\"wp-block-button__link has-blue-color has-light-gray-background-color has-text-color has-background\" href=\"#\">Retour au haut de page<\/a><\/div>\n<\/div>\n","protected":false},"excerpt":{"rendered":"<p>Un marathon du nu un peu particulier car, suite aux bonnes appr\u00e9ciations sur celui de janvier, il \u00e9tait \u00e0 nouveau coupl\u00e9 \u00e0 une initiation \u00e0 la gravure sur Tetrapak pour ceux qui le souhaitaient (voir trois derni\u00e8res photos : participants ayant r\u00e9alis\u00e9 des dessins plus classiques durant tout ou partie de la journ\u00e9e). Et toujours [&hellip;]<\/p>\n","protected":false},"author":3,"featured_media":0,"parent":79,"menu_order":3,"comment_status":"closed","ping_status":"closed","template":"","meta":{"footnotes":""},"class_list":["post-954","page","type-page","status-publish","hentry"],"_links":{"self":[{"href":"https:\/\/art-mu.fr\/index.php?rest_route=\/wp\/v2\/pages\/954","targetHints":{"allow":["GET"]}}],"collection":[{"href":"https:\/\/art-mu.fr\/index.php?rest_route=\/wp\/v2\/pages"}],"about":[{"href":"https:\/\/art-mu.fr\/index.php?rest_route=\/wp\/v2\/types\/page"}],"author":[{"embeddable":true,"href":"https:\/\/art-mu.fr\/index.php?rest_route=\/wp\/v2\/users\/3"}],"replies":[{"embeddable":true,"href":"https:\/\/art-mu.fr\/index.php?rest_route=%2Fwp%2Fv2%2Fcomments&post=954"}],"version-history":[{"count":4,"href":"https:\/\/art-mu.fr\/index.php?rest_route=\/wp\/v2\/pages\/954\/revisions"}],"predecessor-version":[{"id":1768,"href":"https:\/\/art-mu.fr\/index.php?rest_route=\/wp\/v2\/pages\/954\/revisions\/1768"}],"up":[{"embeddable":true,"href":"https:\/\/art-mu.fr\/index.php?rest_route=\/wp\/v2\/pages\/79"}],"wp:attachment":[{"href":"https:\/\/art-mu.fr\/index.php?rest_route=%2Fwp%2Fv2%2Fmedia&parent=954"}],"curies":[{"name":"wp","href":"https:\/\/api.w.org\/{rel}","templated":true}]}}