{"id":84,"date":"2021-08-12T08:19:03","date_gmt":"2021-08-12T06:19:03","guid":{"rendered":"https:\/\/art-mu.fr\/?page_id=84"},"modified":"2025-12-08T19:56:39","modified_gmt":"2025-12-08T17:56:39","slug":"de-la-trace-a-la-lettre","status":"publish","type":"page","link":"https:\/\/art-mu.fr\/?page_id=84","title":{"rendered":"De la trace \u00e0 la lettre"},"content":{"rendered":"\n<p>********************<\/p>\n\n\n\n<p><strong>Les photos du <\/strong><a href=\"https:\/\/art-mu.fr\/?page_id=7522\" data-type=\"page\" data-id=\"7522\"><strong>stage Jeux de Hasard 2014 <\/strong>\u00e0 voir ici<\/a><\/p>\n\n\n\n<p>********************************************<\/p>\n\n\n\n<p>Ce cours, encadr\u00e9 par Catherine Matte, est un travail dirig\u00e9 autour de la trace, \u00e0 la naissance de la calligraphie. D\u00e9couverte et exp\u00e9rimentation de diff\u00e9rents \u00ab outils scripteurs \u00bb, qu\u2019ils soient calligraphiques, objets d\u00e9tourn\u00e9s ou encore outils fabriqu\u00e9s \u00ab maison \u00bb.<br>R\u00e9alisation de traces diverses, sans volont\u00e9 d\u2019\u00e9crire, recherches de rythmes.<br>Les productions sont ensuite reli\u00e9es sous la forme d\u2019un livre d\u2019artiste.<br>Artistes de r\u00e9f\u00e9rence : St\u00e9phanie Devaux, Yukimi Annand.<\/p>\n\n\n\n<figure class=\"wp-block-image size-large\"><img fetchpriority=\"high\" decoding=\"async\" width=\"765\" height=\"1024\" src=\"https:\/\/art-mu.fr\/wp-content\/uploads\/2021\/08\/IMG_2337-765x1024.jpg\" alt=\"\" class=\"wp-image-16\" srcset=\"https:\/\/art-mu.fr\/wp-content\/uploads\/2021\/08\/IMG_2337-765x1024.jpg 765w, https:\/\/art-mu.fr\/wp-content\/uploads\/2021\/08\/IMG_2337-224x300.jpg 224w, https:\/\/art-mu.fr\/wp-content\/uploads\/2021\/08\/IMG_2337-768x1028.jpg 768w, https:\/\/art-mu.fr\/wp-content\/uploads\/2021\/08\/IMG_2337-1147x1536.jpg 1147w, https:\/\/art-mu.fr\/wp-content\/uploads\/2021\/08\/IMG_2337.jpg 1434w\" sizes=\"(max-width: 765px) 100vw, 765px\" \/><\/figure>\n\n\n\n<p><\/p>\n\n\n\n<p>Form\u00e9e \u00e0 la calligraphie contemporaine aupr\u00e8s de calligraphes r\u00e9put\u00e9s (Laurent Pflughaupt, Kitty Sabatier, St\u00e9phanie Devaux; Brody Neuenschwander), Catherine <strong>ne propose pas ici un cours de calligraphie<\/strong>, mais un travail d\u2019exploration et de recherche autour du geste graphique, avec des outils atypiques et des processus sp\u00e9cifiques. Les recherches ensuite seront valoris\u00e9es par la cr\u00e9ation d\u2019un livre unique.<\/p>\n\n\n\n<figure class=\"wp-block-image size-full\"><img decoding=\"async\" width=\"1000\" height=\"664\" src=\"https:\/\/art-mu.fr\/wp-content\/uploads\/2021\/08\/77_Catherine_M.jpg\" alt=\"\" class=\"wp-image-17\" srcset=\"https:\/\/art-mu.fr\/wp-content\/uploads\/2021\/08\/77_Catherine_M.jpg 1000w, https:\/\/art-mu.fr\/wp-content\/uploads\/2021\/08\/77_Catherine_M-300x199.jpg 300w, https:\/\/art-mu.fr\/wp-content\/uploads\/2021\/08\/77_Catherine_M-768x510.jpg 768w\" sizes=\"(max-width: 1000px) 100vw, 1000px\" \/><\/figure>\n\n\n\n<p><strong> Compte-rendus photos de cours, stage et exposition de l&rsquo;atelier<\/strong><\/p>\n\n\n\n<ul class=\"wp-block-list\">\n<li>Cours d&rsquo;octobre 2020 (\u00e0 l&rsquo;atelier)<\/li>\n\n\n\n<li><a href=\"https:\/\/art-mu.fr\/?page_id=2387\" data-type=\"page\" data-id=\"2387\">Cours de novembre 2020<\/a> (en visio)<\/li>\n\n\n\n<li><a href=\"https:\/\/art-mu.fr\/?page_id=1082\" data-type=\"page\" data-id=\"1082\">Cours d&rsquo;avril 2021 (en visio)<\/a><\/li>\n\n\n\n<li><a href=\"https:\/\/art-mu.fr\/?page_id=1065\" data-type=\"page\" data-id=\"1065\">Cours de mai 2021 (en visio)<\/a><\/li>\n\n\n\n<li><a href=\"https:\/\/art-mu.fr\/?page_id=586\" data-type=\"page\" data-id=\"586\">Cours de juin 2021 (en visio)<\/a><\/li>\n\n\n\n<li><a href=\"https:\/\/art-mu.fr\/?page_id=489\" data-type=\"page\" data-id=\"489\">Exposition au jardin juillet 2021<\/a><\/li>\n\n\n\n<li><a href=\"https:\/\/art-mu.fr\/?page_id=3323\" data-type=\"page\" data-id=\"3323\">Octobre et novembre 2021<\/a><\/li>\n\n\n\n<li><a href=\"https:\/\/art-mu.fr\/?page_id=4488\" data-type=\"page\" data-id=\"4488\">Stage Accumulation(s) novembre 2022<\/a><\/li>\n\n\n\n<li><a href=\"https:\/\/art-mu.fr\/?page_id=5378\" data-type=\"page\" data-id=\"5378\">Stage Jeux de caract\u00e8res 2023<\/a><\/li>\n\n\n\n<li><a href=\"https:\/\/art-mu.fr\/?page_id=7522\" data-type=\"page\" data-id=\"7522\">Stage Jeux de hasard 2024<\/a><\/li>\n<\/ul>\n\n\n\n<p><strong>Dates et horaires des s\u00e9ances, lieu, prix, jauge, contact<\/strong><\/p>\n\n\n\n<p>N\u00e9ant : Catherine anime d\u00e9sormais ces ateliers dans le cadre d&rsquo;une autre association en r\u00e9gion messine.<\/p>\n\n\n\n<p><br>Responsable de l\u2019atelier : Catherine MATTE Contact : 06 88 92 21 91 <\/p>\n\n\n\n<p><\/p>\n\n\n\n<div class=\"wp-block-buttons is-content-justification-center is-layout-flex wp-block-buttons-is-layout-flex\">\n<div class=\"wp-block-button is-style-outline is-style-outline--1\"><a class=\"wp-block-button__link has-blue-color has-light-gray-background-color has-text-color has-background\" href=\"#\">Retour au haut de page<\/a><\/div>\n<\/div>\n","protected":false},"excerpt":{"rendered":"<p>******************** Les photos du stage Jeux de Hasard 2014 \u00e0 voir ici ******************************************** Ce cours, encadr\u00e9 par Catherine Matte, est un travail dirig\u00e9 autour de la trace, \u00e0 la naissance de la calligraphie. D\u00e9couverte et exp\u00e9rimentation de diff\u00e9rents \u00ab outils scripteurs \u00bb, qu\u2019ils soient calligraphiques, objets d\u00e9tourn\u00e9s ou encore outils fabriqu\u00e9s \u00ab maison \u00bb.R\u00e9alisation de [&hellip;]<\/p>\n","protected":false},"author":3,"featured_media":0,"parent":25,"menu_order":2,"comment_status":"closed","ping_status":"closed","template":"","meta":{"footnotes":""},"class_list":["post-84","page","type-page","status-publish","hentry"],"_links":{"self":[{"href":"https:\/\/art-mu.fr\/index.php?rest_route=\/wp\/v2\/pages\/84","targetHints":{"allow":["GET"]}}],"collection":[{"href":"https:\/\/art-mu.fr\/index.php?rest_route=\/wp\/v2\/pages"}],"about":[{"href":"https:\/\/art-mu.fr\/index.php?rest_route=\/wp\/v2\/types\/page"}],"author":[{"embeddable":true,"href":"https:\/\/art-mu.fr\/index.php?rest_route=\/wp\/v2\/users\/3"}],"replies":[{"embeddable":true,"href":"https:\/\/art-mu.fr\/index.php?rest_route=%2Fwp%2Fv2%2Fcomments&post=84"}],"version-history":[{"count":27,"href":"https:\/\/art-mu.fr\/index.php?rest_route=\/wp\/v2\/pages\/84\/revisions"}],"predecessor-version":[{"id":7705,"href":"https:\/\/art-mu.fr\/index.php?rest_route=\/wp\/v2\/pages\/84\/revisions\/7705"}],"up":[{"embeddable":true,"href":"https:\/\/art-mu.fr\/index.php?rest_route=\/wp\/v2\/pages\/25"}],"wp:attachment":[{"href":"https:\/\/art-mu.fr\/index.php?rest_route=%2Fwp%2Fv2%2Fmedia&parent=84"}],"curies":[{"name":"wp","href":"https:\/\/api.w.org\/{rel}","templated":true}]}}