{"id":6004,"date":"2024-10-14T11:07:10","date_gmt":"2024-10-14T09:07:10","guid":{"rendered":"https:\/\/art-mu.fr\/?page_id=6004"},"modified":"2024-10-15T11:56:39","modified_gmt":"2024-10-15T09:56:39","slug":"pot-de-finissage-du-salon-2024","status":"publish","type":"page","link":"https:\/\/art-mu.fr\/?page_id=6004","title":{"rendered":"Pot de finissage du salon 2024"},"content":{"rendered":"\n<p>Depuis l&rsquo;\u00e9dition 2022, <a href=\"https:\/\/art-mu.fr\/?page_id=155\" data-type=\"page\" data-id=\"155\">nos salons biennaux<\/a> s&rsquo;ach\u00e8vent par un pot de finissage permettant aux artistes d&rsquo;\u00e9changer entre eux dans une ambiance moins officielle que celle du vernissage et, surtout, de ne pas avoir l&rsquo;impression que le salon s&rsquo;ach\u00e8ve avec chacun partant \u00e0 la sauvette ses oeuvres sous le bras&#8230;.<\/p>\n\n\n\n<p>Notre salon <a href=\"https:\/\/art-mu.fr\/?page_id=5846\" data-type=\"page\" data-id=\"5846\">L&rsquo;art mue 2024<\/a> n&rsquo;a donc pas d\u00e9rog\u00e9 \u00e0 cette r\u00e9cente r\u00e8gle et en voici quelques t\u00e9moignages<\/p>\n\n\n\n<p>Et si durant quinze jours nous avons c\u00e9l\u00e9br\u00e9 les 30 ans d&rsquo;Art&rsquo;mu, ce dernier jour \u00e9tait pile le jour anniversaire (\u00ab\u00a030 ans et demi\u00a0\u00bb) non pas d&rsquo;Art&rsquo;mu mais d&rsquo;Arline&#8230;<\/p>\n\n\n\n<p><em>(3 premi\u00e8res photos : clich\u00e9s Anne-Marie Brion, les suivantes clich\u00e9 Jean-Luc Matte)<\/em><\/p>\n\n\n\n<figure class=\"wp-block-gallery has-nested-images columns-2 wp-block-gallery-1 is-layout-flex wp-block-gallery-is-layout-flex\">\n<figure class=\"wp-block-image size-large\"><a href=\"https:\/\/art-mu.fr\/wp-content\/uploads\/2024\/10\/f_image2.jpg\"><img fetchpriority=\"high\" decoding=\"async\" width=\"768\" height=\"1024\" data-id=\"6010\" src=\"https:\/\/art-mu.fr\/wp-content\/uploads\/2024\/10\/f_image2-768x1024.jpg\" alt=\"\" class=\"wp-image-6010\" srcset=\"https:\/\/art-mu.fr\/wp-content\/uploads\/2024\/10\/f_image2-768x1024.jpg 768w, https:\/\/art-mu.fr\/wp-content\/uploads\/2024\/10\/f_image2-225x300.jpg 225w, https:\/\/art-mu.fr\/wp-content\/uploads\/2024\/10\/f_image2.jpg 1000w\" sizes=\"(max-width: 768px) 100vw, 768px\" \/><\/a><\/figure>\n\n\n\n<figure class=\"wp-block-image size-large\"><a href=\"https:\/\/art-mu.fr\/wp-content\/uploads\/2024\/10\/f_image1.jpg\"><img decoding=\"async\" width=\"768\" height=\"1024\" data-id=\"6012\" src=\"https:\/\/art-mu.fr\/wp-content\/uploads\/2024\/10\/f_image1-768x1024.jpg\" alt=\"\" class=\"wp-image-6012\" srcset=\"https:\/\/art-mu.fr\/wp-content\/uploads\/2024\/10\/f_image1-768x1024.jpg 768w, https:\/\/art-mu.fr\/wp-content\/uploads\/2024\/10\/f_image1-225x300.jpg 225w, https:\/\/art-mu.fr\/wp-content\/uploads\/2024\/10\/f_image1.jpg 1000w\" sizes=\"(max-width: 768px) 100vw, 768px\" \/><\/a><\/figure>\n\n\n\n<figure class=\"wp-block-image size-large\"><a href=\"https:\/\/art-mu.fr\/wp-content\/uploads\/2024\/10\/f_image3.jpg\"><img decoding=\"async\" width=\"768\" height=\"1024\" data-id=\"6017\" src=\"https:\/\/art-mu.fr\/wp-content\/uploads\/2024\/10\/f_image3-768x1024.jpg\" alt=\"\" class=\"wp-image-6017\" srcset=\"https:\/\/art-mu.fr\/wp-content\/uploads\/2024\/10\/f_image3-768x1024.jpg 768w, https:\/\/art-mu.fr\/wp-content\/uploads\/2024\/10\/f_image3-225x300.jpg 225w, https:\/\/art-mu.fr\/wp-content\/uploads\/2024\/10\/f_image3.jpg 1000w\" sizes=\"(max-width: 768px) 100vw, 768px\" \/><\/a><\/figure>\n\n\n\n<figure class=\"wp-block-image size-large\"><a href=\"https:\/\/art-mu.fr\/wp-content\/uploads\/2024\/10\/f_JLM_95918.jpg\"><img loading=\"lazy\" decoding=\"async\" width=\"683\" height=\"1024\" data-id=\"6006\" src=\"https:\/\/art-mu.fr\/wp-content\/uploads\/2024\/10\/f_JLM_95918-683x1024.jpg\" alt=\"\" class=\"wp-image-6006\" srcset=\"https:\/\/art-mu.fr\/wp-content\/uploads\/2024\/10\/f_JLM_95918-683x1024.jpg 683w, https:\/\/art-mu.fr\/wp-content\/uploads\/2024\/10\/f_JLM_95918-200x300.jpg 200w, https:\/\/art-mu.fr\/wp-content\/uploads\/2024\/10\/f_JLM_95918-768x1152.jpg 768w, https:\/\/art-mu.fr\/wp-content\/uploads\/2024\/10\/f_JLM_95918.jpg 1000w\" sizes=\"(max-width: 683px) 100vw, 683px\" \/><\/a><\/figure>\n\n\n\n<figure class=\"wp-block-image size-large\"><a href=\"https:\/\/art-mu.fr\/wp-content\/uploads\/2024\/10\/f_JLM_95908.jpg\"><img loading=\"lazy\" decoding=\"async\" width=\"1024\" height=\"683\" data-id=\"6005\" src=\"https:\/\/art-mu.fr\/wp-content\/uploads\/2024\/10\/f_JLM_95908-1024x683.jpg\" alt=\"\" class=\"wp-image-6005\" srcset=\"https:\/\/art-mu.fr\/wp-content\/uploads\/2024\/10\/f_JLM_95908-1024x683.jpg 1024w, https:\/\/art-mu.fr\/wp-content\/uploads\/2024\/10\/f_JLM_95908-300x200.jpg 300w, https:\/\/art-mu.fr\/wp-content\/uploads\/2024\/10\/f_JLM_95908-768x512.jpg 768w, https:\/\/art-mu.fr\/wp-content\/uploads\/2024\/10\/f_JLM_95908.jpg 1500w\" sizes=\"(max-width: 1024px) 100vw, 1024px\" \/><\/a><\/figure>\n\n\n\n<figure class=\"wp-block-image size-large\"><a href=\"https:\/\/art-mu.fr\/wp-content\/uploads\/2024\/10\/f_JLM_95909.jpg\"><img loading=\"lazy\" decoding=\"async\" width=\"1024\" height=\"683\" data-id=\"6016\" src=\"https:\/\/art-mu.fr\/wp-content\/uploads\/2024\/10\/f_JLM_95909-1024x683.jpg\" alt=\"\" class=\"wp-image-6016\" srcset=\"https:\/\/art-mu.fr\/wp-content\/uploads\/2024\/10\/f_JLM_95909-1024x683.jpg 1024w, https:\/\/art-mu.fr\/wp-content\/uploads\/2024\/10\/f_JLM_95909-300x200.jpg 300w, https:\/\/art-mu.fr\/wp-content\/uploads\/2024\/10\/f_JLM_95909-768x512.jpg 768w, https:\/\/art-mu.fr\/wp-content\/uploads\/2024\/10\/f_JLM_95909.jpg 1500w\" sizes=\"(max-width: 1024px) 100vw, 1024px\" \/><\/a><\/figure>\n\n\n\n<figure class=\"wp-block-image size-large\"><a href=\"https:\/\/art-mu.fr\/wp-content\/uploads\/2024\/10\/f_JLM_95910.jpg\"><img loading=\"lazy\" decoding=\"async\" width=\"1024\" height=\"683\" data-id=\"6011\" src=\"https:\/\/art-mu.fr\/wp-content\/uploads\/2024\/10\/f_JLM_95910-1024x683.jpg\" alt=\"\" class=\"wp-image-6011\" srcset=\"https:\/\/art-mu.fr\/wp-content\/uploads\/2024\/10\/f_JLM_95910-1024x683.jpg 1024w, https:\/\/art-mu.fr\/wp-content\/uploads\/2024\/10\/f_JLM_95910-300x200.jpg 300w, https:\/\/art-mu.fr\/wp-content\/uploads\/2024\/10\/f_JLM_95910-768x512.jpg 768w, https:\/\/art-mu.fr\/wp-content\/uploads\/2024\/10\/f_JLM_95910.jpg 1500w\" sizes=\"(max-width: 1024px) 100vw, 1024px\" \/><\/a><\/figure>\n\n\n\n<figure class=\"wp-block-image size-large\"><a href=\"https:\/\/art-mu.fr\/wp-content\/uploads\/2024\/10\/f_JLM_95913.jpg\"><img loading=\"lazy\" decoding=\"async\" width=\"1024\" height=\"683\" data-id=\"6009\" src=\"https:\/\/art-mu.fr\/wp-content\/uploads\/2024\/10\/f_JLM_95913-1024x683.jpg\" alt=\"\" class=\"wp-image-6009\" srcset=\"https:\/\/art-mu.fr\/wp-content\/uploads\/2024\/10\/f_JLM_95913-1024x683.jpg 1024w, https:\/\/art-mu.fr\/wp-content\/uploads\/2024\/10\/f_JLM_95913-300x200.jpg 300w, https:\/\/art-mu.fr\/wp-content\/uploads\/2024\/10\/f_JLM_95913-768x512.jpg 768w, https:\/\/art-mu.fr\/wp-content\/uploads\/2024\/10\/f_JLM_95913.jpg 1499w\" sizes=\"(max-width: 1024px) 100vw, 1024px\" \/><\/a><\/figure>\n\n\n\n<figure class=\"wp-block-image size-large\"><a href=\"https:\/\/art-mu.fr\/wp-content\/uploads\/2024\/10\/f_JLM_95921.jpg\"><img loading=\"lazy\" decoding=\"async\" width=\"683\" height=\"1024\" data-id=\"6018\" src=\"https:\/\/art-mu.fr\/wp-content\/uploads\/2024\/10\/f_JLM_95921-683x1024.jpg\" alt=\"\" class=\"wp-image-6018\" srcset=\"https:\/\/art-mu.fr\/wp-content\/uploads\/2024\/10\/f_JLM_95921-683x1024.jpg 683w, https:\/\/art-mu.fr\/wp-content\/uploads\/2024\/10\/f_JLM_95921-200x300.jpg 200w, https:\/\/art-mu.fr\/wp-content\/uploads\/2024\/10\/f_JLM_95921-768x1152.jpg 768w, https:\/\/art-mu.fr\/wp-content\/uploads\/2024\/10\/f_JLM_95921.jpg 1000w\" sizes=\"(max-width: 683px) 100vw, 683px\" \/><\/a><\/figure>\n\n\n\n<figure class=\"wp-block-image size-large\"><a href=\"https:\/\/art-mu.fr\/wp-content\/uploads\/2024\/10\/f_JLM_95920.jpg\"><img loading=\"lazy\" decoding=\"async\" width=\"1024\" height=\"683\" data-id=\"6015\" src=\"https:\/\/art-mu.fr\/wp-content\/uploads\/2024\/10\/f_JLM_95920-1024x683.jpg\" alt=\"\" class=\"wp-image-6015\" srcset=\"https:\/\/art-mu.fr\/wp-content\/uploads\/2024\/10\/f_JLM_95920-1024x683.jpg 1024w, https:\/\/art-mu.fr\/wp-content\/uploads\/2024\/10\/f_JLM_95920-300x200.jpg 300w, https:\/\/art-mu.fr\/wp-content\/uploads\/2024\/10\/f_JLM_95920-768x512.jpg 768w, https:\/\/art-mu.fr\/wp-content\/uploads\/2024\/10\/f_JLM_95920.jpg 1499w\" sizes=\"(max-width: 1024px) 100vw, 1024px\" \/><\/a><\/figure>\n\n\n\n<figure class=\"wp-block-image size-large\"><a href=\"https:\/\/art-mu.fr\/wp-content\/uploads\/2024\/10\/f_JLM_95922.jpg\"><img loading=\"lazy\" decoding=\"async\" width=\"1024\" height=\"683\" data-id=\"6013\" src=\"https:\/\/art-mu.fr\/wp-content\/uploads\/2024\/10\/f_JLM_95922-1024x683.jpg\" alt=\"\" class=\"wp-image-6013\" srcset=\"https:\/\/art-mu.fr\/wp-content\/uploads\/2024\/10\/f_JLM_95922-1024x683.jpg 1024w, https:\/\/art-mu.fr\/wp-content\/uploads\/2024\/10\/f_JLM_95922-300x200.jpg 300w, https:\/\/art-mu.fr\/wp-content\/uploads\/2024\/10\/f_JLM_95922-768x512.jpg 768w, https:\/\/art-mu.fr\/wp-content\/uploads\/2024\/10\/f_JLM_95922.jpg 1500w\" sizes=\"(max-width: 1024px) 100vw, 1024px\" \/><\/a><\/figure>\n\n\n\n<figure class=\"wp-block-image size-large\"><a href=\"https:\/\/art-mu.fr\/wp-content\/uploads\/2024\/10\/f_JLM_95924.jpg\"><img loading=\"lazy\" decoding=\"async\" width=\"1024\" height=\"683\" data-id=\"6014\" src=\"https:\/\/art-mu.fr\/wp-content\/uploads\/2024\/10\/f_JLM_95924-1024x683.jpg\" alt=\"\" class=\"wp-image-6014\" srcset=\"https:\/\/art-mu.fr\/wp-content\/uploads\/2024\/10\/f_JLM_95924-1024x683.jpg 1024w, https:\/\/art-mu.fr\/wp-content\/uploads\/2024\/10\/f_JLM_95924-300x200.jpg 300w, https:\/\/art-mu.fr\/wp-content\/uploads\/2024\/10\/f_JLM_95924-768x512.jpg 768w, https:\/\/art-mu.fr\/wp-content\/uploads\/2024\/10\/f_JLM_95924.jpg 1500w\" sizes=\"(max-width: 1024px) 100vw, 1024px\" \/><\/a><\/figure>\n<\/figure>\n\n\n\n<p class=\"has-text-align-right\"><strong>Vers le <a href=\"https:\/\/art-mu.fr\/?page_id=5894\" data-type=\"page\" data-id=\"5894\">petit quizz qui \u00e9tait propos\u00e9 aux visiteurs<\/a> &#8212;&gt;<\/strong><\/p>\n\n\n\n<div class=\"wp-block-buttons is-content-justification-center is-layout-flex wp-block-buttons-is-layout-flex\">\n<div class=\"wp-block-button is-style-outline is-style-outline--2\"><a class=\"wp-block-button__link has-blue-color has-light-gray-background-color has-text-color has-background\" href=\"#\">Retour au haut de page<\/a><\/div>\n<\/div>\n\n\n\n<p><\/p>\n","protected":false},"excerpt":{"rendered":"<p>Depuis l&rsquo;\u00e9dition 2022, nos salons biennaux s&rsquo;ach\u00e8vent par un pot de finissage permettant aux artistes d&rsquo;\u00e9changer entre eux dans une ambiance moins officielle que celle du vernissage et, surtout, de ne pas avoir l&rsquo;impression que le salon s&rsquo;ach\u00e8ve avec chacun partant \u00e0 la sauvette ses oeuvres sous le bras&#8230;. Notre salon L&rsquo;art mue 2024 n&rsquo;a [&hellip;]<\/p>\n","protected":false},"author":3,"featured_media":0,"parent":5846,"menu_order":4,"comment_status":"closed","ping_status":"closed","template":"","meta":{"footnotes":""},"class_list":["post-6004","page","type-page","status-publish","hentry"],"_links":{"self":[{"href":"https:\/\/art-mu.fr\/index.php?rest_route=\/wp\/v2\/pages\/6004","targetHints":{"allow":["GET"]}}],"collection":[{"href":"https:\/\/art-mu.fr\/index.php?rest_route=\/wp\/v2\/pages"}],"about":[{"href":"https:\/\/art-mu.fr\/index.php?rest_route=\/wp\/v2\/types\/page"}],"author":[{"embeddable":true,"href":"https:\/\/art-mu.fr\/index.php?rest_route=\/wp\/v2\/users\/3"}],"replies":[{"embeddable":true,"href":"https:\/\/art-mu.fr\/index.php?rest_route=%2Fwp%2Fv2%2Fcomments&post=6004"}],"version-history":[{"count":3,"href":"https:\/\/art-mu.fr\/index.php?rest_route=\/wp\/v2\/pages\/6004\/revisions"}],"predecessor-version":[{"id":6533,"href":"https:\/\/art-mu.fr\/index.php?rest_route=\/wp\/v2\/pages\/6004\/revisions\/6533"}],"up":[{"embeddable":true,"href":"https:\/\/art-mu.fr\/index.php?rest_route=\/wp\/v2\/pages\/5846"}],"wp:attachment":[{"href":"https:\/\/art-mu.fr\/index.php?rest_route=%2Fwp%2Fv2%2Fmedia&parent=6004"}],"curies":[{"name":"wp","href":"https:\/\/api.w.org\/{rel}","templated":true}]}}