{"id":597,"date":"2021-08-15T16:38:21","date_gmt":"2021-08-15T14:38:21","guid":{"rendered":"https:\/\/art-mu.fr\/?page_id=597"},"modified":"2023-03-02T12:20:05","modified_gmt":"2023-03-02T10:20:05","slug":"journees-cuisson-raku","status":"publish","type":"page","link":"https:\/\/art-mu.fr\/?page_id=597","title":{"rendered":"Journ\u00e9es cuisson Raku"},"content":{"rendered":"\n<p>Chaque ann\u00e9e vers mai ou juin, une journ\u00e9e est organis\u00e9e afin de permettre aux adh\u00e9rents qui ont r\u00e9alis\u00e9s des \u0153uvres en terre durant l&rsquo;ann\u00e9e et qui les ont fait cuire (certains membres peuvent le faire pour ceux qui n&rsquo;ont pas de four), de les faire \u00e9mailler selon la technique du Raku japonais.<\/p>\n\n\n\n<figure class=\"wp-block-gallery has-nested-images columns-default wp-block-gallery-1 is-layout-flex wp-block-gallery-is-layout-flex\">\n<figure class=\"wp-block-image size-full\"><a href=\"https:\/\/art-mu.fr\/wp-content\/uploads\/2021\/08\/raku-2.png\"><img fetchpriority=\"high\" decoding=\"async\" width=\"277\" height=\"207\" data-id=\"599\" src=\"https:\/\/art-mu.fr\/wp-content\/uploads\/2021\/08\/raku-2.png\" alt=\"\" class=\"wp-image-599\"\/><\/a><\/figure>\n\n\n\n<figure class=\"wp-block-image size-full\"><a href=\"https:\/\/art-mu.fr\/wp-content\/uploads\/2021\/08\/raku-3.png\"><img decoding=\"async\" width=\"267\" height=\"356\" data-id=\"600\" src=\"https:\/\/art-mu.fr\/wp-content\/uploads\/2021\/08\/raku-3.png\" alt=\"\" class=\"wp-image-600\" srcset=\"https:\/\/art-mu.fr\/wp-content\/uploads\/2021\/08\/raku-3.png 267w, https:\/\/art-mu.fr\/wp-content\/uploads\/2021\/08\/raku-3-225x300.png 225w\" sizes=\"(max-width: 267px) 100vw, 267px\" \/><\/a><\/figure>\n<\/figure>\n\n\n\n<p>Les \u00e9maux sont mis \u00e0 disposition et chacun commence par \u00e9mailler ses pi\u00e8ces puis les cuissons se succ\u00e8dent, chacune r\u00e9servant la surprise du r\u00e9sultat non seulement \u00e0 l&rsquo;auteur de la sculpture mais \u00e9galement \u00e0 toute l&rsquo;assembl\u00e9e.<\/p>\n\n\n\n<p>Une journ\u00e9e de d\u00e9couverte de la technique pour certains et d\u2019approfondissement pour d\u2019autres au fil des ans.<br>La magie du feu op\u00e8re toujours avec autant de fascination et d\u2019\u00e9motion.<\/p>\n\n\n\n<figure class=\"wp-block-image size-large is-resized\"><img decoding=\"async\" src=\"https:\/\/art-mu.fr\/wp-content\/uploads\/2021\/08\/raku2017mc_012-1024x768.jpg\" alt=\"\" class=\"wp-image-601\" width=\"512\" height=\"384\" srcset=\"https:\/\/art-mu.fr\/wp-content\/uploads\/2021\/08\/raku2017mc_012-1024x768.jpg 1024w, https:\/\/art-mu.fr\/wp-content\/uploads\/2021\/08\/raku2017mc_012-300x225.jpg 300w, https:\/\/art-mu.fr\/wp-content\/uploads\/2021\/08\/raku2017mc_012-768x576.jpg 768w, https:\/\/art-mu.fr\/wp-content\/uploads\/2021\/08\/raku2017mc_012.jpg 1280w\" sizes=\"(max-width: 512px) 100vw, 512px\" \/><\/figure>\n\n\n\n<p><br>La transformation plastique des \u0153uvres sous l\u2019effet de cette technique est \u00e9poustouflante et les artistes n\u2019ont qu\u2019une envie c\u2019est de recommencer !<\/p>\n\n\n\n<figure class=\"wp-block-image size-large is-resized\"><img loading=\"lazy\" decoding=\"async\" src=\"https:\/\/art-mu.fr\/wp-content\/uploads\/2021\/08\/rakumc2017_004-1024x768.jpg\" alt=\"\" class=\"wp-image-602\" width=\"512\" height=\"384\" srcset=\"https:\/\/art-mu.fr\/wp-content\/uploads\/2021\/08\/rakumc2017_004-1024x768.jpg 1024w, https:\/\/art-mu.fr\/wp-content\/uploads\/2021\/08\/rakumc2017_004-300x225.jpg 300w, https:\/\/art-mu.fr\/wp-content\/uploads\/2021\/08\/rakumc2017_004-768x576.jpg 768w, https:\/\/art-mu.fr\/wp-content\/uploads\/2021\/08\/rakumc2017_004.jpg 1280w\" sizes=\"(max-width: 512px) 100vw, 512px\" \/><\/figure>\n\n\n\n<p><br>Un grand merci au regrett\u00e9 Jacques pour sa redoutable efficacit\u00e9 \u00e0 manier le feu (cela repr\u00e9sente un effort physique intense), pour ses comp\u00e9tences, ses conseils, sa gentillesse.<\/p>\n\n\n\n<figure class=\"wp-block-image aligncenter size-full\"><img loading=\"lazy\" decoding=\"async\" width=\"272\" height=\"363\" src=\"https:\/\/art-mu.fr\/wp-content\/uploads\/2021\/08\/raku-1-1.png\" alt=\"\" class=\"wp-image-598\" srcset=\"https:\/\/art-mu.fr\/wp-content\/uploads\/2021\/08\/raku-1-1.png 272w, https:\/\/art-mu.fr\/wp-content\/uploads\/2021\/08\/raku-1-1-225x300.png 225w\" sizes=\"(max-width: 272px) 100vw, 272px\" \/><\/figure>\n\n\n\n<p><br>Le plaisir de partager ce moment, de travailler ensemble, d\u2019admirer la transformation des \u0153uvres des autres, soude le groupe et la convivialit\u00e9 autour d\u2019un projet et d\u2019un bon repas !<\/p>\n\n\n\n<p>La mairie de Montigny n&rsquo;autorisant pas l&rsquo;usage d&rsquo;un four \u00e0 raku \u00e0 l&rsquo;atelier ou aux abords, cette contrainte est devenue un atout car un lieu plus champ\u00eatre est d\u00e9nich\u00e9 chaque ann\u00e9e d\u00e9sormais (dans un jardin priv\u00e9 le plus souvent) et cela participe \u00e0 la convivialit\u00e9 de cette journ\u00e9e o\u00f9 le repas est, naturellement, partag\u00e9 avec les apports culinaires de chacun&#8230;<\/p>\n\n\n\n<p><\/p>\n\n\n\n<p><strong>Compte-rendus photos des \u00e9ditions pr\u00e9c\u00e9dentes : <\/strong><\/p>\n\n\n\n<p>(<em>pour m\u00e9moire,<a href=\"https:\/\/art-mu.fr\/?page_id=3038\" data-type=\"page\" data-id=\"3038\"> atelier patines de terres cuites<\/a> en 2015)<\/em><\/p>\n\n\n\n<p>2016 : <a href=\"https:\/\/art-mu.fr\/?page_id=2004\" data-type=\"page\" data-id=\"2004\">premi\u00e8re \u00e9dition, \u00e0 Lorry<\/a><em> <\/em>(avec br\u00e8ve explication des diff\u00e9rentes phases)<\/p>\n\n\n\n<p>2017 : <a href=\"https:\/\/art-mu.fr\/?page_id=1912\" data-type=\"page\" data-id=\"1912\">seconde \u00e9dition, chez Isabelle<\/a><\/p>\n\n\n\n<p>2018 : <a href=\"https:\/\/art-mu.fr\/?page_id=1953\" data-type=\"page\" data-id=\"1953\">troisi\u00e8me \u00e9dition, retour \u00e0 Lorry<\/a><\/p>\n\n\n\n<p>2019 : deux premi\u00e8res et derni\u00e8re photo ci-dessus<\/p>\n\n\n\n<p>2020 \u00e0 2022 : annul\u00e9 suite aux confinements et autres contraintes&#8230;<\/p>\n\n\n\n<p><\/p>\n\n\n\n<p><strong>Dates et horaires des s\u00e9ances, lieu, prix, jauge, contact<\/strong><\/p>\n\n\n\n<p>Suite au d\u00e9c\u00e8s en f\u00e9vrier 2023 de Jacques Bena qui animait ces journ\u00e9es, l&rsquo;association recherche un.e c\u00e9ramiste qui pourrait prendre la rel\u00e8ve en venant avec tout le mat\u00e9riel n\u00e9cessaire.<\/p>\n\n\n\n<p>Une fois par an  <a href=\"https:\/\/art-mu.fr\/?page_id=66\" data-type=\"page\" data-id=\"66\">selon le calendrier<\/a> <em>(vers mai-juin)<\/em> de 9h00 \u00e0 17h00.<\/p>\n\n\n\n<p>Lieu : d\u00e9fini annuellement<\/p>\n\n\n\n<p>Participation aux frais : \u00e0 red\u00e9finir<\/p>\n\n\n\n<p>Capacit\u00e9 :  une dizaine de personnes, inscription obligatoire<\/p>\n\n\n\n<p> Contraintes COVID 19 et Pass sanitaire : voir dans la rubrique Actualit\u00e9s du pr\u00e9sent site.<\/p>\n\n\n\n<p><br>Responsable des inscriptions : \u00e0 red\u00e9finir, \u00e9crire au <a href=\"https:\/\/art-mu.fr\/?page_id=2\" data-type=\"page\" data-id=\"2\">contact<\/a> de l&rsquo;association<\/p>\n\n\n\n<p><\/p>\n\n\n\n<div class=\"wp-block-buttons is-content-justification-center is-layout-flex wp-block-buttons-is-layout-flex\">\n<div class=\"wp-block-button is-style-outline is-style-outline--2\"><a class=\"wp-block-button__link has-blue-color has-light-gray-background-color has-text-color has-background\" href=\"#\">Retour au haut de page<\/a><\/div>\n<\/div>\n","protected":false},"excerpt":{"rendered":"<p>Chaque ann\u00e9e vers mai ou juin, une journ\u00e9e est organis\u00e9e afin de permettre aux adh\u00e9rents qui ont r\u00e9alis\u00e9s des \u0153uvres en terre durant l&rsquo;ann\u00e9e et qui les ont fait cuire (certains membres peuvent le faire pour ceux qui n&rsquo;ont pas de four), de les faire \u00e9mailler selon la technique du Raku japonais. Les \u00e9maux sont [&hellip;]<\/p>\n","protected":false},"author":3,"featured_media":0,"parent":25,"menu_order":2,"comment_status":"closed","ping_status":"closed","template":"","meta":{"footnotes":""},"class_list":["post-597","page","type-page","status-publish","hentry"],"_links":{"self":[{"href":"https:\/\/art-mu.fr\/index.php?rest_route=\/wp\/v2\/pages\/597","targetHints":{"allow":["GET"]}}],"collection":[{"href":"https:\/\/art-mu.fr\/index.php?rest_route=\/wp\/v2\/pages"}],"about":[{"href":"https:\/\/art-mu.fr\/index.php?rest_route=\/wp\/v2\/types\/page"}],"author":[{"embeddable":true,"href":"https:\/\/art-mu.fr\/index.php?rest_route=\/wp\/v2\/users\/3"}],"replies":[{"embeddable":true,"href":"https:\/\/art-mu.fr\/index.php?rest_route=%2Fwp%2Fv2%2Fcomments&post=597"}],"version-history":[{"count":16,"href":"https:\/\/art-mu.fr\/index.php?rest_route=\/wp\/v2\/pages\/597\/revisions"}],"predecessor-version":[{"id":4686,"href":"https:\/\/art-mu.fr\/index.php?rest_route=\/wp\/v2\/pages\/597\/revisions\/4686"}],"up":[{"embeddable":true,"href":"https:\/\/art-mu.fr\/index.php?rest_route=\/wp\/v2\/pages\/25"}],"wp:attachment":[{"href":"https:\/\/art-mu.fr\/index.php?rest_route=%2Fwp%2Fv2%2Fmedia&parent=597"}],"curies":[{"name":"wp","href":"https:\/\/api.w.org\/{rel}","templated":true}]}}