{"id":5923,"date":"2024-10-04T11:09:15","date_gmt":"2024-10-04T09:09:15","guid":{"rendered":"https:\/\/art-mu.fr\/?page_id=5923"},"modified":"2024-10-04T11:30:52","modified_gmt":"2024-10-04T09:30:52","slug":"realisations-dune-participante-a-latelier-de-dessin-du-2-octobre-2024","status":"publish","type":"page","link":"https:\/\/art-mu.fr\/?page_id=5923","title":{"rendered":"R\u00e9alisations d&rsquo;une participante \u00e0 l&rsquo;atelier de dessin du 2 octobre 2024"},"content":{"rendered":"\n<p>Une s\u00e9ance particuli\u00e8re (mais toutes celles de ces <a href=\"https:\/\/art-mu.fr\/?page_id=5272\" data-type=\"page\" data-id=\"5272\">ateliers \u00e0 th\u00e8me de dessin de nu (ou pas&#8230;)<\/a> le sont un peu) puisque les 5 participants ont pris \u00e0 tour de r\u00f4le la place de mod\u00e8le pour 3 poses de 3mn puis une pose de 10mn afin de passer de l&rsquo;autre c\u00f4t\u00e9 du miroir et d\u00e9couvrir comment la notion du temps diff\u00e8re fondamentalement selon que l&rsquo;on dessine ou que l&rsquo;on pose et comment les poses les plus anodines font travailler certains muscles oubli\u00e9s du corps&#8230;.<\/p>\n\n\n\n<p>Pour qu&rsquo;il n&rsquo;y ait pas de r\u00e9ticence li\u00e9e \u00e0 la pudeur, cette s\u00e9ance \u00e9tait naturellement habill\u00e9e.<\/p>\n\n\n\n<figure class=\"wp-block-gallery has-nested-images columns-default wp-block-gallery-1 is-layout-flex wp-block-gallery-is-layout-flex\">\n<figure class=\"wp-block-image size-large\"><img fetchpriority=\"high\" decoding=\"async\" width=\"1024\" height=\"744\" data-id=\"5936\" src=\"https:\/\/art-mu.fr\/wp-content\/uploads\/2024\/10\/s_Catherine_JL_3mn_1-1024x744.jpg\" alt=\"\" class=\"wp-image-5936\" srcset=\"https:\/\/art-mu.fr\/wp-content\/uploads\/2024\/10\/s_Catherine_JL_3mn_1-1024x744.jpg 1024w, https:\/\/art-mu.fr\/wp-content\/uploads\/2024\/10\/s_Catherine_JL_3mn_1-300x218.jpg 300w, https:\/\/art-mu.fr\/wp-content\/uploads\/2024\/10\/s_Catherine_JL_3mn_1-768x558.jpg 768w, https:\/\/art-mu.fr\/wp-content\/uploads\/2024\/10\/s_Catherine_JL_3mn_1.jpg 1376w\" sizes=\"(max-width: 1024px) 100vw, 1024px\" \/><\/figure>\n\n\n\n<figure class=\"wp-block-image size-large\"><img decoding=\"async\" width=\"1024\" height=\"737\" data-id=\"5932\" src=\"https:\/\/art-mu.fr\/wp-content\/uploads\/2024\/10\/s_Catherine_JL_3mn_2-1024x737.jpg\" alt=\"\" class=\"wp-image-5932\" srcset=\"https:\/\/art-mu.fr\/wp-content\/uploads\/2024\/10\/s_Catherine_JL_3mn_2-1024x737.jpg 1024w, https:\/\/art-mu.fr\/wp-content\/uploads\/2024\/10\/s_Catherine_JL_3mn_2-300x216.jpg 300w, https:\/\/art-mu.fr\/wp-content\/uploads\/2024\/10\/s_Catherine_JL_3mn_2-768x553.jpg 768w, https:\/\/art-mu.fr\/wp-content\/uploads\/2024\/10\/s_Catherine_JL_3mn_2.jpg 1390w\" sizes=\"(max-width: 1024px) 100vw, 1024px\" \/><\/figure>\n\n\n\n<figure class=\"wp-block-image size-large\"><img decoding=\"async\" width=\"1024\" height=\"752\" data-id=\"5925\" src=\"https:\/\/art-mu.fr\/wp-content\/uploads\/2024\/10\/s_Catherine_JL_10mn-1024x752.jpg\" alt=\"\" class=\"wp-image-5925\" srcset=\"https:\/\/art-mu.fr\/wp-content\/uploads\/2024\/10\/s_Catherine_JL_10mn-1024x752.jpg 1024w, https:\/\/art-mu.fr\/wp-content\/uploads\/2024\/10\/s_Catherine_JL_10mn-300x220.jpg 300w, https:\/\/art-mu.fr\/wp-content\/uploads\/2024\/10\/s_Catherine_JL_10mn-768x564.jpg 768w, https:\/\/art-mu.fr\/wp-content\/uploads\/2024\/10\/s_Catherine_JL_10mn.jpg 1362w\" sizes=\"(max-width: 1024px) 100vw, 1024px\" \/><\/figure>\n\n\n\n<figure class=\"wp-block-image size-large\"><img loading=\"lazy\" decoding=\"async\" width=\"1024\" height=\"783\" data-id=\"5927\" src=\"https:\/\/art-mu.fr\/wp-content\/uploads\/2024\/10\/s_Catherine_Genevieve_3mn_2-1024x783.jpg\" alt=\"\" class=\"wp-image-5927\" srcset=\"https:\/\/art-mu.fr\/wp-content\/uploads\/2024\/10\/s_Catherine_Genevieve_3mn_2-1024x783.jpg 1024w, https:\/\/art-mu.fr\/wp-content\/uploads\/2024\/10\/s_Catherine_Genevieve_3mn_2-300x230.jpg 300w, https:\/\/art-mu.fr\/wp-content\/uploads\/2024\/10\/s_Catherine_Genevieve_3mn_2-768x588.jpg 768w, https:\/\/art-mu.fr\/wp-content\/uploads\/2024\/10\/s_Catherine_Genevieve_3mn_2.jpg 1307w\" sizes=\"(max-width: 1024px) 100vw, 1024px\" \/><\/figure>\n\n\n\n<figure class=\"wp-block-image size-large\"><img loading=\"lazy\" decoding=\"async\" width=\"1024\" height=\"788\" data-id=\"5924\" src=\"https:\/\/art-mu.fr\/wp-content\/uploads\/2024\/10\/s_Catherine_Genevieve_3mn_3-1024x788.jpg\" alt=\"\" class=\"wp-image-5924\" srcset=\"https:\/\/art-mu.fr\/wp-content\/uploads\/2024\/10\/s_Catherine_Genevieve_3mn_3-1024x788.jpg 1024w, https:\/\/art-mu.fr\/wp-content\/uploads\/2024\/10\/s_Catherine_Genevieve_3mn_3-300x231.jpg 300w, https:\/\/art-mu.fr\/wp-content\/uploads\/2024\/10\/s_Catherine_Genevieve_3mn_3-768x591.jpg 768w, https:\/\/art-mu.fr\/wp-content\/uploads\/2024\/10\/s_Catherine_Genevieve_3mn_3.jpg 1299w\" sizes=\"(max-width: 1024px) 100vw, 1024px\" \/><\/figure>\n\n\n\n<figure class=\"wp-block-image size-large\"><img loading=\"lazy\" decoding=\"async\" width=\"1024\" height=\"760\" data-id=\"5926\" src=\"https:\/\/art-mu.fr\/wp-content\/uploads\/2024\/10\/s_Catherine_Genevieve_10mn-1024x760.jpg\" alt=\"\" class=\"wp-image-5926\" srcset=\"https:\/\/art-mu.fr\/wp-content\/uploads\/2024\/10\/s_Catherine_Genevieve_10mn-1024x760.jpg 1024w, https:\/\/art-mu.fr\/wp-content\/uploads\/2024\/10\/s_Catherine_Genevieve_10mn-300x223.jpg 300w, https:\/\/art-mu.fr\/wp-content\/uploads\/2024\/10\/s_Catherine_Genevieve_10mn-768x570.jpg 768w, https:\/\/art-mu.fr\/wp-content\/uploads\/2024\/10\/s_Catherine_Genevieve_10mn.jpg 1348w\" sizes=\"(max-width: 1024px) 100vw, 1024px\" \/><\/figure>\n\n\n\n<figure class=\"wp-block-image size-large\"><img loading=\"lazy\" decoding=\"async\" width=\"1024\" height=\"743\" data-id=\"5934\" src=\"https:\/\/art-mu.fr\/wp-content\/uploads\/2024\/10\/s_Catherine_Monique_3mn_1-1024x743.jpg\" alt=\"\" class=\"wp-image-5934\" srcset=\"https:\/\/art-mu.fr\/wp-content\/uploads\/2024\/10\/s_Catherine_Monique_3mn_1-1024x743.jpg 1024w, https:\/\/art-mu.fr\/wp-content\/uploads\/2024\/10\/s_Catherine_Monique_3mn_1-300x218.jpg 300w, https:\/\/art-mu.fr\/wp-content\/uploads\/2024\/10\/s_Catherine_Monique_3mn_1-768x557.jpg 768w, https:\/\/art-mu.fr\/wp-content\/uploads\/2024\/10\/s_Catherine_Monique_3mn_1.jpg 1378w\" sizes=\"(max-width: 1024px) 100vw, 1024px\" \/><\/figure>\n\n\n\n<figure class=\"wp-block-image size-large\"><img loading=\"lazy\" decoding=\"async\" width=\"747\" height=\"1024\" data-id=\"5933\" src=\"https:\/\/art-mu.fr\/wp-content\/uploads\/2024\/10\/s_Catherine_Monique_3mn_3-747x1024.jpg\" alt=\"\" class=\"wp-image-5933\" srcset=\"https:\/\/art-mu.fr\/wp-content\/uploads\/2024\/10\/s_Catherine_Monique_3mn_3-747x1024.jpg 747w, https:\/\/art-mu.fr\/wp-content\/uploads\/2024\/10\/s_Catherine_Monique_3mn_3-219x300.jpg 219w, https:\/\/art-mu.fr\/wp-content\/uploads\/2024\/10\/s_Catherine_Monique_3mn_3-768x1053.jpg 768w, https:\/\/art-mu.fr\/wp-content\/uploads\/2024\/10\/s_Catherine_Monique_3mn_3.jpg 1000w\" sizes=\"(max-width: 747px) 100vw, 747px\" \/><\/figure>\n\n\n\n<figure class=\"wp-block-image size-large\"><img loading=\"lazy\" decoding=\"async\" width=\"1024\" height=\"752\" data-id=\"5939\" src=\"https:\/\/art-mu.fr\/wp-content\/uploads\/2024\/10\/s_Catherine_Monique_10mn-1024x752.jpg\" alt=\"\" class=\"wp-image-5939\" srcset=\"https:\/\/art-mu.fr\/wp-content\/uploads\/2024\/10\/s_Catherine_Monique_10mn-1024x752.jpg 1024w, https:\/\/art-mu.fr\/wp-content\/uploads\/2024\/10\/s_Catherine_Monique_10mn-300x220.jpg 300w, https:\/\/art-mu.fr\/wp-content\/uploads\/2024\/10\/s_Catherine_Monique_10mn-768x564.jpg 768w, https:\/\/art-mu.fr\/wp-content\/uploads\/2024\/10\/s_Catherine_Monique_10mn.jpg 1362w\" sizes=\"(max-width: 1024px) 100vw, 1024px\" \/><\/figure>\n\n\n\n<figure class=\"wp-block-image size-large\"><img loading=\"lazy\" decoding=\"async\" width=\"1024\" height=\"786\" data-id=\"5930\" src=\"https:\/\/art-mu.fr\/wp-content\/uploads\/2024\/10\/s_Catherine_Alain_3mn_3-1024x786.jpg\" alt=\"\" class=\"wp-image-5930\" srcset=\"https:\/\/art-mu.fr\/wp-content\/uploads\/2024\/10\/s_Catherine_Alain_3mn_3-1024x786.jpg 1024w, https:\/\/art-mu.fr\/wp-content\/uploads\/2024\/10\/s_Catherine_Alain_3mn_3-300x230.jpg 300w, https:\/\/art-mu.fr\/wp-content\/uploads\/2024\/10\/s_Catherine_Alain_3mn_3-768x590.jpg 768w, https:\/\/art-mu.fr\/wp-content\/uploads\/2024\/10\/s_Catherine_Alain_3mn_3.jpg 1302w\" sizes=\"(max-width: 1024px) 100vw, 1024px\" \/><\/figure>\n\n\n\n<figure class=\"wp-block-image size-large\"><img loading=\"lazy\" decoding=\"async\" width=\"1024\" height=\"771\" data-id=\"5931\" src=\"https:\/\/art-mu.fr\/wp-content\/uploads\/2024\/10\/s_Catherine_Alain_3mn_2-1024x771.jpg\" alt=\"\" class=\"wp-image-5931\" srcset=\"https:\/\/art-mu.fr\/wp-content\/uploads\/2024\/10\/s_Catherine_Alain_3mn_2-1024x771.jpg 1024w, https:\/\/art-mu.fr\/wp-content\/uploads\/2024\/10\/s_Catherine_Alain_3mn_2-300x226.jpg 300w, https:\/\/art-mu.fr\/wp-content\/uploads\/2024\/10\/s_Catherine_Alain_3mn_2-768x578.jpg 768w, https:\/\/art-mu.fr\/wp-content\/uploads\/2024\/10\/s_Catherine_Alain_3mn_2.jpg 1329w\" sizes=\"(max-width: 1024px) 100vw, 1024px\" \/><\/figure>\n\n\n\n<figure class=\"wp-block-image size-large\"><img loading=\"lazy\" decoding=\"async\" width=\"1024\" height=\"777\" data-id=\"5929\" src=\"https:\/\/art-mu.fr\/wp-content\/uploads\/2024\/10\/s_Catherine_Alain_3mn_1-1024x777.jpg\" alt=\"\" class=\"wp-image-5929\" srcset=\"https:\/\/art-mu.fr\/wp-content\/uploads\/2024\/10\/s_Catherine_Alain_3mn_1-1024x777.jpg 1024w, https:\/\/art-mu.fr\/wp-content\/uploads\/2024\/10\/s_Catherine_Alain_3mn_1-300x228.jpg 300w, https:\/\/art-mu.fr\/wp-content\/uploads\/2024\/10\/s_Catherine_Alain_3mn_1-768x583.jpg 768w, https:\/\/art-mu.fr\/wp-content\/uploads\/2024\/10\/s_Catherine_Alain_3mn_1.jpg 1318w\" sizes=\"(max-width: 1024px) 100vw, 1024px\" \/><\/figure>\n\n\n\n<figure class=\"wp-block-image size-large\"><img loading=\"lazy\" decoding=\"async\" width=\"759\" height=\"1024\" data-id=\"5937\" src=\"https:\/\/art-mu.fr\/wp-content\/uploads\/2024\/10\/s_Catherine_JL_8mn_2-759x1024.jpg\" alt=\"\" class=\"wp-image-5937\" srcset=\"https:\/\/art-mu.fr\/wp-content\/uploads\/2024\/10\/s_Catherine_JL_8mn_2-759x1024.jpg 759w, https:\/\/art-mu.fr\/wp-content\/uploads\/2024\/10\/s_Catherine_JL_8mn_2-222x300.jpg 222w, https:\/\/art-mu.fr\/wp-content\/uploads\/2024\/10\/s_Catherine_JL_8mn_2-768x1036.jpg 768w, https:\/\/art-mu.fr\/wp-content\/uploads\/2024\/10\/s_Catherine_JL_8mn_2.jpg 1000w\" sizes=\"(max-width: 759px) 100vw, 759px\" \/><\/figure>\n\n\n\n<figure class=\"wp-block-image size-large\"><img loading=\"lazy\" decoding=\"async\" width=\"729\" height=\"1024\" data-id=\"5938\" src=\"https:\/\/art-mu.fr\/wp-content\/uploads\/2024\/10\/s_Catherine_JL_8mn_1-729x1024.jpg\" alt=\"\" class=\"wp-image-5938\" srcset=\"https:\/\/art-mu.fr\/wp-content\/uploads\/2024\/10\/s_Catherine_JL_8mn_1-729x1024.jpg 729w, https:\/\/art-mu.fr\/wp-content\/uploads\/2024\/10\/s_Catherine_JL_8mn_1-214x300.jpg 214w, https:\/\/art-mu.fr\/wp-content\/uploads\/2024\/10\/s_Catherine_JL_8mn_1-768x1078.jpg 768w, https:\/\/art-mu.fr\/wp-content\/uploads\/2024\/10\/s_Catherine_JL_8mn_1.jpg 1000w\" sizes=\"(max-width: 729px) 100vw, 729px\" \/><\/figure>\n\n\n\n<figure class=\"wp-block-image size-large\"><img loading=\"lazy\" decoding=\"async\" width=\"1024\" height=\"739\" data-id=\"5935\" src=\"https:\/\/art-mu.fr\/wp-content\/uploads\/2024\/10\/s_Catherine_JL_8mn_3-1024x739.jpg\" alt=\"\" class=\"wp-image-5935\" srcset=\"https:\/\/art-mu.fr\/wp-content\/uploads\/2024\/10\/s_Catherine_JL_8mn_3-1024x739.jpg 1024w, https:\/\/art-mu.fr\/wp-content\/uploads\/2024\/10\/s_Catherine_JL_8mn_3-300x217.jpg 300w, https:\/\/art-mu.fr\/wp-content\/uploads\/2024\/10\/s_Catherine_JL_8mn_3-768x555.jpg 768w, https:\/\/art-mu.fr\/wp-content\/uploads\/2024\/10\/s_Catherine_JL_8mn_3.jpg 1385w\" sizes=\"(max-width: 1024px) 100vw, 1024px\" \/><\/figure>\n\n\n\n<figure class=\"wp-block-image size-large\"><img loading=\"lazy\" decoding=\"async\" width=\"1024\" height=\"739\" data-id=\"5928\" src=\"https:\/\/art-mu.fr\/wp-content\/uploads\/2024\/10\/s_Catherine_Alain_10mn-1024x739.jpg\" alt=\"\" class=\"wp-image-5928\" srcset=\"https:\/\/art-mu.fr\/wp-content\/uploads\/2024\/10\/s_Catherine_Alain_10mn-1024x739.jpg 1024w, https:\/\/art-mu.fr\/wp-content\/uploads\/2024\/10\/s_Catherine_Alain_10mn-300x217.jpg 300w, https:\/\/art-mu.fr\/wp-content\/uploads\/2024\/10\/s_Catherine_Alain_10mn-768x555.jpg 768w, https:\/\/art-mu.fr\/wp-content\/uploads\/2024\/10\/s_Catherine_Alain_10mn.jpg 1385w\" sizes=\"(max-width: 1024px) 100vw, 1024px\" \/><\/figure>\n<\/figure>\n\n\n\n<p>Nota1 : n&rsquo;ayez pas de complexe pour nous rejoindre dans nos ateliers, tous nos dessinateurs ne sont pas aussi dou\u00e9s et les d\u00e9butants et \u00e9ternels d\u00e9butants sont les bienvenus&#8230;<\/p>\n\n\n\n<p>Nota 2 : non nous n&rsquo;imposons pas le port de l&rsquo;uniforme dans nos cours, c&rsquo;est juste que la dessinatrice n&rsquo;avait choisi de limiter sa palette \u00e0 ces deux couleurs de pastels secs pour les v\u00eatements&#8230;<\/p>\n\n\n\n<div class=\"wp-block-buttons is-content-justification-center is-layout-flex wp-container-core-buttons-is-layout-a89b3969 wp-block-buttons-is-layout-flex\">\n<div class=\"wp-block-button\"><a class=\"wp-block-button__link has-text-align-center wp-element-button\" href=\"https:\/\/art-mu.fr\/?page_id=5272\">Retour au haut de la page<\/a><\/div>\n<\/div>\n\n\n\n<p><\/p>\n","protected":false},"excerpt":{"rendered":"<p>Une s\u00e9ance particuli\u00e8re (mais toutes celles de ces ateliers \u00e0 th\u00e8me de dessin de nu (ou pas&#8230;) le sont un peu) puisque les 5 participants ont pris \u00e0 tour de r\u00f4le la place de mod\u00e8le pour 3 poses de 3mn puis une pose de 10mn afin de passer de l&rsquo;autre c\u00f4t\u00e9 du miroir et d\u00e9couvrir [&hellip;]<\/p>\n","protected":false},"author":3,"featured_media":0,"parent":5272,"menu_order":4,"comment_status":"closed","ping_status":"closed","template":"","meta":{"footnotes":""},"class_list":["post-5923","page","type-page","status-publish","hentry"],"_links":{"self":[{"href":"https:\/\/art-mu.fr\/index.php?rest_route=\/wp\/v2\/pages\/5923","targetHints":{"allow":["GET"]}}],"collection":[{"href":"https:\/\/art-mu.fr\/index.php?rest_route=\/wp\/v2\/pages"}],"about":[{"href":"https:\/\/art-mu.fr\/index.php?rest_route=\/wp\/v2\/types\/page"}],"author":[{"embeddable":true,"href":"https:\/\/art-mu.fr\/index.php?rest_route=\/wp\/v2\/users\/3"}],"replies":[{"embeddable":true,"href":"https:\/\/art-mu.fr\/index.php?rest_route=%2Fwp%2Fv2%2Fcomments&post=5923"}],"version-history":[{"count":5,"href":"https:\/\/art-mu.fr\/index.php?rest_route=\/wp\/v2\/pages\/5923\/revisions"}],"predecessor-version":[{"id":5952,"href":"https:\/\/art-mu.fr\/index.php?rest_route=\/wp\/v2\/pages\/5923\/revisions\/5952"}],"up":[{"embeddable":true,"href":"https:\/\/art-mu.fr\/index.php?rest_route=\/wp\/v2\/pages\/5272"}],"wp:attachment":[{"href":"https:\/\/art-mu.fr\/index.php?rest_route=%2Fwp%2Fv2%2Fmedia&parent=5923"}],"curies":[{"name":"wp","href":"https:\/\/api.w.org\/{rel}","templated":true}]}}