{"id":5873,"date":"2024-10-01T12:16:42","date_gmt":"2024-10-01T10:16:42","guid":{"rendered":"https:\/\/art-mu.fr\/?page_id=5873"},"modified":"2024-10-02T10:15:42","modified_gmt":"2024-10-02T08:15:42","slug":"salon-2024-vernissage","status":"publish","type":"page","link":"https:\/\/art-mu.fr\/?page_id=5873","title":{"rendered":"Salon 2024 : vernissage"},"content":{"rendered":"\n<p>Quelques images du vernissage de <a href=\"https:\/\/art-mu.fr\/?page_id=5846\" data-type=\"page\" data-id=\"5846\">notre salon 2024<\/a><\/p>\n\n\n\n<p>L&rsquo;intervention de Dimitri Sokolowski adjoint \u00e0 la culture de la ville de Montigny-l\u00e8s-Metz<\/p>\n\n\n\n<figure class=\"wp-block-image size-full\"><img fetchpriority=\"high\" decoding=\"async\" width=\"1000\" height=\"666\" src=\"https:\/\/art-mu.fr\/wp-content\/uploads\/2024\/10\/s_JLM_93679.jpg\" alt=\"\" class=\"wp-image-5887\" srcset=\"https:\/\/art-mu.fr\/wp-content\/uploads\/2024\/10\/s_JLM_93679.jpg 1000w, https:\/\/art-mu.fr\/wp-content\/uploads\/2024\/10\/s_JLM_93679-300x200.jpg 300w, https:\/\/art-mu.fr\/wp-content\/uploads\/2024\/10\/s_JLM_93679-768x511.jpg 768w\" sizes=\"(max-width: 1000px) 100vw, 1000px\" \/><\/figure>\n\n\n\n<figure class=\"wp-block-image size-full\"><img decoding=\"async\" width=\"1000\" height=\"666\" src=\"https:\/\/art-mu.fr\/wp-content\/uploads\/2024\/10\/s_JLM_93677.jpg\" alt=\"\" class=\"wp-image-5876\" srcset=\"https:\/\/art-mu.fr\/wp-content\/uploads\/2024\/10\/s_JLM_93677.jpg 1000w, https:\/\/art-mu.fr\/wp-content\/uploads\/2024\/10\/s_JLM_93677-300x200.jpg 300w, https:\/\/art-mu.fr\/wp-content\/uploads\/2024\/10\/s_JLM_93677-768x511.jpg 768w\" sizes=\"(max-width: 1000px) 100vw, 1000px\" \/><\/figure>\n\n\n\n<p>La pr\u00e9sentation du salon et de l&rsquo;association par Catherine Vistorky membre du Comit\u00e9 de l&rsquo;association Art&rsquo;Mu<\/p>\n\n\n\n<figure class=\"wp-block-image size-full\"><img decoding=\"async\" width=\"1000\" height=\"666\" src=\"https:\/\/art-mu.fr\/wp-content\/uploads\/2024\/10\/s_JLM_93680.jpg\" alt=\"\" class=\"wp-image-5888\" srcset=\"https:\/\/art-mu.fr\/wp-content\/uploads\/2024\/10\/s_JLM_93680.jpg 1000w, https:\/\/art-mu.fr\/wp-content\/uploads\/2024\/10\/s_JLM_93680-300x200.jpg 300w, https:\/\/art-mu.fr\/wp-content\/uploads\/2024\/10\/s_JLM_93680-768x511.jpg 768w\" sizes=\"(max-width: 1000px) 100vw, 1000px\" \/><\/figure>\n\n\n\n<p>L&rsquo;allocution de Jean-Luc Bohl, maire de Montigny l\u00e8s Metz<\/p>\n\n\n\n<figure class=\"wp-block-image size-full\"><img loading=\"lazy\" decoding=\"async\" width=\"666\" height=\"1000\" src=\"https:\/\/art-mu.fr\/wp-content\/uploads\/2024\/10\/s_JLM_93692.jpg\" alt=\"\" class=\"wp-image-5885\" srcset=\"https:\/\/art-mu.fr\/wp-content\/uploads\/2024\/10\/s_JLM_93692.jpg 666w, https:\/\/art-mu.fr\/wp-content\/uploads\/2024\/10\/s_JLM_93692-200x300.jpg 200w\" sizes=\"(max-width: 666px) 100vw, 666px\" \/><\/figure>\n\n\n\n<figure class=\"wp-block-image size-full\"><img loading=\"lazy\" decoding=\"async\" width=\"1000\" height=\"666\" src=\"https:\/\/art-mu.fr\/wp-content\/uploads\/2024\/10\/s_JLM_93686.jpg\" alt=\"\" class=\"wp-image-5875\" srcset=\"https:\/\/art-mu.fr\/wp-content\/uploads\/2024\/10\/s_JLM_93686.jpg 1000w, https:\/\/art-mu.fr\/wp-content\/uploads\/2024\/10\/s_JLM_93686-300x200.jpg 300w, https:\/\/art-mu.fr\/wp-content\/uploads\/2024\/10\/s_JLM_93686-768x511.jpg 768w\" sizes=\"(max-width: 1000px) 100vw, 1000px\" \/><\/figure>\n\n\n\n<p>Le public (second clich\u00e9 par Yves Geraud)<\/p>\n\n\n\n<figure class=\"wp-block-image size-full\"><img loading=\"lazy\" decoding=\"async\" width=\"1000\" height=\"666\" src=\"https:\/\/art-mu.fr\/wp-content\/uploads\/2024\/10\/s_JLM_93678.jpg\" alt=\"\" class=\"wp-image-5880\" srcset=\"https:\/\/art-mu.fr\/wp-content\/uploads\/2024\/10\/s_JLM_93678.jpg 1000w, https:\/\/art-mu.fr\/wp-content\/uploads\/2024\/10\/s_JLM_93678-300x200.jpg 300w, https:\/\/art-mu.fr\/wp-content\/uploads\/2024\/10\/s_JLM_93678-768x511.jpg 768w\" sizes=\"(max-width: 1000px) 100vw, 1000px\" \/><\/figure>\n\n\n\n<figure class=\"wp-block-image size-full\"><img loading=\"lazy\" decoding=\"async\" width=\"1000\" height=\"563\" src=\"https:\/\/art-mu.fr\/wp-content\/uploads\/2024\/10\/s_Geraud02.jpg\" alt=\"\" class=\"wp-image-5874\" srcset=\"https:\/\/art-mu.fr\/wp-content\/uploads\/2024\/10\/s_Geraud02.jpg 1000w, https:\/\/art-mu.fr\/wp-content\/uploads\/2024\/10\/s_Geraud02-300x169.jpg 300w, https:\/\/art-mu.fr\/wp-content\/uploads\/2024\/10\/s_Geraud02-768x432.jpg 768w\" sizes=\"(max-width: 1000px) 100vw, 1000px\" \/><\/figure>\n\n\n\n<p>La remise des prix (voir la <a href=\"https:\/\/art-mu.fr\/?page_id=5861\" data-type=\"page\" data-id=\"5861\">page Palmar\u00e8s<\/a>): Christiane Demonchy  puis association Cekeltri<\/p>\n\n\n\n<figure class=\"wp-block-image size-full\"><img loading=\"lazy\" decoding=\"async\" width=\"1000\" height=\"666\" src=\"https:\/\/art-mu.fr\/wp-content\/uploads\/2024\/10\/s_JLM_93697.jpg\" alt=\"\" class=\"wp-image-5882\" srcset=\"https:\/\/art-mu.fr\/wp-content\/uploads\/2024\/10\/s_JLM_93697.jpg 1000w, https:\/\/art-mu.fr\/wp-content\/uploads\/2024\/10\/s_JLM_93697-300x200.jpg 300w, https:\/\/art-mu.fr\/wp-content\/uploads\/2024\/10\/s_JLM_93697-768x511.jpg 768w\" sizes=\"(max-width: 1000px) 100vw, 1000px\" \/><\/figure>\n\n\n\n<figure class=\"wp-block-image size-full\"><img loading=\"lazy\" decoding=\"async\" width=\"1000\" height=\"666\" src=\"https:\/\/art-mu.fr\/wp-content\/uploads\/2024\/10\/s_JLM_93693.jpg\" alt=\"\" class=\"wp-image-5886\" srcset=\"https:\/\/art-mu.fr\/wp-content\/uploads\/2024\/10\/s_JLM_93693.jpg 1000w, https:\/\/art-mu.fr\/wp-content\/uploads\/2024\/10\/s_JLM_93693-300x200.jpg 300w, https:\/\/art-mu.fr\/wp-content\/uploads\/2024\/10\/s_JLM_93693-768x511.jpg 768w\" sizes=\"(max-width: 1000px) 100vw, 1000px\" \/><\/figure>\n\n\n\n<p>Photos de groupe des laur\u00e9ats et des \u00e9lus <em>(premi\u00e8re photo Yves Geraud)<\/em><\/p>\n\n\n\n<figure class=\"wp-block-image size-full\"><img loading=\"lazy\" decoding=\"async\" width=\"1000\" height=\"563\" src=\"https:\/\/art-mu.fr\/wp-content\/uploads\/2024\/10\/s_Geraud06.jpg\" alt=\"\" class=\"wp-image-5883\" srcset=\"https:\/\/art-mu.fr\/wp-content\/uploads\/2024\/10\/s_Geraud06.jpg 1000w, https:\/\/art-mu.fr\/wp-content\/uploads\/2024\/10\/s_Geraud06-300x169.jpg 300w, https:\/\/art-mu.fr\/wp-content\/uploads\/2024\/10\/s_Geraud06-768x432.jpg 768w\" sizes=\"(max-width: 1000px) 100vw, 1000px\" \/><\/figure>\n\n\n\n<figure class=\"wp-block-image size-full\"><img loading=\"lazy\" decoding=\"async\" width=\"1000\" height=\"666\" src=\"https:\/\/art-mu.fr\/wp-content\/uploads\/2024\/10\/s_JLM_93699.jpg\" alt=\"\" class=\"wp-image-5878\" srcset=\"https:\/\/art-mu.fr\/wp-content\/uploads\/2024\/10\/s_JLM_93699.jpg 1000w, https:\/\/art-mu.fr\/wp-content\/uploads\/2024\/10\/s_JLM_93699-300x200.jpg 300w, https:\/\/art-mu.fr\/wp-content\/uploads\/2024\/10\/s_JLM_93699-768x511.jpg 768w\" sizes=\"(max-width: 1000px) 100vw, 1000px\" \/><\/figure>\n\n\n\n<figure class=\"wp-block-image size-full\"><img loading=\"lazy\" decoding=\"async\" width=\"1000\" height=\"666\" src=\"https:\/\/art-mu.fr\/wp-content\/uploads\/2024\/10\/s_JLM_93701.jpg\" alt=\"\" class=\"wp-image-5881\" srcset=\"https:\/\/art-mu.fr\/wp-content\/uploads\/2024\/10\/s_JLM_93701.jpg 1000w, https:\/\/art-mu.fr\/wp-content\/uploads\/2024\/10\/s_JLM_93701-300x200.jpg 300w, https:\/\/art-mu.fr\/wp-content\/uploads\/2024\/10\/s_JLM_93701-768x511.jpg 768w\" sizes=\"(max-width: 1000px) 100vw, 1000px\" \/><\/figure>\n\n\n\n<p>Notre invit\u00e9 d&rsquo;honneur Yves Geraud avec les \u00e9lus de la ville <em>(clich\u00e9 de la Charg\u00e9e de communication de la ville)<\/em><\/p>\n\n\n\n<figure class=\"wp-block-image size-full\"><img loading=\"lazy\" decoding=\"async\" width=\"824\" height=\"1000\" src=\"https:\/\/art-mu.fr\/wp-content\/uploads\/2024\/10\/s_Montigny06.jpg\" alt=\"\" class=\"wp-image-5879\" srcset=\"https:\/\/art-mu.fr\/wp-content\/uploads\/2024\/10\/s_Montigny06.jpg 824w, https:\/\/art-mu.fr\/wp-content\/uploads\/2024\/10\/s_Montigny06-247x300.jpg 247w, https:\/\/art-mu.fr\/wp-content\/uploads\/2024\/10\/s_Montigny06-768x932.jpg 768w\" sizes=\"(max-width: 824px) 100vw, 824px\" \/><\/figure>\n\n\n\n<p class=\"has-text-align-right\"><strong><a href=\"https:\/\/art-mu.fr\/?page_id=5861\" data-type=\"page\" data-id=\"5861\">Vers la page des laur\u00e9ats&#8211;><\/a><\/strong><\/p>\n\n\n\n<div class=\"wp-block-buttons is-content-justification-center is-layout-flex wp-block-buttons-is-layout-flex\">\n<div class=\"wp-block-button is-style-outline is-style-outline--1\"><a class=\"wp-block-button__link has-blue-color has-light-gray-background-color has-text-color has-background\" href=\"#\">Retour au haut de page<\/a><\/div>\n<\/div>\n\n\n\n<p><\/p>\n","protected":false},"excerpt":{"rendered":"<p>Quelques images du vernissage de notre salon 2024 L&rsquo;intervention de Dimitri Sokolowski adjoint \u00e0 la culture de la ville de Montigny-l\u00e8s-Metz La pr\u00e9sentation du salon et de l&rsquo;association par Catherine Vistorky membre du Comit\u00e9 de l&rsquo;association Art&rsquo;Mu L&rsquo;allocution de Jean-Luc Bohl, maire de Montigny l\u00e8s Metz Le public (second clich\u00e9 par Yves Geraud) La remise [&hellip;]<\/p>\n","protected":false},"author":3,"featured_media":0,"parent":5846,"menu_order":4,"comment_status":"closed","ping_status":"closed","template":"","meta":{"footnotes":""},"class_list":["post-5873","page","type-page","status-publish","hentry"],"_links":{"self":[{"href":"https:\/\/art-mu.fr\/index.php?rest_route=\/wp\/v2\/pages\/5873","targetHints":{"allow":["GET"]}}],"collection":[{"href":"https:\/\/art-mu.fr\/index.php?rest_route=\/wp\/v2\/pages"}],"about":[{"href":"https:\/\/art-mu.fr\/index.php?rest_route=\/wp\/v2\/types\/page"}],"author":[{"embeddable":true,"href":"https:\/\/art-mu.fr\/index.php?rest_route=\/wp\/v2\/users\/3"}],"replies":[{"embeddable":true,"href":"https:\/\/art-mu.fr\/index.php?rest_route=%2Fwp%2Fv2%2Fcomments&post=5873"}],"version-history":[{"count":3,"href":"https:\/\/art-mu.fr\/index.php?rest_route=\/wp\/v2\/pages\/5873\/revisions"}],"predecessor-version":[{"id":5910,"href":"https:\/\/art-mu.fr\/index.php?rest_route=\/wp\/v2\/pages\/5873\/revisions\/5910"}],"up":[{"embeddable":true,"href":"https:\/\/art-mu.fr\/index.php?rest_route=\/wp\/v2\/pages\/5846"}],"wp:attachment":[{"href":"https:\/\/art-mu.fr\/index.php?rest_route=%2Fwp%2Fv2%2Fmedia&parent=5873"}],"curies":[{"name":"wp","href":"https:\/\/api.w.org\/{rel}","templated":true}]}}