{"id":5861,"date":"2024-10-01T12:01:57","date_gmt":"2024-10-01T10:01:57","guid":{"rendered":"https:\/\/art-mu.fr\/?page_id=5861"},"modified":"2024-10-15T19:30:12","modified_gmt":"2024-10-15T17:30:12","slug":"salon-2024-palmares","status":"publish","type":"page","link":"https:\/\/art-mu.fr\/?page_id=5861","title":{"rendered":"Salon 2024, Palmar\u00e8s"},"content":{"rendered":"\n<p>Voici le palmar\u00e8s de <a href=\"https:\/\/art-mu.fr\/?page_id=5846\" data-type=\"page\" data-id=\"5846\">notre salon biennal<\/a> 2024 \u00ab\u00a0L&rsquo;art mue\u00a0\u00bb<\/p>\n\n\n\n<p id=\"serre\"><strong>Grand prix<\/strong><\/p>\n\n\n\n<p>\u00ab\u00a0Impression carton\u00a0\u00bb de Philippe Serre <em>(malheureusement emp\u00each\u00e9 lors du vernissage, photo prise par Anne-Marie Brion lors du <a href=\"https:\/\/art-mu.fr\/?page_id=6004\" data-type=\"page\" data-id=\"6004\">finissage<\/a>)<\/em><\/p>\n\n\n\n<figure class=\"wp-block-image size-full\"><img fetchpriority=\"high\" decoding=\"async\" width=\"667\" height=\"1000\" src=\"https:\/\/art-mu.fr\/wp-content\/uploads\/2024\/09\/Loeuvre-grand-prix-de-Philippe-Serre-reduit.jpg\" alt=\"\" class=\"wp-image-5838\" srcset=\"https:\/\/art-mu.fr\/wp-content\/uploads\/2024\/09\/Loeuvre-grand-prix-de-Philippe-Serre-reduit.jpg 667w, https:\/\/art-mu.fr\/wp-content\/uploads\/2024\/09\/Loeuvre-grand-prix-de-Philippe-Serre-reduit-200x300.jpg 200w\" sizes=\"(max-width: 667px) 100vw, 667px\" \/><\/figure>\n\n\n\n<figure class=\"wp-block-image size-full\"><img decoding=\"async\" width=\"648\" height=\"973\" src=\"https:\/\/art-mu.fr\/wp-content\/uploads\/2024\/10\/ph_serre.jpeg\" alt=\"\" class=\"wp-image-6510\" srcset=\"https:\/\/art-mu.fr\/wp-content\/uploads\/2024\/10\/ph_serre.jpeg 648w, https:\/\/art-mu.fr\/wp-content\/uploads\/2024\/10\/ph_serre-200x300.jpeg 200w\" sizes=\"(max-width: 648px) 100vw, 648px\" \/><\/figure>\n\n\n\n<p id=\"vistorky\"><strong>1er prix<\/strong><\/p>\n\n\n\n<p>\u00ab&nbsp;Mise en bo\u00eetes&nbsp;\u00bb de Catherine Vistorky<\/p>\n\n\n\n<figure class=\"wp-block-image size-full\"><img decoding=\"async\" width=\"666\" height=\"1000\" src=\"https:\/\/art-mu.fr\/wp-content\/uploads\/2024\/10\/s_JLM_93709.jpg\" alt=\"\" class=\"wp-image-5862\" srcset=\"https:\/\/art-mu.fr\/wp-content\/uploads\/2024\/10\/s_JLM_93709.jpg 666w, https:\/\/art-mu.fr\/wp-content\/uploads\/2024\/10\/s_JLM_93709-200x300.jpg 200w\" sizes=\"(max-width: 666px) 100vw, 666px\" \/><\/figure>\n\n\n\n<p id=\"pons\"><strong>2\u00e8me prix<\/strong><\/p>\n\n\n\n<p>\u00ab&nbsp;Tonnerre de Brest&nbsp;\u00bb d\u2019Isabelle Pons<\/p>\n\n\n\n<figure class=\"wp-block-image size-full\"><img loading=\"lazy\" decoding=\"async\" width=\"666\" height=\"1000\" src=\"https:\/\/art-mu.fr\/wp-content\/uploads\/2024\/10\/s_JLM_93878.jpg\" alt=\"\" class=\"wp-image-5863\" srcset=\"https:\/\/art-mu.fr\/wp-content\/uploads\/2024\/10\/s_JLM_93878.jpg 666w, https:\/\/art-mu.fr\/wp-content\/uploads\/2024\/10\/s_JLM_93878-200x300.jpg 200w\" sizes=\"(max-width: 666px) 100vw, 666px\" \/><\/figure>\n\n\n\n<p id=\"demonchy\"><strong>Prix du Cr\u00e9dit Mutuel<\/strong><\/p>\n\n\n\n<p>\u00ab&nbsp;Surge et Ambula&nbsp;\u00bb de Christiane Demonchy<\/p>\n\n\n\n<figure class=\"wp-block-image size-full\"><img loading=\"lazy\" decoding=\"async\" width=\"666\" height=\"1000\" src=\"https:\/\/art-mu.fr\/wp-content\/uploads\/2024\/10\/s_JLM_93717.jpg\" alt=\"\" class=\"wp-image-5865\" srcset=\"https:\/\/art-mu.fr\/wp-content\/uploads\/2024\/10\/s_JLM_93717.jpg 666w, https:\/\/art-mu.fr\/wp-content\/uploads\/2024\/10\/s_JLM_93717-200x300.jpg 200w\" sizes=\"(max-width: 666px) 100vw, 666px\" \/><\/figure>\n\n\n\n<p id=\"braster\"><strong>Prix sp\u00e9cial du jury<\/strong><\/p>\n\n\n\n<p>\u00ab&nbsp;Gloria&nbsp;\u00bb de Marit\u00e9 Braster<\/p>\n\n\n\n<figure class=\"wp-block-image size-full\"><img loading=\"lazy\" decoding=\"async\" width=\"1000\" height=\"666\" src=\"https:\/\/art-mu.fr\/wp-content\/uploads\/2024\/10\/s_JLM_93706.jpg\" alt=\"\" class=\"wp-image-5867\" srcset=\"https:\/\/art-mu.fr\/wp-content\/uploads\/2024\/10\/s_JLM_93706.jpg 1000w, https:\/\/art-mu.fr\/wp-content\/uploads\/2024\/10\/s_JLM_93706-300x200.jpg 300w, https:\/\/art-mu.fr\/wp-content\/uploads\/2024\/10\/s_JLM_93706-768x511.jpg 768w\" sizes=\"(max-width: 1000px) 100vw, 1000px\" \/><\/figure>\n\n\n\n<p id=\"perry\"><strong>Oeuvres remarqu\u00e9es :<\/strong><\/p>\n\n\n\n<p>\u00ab&nbsp;Guitare bris\u00e9e&nbsp;\u00bb par Claudine Perry<\/p>\n\n\n\n<figure class=\"wp-block-image size-full\"><img loading=\"lazy\" decoding=\"async\" width=\"1000\" height=\"666\" src=\"https:\/\/art-mu.fr\/wp-content\/uploads\/2024\/10\/s_JLM_93703.jpg\" alt=\"\" class=\"wp-image-5866\" srcset=\"https:\/\/art-mu.fr\/wp-content\/uploads\/2024\/10\/s_JLM_93703.jpg 1000w, https:\/\/art-mu.fr\/wp-content\/uploads\/2024\/10\/s_JLM_93703-300x200.jpg 300w, https:\/\/art-mu.fr\/wp-content\/uploads\/2024\/10\/s_JLM_93703-768x511.jpg 768w\" sizes=\"(max-width: 1000px) 100vw, 1000px\" \/><\/figure>\n\n\n\n<p id=\"bonnet\">\u00ab&nbsp;La bataille de Montmartre&nbsp;\u00bb par Erik Bonnet<\/p>\n\n\n\n<figure class=\"wp-block-image size-full\"><img loading=\"lazy\" decoding=\"async\" width=\"1000\" height=\"666\" src=\"https:\/\/art-mu.fr\/wp-content\/uploads\/2024\/10\/s_JLM_93714.jpg\" alt=\"\" class=\"wp-image-5864\" srcset=\"https:\/\/art-mu.fr\/wp-content\/uploads\/2024\/10\/s_JLM_93714.jpg 1000w, https:\/\/art-mu.fr\/wp-content\/uploads\/2024\/10\/s_JLM_93714-300x200.jpg 300w, https:\/\/art-mu.fr\/wp-content\/uploads\/2024\/10\/s_JLM_93714-768x511.jpg 768w\" sizes=\"(max-width: 1000px) 100vw, 1000px\" \/><\/figure>\n\n\n\n<p id=\"cekeltri\">\u00ab&nbsp;Les gardiens de la for\u00eat&nbsp;\u00bb de l\u2019association Cekeltri<\/p>\n\n\n\n<figure class=\"wp-block-gallery has-nested-images columns-1 wp-block-gallery-1 is-layout-flex wp-block-gallery-is-layout-flex\">\n<figure class=\"wp-block-image size-large\"><img loading=\"lazy\" decoding=\"async\" width=\"666\" height=\"1000\" data-id=\"5869\" src=\"https:\/\/art-mu.fr\/wp-content\/uploads\/2024\/10\/s_JLM_93711.jpg\" alt=\"\" class=\"wp-image-5869\" srcset=\"https:\/\/art-mu.fr\/wp-content\/uploads\/2024\/10\/s_JLM_93711.jpg 666w, https:\/\/art-mu.fr\/wp-content\/uploads\/2024\/10\/s_JLM_93711-200x300.jpg 200w\" sizes=\"(max-width: 666px) 100vw, 666px\" \/><\/figure>\n\n\n\n<figure class=\"wp-block-image size-large\"><img loading=\"lazy\" decoding=\"async\" width=\"1000\" height=\"666\" data-id=\"5868\" src=\"https:\/\/art-mu.fr\/wp-content\/uploads\/2024\/10\/s_JLM_93857.jpg\" alt=\"\" class=\"wp-image-5868\" srcset=\"https:\/\/art-mu.fr\/wp-content\/uploads\/2024\/10\/s_JLM_93857.jpg 1000w, https:\/\/art-mu.fr\/wp-content\/uploads\/2024\/10\/s_JLM_93857-300x200.jpg 300w, https:\/\/art-mu.fr\/wp-content\/uploads\/2024\/10\/s_JLM_93857-768x511.jpg 768w\" sizes=\"(max-width: 1000px) 100vw, 1000px\" \/><\/figure>\n<\/figure>\n\n\n\n<p id=\"metais\">\u00ab&nbsp;Racine Africa&nbsp;\u00bb de Dominique M\u00e9tais <em>(malheureusement emp\u00each\u00e9 lors du vernissage)<\/em><\/p>\n\n\n\n<figure class=\"wp-block-image size-full\"><img loading=\"lazy\" decoding=\"async\" width=\"667\" height=\"1000\" src=\"https:\/\/art-mu.fr\/wp-content\/uploads\/2024\/10\/s_JLM_93781.jpg\" alt=\"\" class=\"wp-image-5870\" srcset=\"https:\/\/art-mu.fr\/wp-content\/uploads\/2024\/10\/s_JLM_93781.jpg 667w, https:\/\/art-mu.fr\/wp-content\/uploads\/2024\/10\/s_JLM_93781-200x300.jpg 200w\" sizes=\"(max-width: 667px) 100vw, 667px\" \/><\/figure>\n\n\n\n<p id=\"karbovnik\">\u00ab&nbsp;Cartonautes&nbsp;\u00bb de Marie-Jo Karbovnik<\/p>\n\n\n\n<figure class=\"wp-block-image size-full\"><img loading=\"lazy\" decoding=\"async\" width=\"666\" height=\"1000\" src=\"https:\/\/art-mu.fr\/wp-content\/uploads\/2024\/10\/s_JLM_93721.jpg\" alt=\"\" class=\"wp-image-5871\" srcset=\"https:\/\/art-mu.fr\/wp-content\/uploads\/2024\/10\/s_JLM_93721.jpg 666w, https:\/\/art-mu.fr\/wp-content\/uploads\/2024\/10\/s_JLM_93721-200x300.jpg 200w\" sizes=\"(max-width: 666px) 100vw, 666px\" \/><\/figure>\n\n\n\n<p class=\"has-text-align-right\"><strong><a href=\"https:\/\/art-mu.fr\/?page_id=6021\" data-type=\"page\" data-id=\"6021\">Visite du salon de l&rsquo;ordre des salles &#8211;&gt;<\/a><\/strong><\/p>\n\n\n\n<div class=\"wp-block-buttons is-content-justification-center is-layout-flex wp-block-buttons-is-layout-flex\">\n<div class=\"wp-block-button is-style-outline is-style-outline--2\"><a class=\"wp-block-button__link has-blue-color has-light-gray-background-color has-text-color has-background\" href=\"#\">Retour au haut de page<\/a><\/div>\n<\/div>\n\n\n\n<p><\/p>\n\n\n\n<p><\/p>\n\n\n\n<p><\/p>\n","protected":false},"excerpt":{"rendered":"<p>Voici le palmar\u00e8s de notre salon biennal 2024 \u00ab\u00a0L&rsquo;art mue\u00a0\u00bb Grand prix \u00ab\u00a0Impression carton\u00a0\u00bb de Philippe Serre (malheureusement emp\u00each\u00e9 lors du vernissage, photo prise par Anne-Marie Brion lors du finissage) 1er prix \u00ab&nbsp;Mise en bo\u00eetes&nbsp;\u00bb de Catherine Vistorky 2\u00e8me prix \u00ab&nbsp;Tonnerre de Brest&nbsp;\u00bb d\u2019Isabelle Pons Prix du Cr\u00e9dit Mutuel \u00ab&nbsp;Surge et Ambula&nbsp;\u00bb de Christiane Demonchy [&hellip;]<\/p>\n","protected":false},"author":3,"featured_media":0,"parent":5846,"menu_order":4,"comment_status":"closed","ping_status":"closed","template":"","meta":{"footnotes":""},"class_list":["post-5861","page","type-page","status-publish","hentry"],"_links":{"self":[{"href":"https:\/\/art-mu.fr\/index.php?rest_route=\/wp\/v2\/pages\/5861","targetHints":{"allow":["GET"]}}],"collection":[{"href":"https:\/\/art-mu.fr\/index.php?rest_route=\/wp\/v2\/pages"}],"about":[{"href":"https:\/\/art-mu.fr\/index.php?rest_route=\/wp\/v2\/types\/page"}],"author":[{"embeddable":true,"href":"https:\/\/art-mu.fr\/index.php?rest_route=\/wp\/v2\/users\/3"}],"replies":[{"embeddable":true,"href":"https:\/\/art-mu.fr\/index.php?rest_route=%2Fwp%2Fv2%2Fcomments&post=5861"}],"version-history":[{"count":5,"href":"https:\/\/art-mu.fr\/index.php?rest_route=\/wp\/v2\/pages\/5861\/revisions"}],"predecessor-version":[{"id":6514,"href":"https:\/\/art-mu.fr\/index.php?rest_route=\/wp\/v2\/pages\/5861\/revisions\/6514"}],"up":[{"embeddable":true,"href":"https:\/\/art-mu.fr\/index.php?rest_route=\/wp\/v2\/pages\/5846"}],"wp:attachment":[{"href":"https:\/\/art-mu.fr\/index.php?rest_route=%2Fwp%2Fv2%2Fmedia&parent=5861"}],"curies":[{"name":"wp","href":"https:\/\/api.w.org\/{rel}","templated":true}]}}