{"id":586,"date":"2021-08-14T12:25:00","date_gmt":"2021-08-14T10:25:00","guid":{"rendered":"https:\/\/art-mu.fr\/?page_id=586"},"modified":"2021-08-18T10:30:24","modified_gmt":"2021-08-18T08:30:24","slug":"atelier-de-la-trace-a-lettre-juin-2021","status":"publish","type":"page","link":"https:\/\/art-mu.fr\/?page_id=586","title":{"rendered":"Cours De la trace \u00e0 lettre juin 2021"},"content":{"rendered":"\n<p>3 \u00e8me et dernier cours de ce cycle \u00ab\u00a0<a href=\"https:\/\/art-mu.fr\/?page_id=84\" data-type=\"page\" data-id=\"84\">De la trace \u00e0 la lettre<\/a>\u00a0\u00bb du second trimestre 2021, toujours en visio pour raisons sanitaires. R\u00e9alisation de mini livres \u00e0 offrir\u2026<\/p>\n\n\n\n<p>L\u2019animatrice et sa cobaye\u2026.<\/p>\n\n\n\n<figure class=\"wp-block-gallery columns-2 wp-block-gallery-1 is-layout-flex wp-block-gallery-is-layout-flex\"><ul class=\"blocks-gallery-grid\"><li class=\"blocks-gallery-item\"><figure><a href=\"https:\/\/art-mu.fr\/wp-content\/uploads\/2021\/08\/2021_06_Trace_07.jpg\"><img fetchpriority=\"high\" decoding=\"async\" width=\"673\" height=\"1000\" src=\"https:\/\/art-mu.fr\/wp-content\/uploads\/2021\/08\/2021_06_Trace_07.jpg\" alt=\"\" data-id=\"569\" data-full-url=\"https:\/\/art-mu.fr\/wp-content\/uploads\/2021\/08\/2021_06_Trace_07.jpg\" data-link=\"https:\/\/art-mu.fr\/?attachment_id=569\" class=\"wp-image-569\" srcset=\"https:\/\/art-mu.fr\/wp-content\/uploads\/2021\/08\/2021_06_Trace_07.jpg 673w, https:\/\/art-mu.fr\/wp-content\/uploads\/2021\/08\/2021_06_Trace_07-202x300.jpg 202w\" sizes=\"(max-width: 673px) 100vw, 673px\" \/><\/a><\/figure><\/li><li class=\"blocks-gallery-item\"><figure><a href=\"https:\/\/art-mu.fr\/wp-content\/uploads\/2021\/08\/2021_06_Trace_01.jpg\"><img decoding=\"async\" width=\"667\" height=\"1000\" src=\"https:\/\/art-mu.fr\/wp-content\/uploads\/2021\/08\/2021_06_Trace_01.jpg\" alt=\"\" data-id=\"564\" data-full-url=\"https:\/\/art-mu.fr\/wp-content\/uploads\/2021\/08\/2021_06_Trace_01.jpg\" data-link=\"https:\/\/art-mu.fr\/?attachment_id=564\" class=\"wp-image-564\" srcset=\"https:\/\/art-mu.fr\/wp-content\/uploads\/2021\/08\/2021_06_Trace_01.jpg 667w, https:\/\/art-mu.fr\/wp-content\/uploads\/2021\/08\/2021_06_Trace_01-200x300.jpg 200w\" sizes=\"(max-width: 667px) 100vw, 667px\" \/><\/a><\/figure><\/li><li class=\"blocks-gallery-item\"><figure><a href=\"https:\/\/art-mu.fr\/wp-content\/uploads\/2021\/08\/2021_06_Trace_02.jpg\"><img decoding=\"async\" width=\"1000\" height=\"738\" src=\"https:\/\/art-mu.fr\/wp-content\/uploads\/2021\/08\/2021_06_Trace_02.jpg\" alt=\"\" data-id=\"565\" data-full-url=\"https:\/\/art-mu.fr\/wp-content\/uploads\/2021\/08\/2021_06_Trace_02.jpg\" data-link=\"https:\/\/art-mu.fr\/?attachment_id=565\" class=\"wp-image-565\" srcset=\"https:\/\/art-mu.fr\/wp-content\/uploads\/2021\/08\/2021_06_Trace_02.jpg 1000w, https:\/\/art-mu.fr\/wp-content\/uploads\/2021\/08\/2021_06_Trace_02-300x221.jpg 300w, https:\/\/art-mu.fr\/wp-content\/uploads\/2021\/08\/2021_06_Trace_02-768x567.jpg 768w\" sizes=\"(max-width: 1000px) 100vw, 1000px\" \/><\/a><\/figure><\/li><li class=\"blocks-gallery-item\"><figure><a href=\"https:\/\/art-mu.fr\/wp-content\/uploads\/2021\/08\/2021_06_Trace_03.jpg\"><img loading=\"lazy\" decoding=\"async\" width=\"692\" height=\"1000\" src=\"https:\/\/art-mu.fr\/wp-content\/uploads\/2021\/08\/2021_06_Trace_03.jpg\" alt=\"\" data-id=\"566\" data-full-url=\"https:\/\/art-mu.fr\/wp-content\/uploads\/2021\/08\/2021_06_Trace_03.jpg\" data-link=\"https:\/\/art-mu.fr\/?attachment_id=566\" class=\"wp-image-566\" srcset=\"https:\/\/art-mu.fr\/wp-content\/uploads\/2021\/08\/2021_06_Trace_03.jpg 692w, https:\/\/art-mu.fr\/wp-content\/uploads\/2021\/08\/2021_06_Trace_03-208x300.jpg 208w\" sizes=\"(max-width: 692px) 100vw, 692px\" \/><\/a><\/figure><\/li><li class=\"blocks-gallery-item\"><figure><a href=\"https:\/\/art-mu.fr\/wp-content\/uploads\/2021\/08\/2021_06_Trace_04.jpg\"><img loading=\"lazy\" decoding=\"async\" width=\"734\" height=\"1000\" src=\"https:\/\/art-mu.fr\/wp-content\/uploads\/2021\/08\/2021_06_Trace_04.jpg\" alt=\"\" data-id=\"567\" data-full-url=\"https:\/\/art-mu.fr\/wp-content\/uploads\/2021\/08\/2021_06_Trace_04.jpg\" data-link=\"https:\/\/art-mu.fr\/?attachment_id=567\" class=\"wp-image-567\" srcset=\"https:\/\/art-mu.fr\/wp-content\/uploads\/2021\/08\/2021_06_Trace_04.jpg 734w, https:\/\/art-mu.fr\/wp-content\/uploads\/2021\/08\/2021_06_Trace_04-220x300.jpg 220w\" sizes=\"(max-width: 734px) 100vw, 734px\" \/><\/a><\/figure><\/li><li class=\"blocks-gallery-item\"><figure><a href=\"https:\/\/art-mu.fr\/wp-content\/uploads\/2021\/08\/2021_06_Trace_05.jpg\"><img loading=\"lazy\" decoding=\"async\" width=\"700\" height=\"1000\" src=\"https:\/\/art-mu.fr\/wp-content\/uploads\/2021\/08\/2021_06_Trace_05.jpg\" alt=\"\" data-id=\"568\" data-full-url=\"https:\/\/art-mu.fr\/wp-content\/uploads\/2021\/08\/2021_06_Trace_05.jpg\" data-link=\"https:\/\/art-mu.fr\/?attachment_id=568\" class=\"wp-image-568\" srcset=\"https:\/\/art-mu.fr\/wp-content\/uploads\/2021\/08\/2021_06_Trace_05.jpg 700w, https:\/\/art-mu.fr\/wp-content\/uploads\/2021\/08\/2021_06_Trace_05-210x300.jpg 210w\" sizes=\"(max-width: 700px) 100vw, 700px\" \/><\/a><\/figure><\/li><\/ul><\/figure>\n\n\n\n<p>Les mod\u00e8les r\u00e9alis\u00e9s par Catherine et utilis\u00e9s durant cette s\u00e9ance :<\/p>\n\n\n\n<figure class=\"wp-block-gallery columns-2 wp-block-gallery-2 is-layout-flex wp-block-gallery-is-layout-flex\"><ul class=\"blocks-gallery-grid\"><li class=\"blocks-gallery-item\"><figure><a href=\"https:\/\/art-mu.fr\/wp-content\/uploads\/2021\/08\/2021_06_Trace_10.jpg\"><img loading=\"lazy\" decoding=\"async\" width=\"1000\" height=\"731\" src=\"https:\/\/art-mu.fr\/wp-content\/uploads\/2021\/08\/2021_06_Trace_10.jpg\" alt=\"\" data-id=\"570\" data-full-url=\"https:\/\/art-mu.fr\/wp-content\/uploads\/2021\/08\/2021_06_Trace_10.jpg\" data-link=\"https:\/\/art-mu.fr\/?attachment_id=570\" class=\"wp-image-570\" srcset=\"https:\/\/art-mu.fr\/wp-content\/uploads\/2021\/08\/2021_06_Trace_10.jpg 1000w, https:\/\/art-mu.fr\/wp-content\/uploads\/2021\/08\/2021_06_Trace_10-300x219.jpg 300w, https:\/\/art-mu.fr\/wp-content\/uploads\/2021\/08\/2021_06_Trace_10-768x561.jpg 768w\" sizes=\"(max-width: 1000px) 100vw, 1000px\" \/><\/a><\/figure><\/li><li class=\"blocks-gallery-item\"><figure><a href=\"https:\/\/art-mu.fr\/wp-content\/uploads\/2021\/08\/2021_06_Trace_11.jpg\"><img loading=\"lazy\" decoding=\"async\" width=\"1000\" height=\"760\" src=\"https:\/\/art-mu.fr\/wp-content\/uploads\/2021\/08\/2021_06_Trace_11.jpg\" alt=\"\" data-id=\"571\" data-full-url=\"https:\/\/art-mu.fr\/wp-content\/uploads\/2021\/08\/2021_06_Trace_11.jpg\" data-link=\"https:\/\/art-mu.fr\/?attachment_id=571\" class=\"wp-image-571\" srcset=\"https:\/\/art-mu.fr\/wp-content\/uploads\/2021\/08\/2021_06_Trace_11.jpg 1000w, https:\/\/art-mu.fr\/wp-content\/uploads\/2021\/08\/2021_06_Trace_11-300x228.jpg 300w, https:\/\/art-mu.fr\/wp-content\/uploads\/2021\/08\/2021_06_Trace_11-768x584.jpg 768w\" sizes=\"(max-width: 1000px) 100vw, 1000px\" \/><\/a><\/figure><\/li><li class=\"blocks-gallery-item\"><figure><a href=\"https:\/\/art-mu.fr\/wp-content\/uploads\/2021\/08\/2021_06_Trace_12.jpg\"><img loading=\"lazy\" decoding=\"async\" width=\"1000\" height=\"698\" src=\"https:\/\/art-mu.fr\/wp-content\/uploads\/2021\/08\/2021_06_Trace_12.jpg\" alt=\"\" data-id=\"572\" data-full-url=\"https:\/\/art-mu.fr\/wp-content\/uploads\/2021\/08\/2021_06_Trace_12.jpg\" data-link=\"https:\/\/art-mu.fr\/?attachment_id=572\" class=\"wp-image-572\" srcset=\"https:\/\/art-mu.fr\/wp-content\/uploads\/2021\/08\/2021_06_Trace_12.jpg 1000w, https:\/\/art-mu.fr\/wp-content\/uploads\/2021\/08\/2021_06_Trace_12-300x209.jpg 300w, https:\/\/art-mu.fr\/wp-content\/uploads\/2021\/08\/2021_06_Trace_12-768x536.jpg 768w\" sizes=\"(max-width: 1000px) 100vw, 1000px\" \/><\/a><\/figure><\/li><li class=\"blocks-gallery-item\"><figure><a href=\"https:\/\/art-mu.fr\/wp-content\/uploads\/2021\/08\/2021_06_Trace_20.jpg\"><img loading=\"lazy\" decoding=\"async\" width=\"1000\" height=\"724\" src=\"https:\/\/art-mu.fr\/wp-content\/uploads\/2021\/08\/2021_06_Trace_20.jpg\" alt=\"\" data-id=\"573\" data-full-url=\"https:\/\/art-mu.fr\/wp-content\/uploads\/2021\/08\/2021_06_Trace_20.jpg\" data-link=\"https:\/\/art-mu.fr\/?attachment_id=573\" class=\"wp-image-573\" srcset=\"https:\/\/art-mu.fr\/wp-content\/uploads\/2021\/08\/2021_06_Trace_20.jpg 1000w, https:\/\/art-mu.fr\/wp-content\/uploads\/2021\/08\/2021_06_Trace_20-300x217.jpg 300w, https:\/\/art-mu.fr\/wp-content\/uploads\/2021\/08\/2021_06_Trace_20-768x556.jpg 768w\" sizes=\"(max-width: 1000px) 100vw, 1000px\" \/><\/a><\/figure><\/li><li class=\"blocks-gallery-item\"><figure><a href=\"https:\/\/art-mu.fr\/wp-content\/uploads\/2021\/08\/2021_06_Trace_21.jpg\"><img loading=\"lazy\" decoding=\"async\" width=\"1000\" height=\"668\" src=\"https:\/\/art-mu.fr\/wp-content\/uploads\/2021\/08\/2021_06_Trace_21.jpg\" alt=\"\" data-id=\"574\" data-full-url=\"https:\/\/art-mu.fr\/wp-content\/uploads\/2021\/08\/2021_06_Trace_21.jpg\" data-link=\"https:\/\/art-mu.fr\/?attachment_id=574\" class=\"wp-image-574\" srcset=\"https:\/\/art-mu.fr\/wp-content\/uploads\/2021\/08\/2021_06_Trace_21.jpg 1000w, https:\/\/art-mu.fr\/wp-content\/uploads\/2021\/08\/2021_06_Trace_21-300x200.jpg 300w, https:\/\/art-mu.fr\/wp-content\/uploads\/2021\/08\/2021_06_Trace_21-768x513.jpg 768w\" sizes=\"(max-width: 1000px) 100vw, 1000px\" \/><\/a><\/figure><\/li><li class=\"blocks-gallery-item\"><figure><a href=\"https:\/\/art-mu.fr\/wp-content\/uploads\/2021\/08\/2021_06_Trace_22.jpg\"><img loading=\"lazy\" decoding=\"async\" width=\"1000\" height=\"709\" src=\"https:\/\/art-mu.fr\/wp-content\/uploads\/2021\/08\/2021_06_Trace_22.jpg\" alt=\"\" data-id=\"575\" data-full-url=\"https:\/\/art-mu.fr\/wp-content\/uploads\/2021\/08\/2021_06_Trace_22.jpg\" data-link=\"https:\/\/art-mu.fr\/?attachment_id=575\" class=\"wp-image-575\" srcset=\"https:\/\/art-mu.fr\/wp-content\/uploads\/2021\/08\/2021_06_Trace_22.jpg 1000w, https:\/\/art-mu.fr\/wp-content\/uploads\/2021\/08\/2021_06_Trace_22-300x213.jpg 300w, https:\/\/art-mu.fr\/wp-content\/uploads\/2021\/08\/2021_06_Trace_22-768x545.jpg 768w\" sizes=\"(max-width: 1000px) 100vw, 1000px\" \/><\/a><\/figure><\/li><li class=\"blocks-gallery-item\"><figure><a href=\"https:\/\/art-mu.fr\/wp-content\/uploads\/2021\/08\/2021_06_Trace_30.jpg\"><img loading=\"lazy\" decoding=\"async\" width=\"1000\" height=\"719\" src=\"https:\/\/art-mu.fr\/wp-content\/uploads\/2021\/08\/2021_06_Trace_30.jpg\" alt=\"\" data-id=\"576\" data-full-url=\"https:\/\/art-mu.fr\/wp-content\/uploads\/2021\/08\/2021_06_Trace_30.jpg\" data-link=\"https:\/\/art-mu.fr\/?attachment_id=576\" class=\"wp-image-576\" srcset=\"https:\/\/art-mu.fr\/wp-content\/uploads\/2021\/08\/2021_06_Trace_30.jpg 1000w, https:\/\/art-mu.fr\/wp-content\/uploads\/2021\/08\/2021_06_Trace_30-300x216.jpg 300w, https:\/\/art-mu.fr\/wp-content\/uploads\/2021\/08\/2021_06_Trace_30-768x552.jpg 768w\" sizes=\"(max-width: 1000px) 100vw, 1000px\" \/><\/a><\/figure><\/li><li class=\"blocks-gallery-item\"><figure><a href=\"https:\/\/art-mu.fr\/wp-content\/uploads\/2021\/08\/2021_06_Trace_31.jpg\"><img loading=\"lazy\" decoding=\"async\" width=\"1000\" height=\"675\" src=\"https:\/\/art-mu.fr\/wp-content\/uploads\/2021\/08\/2021_06_Trace_31.jpg\" alt=\"\" data-id=\"577\" data-full-url=\"https:\/\/art-mu.fr\/wp-content\/uploads\/2021\/08\/2021_06_Trace_31.jpg\" data-link=\"https:\/\/art-mu.fr\/?attachment_id=577\" class=\"wp-image-577\" srcset=\"https:\/\/art-mu.fr\/wp-content\/uploads\/2021\/08\/2021_06_Trace_31.jpg 1000w, https:\/\/art-mu.fr\/wp-content\/uploads\/2021\/08\/2021_06_Trace_31-300x203.jpg 300w, https:\/\/art-mu.fr\/wp-content\/uploads\/2021\/08\/2021_06_Trace_31-768x518.jpg 768w\" sizes=\"(max-width: 1000px) 100vw, 1000px\" \/><\/a><\/figure><\/li><li class=\"blocks-gallery-item\"><figure><a href=\"https:\/\/art-mu.fr\/wp-content\/uploads\/2021\/08\/2021_06_Trace_32.jpg\"><img loading=\"lazy\" decoding=\"async\" width=\"1000\" height=\"660\" src=\"https:\/\/art-mu.fr\/wp-content\/uploads\/2021\/08\/2021_06_Trace_32.jpg\" alt=\"\" data-id=\"578\" data-full-url=\"https:\/\/art-mu.fr\/wp-content\/uploads\/2021\/08\/2021_06_Trace_32.jpg\" data-link=\"https:\/\/art-mu.fr\/?attachment_id=578\" class=\"wp-image-578\" srcset=\"https:\/\/art-mu.fr\/wp-content\/uploads\/2021\/08\/2021_06_Trace_32.jpg 1000w, https:\/\/art-mu.fr\/wp-content\/uploads\/2021\/08\/2021_06_Trace_32-300x198.jpg 300w, https:\/\/art-mu.fr\/wp-content\/uploads\/2021\/08\/2021_06_Trace_32-768x507.jpg 768w\" sizes=\"(max-width: 1000px) 100vw, 1000px\" \/><\/a><\/figure><\/li><li class=\"blocks-gallery-item\"><figure><a href=\"https:\/\/art-mu.fr\/wp-content\/uploads\/2021\/08\/2021_06_Trace_40.jpg\"><img loading=\"lazy\" decoding=\"async\" width=\"1000\" height=\"731\" src=\"https:\/\/art-mu.fr\/wp-content\/uploads\/2021\/08\/2021_06_Trace_40.jpg\" alt=\"\" data-id=\"579\" data-full-url=\"https:\/\/art-mu.fr\/wp-content\/uploads\/2021\/08\/2021_06_Trace_40.jpg\" data-link=\"https:\/\/art-mu.fr\/?attachment_id=579\" class=\"wp-image-579\" srcset=\"https:\/\/art-mu.fr\/wp-content\/uploads\/2021\/08\/2021_06_Trace_40.jpg 1000w, https:\/\/art-mu.fr\/wp-content\/uploads\/2021\/08\/2021_06_Trace_40-300x219.jpg 300w, https:\/\/art-mu.fr\/wp-content\/uploads\/2021\/08\/2021_06_Trace_40-768x561.jpg 768w\" sizes=\"(max-width: 1000px) 100vw, 1000px\" \/><\/a><\/figure><\/li><li class=\"blocks-gallery-item\"><figure><a href=\"https:\/\/art-mu.fr\/wp-content\/uploads\/2021\/08\/2021_06_Trace_41.jpg\"><img loading=\"lazy\" decoding=\"async\" width=\"1000\" height=\"670\" src=\"https:\/\/art-mu.fr\/wp-content\/uploads\/2021\/08\/2021_06_Trace_41.jpg\" alt=\"\" data-id=\"580\" data-full-url=\"https:\/\/art-mu.fr\/wp-content\/uploads\/2021\/08\/2021_06_Trace_41.jpg\" data-link=\"https:\/\/art-mu.fr\/?attachment_id=580\" class=\"wp-image-580\" srcset=\"https:\/\/art-mu.fr\/wp-content\/uploads\/2021\/08\/2021_06_Trace_41.jpg 1000w, https:\/\/art-mu.fr\/wp-content\/uploads\/2021\/08\/2021_06_Trace_41-300x201.jpg 300w, https:\/\/art-mu.fr\/wp-content\/uploads\/2021\/08\/2021_06_Trace_41-768x515.jpg 768w\" sizes=\"(max-width: 1000px) 100vw, 1000px\" \/><\/a><\/figure><\/li><li class=\"blocks-gallery-item\"><figure><a href=\"https:\/\/art-mu.fr\/wp-content\/uploads\/2021\/08\/2021_06_Trace_42.jpg\"><img loading=\"lazy\" decoding=\"async\" width=\"1000\" height=\"647\" src=\"https:\/\/art-mu.fr\/wp-content\/uploads\/2021\/08\/2021_06_Trace_42.jpg\" alt=\"\" data-id=\"581\" data-full-url=\"https:\/\/art-mu.fr\/wp-content\/uploads\/2021\/08\/2021_06_Trace_42.jpg\" data-link=\"https:\/\/art-mu.fr\/?attachment_id=581\" class=\"wp-image-581\" srcset=\"https:\/\/art-mu.fr\/wp-content\/uploads\/2021\/08\/2021_06_Trace_42.jpg 1000w, https:\/\/art-mu.fr\/wp-content\/uploads\/2021\/08\/2021_06_Trace_42-300x194.jpg 300w, https:\/\/art-mu.fr\/wp-content\/uploads\/2021\/08\/2021_06_Trace_42-768x497.jpg 768w\" sizes=\"(max-width: 1000px) 100vw, 1000px\" \/><\/a><\/figure><\/li><\/ul><\/figure>\n\n\n\n<p>Quelques r\u00e9alisations des participants (certains photographi\u00e9s lors de la mini exposition du 3 juillet <\/p>\n\n\n\n<figure class=\"wp-block-gallery columns-2 wp-block-gallery-3 is-layout-flex wp-block-gallery-is-layout-flex\"><ul class=\"blocks-gallery-grid\"><li class=\"blocks-gallery-item\"><figure><a href=\"https:\/\/art-mu.fr\/wp-content\/uploads\/2021\/08\/2021_06_Trace_50.jpg\"><img loading=\"lazy\" decoding=\"async\" width=\"1000\" height=\"738\" src=\"https:\/\/art-mu.fr\/wp-content\/uploads\/2021\/08\/2021_06_Trace_50.jpg\" alt=\"\" data-id=\"582\" data-full-url=\"https:\/\/art-mu.fr\/wp-content\/uploads\/2021\/08\/2021_06_Trace_50.jpg\" data-link=\"https:\/\/art-mu.fr\/?attachment_id=582\" class=\"wp-image-582\" srcset=\"https:\/\/art-mu.fr\/wp-content\/uploads\/2021\/08\/2021_06_Trace_50.jpg 1000w, https:\/\/art-mu.fr\/wp-content\/uploads\/2021\/08\/2021_06_Trace_50-300x221.jpg 300w, https:\/\/art-mu.fr\/wp-content\/uploads\/2021\/08\/2021_06_Trace_50-768x567.jpg 768w\" sizes=\"(max-width: 1000px) 100vw, 1000px\" \/><\/a><\/figure><\/li><li class=\"blocks-gallery-item\"><figure><a href=\"https:\/\/art-mu.fr\/wp-content\/uploads\/2021\/08\/2021_06_Trace_51.jpg\"><img loading=\"lazy\" decoding=\"async\" width=\"1000\" height=\"737\" src=\"https:\/\/art-mu.fr\/wp-content\/uploads\/2021\/08\/2021_06_Trace_51.jpg\" alt=\"\" data-id=\"583\" data-full-url=\"https:\/\/art-mu.fr\/wp-content\/uploads\/2021\/08\/2021_06_Trace_51.jpg\" data-link=\"https:\/\/art-mu.fr\/?attachment_id=583\" class=\"wp-image-583\" srcset=\"https:\/\/art-mu.fr\/wp-content\/uploads\/2021\/08\/2021_06_Trace_51.jpg 1000w, https:\/\/art-mu.fr\/wp-content\/uploads\/2021\/08\/2021_06_Trace_51-300x221.jpg 300w, https:\/\/art-mu.fr\/wp-content\/uploads\/2021\/08\/2021_06_Trace_51-768x566.jpg 768w\" sizes=\"(max-width: 1000px) 100vw, 1000px\" \/><\/a><\/figure><\/li><li class=\"blocks-gallery-item\"><figure><a href=\"https:\/\/art-mu.fr\/wp-content\/uploads\/2021\/08\/2021_06_Trace_52.jpg\"><img loading=\"lazy\" decoding=\"async\" width=\"1000\" height=\"796\" src=\"https:\/\/art-mu.fr\/wp-content\/uploads\/2021\/08\/2021_06_Trace_52.jpg\" alt=\"\" data-id=\"584\" data-full-url=\"https:\/\/art-mu.fr\/wp-content\/uploads\/2021\/08\/2021_06_Trace_52.jpg\" data-link=\"https:\/\/art-mu.fr\/?attachment_id=584\" class=\"wp-image-584\" srcset=\"https:\/\/art-mu.fr\/wp-content\/uploads\/2021\/08\/2021_06_Trace_52.jpg 1000w, https:\/\/art-mu.fr\/wp-content\/uploads\/2021\/08\/2021_06_Trace_52-300x239.jpg 300w, https:\/\/art-mu.fr\/wp-content\/uploads\/2021\/08\/2021_06_Trace_52-768x611.jpg 768w\" sizes=\"(max-width: 1000px) 100vw, 1000px\" \/><\/a><\/figure><\/li><li class=\"blocks-gallery-item\"><figure><a href=\"https:\/\/art-mu.fr\/wp-content\/uploads\/2021\/08\/TL21-07_42_Cecile__Sophie.jpg\"><img loading=\"lazy\" decoding=\"async\" width=\"648\" height=\"1000\" src=\"https:\/\/art-mu.fr\/wp-content\/uploads\/2021\/08\/TL21-07_42_Cecile__Sophie.jpg\" alt=\"\" data-id=\"490\" data-full-url=\"https:\/\/art-mu.fr\/wp-content\/uploads\/2021\/08\/TL21-07_42_Cecile__Sophie.jpg\" data-link=\"https:\/\/art-mu.fr\/?attachment_id=490\" class=\"wp-image-490\" srcset=\"https:\/\/art-mu.fr\/wp-content\/uploads\/2021\/08\/TL21-07_42_Cecile__Sophie.jpg 648w, https:\/\/art-mu.fr\/wp-content\/uploads\/2021\/08\/TL21-07_42_Cecile__Sophie-194x300.jpg 194w\" sizes=\"(max-width: 648px) 100vw, 648px\" \/><\/a><\/figure><\/li><li class=\"blocks-gallery-item\"><figure><a href=\"https:\/\/art-mu.fr\/wp-content\/uploads\/2021\/08\/TL21-07_64_Arlette.jpg\"><img loading=\"lazy\" decoding=\"async\" width=\"1000\" height=\"661\" src=\"https:\/\/art-mu.fr\/wp-content\/uploads\/2021\/08\/TL21-07_64_Arlette.jpg\" alt=\"\" data-id=\"529\" data-full-url=\"https:\/\/art-mu.fr\/wp-content\/uploads\/2021\/08\/TL21-07_64_Arlette.jpg\" data-link=\"https:\/\/art-mu.fr\/?attachment_id=529\" class=\"wp-image-529\" srcset=\"https:\/\/art-mu.fr\/wp-content\/uploads\/2021\/08\/TL21-07_64_Arlette.jpg 1000w, https:\/\/art-mu.fr\/wp-content\/uploads\/2021\/08\/TL21-07_64_Arlette-300x198.jpg 300w, https:\/\/art-mu.fr\/wp-content\/uploads\/2021\/08\/TL21-07_64_Arlette-768x508.jpg 768w\" sizes=\"(max-width: 1000px) 100vw, 1000px\" \/><\/a><\/figure><\/li><li class=\"blocks-gallery-item\"><figure><a href=\"https:\/\/art-mu.fr\/wp-content\/uploads\/2021\/08\/TL21-07_34_Maurice.jpg\"><img loading=\"lazy\" decoding=\"async\" width=\"1000\" height=\"683\" src=\"https:\/\/art-mu.fr\/wp-content\/uploads\/2021\/08\/TL21-07_34_Maurice.jpg\" alt=\"\" data-id=\"512\" data-full-url=\"https:\/\/art-mu.fr\/wp-content\/uploads\/2021\/08\/TL21-07_34_Maurice.jpg\" data-link=\"https:\/\/art-mu.fr\/?attachment_id=512\" class=\"wp-image-512\" srcset=\"https:\/\/art-mu.fr\/wp-content\/uploads\/2021\/08\/TL21-07_34_Maurice.jpg 1000w, https:\/\/art-mu.fr\/wp-content\/uploads\/2021\/08\/TL21-07_34_Maurice-300x205.jpg 300w, https:\/\/art-mu.fr\/wp-content\/uploads\/2021\/08\/TL21-07_34_Maurice-768x525.jpg 768w\" sizes=\"(max-width: 1000px) 100vw, 1000px\" \/><\/a><\/figure><\/li><li class=\"blocks-gallery-item\"><figure><a href=\"https:\/\/art-mu.fr\/wp-content\/uploads\/2021\/08\/TL21-07_13_Marie_Christine.jpg\"><img loading=\"lazy\" decoding=\"async\" width=\"657\" height=\"1000\" src=\"https:\/\/art-mu.fr\/wp-content\/uploads\/2021\/08\/TL21-07_13_Marie_Christine.jpg\" alt=\"\" data-id=\"497\" data-full-url=\"https:\/\/art-mu.fr\/wp-content\/uploads\/2021\/08\/TL21-07_13_Marie_Christine.jpg\" data-link=\"https:\/\/art-mu.fr\/?attachment_id=497\" class=\"wp-image-497\" srcset=\"https:\/\/art-mu.fr\/wp-content\/uploads\/2021\/08\/TL21-07_13_Marie_Christine.jpg 657w, https:\/\/art-mu.fr\/wp-content\/uploads\/2021\/08\/TL21-07_13_Marie_Christine-197x300.jpg 197w\" sizes=\"(max-width: 657px) 100vw, 657px\" \/><\/a><\/figure><\/li><\/ul><\/figure>\n\n\n\n<p>Ce cycle d\u2019ateliers a d\u00e9bouch\u00e9 sur <strong><a href=\"https:\/\/art-mu.fr\/?page_id=489\" data-type=\"page\" data-id=\"489\">une petite exposition<\/a><\/strong><\/p>\n\n\n\n<div class=\"wp-block-buttons is-content-justification-center is-layout-flex wp-block-buttons-is-layout-flex\">\n<div class=\"wp-block-button is-style-outline is-style-outline--4\"><a class=\"wp-block-button__link has-blue-color has-light-gray-background-color has-text-color has-background\" href=\"#\">Retour au haut de page<\/a><\/div>\n<\/div>\n","protected":false},"excerpt":{"rendered":"<p>3 \u00e8me et dernier cours de ce cycle \u00ab\u00a0De la trace \u00e0 la lettre\u00a0\u00bb du second trimestre 2021, toujours en visio pour raisons sanitaires. R\u00e9alisation de mini livres \u00e0 offrir\u2026 L\u2019animatrice et sa cobaye\u2026. Les mod\u00e8les r\u00e9alis\u00e9s par Catherine et utilis\u00e9s durant cette s\u00e9ance : Quelques r\u00e9alisations des participants (certains photographi\u00e9s lors de la mini [&hellip;]<\/p>\n","protected":false},"author":3,"featured_media":0,"parent":84,"menu_order":3,"comment_status":"closed","ping_status":"closed","template":"","meta":{"footnotes":""},"class_list":["post-586","page","type-page","status-publish","hentry"],"_links":{"self":[{"href":"https:\/\/art-mu.fr\/index.php?rest_route=\/wp\/v2\/pages\/586","targetHints":{"allow":["GET"]}}],"collection":[{"href":"https:\/\/art-mu.fr\/index.php?rest_route=\/wp\/v2\/pages"}],"about":[{"href":"https:\/\/art-mu.fr\/index.php?rest_route=\/wp\/v2\/types\/page"}],"author":[{"embeddable":true,"href":"https:\/\/art-mu.fr\/index.php?rest_route=\/wp\/v2\/users\/3"}],"replies":[{"embeddable":true,"href":"https:\/\/art-mu.fr\/index.php?rest_route=%2Fwp%2Fv2%2Fcomments&post=586"}],"version-history":[{"count":2,"href":"https:\/\/art-mu.fr\/index.php?rest_route=\/wp\/v2\/pages\/586\/revisions"}],"predecessor-version":[{"id":1364,"href":"https:\/\/art-mu.fr\/index.php?rest_route=\/wp\/v2\/pages\/586\/revisions\/1364"}],"up":[{"embeddable":true,"href":"https:\/\/art-mu.fr\/index.php?rest_route=\/wp\/v2\/pages\/84"}],"wp:attachment":[{"href":"https:\/\/art-mu.fr\/index.php?rest_route=%2Fwp%2Fv2%2Fmedia&parent=586"}],"curies":[{"name":"wp","href":"https:\/\/api.w.org\/{rel}","templated":true}]}}