{"id":5846,"date":"2024-10-01T11:43:33","date_gmt":"2024-10-01T09:43:33","guid":{"rendered":"https:\/\/art-mu.fr\/?page_id=5846"},"modified":"2024-10-26T12:05:25","modified_gmt":"2024-10-26T10:05:25","slug":"salon-lart-mue-2024","status":"publish","type":"page","link":"https:\/\/art-mu.fr\/?page_id=5846","title":{"rendered":"Salon L&rsquo;art mue 2024"},"content":{"rendered":"\n<p><a href=\"https:\/\/art-mu.fr\/?page_id=155\">Salon biennal au Ch\u00e2teau de Courcelles<\/a> (Espace Europa) \u00e0 Montigny-l\u00e8s-Metz. <em>(Salon organis\u00e9 par Art\u2019Mu,en partenariat cette ann\u00e9e encore avec la Ville de Montigny-l\u00e8s-Metz, Respire-Montigny, le Cr\u00e9dit Mutuel et Le G\u00e9ant des Beaux-Arts)<\/em><\/p>\n\n\n\n<figure class=\"wp-block-image size-full\"><img decoding=\"async\" src=\"https:\/\/art-mu.fr\/wp-content\/uploads\/2024\/08\/Affiche_ArtMu_2024_def.jpg\" alt=\"\" class=\"wp-image-5812\"\/><\/figure>\n\n\n\n<p><strong>MENU<\/strong><\/p>\n\n\n\n<ul class=\"wp-block-list\">\n<li><a href=\"https:\/\/art-mu.fr\/?page_id=5849\" data-type=\"page\" data-id=\"5849\">Petit aper\u00e7u de l&rsquo;accrochage des oeuvres<\/a><\/li>\n\n\n\n<li><a href=\"https:\/\/art-mu.fr\/?page_id=5873\" data-type=\"page\" data-id=\"5873\">Vernissage<\/a><\/li>\n\n\n\n<li><a href=\"https:\/\/art-mu.fr\/?page_id=5861\" data-type=\"page\" data-id=\"5861\">Les laur\u00e9ats<\/a><\/li>\n\n\n\n<li><a href=\"https:\/\/art-mu.fr\/?page_id=6021\" data-type=\"page\" data-id=\"6021\">Quelques vues du salon dans le sens de la visite<\/a><\/li>\n\n\n\n<li><a href=\"https:\/\/art-mu.fr\/?page_id=5991\" data-type=\"page\" data-id=\"5991\">Les oeuvres miniatures d&rsquo;Yves Geraud<\/a> (invit\u00e9 d&rsquo;honneur)<\/li>\n\n\n\n<li>Photos des oeuvres : <a href=\"https:\/\/art-mu.fr\/?page_id=6070\" data-type=\"page\" data-id=\"6070\">A \u00e0 D<\/a>, <a href=\"https:\/\/art-mu.fr\/?page_id=6275\" data-type=\"page\" data-id=\"6275\">F \u00e0 M<\/a>, <a href=\"https:\/\/art-mu.fr\/?page_id=6458\" data-type=\"page\" data-id=\"6458\">N \u00e0 Z<\/a>, <a href=\"https:\/\/art-mu.fr\/?page_id=6536\" data-type=\"page\" data-id=\"6536\">hors comp\u00e9tition et anniversaire<\/a><\/li>\n\n\n\n<li><a href=\"https:\/\/art-mu.fr\/?page_id=6004\" data-type=\"page\" data-id=\"6004\">Le pot de finissage <\/a>(entre artistes)<\/li>\n\n\n\n<li>Un<a href=\"https:\/\/art-mu.fr\/?page_id=5894\" data-type=\"page\" data-id=\"5894\"> petit quizz pour les visiteurs<\/a><\/li>\n\n\n\n<li>Le catalogue <em>(format pdf t\u00e9l\u00e9chargeable) <\/em>Petit errata : le titre de l&rsquo;oeuvre n\u00b09 est \u00ab\u00a0Doodad\u00a0\u00bb<\/li>\n<\/ul>\n\n\n\n<div data-wp-interactive=\"core\/file\" class=\"wp-block-file\"><object data-wp-bind--hidden=\"!state.hasPdfPreview\" hidden class=\"wp-block-file__embed\" data=\"https:\/\/art-mu.fr\/wp-content\/uploads\/2024\/10\/Catalogue_ArtMu_2024_def.pdf\" type=\"application\/pdf\" style=\"width:100%;height:600px\" aria-label=\"Contenu embarqu\u00e9 Catalogue_Art&#039;Mu_2024_def.\"><\/object><a id=\"wp-block-file--media-b9521b61-2d28-4f08-8e67-c3cdefa99607\" href=\"https:\/\/art-mu.fr\/wp-content\/uploads\/2024\/10\/Catalogue_ArtMu_2024_def.pdf\">Catalogue_Art&rsquo;Mu_2024_def<\/a><a href=\"https:\/\/art-mu.fr\/wp-content\/uploads\/2024\/10\/Catalogue_ArtMu_2024_def.pdf\" class=\"wp-block-file__button wp-element-button\" download aria-describedby=\"wp-block-file--media-b9521b61-2d28-4f08-8e67-c3cdefa99607\">T\u00e9l\u00e9charger<\/a><\/div>\n\n\n\n<p>retour <a href=\"https:\/\/art-mu.fr\/?page_id=155\" data-type=\"page\" data-id=\"155\">page g\u00e9n\u00e9rale des salons biennaux<\/a><\/p>\n\n\n\n<div class=\"wp-block-buttons is-content-justification-center is-layout-flex wp-block-buttons-is-layout-flex\">\n<div class=\"wp-block-button is-style-outline is-style-outline--1\"><a class=\"wp-block-button__link has-blue-color has-light-gray-background-color has-text-color has-background\" href=\"#\">Retour au haut de page<\/a><\/div>\n<\/div>\n\n\n\n<p><\/p>\n","protected":false},"excerpt":{"rendered":"<p>Salon biennal au Ch\u00e2teau de Courcelles (Espace Europa) \u00e0 Montigny-l\u00e8s-Metz. (Salon organis\u00e9 par Art\u2019Mu,en partenariat cette ann\u00e9e encore avec la Ville de Montigny-l\u00e8s-Metz, Respire-Montigny, le Cr\u00e9dit Mutuel et Le G\u00e9ant des Beaux-Arts) MENU retour page g\u00e9n\u00e9rale des salons biennaux<\/p>\n","protected":false},"author":3,"featured_media":5812,"parent":155,"menu_order":3,"comment_status":"closed","ping_status":"closed","template":"","meta":{"footnotes":""},"class_list":["post-5846","page","type-page","status-publish","has-post-thumbnail","hentry"],"_links":{"self":[{"href":"https:\/\/art-mu.fr\/index.php?rest_route=\/wp\/v2\/pages\/5846","targetHints":{"allow":["GET"]}}],"collection":[{"href":"https:\/\/art-mu.fr\/index.php?rest_route=\/wp\/v2\/pages"}],"about":[{"href":"https:\/\/art-mu.fr\/index.php?rest_route=\/wp\/v2\/types\/page"}],"author":[{"embeddable":true,"href":"https:\/\/art-mu.fr\/index.php?rest_route=\/wp\/v2\/users\/3"}],"replies":[{"embeddable":true,"href":"https:\/\/art-mu.fr\/index.php?rest_route=%2Fwp%2Fv2%2Fcomments&post=5846"}],"version-history":[{"count":17,"href":"https:\/\/art-mu.fr\/index.php?rest_route=\/wp\/v2\/pages\/5846\/revisions"}],"predecessor-version":[{"id":7209,"href":"https:\/\/art-mu.fr\/index.php?rest_route=\/wp\/v2\/pages\/5846\/revisions\/7209"}],"up":[{"embeddable":true,"href":"https:\/\/art-mu.fr\/index.php?rest_route=\/wp\/v2\/pages\/155"}],"wp:featuredmedia":[{"embeddable":true,"href":"https:\/\/art-mu.fr\/index.php?rest_route=\/wp\/v2\/media\/5812"}],"wp:attachment":[{"href":"https:\/\/art-mu.fr\/index.php?rest_route=%2Fwp%2Fv2%2Fmedia&parent=5846"}],"curies":[{"name":"wp","href":"https:\/\/api.w.org\/{rel}","templated":true}]}}