{"id":5550,"date":"2024-02-10T18:58:27","date_gmt":"2024-02-10T16:58:27","guid":{"rendered":"https:\/\/art-mu.fr\/?page_id=5550"},"modified":"2024-02-12T11:12:37","modified_gmt":"2024-02-12T09:12:37","slug":"2024-animation-au-salon-du-livre-jeunesse-de-montigny","status":"publish","type":"page","link":"https:\/\/art-mu.fr\/?page_id=5550","title":{"rendered":"2024 &#8211; Animation au salon du livre jeunesse de Montigny"},"content":{"rendered":"\n<p id=\"block-06e4ce56-67fb-417e-a44d-22faae89d3e4\">Comme \u00e0 chaque \u00e9dition, notre association participe \u00e0 l&rsquo;animation du <a href=\"https:\/\/art-mu.fr\/?page_id=5544\">salon du livre jeunesse \u00e0 Montigny -l\u00e8s-Metz.<\/a><\/p>\n\n\n\n<p id=\"block-1d0166c8-6df8-4ba3-b692-548db7543207\">En 2024 (09-11 f\u00e9vrier) le th\u00e8me \u00e9tait Le r\u00eave et nous avons choisi de faire r\u00e9aliser aux enfants une gravure \u00e0 partir d&rsquo;un de leur propre dessin report\u00e9 par piquage sur une plaque de polystyr\u00e8ne. Chaque enfant est reparti avec sa plaque et deux tirages de son oeuvre.<\/p>\n\n\n\n<p id=\"block-0e1f0266-8338-4c9f-9ee0-ccdc38143b52\">Les membres de l&rsquo;association volontaires pour encadrer les enfants se sont tout d&rsquo;abord form\u00e9s et concert\u00e9s durant une s\u00e9ance \u00e0 l&rsquo;atelier de Catherine Vistorky qui assurait la conduite technique de cette activit\u00e9, Nathalie, notre pr\u00e9sidente s&rsquo;\u00e9tant charg\u00e9e du reste de l&rsquo;organisation. Merci \u00e0 toutes deux ainsi qu&rsquo;\u00e0 Marie-Jo, Evelyne, Laurence pour l&rsquo;encadrement des trois groupes d&rsquo;enfants qui se sont succ\u00e9d\u00e9s durant cet apr\u00e8s-midi, soit 24 enfants au total ainsi que cinq ou six parents qui n&rsquo;ont pu r\u00e9sister et se sont piqu\u00e9s au jeu \u00e9galement :<\/p>\n\n\n\n<p>Petit reportage photos : <\/p>\n\n\n\n<figure class=\"wp-block-gallery has-nested-images columns-2 wp-block-gallery-1 is-layout-flex wp-block-gallery-is-layout-flex\">\n<figure class=\"wp-block-image size-full\"><a href=\"https:\/\/art-mu.fr\/wp-content\/uploads\/2024\/02\/2024_02_SLJ_001.jpg\"><img fetchpriority=\"high\" decoding=\"async\" width=\"706\" height=\"1000\" data-id=\"5551\" src=\"https:\/\/art-mu.fr\/wp-content\/uploads\/2024\/02\/2024_02_SLJ_001.jpg\" alt=\"\" class=\"wp-image-5551\" srcset=\"https:\/\/art-mu.fr\/wp-content\/uploads\/2024\/02\/2024_02_SLJ_001.jpg 706w, https:\/\/art-mu.fr\/wp-content\/uploads\/2024\/02\/2024_02_SLJ_001-212x300.jpg 212w\" sizes=\"(max-width: 706px) 100vw, 706px\" \/><\/a><\/figure>\n\n\n\n<figure class=\"wp-block-image size-full\"><a href=\"https:\/\/art-mu.fr\/wp-content\/uploads\/2024\/02\/2024_02_SLJ_002.jpg\"><img decoding=\"async\" width=\"1000\" height=\"705\" data-id=\"5559\" src=\"https:\/\/art-mu.fr\/wp-content\/uploads\/2024\/02\/2024_02_SLJ_002.jpg\" alt=\"\" class=\"wp-image-5559\" srcset=\"https:\/\/art-mu.fr\/wp-content\/uploads\/2024\/02\/2024_02_SLJ_002.jpg 1000w, https:\/\/art-mu.fr\/wp-content\/uploads\/2024\/02\/2024_02_SLJ_002-300x212.jpg 300w, https:\/\/art-mu.fr\/wp-content\/uploads\/2024\/02\/2024_02_SLJ_002-768x541.jpg 768w\" sizes=\"(max-width: 1000px) 100vw, 1000px\" \/><\/a><\/figure>\n\n\n\n<figure class=\"wp-block-image size-full\"><a href=\"https:\/\/art-mu.fr\/wp-content\/uploads\/2024\/02\/2024_02_SLJ_003.jpg\"><img decoding=\"async\" width=\"1000\" height=\"665\" data-id=\"5562\" src=\"https:\/\/art-mu.fr\/wp-content\/uploads\/2024\/02\/2024_02_SLJ_003.jpg\" alt=\"\" class=\"wp-image-5562\" srcset=\"https:\/\/art-mu.fr\/wp-content\/uploads\/2024\/02\/2024_02_SLJ_003.jpg 1000w, https:\/\/art-mu.fr\/wp-content\/uploads\/2024\/02\/2024_02_SLJ_003-300x200.jpg 300w, https:\/\/art-mu.fr\/wp-content\/uploads\/2024\/02\/2024_02_SLJ_003-768x511.jpg 768w\" sizes=\"(max-width: 1000px) 100vw, 1000px\" \/><\/a><\/figure>\n\n\n\n<figure class=\"wp-block-image size-full\"><a href=\"https:\/\/art-mu.fr\/wp-content\/uploads\/2024\/02\/2024_02_SLJ_004.jpg\"><img loading=\"lazy\" decoding=\"async\" width=\"1000\" height=\"709\" data-id=\"5564\" src=\"https:\/\/art-mu.fr\/wp-content\/uploads\/2024\/02\/2024_02_SLJ_004.jpg\" alt=\"\" class=\"wp-image-5564\" srcset=\"https:\/\/art-mu.fr\/wp-content\/uploads\/2024\/02\/2024_02_SLJ_004.jpg 1000w, https:\/\/art-mu.fr\/wp-content\/uploads\/2024\/02\/2024_02_SLJ_004-300x213.jpg 300w, https:\/\/art-mu.fr\/wp-content\/uploads\/2024\/02\/2024_02_SLJ_004-768x545.jpg 768w\" sizes=\"(max-width: 1000px) 100vw, 1000px\" \/><\/a><\/figure>\n\n\n\n<figure class=\"wp-block-image size-full\"><a href=\"https:\/\/art-mu.fr\/wp-content\/uploads\/2024\/02\/2024_02_SLJ_005.jpg\"><img loading=\"lazy\" decoding=\"async\" width=\"1000\" height=\"667\" data-id=\"5560\" src=\"https:\/\/art-mu.fr\/wp-content\/uploads\/2024\/02\/2024_02_SLJ_005.jpg\" alt=\"\" class=\"wp-image-5560\" srcset=\"https:\/\/art-mu.fr\/wp-content\/uploads\/2024\/02\/2024_02_SLJ_005.jpg 1000w, https:\/\/art-mu.fr\/wp-content\/uploads\/2024\/02\/2024_02_SLJ_005-300x200.jpg 300w, https:\/\/art-mu.fr\/wp-content\/uploads\/2024\/02\/2024_02_SLJ_005-768x512.jpg 768w\" sizes=\"(max-width: 1000px) 100vw, 1000px\" \/><\/a><\/figure>\n\n\n\n<figure class=\"wp-block-image size-full\"><a href=\"https:\/\/art-mu.fr\/wp-content\/uploads\/2024\/02\/2024_02_SLJ_006.jpg\"><img loading=\"lazy\" decoding=\"async\" width=\"1000\" height=\"670\" data-id=\"5565\" src=\"https:\/\/art-mu.fr\/wp-content\/uploads\/2024\/02\/2024_02_SLJ_006.jpg\" alt=\"\" class=\"wp-image-5565\" srcset=\"https:\/\/art-mu.fr\/wp-content\/uploads\/2024\/02\/2024_02_SLJ_006.jpg 1000w, https:\/\/art-mu.fr\/wp-content\/uploads\/2024\/02\/2024_02_SLJ_006-300x201.jpg 300w, https:\/\/art-mu.fr\/wp-content\/uploads\/2024\/02\/2024_02_SLJ_006-768x515.jpg 768w\" sizes=\"(max-width: 1000px) 100vw, 1000px\" \/><\/a><\/figure>\n\n\n\n<figure class=\"wp-block-image size-full\"><a href=\"https:\/\/art-mu.fr\/wp-content\/uploads\/2024\/02\/2024_02_SLJ_007.jpg\"><img loading=\"lazy\" decoding=\"async\" width=\"1000\" height=\"681\" data-id=\"5567\" src=\"https:\/\/art-mu.fr\/wp-content\/uploads\/2024\/02\/2024_02_SLJ_007.jpg\" alt=\"\" class=\"wp-image-5567\" srcset=\"https:\/\/art-mu.fr\/wp-content\/uploads\/2024\/02\/2024_02_SLJ_007.jpg 1000w, https:\/\/art-mu.fr\/wp-content\/uploads\/2024\/02\/2024_02_SLJ_007-300x204.jpg 300w, https:\/\/art-mu.fr\/wp-content\/uploads\/2024\/02\/2024_02_SLJ_007-768x523.jpg 768w\" sizes=\"(max-width: 1000px) 100vw, 1000px\" \/><\/a><\/figure>\n\n\n\n<figure class=\"wp-block-image size-full\"><a href=\"https:\/\/art-mu.fr\/wp-content\/uploads\/2024\/02\/2024_02_SLJ_008.jpg\"><img loading=\"lazy\" decoding=\"async\" width=\"1000\" height=\"693\" data-id=\"5566\" src=\"https:\/\/art-mu.fr\/wp-content\/uploads\/2024\/02\/2024_02_SLJ_008.jpg\" alt=\"\" class=\"wp-image-5566\" srcset=\"https:\/\/art-mu.fr\/wp-content\/uploads\/2024\/02\/2024_02_SLJ_008.jpg 1000w, https:\/\/art-mu.fr\/wp-content\/uploads\/2024\/02\/2024_02_SLJ_008-300x208.jpg 300w, https:\/\/art-mu.fr\/wp-content\/uploads\/2024\/02\/2024_02_SLJ_008-768x532.jpg 768w\" sizes=\"(max-width: 1000px) 100vw, 1000px\" \/><\/a><\/figure>\n\n\n\n<figure class=\"wp-block-image size-full\"><a href=\"https:\/\/art-mu.fr\/wp-content\/uploads\/2024\/02\/2024_02_SLJ_009.jpg\"><img loading=\"lazy\" decoding=\"async\" width=\"1000\" height=\"611\" data-id=\"5563\" src=\"https:\/\/art-mu.fr\/wp-content\/uploads\/2024\/02\/2024_02_SLJ_009.jpg\" alt=\"\" class=\"wp-image-5563\" srcset=\"https:\/\/art-mu.fr\/wp-content\/uploads\/2024\/02\/2024_02_SLJ_009.jpg 1000w, https:\/\/art-mu.fr\/wp-content\/uploads\/2024\/02\/2024_02_SLJ_009-300x183.jpg 300w, https:\/\/art-mu.fr\/wp-content\/uploads\/2024\/02\/2024_02_SLJ_009-768x469.jpg 768w\" sizes=\"(max-width: 1000px) 100vw, 1000px\" \/><\/a><\/figure>\n\n\n\n<figure class=\"wp-block-image size-full\"><a href=\"https:\/\/art-mu.fr\/wp-content\/uploads\/2024\/02\/2024_02_SLJ_010.jpg\"><img loading=\"lazy\" decoding=\"async\" width=\"1000\" height=\"687\" data-id=\"5552\" src=\"https:\/\/art-mu.fr\/wp-content\/uploads\/2024\/02\/2024_02_SLJ_010.jpg\" alt=\"\" class=\"wp-image-5552\" srcset=\"https:\/\/art-mu.fr\/wp-content\/uploads\/2024\/02\/2024_02_SLJ_010.jpg 1000w, https:\/\/art-mu.fr\/wp-content\/uploads\/2024\/02\/2024_02_SLJ_010-300x206.jpg 300w, https:\/\/art-mu.fr\/wp-content\/uploads\/2024\/02\/2024_02_SLJ_010-768x528.jpg 768w\" sizes=\"(max-width: 1000px) 100vw, 1000px\" \/><\/a><\/figure>\n\n\n\n<figure class=\"wp-block-image size-full\"><a href=\"https:\/\/art-mu.fr\/wp-content\/uploads\/2024\/02\/2024_02_SLJ_012.jpg\"><img loading=\"lazy\" decoding=\"async\" width=\"804\" height=\"1000\" data-id=\"5561\" src=\"https:\/\/art-mu.fr\/wp-content\/uploads\/2024\/02\/2024_02_SLJ_012.jpg\" alt=\"\" class=\"wp-image-5561\" srcset=\"https:\/\/art-mu.fr\/wp-content\/uploads\/2024\/02\/2024_02_SLJ_012.jpg 804w, https:\/\/art-mu.fr\/wp-content\/uploads\/2024\/02\/2024_02_SLJ_012-241x300.jpg 241w, https:\/\/art-mu.fr\/wp-content\/uploads\/2024\/02\/2024_02_SLJ_012-768x955.jpg 768w\" sizes=\"(max-width: 804px) 100vw, 804px\" \/><\/a><\/figure>\n\n\n\n<figure class=\"wp-block-image size-full\"><a href=\"https:\/\/art-mu.fr\/wp-content\/uploads\/2024\/02\/2024_02_SLJ_013.jpg\"><img loading=\"lazy\" decoding=\"async\" width=\"1000\" height=\"684\" data-id=\"5553\" src=\"https:\/\/art-mu.fr\/wp-content\/uploads\/2024\/02\/2024_02_SLJ_013.jpg\" alt=\"\" class=\"wp-image-5553\" srcset=\"https:\/\/art-mu.fr\/wp-content\/uploads\/2024\/02\/2024_02_SLJ_013.jpg 1000w, https:\/\/art-mu.fr\/wp-content\/uploads\/2024\/02\/2024_02_SLJ_013-300x205.jpg 300w, https:\/\/art-mu.fr\/wp-content\/uploads\/2024\/02\/2024_02_SLJ_013-768x525.jpg 768w\" sizes=\"(max-width: 1000px) 100vw, 1000px\" \/><\/a><\/figure>\n\n\n\n<figure class=\"wp-block-image size-full\"><a href=\"https:\/\/art-mu.fr\/wp-content\/uploads\/2024\/02\/2024_02_SLJ_014.jpg\"><img loading=\"lazy\" decoding=\"async\" width=\"1000\" height=\"713\" data-id=\"5555\" src=\"https:\/\/art-mu.fr\/wp-content\/uploads\/2024\/02\/2024_02_SLJ_014.jpg\" alt=\"\" class=\"wp-image-5555\" srcset=\"https:\/\/art-mu.fr\/wp-content\/uploads\/2024\/02\/2024_02_SLJ_014.jpg 1000w, https:\/\/art-mu.fr\/wp-content\/uploads\/2024\/02\/2024_02_SLJ_014-300x214.jpg 300w, https:\/\/art-mu.fr\/wp-content\/uploads\/2024\/02\/2024_02_SLJ_014-768x548.jpg 768w\" sizes=\"(max-width: 1000px) 100vw, 1000px\" \/><\/a><\/figure>\n\n\n\n<figure class=\"wp-block-image size-full\"><a href=\"https:\/\/art-mu.fr\/wp-content\/uploads\/2024\/02\/2024_02_SLJ_015.jpg\"><img loading=\"lazy\" decoding=\"async\" width=\"1000\" height=\"673\" data-id=\"5554\" src=\"https:\/\/art-mu.fr\/wp-content\/uploads\/2024\/02\/2024_02_SLJ_015.jpg\" alt=\"\" class=\"wp-image-5554\" srcset=\"https:\/\/art-mu.fr\/wp-content\/uploads\/2024\/02\/2024_02_SLJ_015.jpg 1000w, https:\/\/art-mu.fr\/wp-content\/uploads\/2024\/02\/2024_02_SLJ_015-300x202.jpg 300w, https:\/\/art-mu.fr\/wp-content\/uploads\/2024\/02\/2024_02_SLJ_015-768x517.jpg 768w\" sizes=\"(max-width: 1000px) 100vw, 1000px\" \/><\/a><\/figure>\n\n\n\n<figure class=\"wp-block-image size-full\"><a href=\"https:\/\/art-mu.fr\/wp-content\/uploads\/2024\/02\/2024_02_SLJ_016.jpg\"><img loading=\"lazy\" decoding=\"async\" width=\"1000\" height=\"658\" data-id=\"5556\" src=\"https:\/\/art-mu.fr\/wp-content\/uploads\/2024\/02\/2024_02_SLJ_016.jpg\" alt=\"\" class=\"wp-image-5556\" srcset=\"https:\/\/art-mu.fr\/wp-content\/uploads\/2024\/02\/2024_02_SLJ_016.jpg 1000w, https:\/\/art-mu.fr\/wp-content\/uploads\/2024\/02\/2024_02_SLJ_016-300x197.jpg 300w, https:\/\/art-mu.fr\/wp-content\/uploads\/2024\/02\/2024_02_SLJ_016-768x505.jpg 768w\" sizes=\"(max-width: 1000px) 100vw, 1000px\" \/><\/a><\/figure>\n\n\n\n<figure class=\"wp-block-image size-full\"><a href=\"https:\/\/art-mu.fr\/wp-content\/uploads\/2024\/02\/2024_02_SLJ_017.jpg\"><img loading=\"lazy\" decoding=\"async\" width=\"1000\" height=\"678\" data-id=\"5557\" src=\"https:\/\/art-mu.fr\/wp-content\/uploads\/2024\/02\/2024_02_SLJ_017.jpg\" alt=\"\" class=\"wp-image-5557\" srcset=\"https:\/\/art-mu.fr\/wp-content\/uploads\/2024\/02\/2024_02_SLJ_017.jpg 1000w, https:\/\/art-mu.fr\/wp-content\/uploads\/2024\/02\/2024_02_SLJ_017-300x203.jpg 300w, https:\/\/art-mu.fr\/wp-content\/uploads\/2024\/02\/2024_02_SLJ_017-768x521.jpg 768w\" sizes=\"(max-width: 1000px) 100vw, 1000px\" \/><\/a><\/figure>\n\n\n\n<figure class=\"wp-block-image size-full\"><a href=\"https:\/\/art-mu.fr\/wp-content\/uploads\/2024\/02\/2024_02_SLJ_018.jpg\"><img loading=\"lazy\" decoding=\"async\" width=\"1000\" height=\"705\" data-id=\"5558\" src=\"https:\/\/art-mu.fr\/wp-content\/uploads\/2024\/02\/2024_02_SLJ_018.jpg\" alt=\"\" class=\"wp-image-5558\" srcset=\"https:\/\/art-mu.fr\/wp-content\/uploads\/2024\/02\/2024_02_SLJ_018.jpg 1000w, https:\/\/art-mu.fr\/wp-content\/uploads\/2024\/02\/2024_02_SLJ_018-300x212.jpg 300w, https:\/\/art-mu.fr\/wp-content\/uploads\/2024\/02\/2024_02_SLJ_018-768x541.jpg 768w\" sizes=\"(max-width: 1000px) 100vw, 1000px\" \/><\/a><\/figure>\n<\/figure>\n","protected":false},"excerpt":{"rendered":"<p>Comme \u00e0 chaque \u00e9dition, notre association participe \u00e0 l&rsquo;animation du salon du livre jeunesse \u00e0 Montigny -l\u00e8s-Metz. En 2024 (09-11 f\u00e9vrier) le th\u00e8me \u00e9tait Le r\u00eave et nous avons choisi de faire r\u00e9aliser aux enfants une gravure \u00e0 partir d&rsquo;un de leur propre dessin report\u00e9 par piquage sur une plaque de polystyr\u00e8ne. Chaque enfant est [&hellip;]<\/p>\n","protected":false},"author":3,"featured_media":0,"parent":5544,"menu_order":3,"comment_status":"closed","ping_status":"closed","template":"","meta":{"footnotes":""},"class_list":["post-5550","page","type-page","status-publish","hentry"],"_links":{"self":[{"href":"https:\/\/art-mu.fr\/index.php?rest_route=\/wp\/v2\/pages\/5550","targetHints":{"allow":["GET"]}}],"collection":[{"href":"https:\/\/art-mu.fr\/index.php?rest_route=\/wp\/v2\/pages"}],"about":[{"href":"https:\/\/art-mu.fr\/index.php?rest_route=\/wp\/v2\/types\/page"}],"author":[{"embeddable":true,"href":"https:\/\/art-mu.fr\/index.php?rest_route=\/wp\/v2\/users\/3"}],"replies":[{"embeddable":true,"href":"https:\/\/art-mu.fr\/index.php?rest_route=%2Fwp%2Fv2%2Fcomments&post=5550"}],"version-history":[{"count":2,"href":"https:\/\/art-mu.fr\/index.php?rest_route=\/wp\/v2\/pages\/5550\/revisions"}],"predecessor-version":[{"id":5587,"href":"https:\/\/art-mu.fr\/index.php?rest_route=\/wp\/v2\/pages\/5550\/revisions\/5587"}],"up":[{"embeddable":true,"href":"https:\/\/art-mu.fr\/index.php?rest_route=\/wp\/v2\/pages\/5544"}],"wp:attachment":[{"href":"https:\/\/art-mu.fr\/index.php?rest_route=%2Fwp%2Fv2%2Fmedia&parent=5550"}],"curies":[{"name":"wp","href":"https:\/\/api.w.org\/{rel}","templated":true}]}}