{"id":5544,"date":"2024-02-10T18:44:15","date_gmt":"2024-02-10T16:44:15","guid":{"rendered":"https:\/\/art-mu.fr\/?page_id=5544"},"modified":"2024-02-10T18:59:32","modified_gmt":"2024-02-10T16:59:32","slug":"animations-au-salon-du-livre-jeunesse-de-montigny","status":"publish","type":"page","link":"https:\/\/art-mu.fr\/?page_id=5544","title":{"rendered":"Salon du livre jeunesse de Montigny, animations Art&rsquo;Mu"},"content":{"rendered":"\n<p>Tous les deux ans, sur un grand week-end en d\u00e9but d&rsquo;ann\u00e9e, se tient \u00e0 Montigny-l\u00e8s-Metz, \u00e0 l&rsquo;espace Europa-Courcelles, un salon du livre jeunesse.<\/p>\n\n\n\n<p>Outre le salon proprement dit avec ses \u00e9diteurs, auteurs, dessinateurs et libraires, se d\u00e9roulent plusieurs animations et une exposition \u00e0 l&rsquo;\u00e9tage du ch\u00e2teau de Courcelles (sur une dur\u00e9e plus longue que le seul week-end du salon).<\/p>\n\n\n\n<p>Notre association assure tous les deux ans une animation \u00e0 destination du jeune public en proposant \u00e0 chaque fois une technique diff\u00e9rente et en lien, si possible avec le th\u00e8me propre \u00e0 chacun des salons<\/p>\n\n\n\n<p>Petits reportages photos sur les derni\u00e8res \u00e9ditions : <\/p>\n\n\n\n<p>2022 : <a href=\"https:\/\/art-mu.fr\/?page_id=3419\" data-type=\"page\" data-id=\"3419\">th\u00e8me , fabrication d&rsquo;un livre leporello<\/a><\/p>\n\n\n\n<p>2024 : <a href=\"https:\/\/art-mu.fr\/?page_id=5550\" data-type=\"page\" data-id=\"5550\">th\u00e8me le r\u00eave, technique de gravure sur polystyr\u00e8ne<\/a><\/p>\n","protected":false},"excerpt":{"rendered":"<p>Tous les deux ans, sur un grand week-end en d\u00e9but d&rsquo;ann\u00e9e, se tient \u00e0 Montigny-l\u00e8s-Metz, \u00e0 l&rsquo;espace Europa-Courcelles, un salon du livre jeunesse. Outre le salon proprement dit avec ses \u00e9diteurs, auteurs, dessinateurs et libraires, se d\u00e9roulent plusieurs animations et une exposition \u00e0 l&rsquo;\u00e9tage du ch\u00e2teau de Courcelles (sur une dur\u00e9e plus longue que le [&hellip;]<\/p>\n","protected":false},"author":3,"featured_media":0,"parent":34,"menu_order":2,"comment_status":"closed","ping_status":"closed","template":"","meta":{"footnotes":""},"class_list":["post-5544","page","type-page","status-publish","hentry"],"_links":{"self":[{"href":"https:\/\/art-mu.fr\/index.php?rest_route=\/wp\/v2\/pages\/5544","targetHints":{"allow":["GET"]}}],"collection":[{"href":"https:\/\/art-mu.fr\/index.php?rest_route=\/wp\/v2\/pages"}],"about":[{"href":"https:\/\/art-mu.fr\/index.php?rest_route=\/wp\/v2\/types\/page"}],"author":[{"embeddable":true,"href":"https:\/\/art-mu.fr\/index.php?rest_route=\/wp\/v2\/users\/3"}],"replies":[{"embeddable":true,"href":"https:\/\/art-mu.fr\/index.php?rest_route=%2Fwp%2Fv2%2Fcomments&post=5544"}],"version-history":[{"count":4,"href":"https:\/\/art-mu.fr\/index.php?rest_route=\/wp\/v2\/pages\/5544\/revisions"}],"predecessor-version":[{"id":5569,"href":"https:\/\/art-mu.fr\/index.php?rest_route=\/wp\/v2\/pages\/5544\/revisions\/5569"}],"up":[{"embeddable":true,"href":"https:\/\/art-mu.fr\/index.php?rest_route=\/wp\/v2\/pages\/34"}],"wp:attachment":[{"href":"https:\/\/art-mu.fr\/index.php?rest_route=%2Fwp%2Fv2%2Fmedia&parent=5544"}],"curies":[{"name":"wp","href":"https:\/\/api.w.org\/{rel}","templated":true}]}}