{"id":5483,"date":"2024-02-03T19:08:13","date_gmt":"2024-02-03T17:08:13","guid":{"rendered":"https:\/\/art-mu.fr\/?page_id=5483"},"modified":"2024-07-03T09:49:21","modified_gmt":"2024-07-03T07:49:21","slug":"quelques-realisations-lors-dune-seance-dirigee-de-dessin-de-nu","status":"publish","type":"page","link":"https:\/\/art-mu.fr\/?page_id=5483","title":{"rendered":"Quelques r\u00e9alisations lors d&rsquo;une s\u00e9ance dirig\u00e9e de dessin de nu"},"content":{"rendered":"\n<p>Mercredi 31 janvier 2024, huit personnes ont r\u00e9pondu pr\u00e9sent pour cet <a href=\"https:\/\/art-mu.fr\/?page_id=5272\" data-type=\"page\" data-id=\"5272\">atelier \u00e0 th\u00e8me de dessin de nu<\/a> (qui s&rsquo;appelait \u00e0 l&rsquo;\u00e9poque <em>\u00ab\u00a0atelier dirig\u00e9 de dessin de nu\u00a0\u00bb<\/em> car un peu plus dirig\u00e9 qu&rsquo;actuellement), seconde partie d&rsquo;un cycle de deux consacr\u00e9 au \u00e9clairages et en particulier au dessin des partie les plus lumineuses.<\/p>\n\n\n\n<p>Lors de la premi\u00e8re s\u00e9ance, dans une salle plong\u00e9e dans une relative obscurit\u00e9 <em>(chaque dessinateur \u00e9quip\u00e9 d&rsquo;une petite lampe de bureau pour \u00e9clairer son travail)<\/em> le projecteur \u00e9tait toujours classiquement plac\u00e9 \u00e0 la m\u00eame place, assurant un \u00e9clairage \u00e0 45\u00b0 depuis le haut et l\u00e9g\u00e8rement depuis le devant. Les dessinateurs avaient eu pour consigne de se focaliser sur les zones de lumi\u00e8res et de repr\u00e9senter celle-ci en blanc sur papier noir puis de teinte moyenne permettant de compl\u00e9ter si besoin avec les zones d&rsquo;ombres. Travail uniquement en t\u00e2ches et surfaces sans passer par le dessin de traits&#8230;. Ne plus repr\u00e9senter des parties du corps mais uniquement des t\u00e2ches de lumi\u00e8re et voir apparaitre comme par magie le dessin du mod\u00e8le qui pose pour vous&#8230; Un exercice qui d\u00e9concerte au d\u00e9part m\u00eame des dessinateurs un peu aguerris mais qui fournit ensuite des r\u00e9sultats souvent tr\u00e8s int\u00e9ressants et qui laissera quelques traces positives sur le travail ult\u00e9rieur, m\u00eame de ceux qui ne reprendront pas cette m\u00e9thode&#8230;.<\/p>\n\n\n\n<p>Lors de la pr\u00e9sente s\u00e9ance chacun \u00e9tait invit\u00e9 \u00e0 r\u00e9utiliser librement ces techniques afin de les approfondir mais \u00e9galement de constater l&rsquo;effet de changement de position de l&rsquo;\u00e9clairage (\u00e9clairage depuis le bas, contre-jour&#8230;), voire de l&rsquo;introduction d&rsquo;une seconde lampe.<\/p>\n\n\n\n<p>Voici quelques r\u00e9alisations en vrac, certaines r\u00e9ussies, d&rsquo;autres moins, certains participants ayant d&rsquo;ailleurs d\u00e9but\u00e9 de mani\u00e8re peu convaincante, pour finir avec des dessins bien plus aboutis&#8230;. Et des exp\u00e9rimentations comme ce dessin en n\u00e9gatif sur lequel les lumi\u00e8res ont \u00e9t\u00e9 dessin\u00e9es en bleu sur papier blanc&#8230;.<\/p>\n\n\n\n<figure class=\"wp-block-gallery has-nested-images columns-2 wp-block-gallery-1 is-layout-flex wp-block-gallery-is-layout-flex\">\n<figure class=\"wp-block-image size-large\"><img fetchpriority=\"high\" decoding=\"async\" width=\"667\" height=\"1000\" data-id=\"5485\" src=\"https:\/\/art-mu.fr\/wp-content\/uploads\/2024\/02\/Monique_JLM_80755.jpg\" alt=\"\" class=\"wp-image-5485\" srcset=\"https:\/\/art-mu.fr\/wp-content\/uploads\/2024\/02\/Monique_JLM_80755.jpg 667w, https:\/\/art-mu.fr\/wp-content\/uploads\/2024\/02\/Monique_JLM_80755-200x300.jpg 200w\" sizes=\"(max-width: 667px) 100vw, 667px\" \/><\/figure>\n\n\n\n<figure class=\"wp-block-image size-full\"><img decoding=\"async\" width=\"645\" height=\"1000\" data-id=\"5490\" src=\"https:\/\/art-mu.fr\/wp-content\/uploads\/2024\/02\/Monique_JLM_80763.jpg\" alt=\"\" class=\"wp-image-5490\" srcset=\"https:\/\/art-mu.fr\/wp-content\/uploads\/2024\/02\/Monique_JLM_80763.jpg 645w, https:\/\/art-mu.fr\/wp-content\/uploads\/2024\/02\/Monique_JLM_80763-194x300.jpg 194w\" sizes=\"(max-width: 645px) 100vw, 645px\" \/><\/figure>\n\n\n\n<figure class=\"wp-block-image size-large\"><img decoding=\"async\" width=\"622\" height=\"1000\" data-id=\"5491\" src=\"https:\/\/art-mu.fr\/wp-content\/uploads\/2024\/02\/JLM_80760.jpg\" alt=\"\" class=\"wp-image-5491\" srcset=\"https:\/\/art-mu.fr\/wp-content\/uploads\/2024\/02\/JLM_80760.jpg 622w, https:\/\/art-mu.fr\/wp-content\/uploads\/2024\/02\/JLM_80760-187x300.jpg 187w\" sizes=\"(max-width: 622px) 100vw, 622px\" \/><\/figure>\n\n\n\n<figure class=\"wp-block-image size-large\"><img loading=\"lazy\" decoding=\"async\" width=\"673\" height=\"1000\" data-id=\"5501\" src=\"https:\/\/art-mu.fr\/wp-content\/uploads\/2024\/02\/JLM_80756.jpg\" alt=\"\" class=\"wp-image-5501\" srcset=\"https:\/\/art-mu.fr\/wp-content\/uploads\/2024\/02\/JLM_80756.jpg 673w, https:\/\/art-mu.fr\/wp-content\/uploads\/2024\/02\/JLM_80756-202x300.jpg 202w\" sizes=\"(max-width: 673px) 100vw, 673px\" \/><\/figure>\n\n\n\n<figure class=\"wp-block-image size-large\"><img loading=\"lazy\" decoding=\"async\" width=\"1000\" height=\"667\" data-id=\"5498\" src=\"https:\/\/art-mu.fr\/wp-content\/uploads\/2024\/02\/Jean_Luc_JLM_80902.jpg\" alt=\"\" class=\"wp-image-5498\" srcset=\"https:\/\/art-mu.fr\/wp-content\/uploads\/2024\/02\/Jean_Luc_JLM_80902.jpg 1000w, https:\/\/art-mu.fr\/wp-content\/uploads\/2024\/02\/Jean_Luc_JLM_80902-300x200.jpg 300w, https:\/\/art-mu.fr\/wp-content\/uploads\/2024\/02\/Jean_Luc_JLM_80902-768x512.jpg 768w\" sizes=\"(max-width: 1000px) 100vw, 1000px\" \/><\/figure>\n\n\n\n<figure class=\"wp-block-image size-large\"><img loading=\"lazy\" decoding=\"async\" width=\"1000\" height=\"720\" data-id=\"5506\" src=\"https:\/\/art-mu.fr\/wp-content\/uploads\/2024\/02\/Claude_JLM_80761.jpg\" alt=\"\" class=\"wp-image-5506\" srcset=\"https:\/\/art-mu.fr\/wp-content\/uploads\/2024\/02\/Claude_JLM_80761.jpg 1000w, https:\/\/art-mu.fr\/wp-content\/uploads\/2024\/02\/Claude_JLM_80761-300x216.jpg 300w, https:\/\/art-mu.fr\/wp-content\/uploads\/2024\/02\/Claude_JLM_80761-768x553.jpg 768w\" sizes=\"(max-width: 1000px) 100vw, 1000px\" \/><\/figure>\n\n\n\n<figure class=\"wp-block-image size-large\"><img loading=\"lazy\" decoding=\"async\" width=\"669\" height=\"1000\" data-id=\"5510\" src=\"https:\/\/art-mu.fr\/wp-content\/uploads\/2024\/02\/Claude_JLM_80754.jpg\" alt=\"\" class=\"wp-image-5510\" srcset=\"https:\/\/art-mu.fr\/wp-content\/uploads\/2024\/02\/Claude_JLM_80754.jpg 669w, https:\/\/art-mu.fr\/wp-content\/uploads\/2024\/02\/Claude_JLM_80754-201x300.jpg 201w\" sizes=\"(max-width: 669px) 100vw, 669px\" \/><\/figure>\n\n\n\n<figure class=\"wp-block-image size-large\"><img loading=\"lazy\" decoding=\"async\" width=\"688\" height=\"1000\" data-id=\"5487\" src=\"https:\/\/art-mu.fr\/wp-content\/uploads\/2024\/02\/Jean_Luc_JLM_80900.jpg\" alt=\"\" class=\"wp-image-5487\" srcset=\"https:\/\/art-mu.fr\/wp-content\/uploads\/2024\/02\/Jean_Luc_JLM_80900.jpg 688w, https:\/\/art-mu.fr\/wp-content\/uploads\/2024\/02\/Jean_Luc_JLM_80900-206x300.jpg 206w\" sizes=\"(max-width: 688px) 100vw, 688px\" \/><\/figure>\n\n\n\n<figure class=\"wp-block-image size-large\"><img loading=\"lazy\" decoding=\"async\" width=\"745\" height=\"1000\" data-id=\"5484\" src=\"https:\/\/art-mu.fr\/wp-content\/uploads\/2024\/02\/Jean-Marc_JLM_80751.jpg\" alt=\"\" class=\"wp-image-5484\" srcset=\"https:\/\/art-mu.fr\/wp-content\/uploads\/2024\/02\/Jean-Marc_JLM_80751.jpg 745w, https:\/\/art-mu.fr\/wp-content\/uploads\/2024\/02\/Jean-Marc_JLM_80751-224x300.jpg 224w\" sizes=\"(max-width: 745px) 100vw, 745px\" \/><\/figure>\n\n\n\n<figure class=\"wp-block-image size-large\"><img loading=\"lazy\" decoding=\"async\" width=\"684\" height=\"1000\" data-id=\"5509\" src=\"https:\/\/art-mu.fr\/wp-content\/uploads\/2024\/02\/Jean_Luc_JLM_80901.jpg\" alt=\"\" class=\"wp-image-5509\" srcset=\"https:\/\/art-mu.fr\/wp-content\/uploads\/2024\/02\/Jean_Luc_JLM_80901.jpg 684w, https:\/\/art-mu.fr\/wp-content\/uploads\/2024\/02\/Jean_Luc_JLM_80901-205x300.jpg 205w\" sizes=\"(max-width: 684px) 100vw, 684px\" \/><\/figure>\n\n\n\n<figure class=\"wp-block-image size-large\"><img loading=\"lazy\" decoding=\"async\" width=\"669\" height=\"1000\" data-id=\"5500\" src=\"https:\/\/art-mu.fr\/wp-content\/uploads\/2024\/02\/Jean_Luc_JLM_80906.jpg\" alt=\"\" class=\"wp-image-5500\" srcset=\"https:\/\/art-mu.fr\/wp-content\/uploads\/2024\/02\/Jean_Luc_JLM_80906.jpg 669w, https:\/\/art-mu.fr\/wp-content\/uploads\/2024\/02\/Jean_Luc_JLM_80906-201x300.jpg 201w\" sizes=\"(max-width: 669px) 100vw, 669px\" \/><\/figure>\n\n\n\n<figure class=\"wp-block-image size-large\"><img loading=\"lazy\" decoding=\"async\" width=\"653\" height=\"1000\" data-id=\"5486\" src=\"https:\/\/art-mu.fr\/wp-content\/uploads\/2024\/02\/Jean_Luc_JLM_80908.jpg\" alt=\"\" class=\"wp-image-5486\" srcset=\"https:\/\/art-mu.fr\/wp-content\/uploads\/2024\/02\/Jean_Luc_JLM_80908.jpg 653w, https:\/\/art-mu.fr\/wp-content\/uploads\/2024\/02\/Jean_Luc_JLM_80908-196x300.jpg 196w\" sizes=\"(max-width: 653px) 100vw, 653px\" \/><\/figure>\n\n\n\n<figure class=\"wp-block-image size-large\"><img loading=\"lazy\" decoding=\"async\" width=\"681\" height=\"1000\" data-id=\"5488\" src=\"https:\/\/art-mu.fr\/wp-content\/uploads\/2024\/02\/Jean_Luc_JLM_80904.jpg\" alt=\"\" class=\"wp-image-5488\" srcset=\"https:\/\/art-mu.fr\/wp-content\/uploads\/2024\/02\/Jean_Luc_JLM_80904.jpg 681w, https:\/\/art-mu.fr\/wp-content\/uploads\/2024\/02\/Jean_Luc_JLM_80904-204x300.jpg 204w\" sizes=\"(max-width: 681px) 100vw, 681px\" \/><\/figure>\n\n\n\n<figure class=\"wp-block-image size-large\"><img loading=\"lazy\" decoding=\"async\" width=\"671\" height=\"1000\" data-id=\"5496\" src=\"https:\/\/art-mu.fr\/wp-content\/uploads\/2024\/02\/Jean_Luc_JLM_80905.jpg\" alt=\"\" class=\"wp-image-5496\" srcset=\"https:\/\/art-mu.fr\/wp-content\/uploads\/2024\/02\/Jean_Luc_JLM_80905.jpg 671w, https:\/\/art-mu.fr\/wp-content\/uploads\/2024\/02\/Jean_Luc_JLM_80905-201x300.jpg 201w\" sizes=\"(max-width: 671px) 100vw, 671px\" \/><\/figure>\n\n\n\n<figure class=\"wp-block-image size-large\"><img loading=\"lazy\" decoding=\"async\" width=\"667\" height=\"1000\" data-id=\"5505\" src=\"https:\/\/art-mu.fr\/wp-content\/uploads\/2024\/02\/Jean_Luc_JLM_80899.jpg\" alt=\"\" class=\"wp-image-5505\" srcset=\"https:\/\/art-mu.fr\/wp-content\/uploads\/2024\/02\/Jean_Luc_JLM_80899.jpg 667w, https:\/\/art-mu.fr\/wp-content\/uploads\/2024\/02\/Jean_Luc_JLM_80899-200x300.jpg 200w\" sizes=\"(max-width: 667px) 100vw, 667px\" \/><\/figure>\n\n\n\n<figure class=\"wp-block-image size-large\"><img loading=\"lazy\" decoding=\"async\" width=\"671\" height=\"1000\" data-id=\"5489\" src=\"https:\/\/art-mu.fr\/wp-content\/uploads\/2024\/02\/Jean_Luc_JLM_80903.jpg\" alt=\"\" class=\"wp-image-5489\" srcset=\"https:\/\/art-mu.fr\/wp-content\/uploads\/2024\/02\/Jean_Luc_JLM_80903.jpg 671w, https:\/\/art-mu.fr\/wp-content\/uploads\/2024\/02\/Jean_Luc_JLM_80903-201x300.jpg 201w\" sizes=\"(max-width: 671px) 100vw, 671px\" \/><\/figure>\n\n\n\n<figure class=\"wp-block-image size-large\"><img loading=\"lazy\" decoding=\"async\" width=\"748\" height=\"1000\" data-id=\"5497\" src=\"https:\/\/art-mu.fr\/wp-content\/uploads\/2024\/02\/Jean-Luc_04.jpg\" alt=\"\" class=\"wp-image-5497\" srcset=\"https:\/\/art-mu.fr\/wp-content\/uploads\/2024\/02\/Jean-Luc_04.jpg 748w, https:\/\/art-mu.fr\/wp-content\/uploads\/2024\/02\/Jean-Luc_04-224x300.jpg 224w\" sizes=\"(max-width: 748px) 100vw, 748px\" \/><\/figure>\n\n\n\n<figure class=\"wp-block-image size-large\"><img loading=\"lazy\" decoding=\"async\" width=\"720\" height=\"1000\" data-id=\"5504\" src=\"https:\/\/art-mu.fr\/wp-content\/uploads\/2024\/02\/Jean-Luc_02.jpg\" alt=\"\" class=\"wp-image-5504\" srcset=\"https:\/\/art-mu.fr\/wp-content\/uploads\/2024\/02\/Jean-Luc_02.jpg 720w, https:\/\/art-mu.fr\/wp-content\/uploads\/2024\/02\/Jean-Luc_02-216x300.jpg 216w\" sizes=\"(max-width: 720px) 100vw, 720px\" \/><\/figure>\n\n\n\n<figure class=\"wp-block-image size-large\"><img loading=\"lazy\" decoding=\"async\" width=\"692\" height=\"1000\" data-id=\"5502\" src=\"https:\/\/art-mu.fr\/wp-content\/uploads\/2024\/02\/Jean-Luc_01.jpg\" alt=\"\" class=\"wp-image-5502\" srcset=\"https:\/\/art-mu.fr\/wp-content\/uploads\/2024\/02\/Jean-Luc_01.jpg 692w, https:\/\/art-mu.fr\/wp-content\/uploads\/2024\/02\/Jean-Luc_01-208x300.jpg 208w\" sizes=\"(max-width: 692px) 100vw, 692px\" \/><\/figure>\n\n\n\n<figure class=\"wp-block-image size-large\"><img loading=\"lazy\" decoding=\"async\" width=\"650\" height=\"1000\" data-id=\"5507\" src=\"https:\/\/art-mu.fr\/wp-content\/uploads\/2024\/02\/Jean-Luc_03.jpg\" alt=\"\" class=\"wp-image-5507\" srcset=\"https:\/\/art-mu.fr\/wp-content\/uploads\/2024\/02\/Jean-Luc_03.jpg 650w, https:\/\/art-mu.fr\/wp-content\/uploads\/2024\/02\/Jean-Luc_03-195x300.jpg 195w\" sizes=\"(max-width: 650px) 100vw, 650px\" \/><\/figure>\n\n\n\n<figure class=\"wp-block-image size-large\"><img loading=\"lazy\" decoding=\"async\" width=\"684\" height=\"1000\" data-id=\"5492\" src=\"https:\/\/art-mu.fr\/wp-content\/uploads\/2024\/02\/JLM_80757.jpg\" alt=\"\" class=\"wp-image-5492\" srcset=\"https:\/\/art-mu.fr\/wp-content\/uploads\/2024\/02\/JLM_80757.jpg 684w, https:\/\/art-mu.fr\/wp-content\/uploads\/2024\/02\/JLM_80757-205x300.jpg 205w\" sizes=\"(max-width: 684px) 100vw, 684px\" \/><\/figure>\n\n\n\n<figure class=\"wp-block-image size-large\"><img loading=\"lazy\" decoding=\"async\" width=\"647\" height=\"1000\" data-id=\"5493\" src=\"https:\/\/art-mu.fr\/wp-content\/uploads\/2024\/02\/Genevieve_JLM_80768.jpg\" alt=\"\" class=\"wp-image-5493\" srcset=\"https:\/\/art-mu.fr\/wp-content\/uploads\/2024\/02\/Genevieve_JLM_80768.jpg 647w, https:\/\/art-mu.fr\/wp-content\/uploads\/2024\/02\/Genevieve_JLM_80768-194x300.jpg 194w\" sizes=\"(max-width: 647px) 100vw, 647px\" \/><\/figure>\n\n\n\n<figure class=\"wp-block-image size-large\"><img loading=\"lazy\" decoding=\"async\" width=\"690\" height=\"1000\" data-id=\"5494\" src=\"https:\/\/art-mu.fr\/wp-content\/uploads\/2024\/02\/Genevieve_JLM_80767.jpg\" alt=\"\" class=\"wp-image-5494\" srcset=\"https:\/\/art-mu.fr\/wp-content\/uploads\/2024\/02\/Genevieve_JLM_80767.jpg 690w, https:\/\/art-mu.fr\/wp-content\/uploads\/2024\/02\/Genevieve_JLM_80767-207x300.jpg 207w\" sizes=\"(max-width: 690px) 100vw, 690px\" \/><\/figure>\n\n\n\n<figure class=\"wp-block-image size-large\"><img loading=\"lazy\" decoding=\"async\" width=\"670\" height=\"1000\" data-id=\"5503\" src=\"https:\/\/art-mu.fr\/wp-content\/uploads\/2024\/02\/Genevieve_JLM_80766.jpg\" alt=\"\" class=\"wp-image-5503\" srcset=\"https:\/\/art-mu.fr\/wp-content\/uploads\/2024\/02\/Genevieve_JLM_80766.jpg 670w, https:\/\/art-mu.fr\/wp-content\/uploads\/2024\/02\/Genevieve_JLM_80766-201x300.jpg 201w\" sizes=\"(max-width: 670px) 100vw, 670px\" \/><\/figure>\n\n\n\n<figure class=\"wp-block-image size-large\"><img loading=\"lazy\" decoding=\"async\" width=\"785\" height=\"1000\" data-id=\"5495\" src=\"https:\/\/art-mu.fr\/wp-content\/uploads\/2024\/02\/Genevieve_JLM_80765.jpg\" alt=\"\" class=\"wp-image-5495\" srcset=\"https:\/\/art-mu.fr\/wp-content\/uploads\/2024\/02\/Genevieve_JLM_80765.jpg 785w, https:\/\/art-mu.fr\/wp-content\/uploads\/2024\/02\/Genevieve_JLM_80765-236x300.jpg 236w, https:\/\/art-mu.fr\/wp-content\/uploads\/2024\/02\/Genevieve_JLM_80765-768x978.jpg 768w\" sizes=\"(max-width: 785px) 100vw, 785px\" \/><\/figure>\n\n\n\n<figure class=\"wp-block-image size-large\"><img loading=\"lazy\" decoding=\"async\" width=\"667\" height=\"1000\" data-id=\"5499\" src=\"https:\/\/art-mu.fr\/wp-content\/uploads\/2024\/02\/Genevieve_JLM_80764.jpg\" alt=\"\" class=\"wp-image-5499\" srcset=\"https:\/\/art-mu.fr\/wp-content\/uploads\/2024\/02\/Genevieve_JLM_80764.jpg 667w, https:\/\/art-mu.fr\/wp-content\/uploads\/2024\/02\/Genevieve_JLM_80764-200x300.jpg 200w\" sizes=\"(max-width: 667px) 100vw, 667px\" \/><\/figure>\n\n\n\n<figure class=\"wp-block-image size-large\"><img loading=\"lazy\" decoding=\"async\" width=\"697\" height=\"1000\" data-id=\"5511\" src=\"https:\/\/art-mu.fr\/wp-content\/uploads\/2024\/02\/Genevieve_JLM_80759.jpg\" alt=\"\" class=\"wp-image-5511\" srcset=\"https:\/\/art-mu.fr\/wp-content\/uploads\/2024\/02\/Genevieve_JLM_80759.jpg 697w, https:\/\/art-mu.fr\/wp-content\/uploads\/2024\/02\/Genevieve_JLM_80759-209x300.jpg 209w\" sizes=\"(max-width: 697px) 100vw, 697px\" \/><\/figure>\n\n\n\n<figure class=\"wp-block-image size-large\"><img loading=\"lazy\" decoding=\"async\" width=\"648\" height=\"1000\" data-id=\"5512\" src=\"https:\/\/art-mu.fr\/wp-content\/uploads\/2024\/02\/Genevieve_JLM_80758.jpg\" alt=\"\" class=\"wp-image-5512\" srcset=\"https:\/\/art-mu.fr\/wp-content\/uploads\/2024\/02\/Genevieve_JLM_80758.jpg 648w, https:\/\/art-mu.fr\/wp-content\/uploads\/2024\/02\/Genevieve_JLM_80758-194x300.jpg 194w\" sizes=\"(max-width: 648px) 100vw, 648px\" \/><\/figure>\n\n\n\n<figure class=\"wp-block-image size-large\"><img loading=\"lazy\" decoding=\"async\" width=\"772\" height=\"1000\" data-id=\"5508\" src=\"https:\/\/art-mu.fr\/wp-content\/uploads\/2024\/02\/Alain_R_JLM_80753.jpg\" alt=\"\" class=\"wp-image-5508\" srcset=\"https:\/\/art-mu.fr\/wp-content\/uploads\/2024\/02\/Alain_R_JLM_80753.jpg 772w, https:\/\/art-mu.fr\/wp-content\/uploads\/2024\/02\/Alain_R_JLM_80753-232x300.jpg 232w, https:\/\/art-mu.fr\/wp-content\/uploads\/2024\/02\/Alain_R_JLM_80753-768x995.jpg 768w\" sizes=\"(max-width: 772px) 100vw, 772px\" \/><\/figure>\n\n\n\n<figure class=\"wp-block-image size-large\"><img loading=\"lazy\" decoding=\"async\" width=\"656\" height=\"1000\" data-id=\"5513\" src=\"https:\/\/art-mu.fr\/wp-content\/uploads\/2024\/02\/Alain_R_JLM_80752.jpg\" alt=\"\" class=\"wp-image-5513\" srcset=\"https:\/\/art-mu.fr\/wp-content\/uploads\/2024\/02\/Alain_R_JLM_80752.jpg 656w, https:\/\/art-mu.fr\/wp-content\/uploads\/2024\/02\/Alain_R_JLM_80752-197x300.jpg 197w\" sizes=\"(max-width: 656px) 100vw, 656px\" \/><\/figure>\n<\/figure>\n\n\n\n<p><a href=\"https:\/\/art-mu.fr\/?page_id=84#\">Retour au haut de page<\/a><\/p>\n","protected":false},"excerpt":{"rendered":"<p>Mercredi 31 janvier 2024, huit personnes ont r\u00e9pondu pr\u00e9sent pour cet atelier \u00e0 th\u00e8me de dessin de nu (qui s&rsquo;appelait \u00e0 l&rsquo;\u00e9poque \u00ab\u00a0atelier dirig\u00e9 de dessin de nu\u00a0\u00bb car un peu plus dirig\u00e9 qu&rsquo;actuellement), seconde partie d&rsquo;un cycle de deux consacr\u00e9 au \u00e9clairages et en particulier au dessin des partie les plus lumineuses. Lors de [&hellip;]<\/p>\n","protected":false},"author":3,"featured_media":0,"parent":5272,"menu_order":3,"comment_status":"closed","ping_status":"closed","template":"","meta":{"footnotes":""},"class_list":["post-5483","page","type-page","status-publish","hentry"],"_links":{"self":[{"href":"https:\/\/art-mu.fr\/index.php?rest_route=\/wp\/v2\/pages\/5483","targetHints":{"allow":["GET"]}}],"collection":[{"href":"https:\/\/art-mu.fr\/index.php?rest_route=\/wp\/v2\/pages"}],"about":[{"href":"https:\/\/art-mu.fr\/index.php?rest_route=\/wp\/v2\/types\/page"}],"author":[{"embeddable":true,"href":"https:\/\/art-mu.fr\/index.php?rest_route=\/wp\/v2\/users\/3"}],"replies":[{"embeddable":true,"href":"https:\/\/art-mu.fr\/index.php?rest_route=%2Fwp%2Fv2%2Fcomments&post=5483"}],"version-history":[{"count":4,"href":"https:\/\/art-mu.fr\/index.php?rest_route=\/wp\/v2\/pages\/5483\/revisions"}],"predecessor-version":[{"id":5771,"href":"https:\/\/art-mu.fr\/index.php?rest_route=\/wp\/v2\/pages\/5483\/revisions\/5771"}],"up":[{"embeddable":true,"href":"https:\/\/art-mu.fr\/index.php?rest_route=\/wp\/v2\/pages\/5272"}],"wp:attachment":[{"href":"https:\/\/art-mu.fr\/index.php?rest_route=%2Fwp%2Fv2%2Fmedia&parent=5483"}],"curies":[{"name":"wp","href":"https:\/\/api.w.org\/{rel}","templated":true}]}}