{"id":4310,"date":"2022-10-11T14:28:38","date_gmt":"2022-10-11T12:28:38","guid":{"rendered":"https:\/\/art-mu.fr\/?page_id=4310"},"modified":"2022-10-11T20:30:01","modified_gmt":"2022-10-11T18:30:01","slug":"salon-2022-journee-des-ateliers-finissage","status":"publish","type":"page","link":"https:\/\/art-mu.fr\/?page_id=4310","title":{"rendered":"Salon 2022 : journ\u00e9e des ateliers, finissage"},"content":{"rendered":"\n<p><\/p>\n\n\n\n<p>le <strong>dimanche 9 octobre en marge du <a href=\"https:\/\/art-mu.fr\/?page_id=3607\">salon L&rsquo;Art mue 2022<\/a>, a eu lieu une pr\u00e9sentation des cours et ateliers d&rsquo;Art-Mu <\/strong>  sous forme de mini ateliers auxquels plus d&rsquo;une trentaine de personnes ont particip\u00e9 (certains \u00e0 plusieurs ateliers) sous l\u2019\u0153il tout aussi int\u00e9ress\u00e9 d&rsquo;autres visiteurs plus nombreux mais moins volontaires&#8230;.<\/p>\n\n\n\n<ul class=\"wp-block-list\"><li><a href=\"https:\/\/art-mu.fr\/?page_id=72\">Mod\u00e8le vivant<\/a>, qui, pour l&rsquo;occasion ne l&rsquo;\u00e9tait exceptionnellement pas <em>(photo 2 \u00e0 4)<\/em><\/li><li><a href=\"https:\/\/art-mu.fr\/?page_id=109\">Peinture libre<\/a> <em>(photos 5 et 6)<\/em><\/li><li><a href=\"https:\/\/art-mu.fr\/?page_id=84\">De la trace \u00e0 la lettre<\/a> : r\u00e9alisation d&rsquo;un mini-livre (photos 7 \u00e0 9)<\/li><li><a href=\"https:\/\/art-mu.fr\/?page_id=102\">Gravure sur Tetrapak<\/a> <em>(5 derni\u00e8res photos)<\/em><\/li><\/ul>\n\n\n\n<figure class=\"wp-block-gallery has-nested-images columns-2 wp-block-gallery-1 is-layout-flex wp-block-gallery-is-layout-flex\">\n<figure class=\"wp-block-image size-full\"><a href=\"https:\/\/art-mu.fr\/wp-content\/uploads\/2022\/10\/salon2022_atelier_01.jpg\"><img fetchpriority=\"high\" decoding=\"async\" width=\"1000\" height=\"672\" data-id=\"4311\" src=\"https:\/\/art-mu.fr\/wp-content\/uploads\/2022\/10\/salon2022_atelier_01.jpg\" alt=\"\" class=\"wp-image-4311\" srcset=\"https:\/\/art-mu.fr\/wp-content\/uploads\/2022\/10\/salon2022_atelier_01.jpg 1000w, https:\/\/art-mu.fr\/wp-content\/uploads\/2022\/10\/salon2022_atelier_01-300x202.jpg 300w, https:\/\/art-mu.fr\/wp-content\/uploads\/2022\/10\/salon2022_atelier_01-768x516.jpg 768w\" sizes=\"(max-width: 1000px) 100vw, 1000px\" \/><\/a><\/figure>\n\n\n\n<figure class=\"wp-block-image size-full\"><a href=\"https:\/\/art-mu.fr\/wp-content\/uploads\/2022\/10\/salon2022_atelier_02.jpg\"><img decoding=\"async\" width=\"1920\" height=\"1258\" data-id=\"4319\" src=\"https:\/\/art-mu.fr\/wp-content\/uploads\/2022\/10\/salon2022_atelier_02.jpg\" alt=\"\" class=\"wp-image-4319\" srcset=\"https:\/\/art-mu.fr\/wp-content\/uploads\/2022\/10\/salon2022_atelier_02.jpg 1920w, https:\/\/art-mu.fr\/wp-content\/uploads\/2022\/10\/salon2022_atelier_02-300x197.jpg 300w, https:\/\/art-mu.fr\/wp-content\/uploads\/2022\/10\/salon2022_atelier_02-1024x671.jpg 1024w, https:\/\/art-mu.fr\/wp-content\/uploads\/2022\/10\/salon2022_atelier_02-768x503.jpg 768w, https:\/\/art-mu.fr\/wp-content\/uploads\/2022\/10\/salon2022_atelier_02-1536x1006.jpg 1536w\" sizes=\"(max-width: 1920px) 100vw, 1920px\" \/><\/a><\/figure>\n\n\n\n<figure class=\"wp-block-image size-full\"><a href=\"https:\/\/art-mu.fr\/wp-content\/uploads\/2022\/10\/salon2022_atelier_13.jpg\"><img decoding=\"async\" width=\"1024\" height=\"698\" data-id=\"4330\" src=\"https:\/\/art-mu.fr\/wp-content\/uploads\/2022\/10\/salon2022_atelier_13-1024x698.jpg\" alt=\"\" class=\"wp-image-4330\" srcset=\"https:\/\/art-mu.fr\/wp-content\/uploads\/2022\/10\/salon2022_atelier_13-1024x698.jpg 1024w, https:\/\/art-mu.fr\/wp-content\/uploads\/2022\/10\/salon2022_atelier_13-300x204.jpg 300w, https:\/\/art-mu.fr\/wp-content\/uploads\/2022\/10\/salon2022_atelier_13-768x523.jpg 768w, https:\/\/art-mu.fr\/wp-content\/uploads\/2022\/10\/salon2022_atelier_13-1536x1046.jpg 1536w, https:\/\/art-mu.fr\/wp-content\/uploads\/2022\/10\/salon2022_atelier_13.jpg 1920w\" sizes=\"(max-width: 1024px) 100vw, 1024px\" \/><\/a><\/figure>\n\n\n\n<figure class=\"wp-block-image size-full\"><a href=\"https:\/\/art-mu.fr\/wp-content\/uploads\/2022\/10\/salon2022_atelier_12.jpg\"><img loading=\"lazy\" decoding=\"async\" width=\"1024\" height=\"667\" data-id=\"4329\" src=\"https:\/\/art-mu.fr\/wp-content\/uploads\/2022\/10\/salon2022_atelier_12-1024x667.jpg\" alt=\"\" class=\"wp-image-4329\" srcset=\"https:\/\/art-mu.fr\/wp-content\/uploads\/2022\/10\/salon2022_atelier_12-1024x667.jpg 1024w, https:\/\/art-mu.fr\/wp-content\/uploads\/2022\/10\/salon2022_atelier_12-300x195.jpg 300w, https:\/\/art-mu.fr\/wp-content\/uploads\/2022\/10\/salon2022_atelier_12-768x500.jpg 768w, https:\/\/art-mu.fr\/wp-content\/uploads\/2022\/10\/salon2022_atelier_12-1536x1001.jpg 1536w, https:\/\/art-mu.fr\/wp-content\/uploads\/2022\/10\/salon2022_atelier_12.jpg 1920w\" sizes=\"(max-width: 1024px) 100vw, 1024px\" \/><\/a><\/figure>\n\n\n\n<figure class=\"wp-block-image size-full\"><a href=\"https:\/\/art-mu.fr\/wp-content\/uploads\/2022\/10\/salon2022_atelier_03.jpg\"><img loading=\"lazy\" decoding=\"async\" width=\"667\" height=\"1000\" data-id=\"4312\" src=\"https:\/\/art-mu.fr\/wp-content\/uploads\/2022\/10\/salon2022_atelier_03.jpg\" alt=\"\" class=\"wp-image-4312\" srcset=\"https:\/\/art-mu.fr\/wp-content\/uploads\/2022\/10\/salon2022_atelier_03.jpg 667w, https:\/\/art-mu.fr\/wp-content\/uploads\/2022\/10\/salon2022_atelier_03-200x300.jpg 200w\" sizes=\"(max-width: 667px) 100vw, 667px\" \/><\/a><\/figure>\n\n\n\n<figure class=\"wp-block-image size-full\"><a href=\"https:\/\/art-mu.fr\/wp-content\/uploads\/2022\/10\/salon2022_atelier_11.jpg\"><img loading=\"lazy\" decoding=\"async\" width=\"691\" height=\"1000\" data-id=\"4327\" src=\"https:\/\/art-mu.fr\/wp-content\/uploads\/2022\/10\/salon2022_atelier_11.jpg\" alt=\"\" class=\"wp-image-4327\" srcset=\"https:\/\/art-mu.fr\/wp-content\/uploads\/2022\/10\/salon2022_atelier_11.jpg 691w, https:\/\/art-mu.fr\/wp-content\/uploads\/2022\/10\/salon2022_atelier_11-207x300.jpg 207w\" sizes=\"(max-width: 691px) 100vw, 691px\" \/><\/a><\/figure>\n\n\n\n<figure class=\"wp-block-image size-full\"><a href=\"https:\/\/art-mu.fr\/wp-content\/uploads\/2022\/10\/salon2022_atelier_10.jpg\"><img loading=\"lazy\" decoding=\"async\" width=\"1000\" height=\"626\" data-id=\"4328\" src=\"https:\/\/art-mu.fr\/wp-content\/uploads\/2022\/10\/salon2022_atelier_10.jpg\" alt=\"\" class=\"wp-image-4328\" srcset=\"https:\/\/art-mu.fr\/wp-content\/uploads\/2022\/10\/salon2022_atelier_10.jpg 1000w, https:\/\/art-mu.fr\/wp-content\/uploads\/2022\/10\/salon2022_atelier_10-300x188.jpg 300w, https:\/\/art-mu.fr\/wp-content\/uploads\/2022\/10\/salon2022_atelier_10-768x481.jpg 768w\" sizes=\"(max-width: 1000px) 100vw, 1000px\" \/><\/a><\/figure>\n\n\n\n<figure class=\"wp-block-image size-full\"><a href=\"https:\/\/art-mu.fr\/wp-content\/uploads\/2022\/10\/salon2022_atelier_04.jpg\"><img loading=\"lazy\" decoding=\"async\" width=\"1000\" height=\"650\" data-id=\"4314\" src=\"https:\/\/art-mu.fr\/wp-content\/uploads\/2022\/10\/salon2022_atelier_04.jpg\" alt=\"\" class=\"wp-image-4314\" srcset=\"https:\/\/art-mu.fr\/wp-content\/uploads\/2022\/10\/salon2022_atelier_04.jpg 1000w, https:\/\/art-mu.fr\/wp-content\/uploads\/2022\/10\/salon2022_atelier_04-300x195.jpg 300w, https:\/\/art-mu.fr\/wp-content\/uploads\/2022\/10\/salon2022_atelier_04-768x499.jpg 768w\" sizes=\"(max-width: 1000px) 100vw, 1000px\" \/><\/a><\/figure>\n\n\n\n<figure class=\"wp-block-image size-full\"><a href=\"https:\/\/art-mu.fr\/wp-content\/uploads\/2022\/10\/salon2022_atelier_05.jpg\"><img loading=\"lazy\" decoding=\"async\" width=\"1000\" height=\"681\" data-id=\"4313\" src=\"https:\/\/art-mu.fr\/wp-content\/uploads\/2022\/10\/salon2022_atelier_05.jpg\" alt=\"\" class=\"wp-image-4313\" srcset=\"https:\/\/art-mu.fr\/wp-content\/uploads\/2022\/10\/salon2022_atelier_05.jpg 1000w, https:\/\/art-mu.fr\/wp-content\/uploads\/2022\/10\/salon2022_atelier_05-300x204.jpg 300w, https:\/\/art-mu.fr\/wp-content\/uploads\/2022\/10\/salon2022_atelier_05-768x523.jpg 768w\" sizes=\"(max-width: 1000px) 100vw, 1000px\" \/><\/a><\/figure>\n\n\n\n<figure class=\"wp-block-image size-full\"><a href=\"https:\/\/art-mu.fr\/wp-content\/uploads\/2022\/10\/salon2022_atelier_07.jpg\"><img loading=\"lazy\" decoding=\"async\" width=\"1000\" height=\"656\" data-id=\"4315\" src=\"https:\/\/art-mu.fr\/wp-content\/uploads\/2022\/10\/salon2022_atelier_07.jpg\" alt=\"\" class=\"wp-image-4315\" srcset=\"https:\/\/art-mu.fr\/wp-content\/uploads\/2022\/10\/salon2022_atelier_07.jpg 1000w, https:\/\/art-mu.fr\/wp-content\/uploads\/2022\/10\/salon2022_atelier_07-300x197.jpg 300w, https:\/\/art-mu.fr\/wp-content\/uploads\/2022\/10\/salon2022_atelier_07-768x504.jpg 768w\" sizes=\"(max-width: 1000px) 100vw, 1000px\" \/><\/a><\/figure>\n\n\n\n<figure class=\"wp-block-image size-full\"><a href=\"https:\/\/art-mu.fr\/wp-content\/uploads\/2022\/10\/salon2022_atelier_06.jpg\"><img loading=\"lazy\" decoding=\"async\" width=\"1920\" height=\"1315\" data-id=\"4318\" src=\"https:\/\/art-mu.fr\/wp-content\/uploads\/2022\/10\/salon2022_atelier_06.jpg\" alt=\"\" class=\"wp-image-4318\" srcset=\"https:\/\/art-mu.fr\/wp-content\/uploads\/2022\/10\/salon2022_atelier_06.jpg 1920w, https:\/\/art-mu.fr\/wp-content\/uploads\/2022\/10\/salon2022_atelier_06-300x205.jpg 300w, https:\/\/art-mu.fr\/wp-content\/uploads\/2022\/10\/salon2022_atelier_06-1024x701.jpg 1024w, https:\/\/art-mu.fr\/wp-content\/uploads\/2022\/10\/salon2022_atelier_06-768x526.jpg 768w, https:\/\/art-mu.fr\/wp-content\/uploads\/2022\/10\/salon2022_atelier_06-1536x1052.jpg 1536w\" sizes=\"(max-width: 1920px) 100vw, 1920px\" \/><\/a><\/figure>\n\n\n\n<figure class=\"wp-block-image size-full\"><a href=\"https:\/\/art-mu.fr\/wp-content\/uploads\/2022\/10\/salon2022_atelier_08.jpg\"><img loading=\"lazy\" decoding=\"async\" width=\"1000\" height=\"630\" data-id=\"4316\" src=\"https:\/\/art-mu.fr\/wp-content\/uploads\/2022\/10\/salon2022_atelier_08.jpg\" alt=\"\" class=\"wp-image-4316\" srcset=\"https:\/\/art-mu.fr\/wp-content\/uploads\/2022\/10\/salon2022_atelier_08.jpg 1000w, https:\/\/art-mu.fr\/wp-content\/uploads\/2022\/10\/salon2022_atelier_08-300x189.jpg 300w, https:\/\/art-mu.fr\/wp-content\/uploads\/2022\/10\/salon2022_atelier_08-768x484.jpg 768w\" sizes=\"(max-width: 1000px) 100vw, 1000px\" \/><\/a><\/figure>\n\n\n\n<figure class=\"wp-block-image size-full\"><a href=\"https:\/\/art-mu.fr\/wp-content\/uploads\/2022\/10\/salon2022_atelier_09.jpg\"><img loading=\"lazy\" decoding=\"async\" width=\"1920\" height=\"1207\" data-id=\"4317\" src=\"https:\/\/art-mu.fr\/wp-content\/uploads\/2022\/10\/salon2022_atelier_09.jpg\" alt=\"\" class=\"wp-image-4317\" srcset=\"https:\/\/art-mu.fr\/wp-content\/uploads\/2022\/10\/salon2022_atelier_09.jpg 1920w, https:\/\/art-mu.fr\/wp-content\/uploads\/2022\/10\/salon2022_atelier_09-300x189.jpg 300w, https:\/\/art-mu.fr\/wp-content\/uploads\/2022\/10\/salon2022_atelier_09-1024x644.jpg 1024w, https:\/\/art-mu.fr\/wp-content\/uploads\/2022\/10\/salon2022_atelier_09-768x483.jpg 768w, https:\/\/art-mu.fr\/wp-content\/uploads\/2022\/10\/salon2022_atelier_09-1536x966.jpg 1536w\" sizes=\"(max-width: 1920px) 100vw, 1920px\" \/><\/a><\/figure>\n\n\n\n<figure class=\"wp-block-image size-full\"><a href=\"https:\/\/art-mu.fr\/wp-content\/uploads\/2022\/10\/salon2022_atelier_14.jpg\"><img loading=\"lazy\" decoding=\"async\" width=\"681\" height=\"1000\" data-id=\"4326\" src=\"https:\/\/art-mu.fr\/wp-content\/uploads\/2022\/10\/salon2022_atelier_14.jpg\" alt=\"\" class=\"wp-image-4326\" srcset=\"https:\/\/art-mu.fr\/wp-content\/uploads\/2022\/10\/salon2022_atelier_14.jpg 681w, https:\/\/art-mu.fr\/wp-content\/uploads\/2022\/10\/salon2022_atelier_14-204x300.jpg 204w\" sizes=\"(max-width: 681px) 100vw, 681px\" \/><\/a><\/figure>\n<\/figure>\n\n\n\n<hr class=\"wp-block-separator has-alpha-channel-opacity\"\/>\n\n\n\n<p><strong>T\u00e9l\u00e9charger les 4 posters de pr\u00e9sentation des cours et atelier<\/strong>s ainsi que le poster de pr\u00e9sntation d&rsquo;Art-Mu<\/p>\n\n\n\n<div class=\"wp-block-file\"><a id=\"wp-block-file--media-bfb689ad-01fd-42b0-bbb2-304b2c704de4\" href=\"https:\/\/art-mu.fr\/wp-content\/uploads\/2022\/10\/Posters_ateliers.pdf\"><strong>Posters_ateliers<\/strong><\/a><a href=\"https:\/\/art-mu.fr\/wp-content\/uploads\/2022\/10\/Posters_ateliers.pdf\" class=\"wp-block-file__button\" download aria-describedby=\"wp-block-file--media-bfb689ad-01fd-42b0-bbb2-304b2c704de4\">T\u00e9l\u00e9charger<\/a><\/div>\n\n\n\n<hr class=\"wp-block-separator has-alpha-channel-opacity\"\/>\n\n\n\n<p>Et le dimanche soir, apr\u00e8s le d\u00e9montage complet de l&rsquo;exposition, <strong>pot de finissage<\/strong> entre les artistes exposants afin que ceux-ci puissent faire davantage connaissance et tirer un premier bilan de ce salon. Merci \u00e0 Anne-Marie pour l&rsquo;organisation de ce pot.<\/p>\n\n\n\n<figure class=\"wp-block-gallery has-nested-images columns-1 wp-block-gallery-2 is-layout-flex wp-block-gallery-is-layout-flex\">\n<figure class=\"wp-block-image size-full\"><a href=\"https:\/\/art-mu.fr\/wp-content\/uploads\/2022\/10\/salon2022_finiss2.jpg\"><img loading=\"lazy\" decoding=\"async\" width=\"1000\" height=\"635\" data-id=\"4320\" src=\"https:\/\/art-mu.fr\/wp-content\/uploads\/2022\/10\/salon2022_finiss2.jpg\" alt=\"\" class=\"wp-image-4320\" srcset=\"https:\/\/art-mu.fr\/wp-content\/uploads\/2022\/10\/salon2022_finiss2.jpg 1000w, https:\/\/art-mu.fr\/wp-content\/uploads\/2022\/10\/salon2022_finiss2-300x191.jpg 300w, https:\/\/art-mu.fr\/wp-content\/uploads\/2022\/10\/salon2022_finiss2-768x488.jpg 768w\" sizes=\"(max-width: 1000px) 100vw, 1000px\" \/><\/a><\/figure>\n\n\n\n<figure class=\"wp-block-image size-full\"><a href=\"https:\/\/art-mu.fr\/wp-content\/uploads\/2022\/10\/salon2022_finiss1.jpg\"><img loading=\"lazy\" decoding=\"async\" width=\"1000\" height=\"703\" data-id=\"4321\" src=\"https:\/\/art-mu.fr\/wp-content\/uploads\/2022\/10\/salon2022_finiss1.jpg\" alt=\"\" class=\"wp-image-4321\" srcset=\"https:\/\/art-mu.fr\/wp-content\/uploads\/2022\/10\/salon2022_finiss1.jpg 1000w, https:\/\/art-mu.fr\/wp-content\/uploads\/2022\/10\/salon2022_finiss1-300x211.jpg 300w, https:\/\/art-mu.fr\/wp-content\/uploads\/2022\/10\/salon2022_finiss1-768x540.jpg 768w\" sizes=\"(max-width: 1000px) 100vw, 1000px\" \/><\/a><\/figure>\n<\/figure>\n\n\n\n<p><em>Nota : si certaines personnes reconnaissables sur ces photos souhaitent ne pas appara\u00eetre sur le pr\u00e9sent site qu&rsquo;elles <a href=\"https:\/\/art-mu.fr\/?page_id=2\" data-type=\"page\" data-id=\"2\">nous en informent<\/a> et nous flouterons ou supprimerons les photos&#8230;<\/em><\/p>\n\n\n\n<p>-&gt;Voir les <a href=\"https:\/\/art-mu.fr\/?page_id=3573\" data-type=\"page\" data-id=\"3573\"><strong>r\u00e9sultats de l&rsquo;oeuvre participative<\/strong><\/a><\/p>\n\n\n\n<div class=\"wp-block-buttons is-content-justification-center is-layout-flex wp-block-buttons-is-layout-flex\">\n<div class=\"wp-block-button is-style-outline is-style-outline--3\"><a class=\"wp-block-button__link has-blue-color has-light-gray-background-color has-text-color has-background\" href=\"#\">Retour au haut de page<\/a><\/div>\n<\/div>\n","protected":false},"excerpt":{"rendered":"<p>le dimanche 9 octobre en marge du salon L&rsquo;Art mue 2022, a eu lieu une pr\u00e9sentation des cours et ateliers d&rsquo;Art-Mu sous forme de mini ateliers auxquels plus d&rsquo;une trentaine de personnes ont particip\u00e9 (certains \u00e0 plusieurs ateliers) sous l\u2019\u0153il tout aussi int\u00e9ress\u00e9 d&rsquo;autres visiteurs plus nombreux mais moins volontaires&#8230;. Mod\u00e8le vivant, qui, pour l&rsquo;occasion [&hellip;]<\/p>\n","protected":false},"author":3,"featured_media":0,"parent":3607,"menu_order":4,"comment_status":"closed","ping_status":"closed","template":"","meta":{"footnotes":""},"class_list":["post-4310","page","type-page","status-publish","hentry"],"_links":{"self":[{"href":"https:\/\/art-mu.fr\/index.php?rest_route=\/wp\/v2\/pages\/4310","targetHints":{"allow":["GET"]}}],"collection":[{"href":"https:\/\/art-mu.fr\/index.php?rest_route=\/wp\/v2\/pages"}],"about":[{"href":"https:\/\/art-mu.fr\/index.php?rest_route=\/wp\/v2\/types\/page"}],"author":[{"embeddable":true,"href":"https:\/\/art-mu.fr\/index.php?rest_route=\/wp\/v2\/users\/3"}],"replies":[{"embeddable":true,"href":"https:\/\/art-mu.fr\/index.php?rest_route=%2Fwp%2Fv2%2Fcomments&post=4310"}],"version-history":[{"count":5,"href":"https:\/\/art-mu.fr\/index.php?rest_route=\/wp\/v2\/pages\/4310\/revisions"}],"predecessor-version":[{"id":4339,"href":"https:\/\/art-mu.fr\/index.php?rest_route=\/wp\/v2\/pages\/4310\/revisions\/4339"}],"up":[{"embeddable":true,"href":"https:\/\/art-mu.fr\/index.php?rest_route=\/wp\/v2\/pages\/3607"}],"wp:attachment":[{"href":"https:\/\/art-mu.fr\/index.php?rest_route=%2Fwp%2Fv2%2Fmedia&parent=4310"}],"curies":[{"name":"wp","href":"https:\/\/api.w.org\/{rel}","templated":true}]}}