{"id":3831,"date":"2022-10-03T11:39:08","date_gmt":"2022-10-03T09:39:08","guid":{"rendered":"https:\/\/art-mu.fr\/?page_id=3831"},"modified":"2022-11-03T20:01:46","modified_gmt":"2022-11-03T18:01:46","slug":"quizz-visuel-pour-ceux-qui-ont-visite-le-salon-lart-mue-2022","status":"publish","type":"page","link":"https:\/\/art-mu.fr\/?page_id=3831","title":{"rendered":"Quizz visuel pour ceux qui ont visit\u00e9 le salon L&rsquo;Art mue 2022&#8230;."},"content":{"rendered":"\n<p>20 d\u00e9tails d&rsquo;oeuvres pr\u00e9sent\u00e9es au <a href=\"https:\/\/art-mu.fr\/?page_id=3607\" data-type=\"page\" data-id=\"3607\">salon l&rsquo;Art mue 2022<\/a>, souvent atypiques, \u00e0 reconna\u00eetre&#8230;. pour celles et ceux qui ont visit\u00e9 le salon mais \u00e9galement pour ceux qui ont regard\u00e9 les pages de photos et vid\u00e9os <em>(mais pour eux c&rsquo;est plus facile quoique&#8230;.)<\/em><\/p>\n\n\n\n<figure class=\"wp-block-gallery has-nested-images columns-2 wp-block-gallery-1 is-layout-flex wp-block-gallery-is-layout-flex\">\n<figure class=\"wp-block-image size-full\"><a href=\"https:\/\/art-mu.fr\/wp-content\/uploads\/2022\/10\/2022salon_quizz22.jpg\"><img fetchpriority=\"high\" decoding=\"async\" width=\"1000\" height=\"667\" data-id=\"3853\" src=\"https:\/\/art-mu.fr\/wp-content\/uploads\/2022\/10\/2022salon_quizz22.jpg\" alt=\"\" class=\"wp-image-3853\" srcset=\"https:\/\/art-mu.fr\/wp-content\/uploads\/2022\/10\/2022salon_quizz22.jpg 1000w, https:\/\/art-mu.fr\/wp-content\/uploads\/2022\/10\/2022salon_quizz22-300x200.jpg 300w, https:\/\/art-mu.fr\/wp-content\/uploads\/2022\/10\/2022salon_quizz22-768x512.jpg 768w\" sizes=\"(max-width: 1000px) 100vw, 1000px\" \/><\/a><\/figure>\n\n\n\n<figure class=\"wp-block-image size-full\"><a href=\"https:\/\/art-mu.fr\/wp-content\/uploads\/2022\/10\/2022salon_quizz03.jpg\"><img decoding=\"async\" width=\"1000\" height=\"608\" data-id=\"3835\" src=\"https:\/\/art-mu.fr\/wp-content\/uploads\/2022\/10\/2022salon_quizz03.jpg\" alt=\"\" class=\"wp-image-3835\" srcset=\"https:\/\/art-mu.fr\/wp-content\/uploads\/2022\/10\/2022salon_quizz03.jpg 1000w, https:\/\/art-mu.fr\/wp-content\/uploads\/2022\/10\/2022salon_quizz03-300x182.jpg 300w, https:\/\/art-mu.fr\/wp-content\/uploads\/2022\/10\/2022salon_quizz03-768x467.jpg 768w\" sizes=\"(max-width: 1000px) 100vw, 1000px\" \/><\/a><\/figure>\n\n\n\n<figure class=\"wp-block-image size-full\"><a href=\"https:\/\/art-mu.fr\/wp-content\/uploads\/2022\/10\/2022salon_quizz01.jpg\"><img decoding=\"async\" width=\"667\" height=\"1000\" data-id=\"3832\" src=\"https:\/\/art-mu.fr\/wp-content\/uploads\/2022\/10\/2022salon_quizz01.jpg\" alt=\"\" class=\"wp-image-3832\" srcset=\"https:\/\/art-mu.fr\/wp-content\/uploads\/2022\/10\/2022salon_quizz01.jpg 667w, https:\/\/art-mu.fr\/wp-content\/uploads\/2022\/10\/2022salon_quizz01-200x300.jpg 200w\" sizes=\"(max-width: 667px) 100vw, 667px\" \/><\/a><\/figure>\n\n\n\n<figure class=\"wp-block-image size-full\"><a href=\"https:\/\/art-mu.fr\/wp-content\/uploads\/2022\/10\/2022salon_quizz04.jpg\"><img loading=\"lazy\" decoding=\"async\" width=\"752\" height=\"1000\" data-id=\"3837\" src=\"https:\/\/art-mu.fr\/wp-content\/uploads\/2022\/10\/2022salon_quizz04.jpg\" alt=\"\" class=\"wp-image-3837\" srcset=\"https:\/\/art-mu.fr\/wp-content\/uploads\/2022\/10\/2022salon_quizz04.jpg 752w, https:\/\/art-mu.fr\/wp-content\/uploads\/2022\/10\/2022salon_quizz04-226x300.jpg 226w\" sizes=\"(max-width: 752px) 100vw, 752px\" \/><\/a><\/figure>\n\n\n\n<figure class=\"wp-block-image size-full\"><a href=\"https:\/\/art-mu.fr\/wp-content\/uploads\/2022\/10\/2022salon_quizz21.jpg\"><img loading=\"lazy\" decoding=\"async\" width=\"680\" height=\"1000\" data-id=\"3852\" src=\"https:\/\/art-mu.fr\/wp-content\/uploads\/2022\/10\/2022salon_quizz21.jpg\" alt=\"\" class=\"wp-image-3852\" srcset=\"https:\/\/art-mu.fr\/wp-content\/uploads\/2022\/10\/2022salon_quizz21.jpg 680w, https:\/\/art-mu.fr\/wp-content\/uploads\/2022\/10\/2022salon_quizz21-204x300.jpg 204w\" sizes=\"(max-width: 680px) 100vw, 680px\" \/><\/a><\/figure>\n\n\n\n<figure class=\"wp-block-image size-full\"><a href=\"https:\/\/art-mu.fr\/wp-content\/uploads\/2022\/10\/2022salon_quizz06.jpg\"><img loading=\"lazy\" decoding=\"async\" width=\"648\" height=\"1000\" data-id=\"3839\" src=\"https:\/\/art-mu.fr\/wp-content\/uploads\/2022\/10\/2022salon_quizz06.jpg\" alt=\"\" class=\"wp-image-3839\" srcset=\"https:\/\/art-mu.fr\/wp-content\/uploads\/2022\/10\/2022salon_quizz06.jpg 648w, https:\/\/art-mu.fr\/wp-content\/uploads\/2022\/10\/2022salon_quizz06-194x300.jpg 194w\" sizes=\"(max-width: 648px) 100vw, 648px\" \/><\/a><\/figure>\n\n\n\n<figure class=\"wp-block-image size-full\"><a href=\"https:\/\/art-mu.fr\/wp-content\/uploads\/2022\/10\/2022salon_quizz07.jpg\"><img loading=\"lazy\" decoding=\"async\" width=\"1174\" height=\"1920\" data-id=\"3846\" src=\"https:\/\/art-mu.fr\/wp-content\/uploads\/2022\/10\/2022salon_quizz07.jpg\" alt=\"\" class=\"wp-image-3846\" srcset=\"https:\/\/art-mu.fr\/wp-content\/uploads\/2022\/10\/2022salon_quizz07.jpg 1174w, https:\/\/art-mu.fr\/wp-content\/uploads\/2022\/10\/2022salon_quizz07-183x300.jpg 183w, https:\/\/art-mu.fr\/wp-content\/uploads\/2022\/10\/2022salon_quizz07-626x1024.jpg 626w, https:\/\/art-mu.fr\/wp-content\/uploads\/2022\/10\/2022salon_quizz07-768x1256.jpg 768w, https:\/\/art-mu.fr\/wp-content\/uploads\/2022\/10\/2022salon_quizz07-939x1536.jpg 939w\" sizes=\"(max-width: 1174px) 100vw, 1174px\" \/><\/a><\/figure>\n\n\n\n<figure class=\"wp-block-image size-full\"><a href=\"https:\/\/art-mu.fr\/wp-content\/uploads\/2022\/10\/2022salon_quizz11.jpg\"><img loading=\"lazy\" decoding=\"async\" width=\"629\" height=\"1000\" data-id=\"3843\" src=\"https:\/\/art-mu.fr\/wp-content\/uploads\/2022\/10\/2022salon_quizz11.jpg\" alt=\"\" class=\"wp-image-3843\" srcset=\"https:\/\/art-mu.fr\/wp-content\/uploads\/2022\/10\/2022salon_quizz11.jpg 629w, https:\/\/art-mu.fr\/wp-content\/uploads\/2022\/10\/2022salon_quizz11-189x300.jpg 189w\" sizes=\"(max-width: 629px) 100vw, 629px\" \/><\/a><\/figure>\n\n\n\n<figure class=\"wp-block-image size-full\"><a href=\"https:\/\/art-mu.fr\/wp-content\/uploads\/2022\/10\/2022salon_quizz08.jpg\"><img loading=\"lazy\" decoding=\"async\" width=\"1000\" height=\"667\" data-id=\"3838\" src=\"https:\/\/art-mu.fr\/wp-content\/uploads\/2022\/10\/2022salon_quizz08.jpg\" alt=\"\" class=\"wp-image-3838\" srcset=\"https:\/\/art-mu.fr\/wp-content\/uploads\/2022\/10\/2022salon_quizz08.jpg 1000w, https:\/\/art-mu.fr\/wp-content\/uploads\/2022\/10\/2022salon_quizz08-300x200.jpg 300w, https:\/\/art-mu.fr\/wp-content\/uploads\/2022\/10\/2022salon_quizz08-768x512.jpg 768w\" sizes=\"(max-width: 1000px) 100vw, 1000px\" \/><\/a><\/figure>\n\n\n\n<figure class=\"wp-block-image size-full\"><a href=\"https:\/\/art-mu.fr\/wp-content\/uploads\/2022\/10\/2022salon_quizz09.jpg\"><img loading=\"lazy\" decoding=\"async\" width=\"1920\" height=\"1193\" data-id=\"3845\" src=\"https:\/\/art-mu.fr\/wp-content\/uploads\/2022\/10\/2022salon_quizz09.jpg\" alt=\"\" class=\"wp-image-3845\" srcset=\"https:\/\/art-mu.fr\/wp-content\/uploads\/2022\/10\/2022salon_quizz09.jpg 1920w, https:\/\/art-mu.fr\/wp-content\/uploads\/2022\/10\/2022salon_quizz09-300x186.jpg 300w, https:\/\/art-mu.fr\/wp-content\/uploads\/2022\/10\/2022salon_quizz09-1024x636.jpg 1024w, https:\/\/art-mu.fr\/wp-content\/uploads\/2022\/10\/2022salon_quizz09-768x477.jpg 768w, https:\/\/art-mu.fr\/wp-content\/uploads\/2022\/10\/2022salon_quizz09-1536x954.jpg 1536w\" sizes=\"(max-width: 1920px) 100vw, 1920px\" \/><\/a><\/figure>\n\n\n\n<figure class=\"wp-block-image size-full\"><a href=\"https:\/\/art-mu.fr\/wp-content\/uploads\/2022\/10\/2022salon_quizz10.jpg\"><img loading=\"lazy\" decoding=\"async\" width=\"1662\" height=\"989\" data-id=\"3844\" src=\"https:\/\/art-mu.fr\/wp-content\/uploads\/2022\/10\/2022salon_quizz10.jpg\" alt=\"\" class=\"wp-image-3844\" srcset=\"https:\/\/art-mu.fr\/wp-content\/uploads\/2022\/10\/2022salon_quizz10.jpg 1662w, https:\/\/art-mu.fr\/wp-content\/uploads\/2022\/10\/2022salon_quizz10-300x179.jpg 300w, https:\/\/art-mu.fr\/wp-content\/uploads\/2022\/10\/2022salon_quizz10-1024x609.jpg 1024w, https:\/\/art-mu.fr\/wp-content\/uploads\/2022\/10\/2022salon_quizz10-768x457.jpg 768w, https:\/\/art-mu.fr\/wp-content\/uploads\/2022\/10\/2022salon_quizz10-1536x914.jpg 1536w\" sizes=\"(max-width: 1662px) 100vw, 1662px\" \/><\/a><\/figure>\n\n\n\n<figure class=\"wp-block-image size-full\"><a href=\"https:\/\/art-mu.fr\/wp-content\/uploads\/2022\/10\/2022salon_quizz12.jpg\"><img loading=\"lazy\" decoding=\"async\" width=\"1000\" height=\"667\" data-id=\"3836\" src=\"https:\/\/art-mu.fr\/wp-content\/uploads\/2022\/10\/2022salon_quizz12.jpg\" alt=\"\" class=\"wp-image-3836\" srcset=\"https:\/\/art-mu.fr\/wp-content\/uploads\/2022\/10\/2022salon_quizz12.jpg 1000w, https:\/\/art-mu.fr\/wp-content\/uploads\/2022\/10\/2022salon_quizz12-300x200.jpg 300w, https:\/\/art-mu.fr\/wp-content\/uploads\/2022\/10\/2022salon_quizz12-768x512.jpg 768w\" sizes=\"(max-width: 1000px) 100vw, 1000px\" \/><\/a><\/figure>\n\n\n\n<figure class=\"wp-block-image size-full\"><a href=\"https:\/\/art-mu.fr\/wp-content\/uploads\/2022\/10\/2022salon_quizz13.jpg\"><img loading=\"lazy\" decoding=\"async\" width=\"1000\" height=\"667\" data-id=\"3841\" src=\"https:\/\/art-mu.fr\/wp-content\/uploads\/2022\/10\/2022salon_quizz13.jpg\" alt=\"\" class=\"wp-image-3841\" srcset=\"https:\/\/art-mu.fr\/wp-content\/uploads\/2022\/10\/2022salon_quizz13.jpg 1000w, https:\/\/art-mu.fr\/wp-content\/uploads\/2022\/10\/2022salon_quizz13-300x200.jpg 300w, https:\/\/art-mu.fr\/wp-content\/uploads\/2022\/10\/2022salon_quizz13-768x512.jpg 768w\" sizes=\"(max-width: 1000px) 100vw, 1000px\" \/><\/a><\/figure>\n\n\n\n<figure class=\"wp-block-image size-full\"><a href=\"https:\/\/art-mu.fr\/wp-content\/uploads\/2022\/10\/2022salon_quizz14.jpg\"><img loading=\"lazy\" decoding=\"async\" width=\"1000\" height=\"620\" data-id=\"3833\" src=\"https:\/\/art-mu.fr\/wp-content\/uploads\/2022\/10\/2022salon_quizz14.jpg\" alt=\"\" class=\"wp-image-3833\" srcset=\"https:\/\/art-mu.fr\/wp-content\/uploads\/2022\/10\/2022salon_quizz14.jpg 1000w, https:\/\/art-mu.fr\/wp-content\/uploads\/2022\/10\/2022salon_quizz14-300x186.jpg 300w, https:\/\/art-mu.fr\/wp-content\/uploads\/2022\/10\/2022salon_quizz14-768x476.jpg 768w\" sizes=\"(max-width: 1000px) 100vw, 1000px\" \/><\/a><\/figure>\n\n\n\n<figure class=\"wp-block-image size-full\"><a href=\"https:\/\/art-mu.fr\/wp-content\/uploads\/2022\/10\/2022salon_quizz15.jpg\"><img loading=\"lazy\" decoding=\"async\" width=\"1000\" height=\"628\" data-id=\"3840\" src=\"https:\/\/art-mu.fr\/wp-content\/uploads\/2022\/10\/2022salon_quizz15.jpg\" alt=\"\" class=\"wp-image-3840\" srcset=\"https:\/\/art-mu.fr\/wp-content\/uploads\/2022\/10\/2022salon_quizz15.jpg 1000w, https:\/\/art-mu.fr\/wp-content\/uploads\/2022\/10\/2022salon_quizz15-300x188.jpg 300w, https:\/\/art-mu.fr\/wp-content\/uploads\/2022\/10\/2022salon_quizz15-768x482.jpg 768w\" sizes=\"(max-width: 1000px) 100vw, 1000px\" \/><\/a><\/figure>\n\n\n\n<figure class=\"wp-block-image size-full\"><a href=\"https:\/\/art-mu.fr\/wp-content\/uploads\/2022\/10\/2022salon_quizz17.jpg\"><img loading=\"lazy\" decoding=\"async\" width=\"1920\" height=\"1280\" data-id=\"3851\" src=\"https:\/\/art-mu.fr\/wp-content\/uploads\/2022\/10\/2022salon_quizz17.jpg\" alt=\"\" class=\"wp-image-3851\" srcset=\"https:\/\/art-mu.fr\/wp-content\/uploads\/2022\/10\/2022salon_quizz17.jpg 1920w, https:\/\/art-mu.fr\/wp-content\/uploads\/2022\/10\/2022salon_quizz17-300x200.jpg 300w, https:\/\/art-mu.fr\/wp-content\/uploads\/2022\/10\/2022salon_quizz17-1024x683.jpg 1024w, https:\/\/art-mu.fr\/wp-content\/uploads\/2022\/10\/2022salon_quizz17-768x512.jpg 768w, https:\/\/art-mu.fr\/wp-content\/uploads\/2022\/10\/2022salon_quizz17-1536x1024.jpg 1536w\" sizes=\"(max-width: 1920px) 100vw, 1920px\" \/><\/a><\/figure>\n\n\n\n<figure class=\"wp-block-image size-full\"><a href=\"https:\/\/art-mu.fr\/wp-content\/uploads\/2022\/10\/2022salon_quizz18.jpg\"><img loading=\"lazy\" decoding=\"async\" width=\"1920\" height=\"1396\" data-id=\"3848\" src=\"https:\/\/art-mu.fr\/wp-content\/uploads\/2022\/10\/2022salon_quizz18.jpg\" alt=\"\" class=\"wp-image-3848\" srcset=\"https:\/\/art-mu.fr\/wp-content\/uploads\/2022\/10\/2022salon_quizz18.jpg 1920w, https:\/\/art-mu.fr\/wp-content\/uploads\/2022\/10\/2022salon_quizz18-300x218.jpg 300w, https:\/\/art-mu.fr\/wp-content\/uploads\/2022\/10\/2022salon_quizz18-1024x745.jpg 1024w, https:\/\/art-mu.fr\/wp-content\/uploads\/2022\/10\/2022salon_quizz18-768x558.jpg 768w, https:\/\/art-mu.fr\/wp-content\/uploads\/2022\/10\/2022salon_quizz18-1536x1117.jpg 1536w\" sizes=\"(max-width: 1920px) 100vw, 1920px\" \/><\/a><\/figure>\n\n\n\n<figure class=\"wp-block-image size-full\"><a href=\"https:\/\/art-mu.fr\/wp-content\/uploads\/2022\/10\/2022salon_quizz19.jpg\"><img loading=\"lazy\" decoding=\"async\" width=\"1920\" height=\"1153\" data-id=\"3849\" src=\"https:\/\/art-mu.fr\/wp-content\/uploads\/2022\/10\/2022salon_quizz19.jpg\" alt=\"\" class=\"wp-image-3849\" srcset=\"https:\/\/art-mu.fr\/wp-content\/uploads\/2022\/10\/2022salon_quizz19.jpg 1920w, https:\/\/art-mu.fr\/wp-content\/uploads\/2022\/10\/2022salon_quizz19-300x180.jpg 300w, https:\/\/art-mu.fr\/wp-content\/uploads\/2022\/10\/2022salon_quizz19-1024x615.jpg 1024w, https:\/\/art-mu.fr\/wp-content\/uploads\/2022\/10\/2022salon_quizz19-768x461.jpg 768w, https:\/\/art-mu.fr\/wp-content\/uploads\/2022\/10\/2022salon_quizz19-1536x922.jpg 1536w\" sizes=\"(max-width: 1920px) 100vw, 1920px\" \/><\/a><\/figure>\n\n\n\n<figure class=\"wp-block-image size-full\"><a href=\"https:\/\/art-mu.fr\/wp-content\/uploads\/2022\/10\/2022salon_quizz16.jpg\"><img loading=\"lazy\" decoding=\"async\" width=\"672\" height=\"1000\" data-id=\"3842\" src=\"https:\/\/art-mu.fr\/wp-content\/uploads\/2022\/10\/2022salon_quizz16.jpg\" alt=\"\" class=\"wp-image-3842\" srcset=\"https:\/\/art-mu.fr\/wp-content\/uploads\/2022\/10\/2022salon_quizz16.jpg 672w, https:\/\/art-mu.fr\/wp-content\/uploads\/2022\/10\/2022salon_quizz16-202x300.jpg 202w\" sizes=\"(max-width: 672px) 100vw, 672px\" \/><\/a><\/figure>\n\n\n\n<figure class=\"wp-block-image size-full\"><a href=\"https:\/\/art-mu.fr\/wp-content\/uploads\/2022\/10\/2022salon_quizz20.jpg\"><img loading=\"lazy\" decoding=\"async\" width=\"1421\" height=\"1920\" data-id=\"3847\" src=\"https:\/\/art-mu.fr\/wp-content\/uploads\/2022\/10\/2022salon_quizz20.jpg\" alt=\"\" class=\"wp-image-3847\" srcset=\"https:\/\/art-mu.fr\/wp-content\/uploads\/2022\/10\/2022salon_quizz20.jpg 1421w, https:\/\/art-mu.fr\/wp-content\/uploads\/2022\/10\/2022salon_quizz20-222x300.jpg 222w, https:\/\/art-mu.fr\/wp-content\/uploads\/2022\/10\/2022salon_quizz20-758x1024.jpg 758w, https:\/\/art-mu.fr\/wp-content\/uploads\/2022\/10\/2022salon_quizz20-768x1038.jpg 768w, https:\/\/art-mu.fr\/wp-content\/uploads\/2022\/10\/2022salon_quizz20-1137x1536.jpg 1137w\" sizes=\"(max-width: 1421px) 100vw, 1421px\" \/><\/a><\/figure>\n<\/figure>\n\n\n\n<p>Et deux questions subsidiaires : <\/p>\n\n\n\n<ul class=\"wp-block-list\">\n<li>quelle est la marque de la bi\u00e8re pr\u00e9sente sur l&rsquo;oeuvre qui a re\u00e7u le Grand prix ?<\/li>\n\n\n\n<li>quel est l&rsquo;\u00e9crivain qui a \u00e9crit \u00ab\u00a0(&#8230;) laborieusement et fr\u00e9n\u00e9tiquement parfois l&rsquo;artiste mue (&#8230;)\u00a0\u00bb<\/li>\n<\/ul>\n\n\n\n<p><\/p>\n\n\n\n<p><strong>Les solutions<\/strong> sont \u00e0 rechercher sur la <a href=\"https:\/\/art-mu.fr\/?page_id=3972\" data-type=\"page\" data-id=\"3972\"><strong>page pr\u00e9sentant les oeuvres expos\u00e9es <\/strong>lors de cette \u00e9dition<\/a><\/p>\n\n\n\n<div class=\"wp-block-buttons is-horizontal is-content-justification-center is-layout-flex wp-container-core-buttons-is-layout-03627597 wp-block-buttons-is-layout-flex\">\n<div class=\"wp-block-button is-style-outline is-style-outline--2\"><a class=\"wp-block-button__link has-blue-color has-light-gray-background-color has-text-color has-background wp-element-button\" href=\"#\">Retour au haut de page<\/a><\/div>\n<\/div>\n\n\n\n<p><\/p>\n","protected":false},"excerpt":{"rendered":"<p>20 d\u00e9tails d&rsquo;oeuvres pr\u00e9sent\u00e9es au salon l&rsquo;Art mue 2022, souvent atypiques, \u00e0 reconna\u00eetre&#8230;. pour celles et ceux qui ont visit\u00e9 le salon mais \u00e9galement pour ceux qui ont regard\u00e9 les pages de photos et vid\u00e9os (mais pour eux c&rsquo;est plus facile quoique&#8230;.) Et deux questions subsidiaires : Les solutions sont \u00e0 rechercher sur la page [&hellip;]<\/p>\n","protected":false},"author":3,"featured_media":0,"parent":3607,"menu_order":4,"comment_status":"closed","ping_status":"closed","template":"","meta":{"footnotes":""},"class_list":["post-3831","page","type-page","status-publish","hentry"],"_links":{"self":[{"href":"https:\/\/art-mu.fr\/index.php?rest_route=\/wp\/v2\/pages\/3831","targetHints":{"allow":["GET"]}}],"collection":[{"href":"https:\/\/art-mu.fr\/index.php?rest_route=\/wp\/v2\/pages"}],"about":[{"href":"https:\/\/art-mu.fr\/index.php?rest_route=\/wp\/v2\/types\/page"}],"author":[{"embeddable":true,"href":"https:\/\/art-mu.fr\/index.php?rest_route=\/wp\/v2\/users\/3"}],"replies":[{"embeddable":true,"href":"https:\/\/art-mu.fr\/index.php?rest_route=%2Fwp%2Fv2%2Fcomments&post=3831"}],"version-history":[{"count":6,"href":"https:\/\/art-mu.fr\/index.php?rest_route=\/wp\/v2\/pages\/3831\/revisions"}],"predecessor-version":[{"id":4402,"href":"https:\/\/art-mu.fr\/index.php?rest_route=\/wp\/v2\/pages\/3831\/revisions\/4402"}],"up":[{"embeddable":true,"href":"https:\/\/art-mu.fr\/index.php?rest_route=\/wp\/v2\/pages\/3607"}],"wp:attachment":[{"href":"https:\/\/art-mu.fr\/index.php?rest_route=%2Fwp%2Fv2%2Fmedia&parent=3831"}],"curies":[{"name":"wp","href":"https:\/\/api.w.org\/{rel}","templated":true}]}}