{"id":3706,"date":"2022-09-26T08:54:51","date_gmt":"2022-09-26T06:54:51","guid":{"rendered":"https:\/\/art-mu.fr\/?page_id=3706"},"modified":"2022-10-11T20:26:09","modified_gmt":"2022-10-11T18:26:09","slug":"salon-2022-vernissage-et-remise-des-prix","status":"publish","type":"page","link":"https:\/\/art-mu.fr\/?page_id=3706","title":{"rendered":"Salon 2022 : Vernissage et remise des prix"},"content":{"rendered":"\n<p>Quelques photos du vernissage du salon biennal <a href=\"https:\/\/art-mu.fr\/?page_id=3607\" data-type=\"page\" data-id=\"3607\">L&rsquo;art mue 2022<\/a> <\/p>\n\n\n\n<p>Les discours de Dimitri Sokolwsky adjoint \u00e0 la culture de Montigny-l\u00e8s-Metz puis Catherine Vistorky, membre du bureau d&rsquo;Art&rsquo;Mu<\/p>\n\n\n\n<figure class=\"wp-block-gallery has-nested-images columns-default wp-block-gallery-1 is-layout-flex wp-block-gallery-is-layout-flex\">\n<figure class=\"wp-block-image size-full\"><a href=\"https:\/\/art-mu.fr\/wp-content\/uploads\/2022\/09\/2022salon_vernis_01.jpg\"><img fetchpriority=\"high\" decoding=\"async\" width=\"1000\" height=\"667\" data-id=\"3709\" src=\"https:\/\/art-mu.fr\/wp-content\/uploads\/2022\/09\/2022salon_vernis_01.jpg\" alt=\"\" class=\"wp-image-3709\" srcset=\"https:\/\/art-mu.fr\/wp-content\/uploads\/2022\/09\/2022salon_vernis_01.jpg 1000w, https:\/\/art-mu.fr\/wp-content\/uploads\/2022\/09\/2022salon_vernis_01-300x200.jpg 300w, https:\/\/art-mu.fr\/wp-content\/uploads\/2022\/09\/2022salon_vernis_01-768x512.jpg 768w\" sizes=\"(max-width: 1000px) 100vw, 1000px\" \/><\/a><\/figure>\n\n\n\n<figure class=\"wp-block-image size-full\"><a href=\"https:\/\/art-mu.fr\/wp-content\/uploads\/2022\/09\/2022salon_vernis_02.jpg\"><img decoding=\"async\" width=\"1000\" height=\"658\" data-id=\"3708\" src=\"https:\/\/art-mu.fr\/wp-content\/uploads\/2022\/09\/2022salon_vernis_02.jpg\" alt=\"\" class=\"wp-image-3708\" srcset=\"https:\/\/art-mu.fr\/wp-content\/uploads\/2022\/09\/2022salon_vernis_02.jpg 1000w, https:\/\/art-mu.fr\/wp-content\/uploads\/2022\/09\/2022salon_vernis_02-300x197.jpg 300w, https:\/\/art-mu.fr\/wp-content\/uploads\/2022\/09\/2022salon_vernis_02-768x505.jpg 768w\" sizes=\"(max-width: 1000px) 100vw, 1000px\" \/><\/a><\/figure>\n\n\n\n<figure class=\"wp-block-image size-full\"><a href=\"https:\/\/art-mu.fr\/wp-content\/uploads\/2022\/09\/2022salon_vernis_03.jpg\"><img decoding=\"async\" width=\"1000\" height=\"654\" data-id=\"3707\" src=\"https:\/\/art-mu.fr\/wp-content\/uploads\/2022\/09\/2022salon_vernis_03.jpg\" alt=\"\" class=\"wp-image-3707\" srcset=\"https:\/\/art-mu.fr\/wp-content\/uploads\/2022\/09\/2022salon_vernis_03.jpg 1000w, https:\/\/art-mu.fr\/wp-content\/uploads\/2022\/09\/2022salon_vernis_03-300x196.jpg 300w, https:\/\/art-mu.fr\/wp-content\/uploads\/2022\/09\/2022salon_vernis_03-768x502.jpg 768w\" sizes=\"(max-width: 1000px) 100vw, 1000px\" \/><\/a><\/figure>\n<\/figure>\n\n\n\n<p>La remise des prix aux laur\u00e9ats : dans l&rsquo;ordre des photos et ordre croissant des prix : Evelyne Contadin, Dominique M\u00e9tais, Paul Schnebele, Alain Bauchat, Isabelle Stangel, Gr\u00e9gory Dupont et Yves G\u00e9raud, grand prix.  <\/p>\n\n\n\n<p><em>D\u00e9sol\u00e9 mais Alain Porte, prix du Cr\u00e9dit Mutuel n&rsquo;a pu \u00eatre pris en photo lors de cette remise, vous le retrouverez toutefois devant son oeuvre sur la <a href=\"https:\/\/art-mu.fr\/?page_id=3607\" data-type=\"page\" data-id=\"3607\">page du salon 2022<\/a>)<\/em><\/p>\n\n\n\n<figure class=\"wp-block-gallery has-nested-images columns-2 wp-block-gallery-2 is-layout-flex wp-block-gallery-is-layout-flex\">\n<figure class=\"wp-block-image size-large\"><a href=\"https:\/\/art-mu.fr\/wp-content\/uploads\/2022\/09\/2022salon_vernis_04.jpg\"><img loading=\"lazy\" decoding=\"async\" width=\"1024\" height=\"684\" data-id=\"3716\" src=\"https:\/\/art-mu.fr\/wp-content\/uploads\/2022\/09\/2022salon_vernis_04-1024x684.jpg\" alt=\"\" class=\"wp-image-3716\" srcset=\"https:\/\/art-mu.fr\/wp-content\/uploads\/2022\/09\/2022salon_vernis_04-1024x684.jpg 1024w, https:\/\/art-mu.fr\/wp-content\/uploads\/2022\/09\/2022salon_vernis_04-300x200.jpg 300w, https:\/\/art-mu.fr\/wp-content\/uploads\/2022\/09\/2022salon_vernis_04-768x513.jpg 768w, https:\/\/art-mu.fr\/wp-content\/uploads\/2022\/09\/2022salon_vernis_04-1536x1026.jpg 1536w, https:\/\/art-mu.fr\/wp-content\/uploads\/2022\/09\/2022salon_vernis_04.jpg 1920w\" sizes=\"(max-width: 1024px) 100vw, 1024px\" \/><\/a><\/figure>\n\n\n\n<figure class=\"wp-block-image size-large\"><a href=\"https:\/\/art-mu.fr\/wp-content\/uploads\/2022\/09\/2022salon_vernis_05-1.jpg\"><img loading=\"lazy\" decoding=\"async\" width=\"1000\" height=\"617\" data-id=\"3717\" src=\"https:\/\/art-mu.fr\/wp-content\/uploads\/2022\/09\/2022salon_vernis_05-1.jpg\" alt=\"\" class=\"wp-image-3717\" srcset=\"https:\/\/art-mu.fr\/wp-content\/uploads\/2022\/09\/2022salon_vernis_05-1.jpg 1000w, https:\/\/art-mu.fr\/wp-content\/uploads\/2022\/09\/2022salon_vernis_05-1-300x185.jpg 300w, https:\/\/art-mu.fr\/wp-content\/uploads\/2022\/09\/2022salon_vernis_05-1-768x474.jpg 768w\" sizes=\"(max-width: 1000px) 100vw, 1000px\" \/><\/a><\/figure>\n\n\n\n<figure class=\"wp-block-image size-large\"><a href=\"https:\/\/art-mu.fr\/wp-content\/uploads\/2022\/09\/2022salon_vernis_06.jpg\"><img loading=\"lazy\" decoding=\"async\" width=\"1024\" height=\"687\" data-id=\"3714\" src=\"https:\/\/art-mu.fr\/wp-content\/uploads\/2022\/09\/2022salon_vernis_06-1024x687.jpg\" alt=\"\" class=\"wp-image-3714\" srcset=\"https:\/\/art-mu.fr\/wp-content\/uploads\/2022\/09\/2022salon_vernis_06-1024x687.jpg 1024w, https:\/\/art-mu.fr\/wp-content\/uploads\/2022\/09\/2022salon_vernis_06-300x201.jpg 300w, https:\/\/art-mu.fr\/wp-content\/uploads\/2022\/09\/2022salon_vernis_06-768x515.jpg 768w, https:\/\/art-mu.fr\/wp-content\/uploads\/2022\/09\/2022salon_vernis_06-1536x1030.jpg 1536w, https:\/\/art-mu.fr\/wp-content\/uploads\/2022\/09\/2022salon_vernis_06.jpg 1920w\" sizes=\"(max-width: 1024px) 100vw, 1024px\" \/><\/a><\/figure>\n\n\n\n<figure class=\"wp-block-image size-large\"><a href=\"https:\/\/art-mu.fr\/wp-content\/uploads\/2022\/09\/2022salon_vernis_07.jpg\"><img loading=\"lazy\" decoding=\"async\" width=\"1024\" height=\"698\" data-id=\"3713\" src=\"https:\/\/art-mu.fr\/wp-content\/uploads\/2022\/09\/2022salon_vernis_07-1024x698.jpg\" alt=\"\" class=\"wp-image-3713\" srcset=\"https:\/\/art-mu.fr\/wp-content\/uploads\/2022\/09\/2022salon_vernis_07-1024x698.jpg 1024w, https:\/\/art-mu.fr\/wp-content\/uploads\/2022\/09\/2022salon_vernis_07-300x205.jpg 300w, https:\/\/art-mu.fr\/wp-content\/uploads\/2022\/09\/2022salon_vernis_07-768x524.jpg 768w, https:\/\/art-mu.fr\/wp-content\/uploads\/2022\/09\/2022salon_vernis_07-1536x1047.jpg 1536w, https:\/\/art-mu.fr\/wp-content\/uploads\/2022\/09\/2022salon_vernis_07.jpg 1920w\" sizes=\"(max-width: 1024px) 100vw, 1024px\" \/><\/a><\/figure>\n\n\n\n<figure class=\"wp-block-image size-large\"><a href=\"https:\/\/art-mu.fr\/wp-content\/uploads\/2022\/09\/2022salon_vernis_08.jpg\"><img loading=\"lazy\" decoding=\"async\" width=\"1024\" height=\"666\" data-id=\"3712\" src=\"https:\/\/art-mu.fr\/wp-content\/uploads\/2022\/09\/2022salon_vernis_08-1024x666.jpg\" alt=\"\" class=\"wp-image-3712\" srcset=\"https:\/\/art-mu.fr\/wp-content\/uploads\/2022\/09\/2022salon_vernis_08-1024x666.jpg 1024w, https:\/\/art-mu.fr\/wp-content\/uploads\/2022\/09\/2022salon_vernis_08-300x195.jpg 300w, https:\/\/art-mu.fr\/wp-content\/uploads\/2022\/09\/2022salon_vernis_08-768x500.jpg 768w, https:\/\/art-mu.fr\/wp-content\/uploads\/2022\/09\/2022salon_vernis_08-1536x999.jpg 1536w, https:\/\/art-mu.fr\/wp-content\/uploads\/2022\/09\/2022salon_vernis_08.jpg 1920w\" sizes=\"(max-width: 1024px) 100vw, 1024px\" \/><\/a><\/figure>\n\n\n\n<figure class=\"wp-block-image size-large\"><a href=\"https:\/\/art-mu.fr\/wp-content\/uploads\/2022\/09\/2022salon_vernis_09.jpg\"><img loading=\"lazy\" decoding=\"async\" width=\"1024\" height=\"682\" data-id=\"3711\" src=\"https:\/\/art-mu.fr\/wp-content\/uploads\/2022\/09\/2022salon_vernis_09-1024x682.jpg\" alt=\"\" class=\"wp-image-3711\" srcset=\"https:\/\/art-mu.fr\/wp-content\/uploads\/2022\/09\/2022salon_vernis_09-1024x682.jpg 1024w, https:\/\/art-mu.fr\/wp-content\/uploads\/2022\/09\/2022salon_vernis_09-300x200.jpg 300w, https:\/\/art-mu.fr\/wp-content\/uploads\/2022\/09\/2022salon_vernis_09-768x512.jpg 768w, https:\/\/art-mu.fr\/wp-content\/uploads\/2022\/09\/2022salon_vernis_09-1536x1023.jpg 1536w, https:\/\/art-mu.fr\/wp-content\/uploads\/2022\/09\/2022salon_vernis_09.jpg 1920w\" sizes=\"(max-width: 1024px) 100vw, 1024px\" \/><\/a><\/figure>\n\n\n\n<figure class=\"wp-block-image size-large\"><a href=\"https:\/\/art-mu.fr\/wp-content\/uploads\/2022\/09\/2022salon_vernis_10.jpg\"><img loading=\"lazy\" decoding=\"async\" width=\"1024\" height=\"666\" data-id=\"3715\" src=\"https:\/\/art-mu.fr\/wp-content\/uploads\/2022\/09\/2022salon_vernis_10-1024x666.jpg\" alt=\"\" class=\"wp-image-3715\" srcset=\"https:\/\/art-mu.fr\/wp-content\/uploads\/2022\/09\/2022salon_vernis_10-1024x666.jpg 1024w, https:\/\/art-mu.fr\/wp-content\/uploads\/2022\/09\/2022salon_vernis_10-300x195.jpg 300w, https:\/\/art-mu.fr\/wp-content\/uploads\/2022\/09\/2022salon_vernis_10-768x499.jpg 768w, https:\/\/art-mu.fr\/wp-content\/uploads\/2022\/09\/2022salon_vernis_10-1536x998.jpg 1536w, https:\/\/art-mu.fr\/wp-content\/uploads\/2022\/09\/2022salon_vernis_10.jpg 1920w\" sizes=\"(max-width: 1024px) 100vw, 1024px\" \/><\/a><\/figure>\n<\/figure>\n\n\n\n<p>Le mot du Maire sur la situation en Italie :<\/p>\n\n\n\n<figure class=\"wp-block-gallery has-nested-images columns-default wp-block-gallery-3 is-layout-flex wp-block-gallery-is-layout-flex\">\n<figure class=\"wp-block-image size-full\"><a href=\"https:\/\/art-mu.fr\/wp-content\/uploads\/2022\/09\/2022salon_vernis_12.jpg\"><img loading=\"lazy\" decoding=\"async\" width=\"1000\" height=\"625\" data-id=\"3719\" src=\"https:\/\/art-mu.fr\/wp-content\/uploads\/2022\/09\/2022salon_vernis_12.jpg\" alt=\"\" class=\"wp-image-3719\" srcset=\"https:\/\/art-mu.fr\/wp-content\/uploads\/2022\/09\/2022salon_vernis_12.jpg 1000w, https:\/\/art-mu.fr\/wp-content\/uploads\/2022\/09\/2022salon_vernis_12-300x188.jpg 300w, https:\/\/art-mu.fr\/wp-content\/uploads\/2022\/09\/2022salon_vernis_12-768x480.jpg 768w\" sizes=\"(max-width: 1000px) 100vw, 1000px\" \/><\/a><\/figure>\n\n\n\n<figure class=\"wp-block-image size-full\"><a href=\"https:\/\/art-mu.fr\/wp-content\/uploads\/2022\/09\/2022salon_vernis_11.jpg\"><img loading=\"lazy\" decoding=\"async\" width=\"1920\" height=\"1244\" data-id=\"3720\" src=\"https:\/\/art-mu.fr\/wp-content\/uploads\/2022\/09\/2022salon_vernis_11.jpg\" alt=\"\" class=\"wp-image-3720\" srcset=\"https:\/\/art-mu.fr\/wp-content\/uploads\/2022\/09\/2022salon_vernis_11.jpg 1920w, https:\/\/art-mu.fr\/wp-content\/uploads\/2022\/09\/2022salon_vernis_11-300x194.jpg 300w, https:\/\/art-mu.fr\/wp-content\/uploads\/2022\/09\/2022salon_vernis_11-1024x663.jpg 1024w, https:\/\/art-mu.fr\/wp-content\/uploads\/2022\/09\/2022salon_vernis_11-768x498.jpg 768w, https:\/\/art-mu.fr\/wp-content\/uploads\/2022\/09\/2022salon_vernis_11-1536x995.jpg 1536w\" sizes=\"(max-width: 1920px) 100vw, 1920px\" \/><\/a><\/figure>\n<\/figure>\n\n\n\n<p>Le buffet :  les b\u00e9n\u00e9voles charg\u00e9s du service et Christiane charg\u00e9e de son organisation :<\/p>\n\n\n\n<figure class=\"wp-block-gallery has-nested-images columns-2 wp-block-gallery-4 is-layout-flex wp-block-gallery-is-layout-flex\">\n<figure class=\"wp-block-image size-full\"><a href=\"https:\/\/art-mu.fr\/wp-content\/uploads\/2022\/09\/2022salon_vernis_14.jpg\"><img loading=\"lazy\" decoding=\"async\" width=\"1920\" height=\"1310\" data-id=\"3722\" src=\"https:\/\/art-mu.fr\/wp-content\/uploads\/2022\/09\/2022salon_vernis_14.jpg\" alt=\"\" class=\"wp-image-3722\" srcset=\"https:\/\/art-mu.fr\/wp-content\/uploads\/2022\/09\/2022salon_vernis_14.jpg 1920w, https:\/\/art-mu.fr\/wp-content\/uploads\/2022\/09\/2022salon_vernis_14-300x205.jpg 300w, https:\/\/art-mu.fr\/wp-content\/uploads\/2022\/09\/2022salon_vernis_14-1024x699.jpg 1024w, https:\/\/art-mu.fr\/wp-content\/uploads\/2022\/09\/2022salon_vernis_14-768x524.jpg 768w, https:\/\/art-mu.fr\/wp-content\/uploads\/2022\/09\/2022salon_vernis_14-1536x1048.jpg 1536w\" sizes=\"(max-width: 1920px) 100vw, 1920px\" \/><\/a><\/figure>\n\n\n\n<figure class=\"wp-block-image size-full\"><a href=\"https:\/\/art-mu.fr\/wp-content\/uploads\/2022\/09\/2022salon_vernis_13.jpg\"><img loading=\"lazy\" decoding=\"async\" width=\"692\" height=\"1000\" data-id=\"3721\" src=\"https:\/\/art-mu.fr\/wp-content\/uploads\/2022\/09\/2022salon_vernis_13.jpg\" alt=\"\" class=\"wp-image-3721\" srcset=\"https:\/\/art-mu.fr\/wp-content\/uploads\/2022\/09\/2022salon_vernis_13.jpg 692w, https:\/\/art-mu.fr\/wp-content\/uploads\/2022\/09\/2022salon_vernis_13-208x300.jpg 208w\" sizes=\"(max-width: 692px) 100vw, 692px\" \/><\/a><\/figure>\n<\/figure>\n\n\n\n<p><a href=\"https:\/\/art-mu.fr\/?page_id=4310\" data-type=\"page\" data-id=\"4310\">Voir les photos de la pr\u00e9sentation des ateliers et du finissage<\/a> 16 jours plus tard (dimanche 9 octobre)<\/p>\n\n\n\n<div class=\"wp-block-buttons is-content-justification-center is-layout-flex wp-block-buttons-is-layout-flex\">\n<div class=\"wp-block-button is-style-outline is-style-outline--5\"><a class=\"wp-block-button__link has-blue-color has-light-gray-background-color has-text-color has-background\" href=\"#\">Retour au haut de page<\/a><\/div>\n<\/div>\n","protected":false},"excerpt":{"rendered":"<p>Quelques photos du vernissage du salon biennal L&rsquo;art mue 2022 Les discours de Dimitri Sokolwsky adjoint \u00e0 la culture de Montigny-l\u00e8s-Metz puis Catherine Vistorky, membre du bureau d&rsquo;Art&rsquo;Mu La remise des prix aux laur\u00e9ats : dans l&rsquo;ordre des photos et ordre croissant des prix : Evelyne Contadin, Dominique M\u00e9tais, Paul Schnebele, Alain Bauchat, Isabelle Stangel, [&hellip;]<\/p>\n","protected":false},"author":3,"featured_media":0,"parent":3607,"menu_order":4,"comment_status":"closed","ping_status":"closed","template":"","meta":{"footnotes":""},"class_list":["post-3706","page","type-page","status-publish","hentry"],"_links":{"self":[{"href":"https:\/\/art-mu.fr\/index.php?rest_route=\/wp\/v2\/pages\/3706","targetHints":{"allow":["GET"]}}],"collection":[{"href":"https:\/\/art-mu.fr\/index.php?rest_route=\/wp\/v2\/pages"}],"about":[{"href":"https:\/\/art-mu.fr\/index.php?rest_route=\/wp\/v2\/types\/page"}],"author":[{"embeddable":true,"href":"https:\/\/art-mu.fr\/index.php?rest_route=\/wp\/v2\/users\/3"}],"replies":[{"embeddable":true,"href":"https:\/\/art-mu.fr\/index.php?rest_route=%2Fwp%2Fv2%2Fcomments&post=3706"}],"version-history":[{"count":3,"href":"https:\/\/art-mu.fr\/index.php?rest_route=\/wp\/v2\/pages\/3706\/revisions"}],"predecessor-version":[{"id":4334,"href":"https:\/\/art-mu.fr\/index.php?rest_route=\/wp\/v2\/pages\/3706\/revisions\/4334"}],"up":[{"embeddable":true,"href":"https:\/\/art-mu.fr\/index.php?rest_route=\/wp\/v2\/pages\/3607"}],"wp:attachment":[{"href":"https:\/\/art-mu.fr\/index.php?rest_route=%2Fwp%2Fv2%2Fmedia&parent=3706"}],"curies":[{"name":"wp","href":"https:\/\/api.w.org\/{rel}","templated":true}]}}