{"id":2955,"date":"2021-08-31T17:55:28","date_gmt":"2021-08-31T15:55:28","guid":{"rendered":"https:\/\/art-mu.fr\/?page_id=2955"},"modified":"2021-08-31T17:57:52","modified_gmt":"2021-08-31T15:57:52","slug":"les-artistes-de-lassociation","status":"publish","type":"page","link":"https:\/\/art-mu.fr\/?page_id=2955","title":{"rendered":"Les artistes de l&rsquo;association"},"content":{"rendered":"\n<p>L&rsquo;association Art-Mu a \u00e9t\u00e9 cr\u00e9\u00e9e par un collectif d&rsquo;artistes pour un partage d&rsquo;activit\u00e9s, d&rsquo;expositions et de visites. Elle s&rsquo;ouvre cependant \u00e9galement aux d\u00e9butants qui souhaitent profiter des <a href=\"https:\/\/art-mu.fr\/?page_id=25\" data-type=\"page\" data-id=\"25\">ateliers libres ou plus encadr\u00e9s, des stages<\/a>, des <a href=\"https:\/\/art-mu.fr\/?page_id=1002\" data-type=\"page\" data-id=\"1002\">visites et voyages<\/a> etc&#8230;<\/p>\n\n\n\n<p>Les membres qui se sentent plus aguerris peuvent profiter  du pr\u00e9sent site pour :<\/p>\n\n\n\n<ul class=\"wp-block-list\"><li>faire conna\u00eetre leur travail au sein de la <a href=\"https:\/\/art-mu.fr\/?page_id=61\" data-type=\"page\" data-id=\"61\">galerie des artistes<\/a> (\u00e9chantillon de leurs oeuvre, liens vers leur sites et r\u00e9seaux sociaux, renvoi vers des oeuvres pr\u00e9sent\u00e9s sur d&rsquo;autres page du pr\u00e9sent site&#8230;)<\/li><li><a href=\"https:\/\/art-mu.fr\/?page_id=1872\" data-type=\"page\" data-id=\"1872\">annoncer les prochaines expositions<\/a> auxquels ils participent. N&rsquo;h\u00e9sitez pas \u00e0 leur y rendre visite&#8230;<\/li><\/ul>\n\n\n\n<p>Ce service n&rsquo;est offert qu&rsquo;aux membres \u00e0 jour de leur cotisation&#8230;<\/p>\n\n\n\n<div class=\"wp-block-buttons is-content-justification-center is-layout-flex wp-block-buttons-is-layout-flex\">\n<div class=\"wp-block-button is-style-outline is-style-outline--1\"><a class=\"wp-block-button__link has-blue-color has-light-gray-background-color has-text-color has-background\" href=\"#\">Retour au haut de page<\/a><\/div>\n<\/div>\n","protected":false},"excerpt":{"rendered":"<p>L&rsquo;association Art-Mu a \u00e9t\u00e9 cr\u00e9\u00e9e par un collectif d&rsquo;artistes pour un partage d&rsquo;activit\u00e9s, d&rsquo;expositions et de visites. Elle s&rsquo;ouvre cependant \u00e9galement aux d\u00e9butants qui souhaitent profiter des ateliers libres ou plus encadr\u00e9s, des stages, des visites et voyages etc&#8230; Les membres qui se sentent plus aguerris peuvent profiter du pr\u00e9sent site pour : faire conna\u00eetre [&hellip;]<\/p>\n","protected":false},"author":3,"featured_media":0,"parent":0,"menu_order":1,"comment_status":"closed","ping_status":"closed","template":"","meta":{"footnotes":""},"class_list":["post-2955","page","type-page","status-publish","hentry"],"_links":{"self":[{"href":"https:\/\/art-mu.fr\/index.php?rest_route=\/wp\/v2\/pages\/2955","targetHints":{"allow":["GET"]}}],"collection":[{"href":"https:\/\/art-mu.fr\/index.php?rest_route=\/wp\/v2\/pages"}],"about":[{"href":"https:\/\/art-mu.fr\/index.php?rest_route=\/wp\/v2\/types\/page"}],"author":[{"embeddable":true,"href":"https:\/\/art-mu.fr\/index.php?rest_route=\/wp\/v2\/users\/3"}],"replies":[{"embeddable":true,"href":"https:\/\/art-mu.fr\/index.php?rest_route=%2Fwp%2Fv2%2Fcomments&post=2955"}],"version-history":[{"count":2,"href":"https:\/\/art-mu.fr\/index.php?rest_route=\/wp\/v2\/pages\/2955\/revisions"}],"predecessor-version":[{"id":2958,"href":"https:\/\/art-mu.fr\/index.php?rest_route=\/wp\/v2\/pages\/2955\/revisions\/2958"}],"wp:attachment":[{"href":"https:\/\/art-mu.fr\/index.php?rest_route=%2Fwp%2Fv2%2Fmedia&parent=2955"}],"curies":[{"name":"wp","href":"https:\/\/api.w.org\/{rel}","templated":true}]}}