

{"id":2,"date":"2021-08-07T18:28:33","date_gmt":"2021-08-07T18:28:33","guid":{"rendered":"https:\/\/art-mu.fr\/?page_id=2"},"modified":"2026-04-12T11:05:05","modified_gmt":"2026-04-12T09:05:05","slug":"sample-page","status":"publish","type":"page","link":"https:\/\/art-mu.fr\/?page_id=2","title":{"rendered":"Adresse, Contact, Adh\u00e9sion"},"content":{"rendered":"\n<p>Adresse de l&rsquo;association (pour courriers postaux) et de l&rsquo;atelier : <\/p>\n\n\n\n<div class=\"wp-block-group is-layout-flow wp-block-group-is-layout-flow\">\n<p>Association Art-Mu,  <br>Ecole primaire Saint-Exup\u00e9ry, <br>All\u00e9e Saint-Exup\u00e9ry<br>57950 Montigny-l\u00e8s-Metz<\/p>\n<\/div>\n\n\n\n<p><strong>Attention nouveau mail de contact<\/strong> depuis novembre 2023 : <a href=\"mailto:artmu@nomagic.fr\"><a href=\"mailto:artmuMLM@proton.me\" target=\"_blank\" rel=\"noreferrer noopener\">artmuMLM@proton.me<\/a><\/a><\/p>\n\n\n\n<p><strong>Plan de situation du local : <\/strong><\/p>\n\n\n\n        <div id=\"map_ol3js_1\"\n       class=\"osm-map-container undefined\"\n             data-map_name=\"undefined\"\n             data-map=\"map_ol3js_1\"\n             style=\"width:95%;\n                    max-width:100%;\n                    height:450px;\n                    display:block;\n                    overflow:hidden;\n                    border:2px solid grey;\">\n          <div id=\"map_ol3js_1_popup\" class=\"ol-popup\">\n            <a href=\"#\" id=\"map_ol3js_1_popup-closer\" class=\"ol-popup-closer\"><\/a>\n            <div id=\"map_ol3js_1_popup-content\"><\/div>\n          <\/div>\n        <\/div>\n    \n\n\t\t\t\t<script type=\"text\/javascript\">\n\t\t\t\t\ttranslations['openlayer'] = \"open layer\";\n\t\t\t\t\ttranslations['openlayerAtStartup'] = \"open layer at startup\";\n\t\t\t\t\ttranslations['generateLink'] = \"link to this map with opened layers\";\n\t\t\t\t\ttranslations['shortDescription'] = \"short description\";\n\t\t\t\t\ttranslations['generatedShortCode'] = \"to get a text control link paste this code in your wordpress editor\";\n\t\t\t\t\ttranslations['closeLayer'] = \"close layer\";\n\t\t\t\t\ttranslations['cantGenerateLink'] = \"put this string in the existing map short code to control this map\";\n\t\t\t  <\/script>\n\n\n\t\t\t  <script type=\"text\/javascript\">\n\t\t\t  vectorM['map_ol3js_1'] = [];\n\t        \n        var raster = getTileLayer(\"osm\",\"NoKey\");\t\t\t\n\n\t\t\t  var map_ol3js_1 = new ol.Map({\n\t\t\t\tinteractions: ol.interaction.defaults.defaults({mouseWheelZoom:false}),\n\t\t\t\tlayers: [raster],\n\t\t\t\ttarget: \"map_ol3js_1\",\n\t\t\t\tview: new ol.View({\n\t\t\t\t  center: ol.proj.transform([6.1518,49.0862], \"EPSG:4326\", \"EPSG:3857\"),\n\t\t\t\t  zoom: 17.0\n\t\t\t\t})\n\t\t\t  });\n\t\t\t  osm_addMarkerLayer(map_ol3js_1,6.1525,49.0863,\"https:\/\/art-mu.fr\/wp-content\/plugins\/osm\/icons\/mic_red_pinother_02.png\",-16,-41,\"<p>Atelier au fond de l&apos;impasse St-Exup\u00e9ry<\/p>\") ; \naddControls2Map(map_ol3js_1,0,0,3,0,5,6,7,0,1);\nosm_addPopupClickhandler(map_ol3js_1,  \"map_ol3js_1\"); \nosm_addMouseHover(map_ol3js_1); <\/script>\n\n\n\n<p><\/p>\n\n\n\n<p><strong>Acc\u00e8s en voiture<\/strong> par la rue de Marly : <strong>prendre l&rsquo;impasse<\/strong> (all\u00e9e St-Exup\u00e9ry) <strong>au pied du ch\u00e2teau d&rsquo;eau bleu<\/strong> et <strong>aller en voiture jusqu&rsquo;au bout de celle-ci<\/strong> en passant sous un petit toit en arc de cercle (cf trait jaune sur les photos ci-dessous). <br>Entrer dans la cour par la grille blanche presque en face du terrain de basket (un tout petit peu avant)<br>Possibilit\u00e9 de stationner dans la cour devant l&rsquo;entr\u00e9e (porte bleue).<\/p>\n\n\n\n<figure class=\"wp-block-gallery has-nested-images columns-default wp-block-gallery-1 is-layout-flex wp-block-gallery-is-layout-flex\">\n<figure class=\"wp-block-image size-large\"><a href=\"https:\/\/art-mu.fr\/wp-content\/uploads\/2022\/11\/plan_st_exupery-voiture.jpg\"><img fetchpriority=\"high\" decoding=\"async\" width=\"1024\" height=\"721\" data-id=\"4469\" src=\"https:\/\/art-mu.fr\/wp-content\/uploads\/2022\/11\/plan_st_exupery-voiture-1024x721.jpg\" alt=\"\" class=\"wp-image-4469\" srcset=\"https:\/\/art-mu.fr\/wp-content\/uploads\/2022\/11\/plan_st_exupery-voiture-1024x721.jpg 1024w, https:\/\/art-mu.fr\/wp-content\/uploads\/2022\/11\/plan_st_exupery-voiture-300x211.jpg 300w, https:\/\/art-mu.fr\/wp-content\/uploads\/2022\/11\/plan_st_exupery-voiture-768x541.jpg 768w, https:\/\/art-mu.fr\/wp-content\/uploads\/2022\/11\/plan_st_exupery-voiture.jpg 1189w\" sizes=\"(max-width: 1024px) 100vw, 1024px\" \/><\/a><\/figure>\n<\/figure>\n\n\n\n<figure class=\"wp-block-image size-full\"><img decoding=\"async\" width=\"800\" height=\"555\" src=\"https:\/\/art-mu.fr\/wp-content\/uploads\/2024\/11\/acces-parking-local.jpg\" alt=\"\" class=\"wp-image-7318\" srcset=\"https:\/\/art-mu.fr\/wp-content\/uploads\/2024\/11\/acces-parking-local.jpg 800w, https:\/\/art-mu.fr\/wp-content\/uploads\/2024\/11\/acces-parking-local-300x208.jpg 300w, https:\/\/art-mu.fr\/wp-content\/uploads\/2024\/11\/acces-parking-local-768x533.jpg 768w\" sizes=\"(max-width: 800px) 100vw, 800px\" \/><\/figure>\n\n\n\n<p><strong>Acc\u00e8s en bus <\/strong>:<\/p>\n\n\n\n<p>&gt; par les lignes L2 et 13 : arr\u00eat Costes et Bellonte : revenir un peu en arri\u00e8re dans la rue Franiatte, prendre la Rue de Blory sur la droite,  puis un passage \u00e0 gauche sous un immeuble menant \u00e0 l&rsquo;arri\u00e8re du bout de l&rsquo;\u00e9cole.<\/p>\n\n\n\n<p>&gt; par la ligne L3 (direction Montigny-Saint-Privat) arr\u00eat \u00ab\u00a0Volontaires\u00a0\u00bb, poursuivre \u00e0 pied dans le sens du bus puis prendre l&rsquo;impasse au pied du ch\u00e2teau d&rsquo;eau bleu et aller jusqu&rsquo;au bout de celle-ci (cf trait jaune sur les photos ci-dessus)<\/p>\n\n\n\n<p><strong>Bureau :<\/strong><\/p>\n\n\n\n<p>Suite \u00e0 l&rsquo;AG de novembre 2025 qui a reconduit la pr\u00e9sidente et \u00e9lu un nouveau comit\u00e9 plus et en attendant que ce dernier d\u00e9signe  un nouveau secr\u00e9taire et un nouveau tr\u00e9sorier, le bureau est toujours constitu\u00e9 de :<br><strong>Pr\u00e9sidente <\/strong>: Nathalie BAUCHAT<\/p>\n\n\n\n<p><strong>Tr\u00e9sorier<\/strong> : Fabien CARRE<br><strong>Tr\u00e9sori\u00e8re adjointe<\/strong> : Evelyne CONTADIN<\/p>\n\n\n\n<p>Pour renseignement et inscription \u00e0 chaque atelier ou stage, utiliser le contact indiqu\u00e9 \u00e0 la page correspondante du pr\u00e9sent site.<\/p>\n\n\n\n<p><strong>Adh\u00e9sion 2024-25<\/strong>: les adh\u00e9sions pour l&rsquo;ann\u00e9e 2025-26 (aux tarifs inchang\u00e9s de 30 euros, 20 euros pour les conjoints, 10 euros pour les personnes en difficult\u00e9s financi\u00e8res) sont ouvertes.<\/p>\n\n\n\n<p>L&rsquo;adh\u00e9sion pour une ann\u00e9e est ouverte \u00e0 compter du 1er septembre et est valable jusqu&rsquo;\u00e0 mi-novembre de l&rsquo;ann\u00e9e suivante : elle doit \u00eatre renouvel\u00e9e avant l&rsquo;assembl\u00e9e g\u00e9n\u00e9rale qui se tient vers cette date.<\/p>\n\n\n\n<p>Pour les cours et ateliers il est possible d&rsquo;assister \u00e0 une premi\u00e8re s\u00e9ance sans adh\u00e9rer. Ceci ne vaut ni pour les stages et autres activit\u00e9s, ni pour les renouvellements d&rsquo;adh\u00e9sion.<\/p>\n\n\n\n<ul class=\"wp-block-list\">\n<li>bulletin d&rsquo;adh\u00e9sion en format pdf :<\/li>\n<\/ul>\n\n\n\n<div data-wp-interactive=\"core\/file\" class=\"wp-block-file\"><object data-wp-bind--hidden=\"!state.hasPdfPreview\" hidden class=\"wp-block-file__embed\" data=\"https:\/\/art-mu.fr\/wp-content\/uploads\/2023\/09\/2023_08_Bulletin_Adhesion_Art-Mu.pdf\" type=\"application\/pdf\" style=\"width:100%;height:600px\" aria-label=\"Contenu embarqu\u00e9 2023_08_Bulletin_Adhesion_Art-Mu.\"><\/object><a id=\"wp-block-file--media-b10ebbea-1c54-44a6-aa6a-f9bf57343fd5\" href=\"https:\/\/art-mu.fr\/wp-content\/uploads\/2023\/09\/2023_08_Bulletin_Adhesion_Art-Mu.pdf\" target=\"_blank\" rel=\"noreferrer noopener\">2023_08_Bulletin_Adhesion_Art-Mu<\/a><a href=\"https:\/\/art-mu.fr\/wp-content\/uploads\/2023\/09\/2023_08_Bulletin_Adhesion_Art-Mu.pdf\" class=\"wp-block-file__button wp-element-button\" download aria-describedby=\"wp-block-file--media-b10ebbea-1c54-44a6-aa6a-f9bf57343fd5\">T\u00e9l\u00e9charger<\/a><\/div>\n\n\n\n<p>Conform\u00e9ment \u00e0 l&rsquo;article 12 de la loi du 24 ao\u00fbt 2021, Art-Mu b\u00e9n\u00e9ficiant de subventions, ses membres s&rsquo;engagent, lors de leur adh\u00e9sion annuelle \u00e0 respecter le contrat d&rsquo;engagement r\u00e9publicain ci-dessous.<\/p>\n\n\n\n<div data-wp-interactive=\"core\/file\" class=\"wp-block-file\"><object data-wp-bind--hidden=\"!state.hasPdfPreview\" hidden class=\"wp-block-file__embed\" data=\"https:\/\/art-mu.fr\/wp-content\/uploads\/2022\/11\/contrat-d-engagement-republicain.pdf\" type=\"application\/pdf\" style=\"width:100%;height:600px\" aria-label=\"Contenu embarqu\u00e9 contrat-d-engagement-republicain.\"><\/object><a id=\"wp-block-file--media-5b5937e8-811f-4d34-b89a-fc35271e2703\" href=\"https:\/\/art-mu.fr\/wp-content\/uploads\/2022\/11\/contrat-d-engagement-republicain.pdf\" target=\"_blank\" rel=\"noreferrer noopener\">contrat-d-engagement-republicain<\/a><a href=\"https:\/\/art-mu.fr\/wp-content\/uploads\/2022\/11\/contrat-d-engagement-republicain.pdf\" class=\"wp-block-file__button wp-element-button\" download aria-describedby=\"wp-block-file--media-5b5937e8-811f-4d34-b89a-fc35271e2703\">T\u00e9l\u00e9charger<\/a><\/div>\n\n\n\n<div class=\"wp-block-buttons is-content-justification-center is-layout-flex wp-block-buttons-is-layout-flex\">\n<div class=\"wp-block-button is-style-outline is-style-outline--2\"><a class=\"wp-block-button__link has-blue-color has-light-gray-background-color has-text-color has-background\" href=\"#\">Retour au haut de page<\/a><\/div>\n<\/div>\n","protected":false},"excerpt":{"rendered":"<p>Adresse de l&rsquo;association (pour courriers postaux) et de l&rsquo;atelier : Association Art-Mu, Ecole primaire Saint-Exup\u00e9ry, All\u00e9e Saint-Exup\u00e9ry57950 Montigny-l\u00e8s-Metz Attention nouveau mail de contact depuis novembre 2023 : artmuMLM@proton.me Plan de situation du local : Acc\u00e8s en voiture par la rue de Marly : prendre l&rsquo;impasse (all\u00e9e St-Exup\u00e9ry) au pied du ch\u00e2teau d&rsquo;eau bleu et aller [&hellip;]<\/p>\n","protected":false},"author":3,"featured_media":0,"parent":31,"menu_order":1,"comment_status":"closed","ping_status":"open","template":"","meta":{"footnotes":""},"class_list":["post-2","page","type-page","status-publish","hentry"],"_links":{"self":[{"href":"https:\/\/art-mu.fr\/index.php?rest_route=\/wp\/v2\/pages\/2","targetHints":{"allow":["GET"]}}],"collection":[{"href":"https:\/\/art-mu.fr\/index.php?rest_route=\/wp\/v2\/pages"}],"about":[{"href":"https:\/\/art-mu.fr\/index.php?rest_route=\/wp\/v2\/types\/page"}],"author":[{"embeddable":true,"href":"https:\/\/art-mu.fr\/index.php?rest_route=\/wp\/v2\/users\/3"}],"replies":[{"embeddable":true,"href":"https:\/\/art-mu.fr\/index.php?rest_route=%2Fwp%2Fv2%2Fcomments&post=2"}],"version-history":[{"count":42,"href":"https:\/\/art-mu.fr\/index.php?rest_route=\/wp\/v2\/pages\/2\/revisions"}],"predecessor-version":[{"id":7891,"href":"https:\/\/art-mu.fr\/index.php?rest_route=\/wp\/v2\/pages\/2\/revisions\/7891"}],"up":[{"embeddable":true,"href":"https:\/\/art-mu.fr\/index.php?rest_route=\/wp\/v2\/pages\/31"}],"wp:attachment":[{"href":"https:\/\/art-mu.fr\/index.php?rest_route=%2Fwp%2Fv2%2Fmedia&parent=2"}],"curies":[{"name":"wp","href":"https:\/\/api.w.org\/{rel}","templated":true}]}}