{"id":1984,"date":"2021-08-22T17:08:38","date_gmt":"2021-08-22T15:08:38","guid":{"rendered":"https:\/\/art-mu.fr\/?page_id=1984"},"modified":"2021-08-24T14:53:32","modified_gmt":"2021-08-24T12:53:32","slug":"gravure-sur-renalon-2017","status":"publish","type":"page","link":"https:\/\/art-mu.fr\/?page_id=1984","title":{"rendered":"Gravure sur Rhenalon 2017"},"content":{"rendered":"\n<p>Une initiation \u00e0 la gravure sur Rhenalon propos\u00e9e par Maurice le 6 janvier 2017. Une journ\u00e9e qui vient en compl\u00e9ment de l&rsquo;<a href=\"https:\/\/art-mu.fr\/?page_id=1901\" data-type=\"page\" data-id=\"1901\">atelier monotype de 2016<\/a> et qui trouvera son prolongement lors du <a href=\"https:\/\/art-mu.fr\/?page_id=977\" data-type=\"page\" data-id=\"977\">marathon du nu de janvier 2018<\/a> ou d&rsquo;autres techniques d&rsquo;impression seront pr\u00e9sent\u00e9es et test\u00e9es.<\/p>\n\n\n\n<figure class=\"wp-block-gallery columns-2 wp-block-gallery-1 is-layout-flex wp-block-gallery-is-layout-flex\"><ul class=\"blocks-gallery-grid\"><li class=\"blocks-gallery-item\"><figure><img fetchpriority=\"high\" decoding=\"async\" width=\"1024\" height=\"768\" src=\"https:\/\/art-mu.fr\/wp-content\/uploads\/2021\/08\/bateau6-1024x768.jpg\" alt=\"\" data-id=\"1987\" data-full-url=\"https:\/\/art-mu.fr\/wp-content\/uploads\/2021\/08\/bateau6.jpg\" data-link=\"https:\/\/art-mu.fr\/?attachment_id=1987\" class=\"wp-image-1987\" srcset=\"https:\/\/art-mu.fr\/wp-content\/uploads\/2021\/08\/bateau6-1024x768.jpg 1024w, https:\/\/art-mu.fr\/wp-content\/uploads\/2021\/08\/bateau6-300x225.jpg 300w, https:\/\/art-mu.fr\/wp-content\/uploads\/2021\/08\/bateau6-768x576.jpg 768w, https:\/\/art-mu.fr\/wp-content\/uploads\/2021\/08\/bateau6.jpg 1280w\" sizes=\"(max-width: 1024px) 100vw, 1024px\" \/><\/figure><\/li><li class=\"blocks-gallery-item\"><figure><img decoding=\"async\" width=\"720\" height=\"960\" src=\"https:\/\/art-mu.fr\/wp-content\/uploads\/2021\/08\/bateau5.jpg\" alt=\"\" data-id=\"1986\" data-full-url=\"https:\/\/art-mu.fr\/wp-content\/uploads\/2021\/08\/bateau5.jpg\" data-link=\"https:\/\/art-mu.fr\/?attachment_id=1986\" class=\"wp-image-1986\" srcset=\"https:\/\/art-mu.fr\/wp-content\/uploads\/2021\/08\/bateau5.jpg 720w, https:\/\/art-mu.fr\/wp-content\/uploads\/2021\/08\/bateau5-225x300.jpg 225w\" sizes=\"(max-width: 720px) 100vw, 720px\" \/><\/figure><\/li><li class=\"blocks-gallery-item\"><figure><img decoding=\"async\" width=\"1024\" height=\"768\" src=\"https:\/\/art-mu.fr\/wp-content\/uploads\/2021\/08\/bateau4-1024x768.jpg\" alt=\"\" data-id=\"1985\" data-full-url=\"https:\/\/art-mu.fr\/wp-content\/uploads\/2021\/08\/bateau4.jpg\" data-link=\"https:\/\/art-mu.fr\/?attachment_id=1985\" class=\"wp-image-1985\" srcset=\"https:\/\/art-mu.fr\/wp-content\/uploads\/2021\/08\/bateau4-1024x768.jpg 1024w, https:\/\/art-mu.fr\/wp-content\/uploads\/2021\/08\/bateau4-300x225.jpg 300w, https:\/\/art-mu.fr\/wp-content\/uploads\/2021\/08\/bateau4-768x576.jpg 768w, https:\/\/art-mu.fr\/wp-content\/uploads\/2021\/08\/bateau4.jpg 1280w\" sizes=\"(max-width: 1024px) 100vw, 1024px\" \/><\/figure><\/li><\/ul><\/figure>\n\n\n\n<div class=\"wp-block-buttons is-content-justification-center is-layout-flex wp-block-buttons-is-layout-flex\">\n<div class=\"wp-block-button is-style-outline is-style-outline--2\"><a class=\"wp-block-button__link has-blue-color has-light-gray-background-color has-text-color has-background\" href=\"#\">Retour au haut de page<\/a><\/div>\n<\/div>\n","protected":false},"excerpt":{"rendered":"<p>Une initiation \u00e0 la gravure sur Rhenalon propos\u00e9e par Maurice le 6 janvier 2017. Une journ\u00e9e qui vient en compl\u00e9ment de l&rsquo;atelier monotype de 2016 et qui trouvera son prolongement lors du marathon du nu de janvier 2018 ou d&rsquo;autres techniques d&rsquo;impression seront pr\u00e9sent\u00e9es et test\u00e9es.<\/p>\n","protected":false},"author":3,"featured_media":0,"parent":25,"menu_order":3,"comment_status":"closed","ping_status":"closed","template":"","meta":{"footnotes":""},"class_list":["post-1984","page","type-page","status-publish","hentry"],"_links":{"self":[{"href":"https:\/\/art-mu.fr\/index.php?rest_route=\/wp\/v2\/pages\/1984","targetHints":{"allow":["GET"]}}],"collection":[{"href":"https:\/\/art-mu.fr\/index.php?rest_route=\/wp\/v2\/pages"}],"about":[{"href":"https:\/\/art-mu.fr\/index.php?rest_route=\/wp\/v2\/types\/page"}],"author":[{"embeddable":true,"href":"https:\/\/art-mu.fr\/index.php?rest_route=\/wp\/v2\/users\/3"}],"replies":[{"embeddable":true,"href":"https:\/\/art-mu.fr\/index.php?rest_route=%2Fwp%2Fv2%2Fcomments&post=1984"}],"version-history":[{"count":2,"href":"https:\/\/art-mu.fr\/index.php?rest_route=\/wp\/v2\/pages\/1984\/revisions"}],"predecessor-version":[{"id":2024,"href":"https:\/\/art-mu.fr\/index.php?rest_route=\/wp\/v2\/pages\/1984\/revisions\/2024"}],"up":[{"embeddable":true,"href":"https:\/\/art-mu.fr\/index.php?rest_route=\/wp\/v2\/pages\/25"}],"wp:attachment":[{"href":"https:\/\/art-mu.fr\/index.php?rest_route=%2Fwp%2Fv2%2Fmedia&parent=1984"}],"curies":[{"name":"wp","href":"https:\/\/api.w.org\/{rel}","templated":true}]}}