{"id":1901,"date":"2021-08-22T15:53:06","date_gmt":"2021-08-22T13:53:06","guid":{"rendered":"https:\/\/art-mu.fr\/?page_id=1901"},"modified":"2021-08-24T14:54:55","modified_gmt":"2021-08-24T12:54:55","slug":"atelier-monotype-2016","status":"publish","type":"page","link":"https:\/\/art-mu.fr\/?page_id=1901","title":{"rendered":"Atelier monotype 2016"},"content":{"rendered":"\n<p>Le lundi 2 mai 2016 9 adh\u00e9rents se sont retrouv\u00e9s pour une recherche cr\u00e9ative autour des techniques de \u00ab\u00a0Monotype* \u00a0\u00bb anim\u00e9e par Marie-Christine F. <\/p>\n\n\n\n<p>D\u00e9monstration des diff\u00e9rents proc\u00e9d\u00e9s, illustr\u00e9s par quelques \u0153uvres d&rsquo;artistes connus comme Degas et surtout Max Ernst ainsi que de r\u00e9alisations personnelles de Marie-Christine. Puis mise ne pratique par les pr\u00e9sents<\/p>\n\n\n\n<p>*<em> Comme son nom l&rsquo;indique, le monotype est une impression en un unique exemplaire. Il est g\u00e9n\u00e9ralement r\u00e9alis\u00e9 en encrant peignant ou dessinant sur une surface plane avec une encore ou peinture ne s\u00e9chant pas trop vite, puis en posant une feuille sur cette surface et en appuyant au dos de celle-ci afin d&rsquo;assurer le transfert. Une variante consiste \u00e0 ne pas appuyer uniform\u00e9ment au verso de la feuille mais \u00e0 dessiner sur ce verso \u00e0 l&rsquo;aide d&rsquo;un outil de fa\u00e7on a de ce que l&rsquo;encre ne s&rsquo;imprime au recto que sur les traits de ce dessin.<\/em><br><\/p>\n\n\n\n<figure class=\"wp-block-gallery aligncenter columns-2 wp-block-gallery-1 is-layout-flex wp-block-gallery-is-layout-flex\"><ul class=\"blocks-gallery-grid\"><li class=\"blocks-gallery-item\"><figure><a href=\"https:\/\/art-mu.fr\/wp-content\/uploads\/2021\/08\/monotype12.jpg\"><img fetchpriority=\"high\" decoding=\"async\" width=\"640\" height=\"480\" src=\"https:\/\/art-mu.fr\/wp-content\/uploads\/2021\/08\/monotype12.jpg\" alt=\"\" data-id=\"1902\" data-full-url=\"https:\/\/art-mu.fr\/wp-content\/uploads\/2021\/08\/monotype12.jpg\" data-link=\"https:\/\/art-mu.fr\/?attachment_id=1902\" class=\"wp-image-1902\" srcset=\"https:\/\/art-mu.fr\/wp-content\/uploads\/2021\/08\/monotype12.jpg 640w, https:\/\/art-mu.fr\/wp-content\/uploads\/2021\/08\/monotype12-300x225.jpg 300w\" sizes=\"(max-width: 640px) 100vw, 640px\" \/><\/a><\/figure><\/li><li class=\"blocks-gallery-item\"><figure><a href=\"https:\/\/art-mu.fr\/wp-content\/uploads\/2021\/08\/monotype13.jpg\"><img decoding=\"async\" width=\"640\" height=\"480\" src=\"https:\/\/art-mu.fr\/wp-content\/uploads\/2021\/08\/monotype13.jpg\" alt=\"\" data-id=\"1903\" data-full-url=\"https:\/\/art-mu.fr\/wp-content\/uploads\/2021\/08\/monotype13.jpg\" data-link=\"https:\/\/art-mu.fr\/?attachment_id=1903\" class=\"wp-image-1903\" srcset=\"https:\/\/art-mu.fr\/wp-content\/uploads\/2021\/08\/monotype13.jpg 640w, https:\/\/art-mu.fr\/wp-content\/uploads\/2021\/08\/monotype13-300x225.jpg 300w\" sizes=\"(max-width: 640px) 100vw, 640px\" \/><\/a><\/figure><\/li><li class=\"blocks-gallery-item\"><figure><a href=\"https:\/\/art-mu.fr\/wp-content\/uploads\/2021\/08\/monotype14.jpg\"><img decoding=\"async\" width=\"640\" height=\"480\" src=\"https:\/\/art-mu.fr\/wp-content\/uploads\/2021\/08\/monotype14.jpg\" alt=\"\" data-id=\"1904\" data-full-url=\"https:\/\/art-mu.fr\/wp-content\/uploads\/2021\/08\/monotype14.jpg\" data-link=\"https:\/\/art-mu.fr\/?attachment_id=1904\" class=\"wp-image-1904\" srcset=\"https:\/\/art-mu.fr\/wp-content\/uploads\/2021\/08\/monotype14.jpg 640w, https:\/\/art-mu.fr\/wp-content\/uploads\/2021\/08\/monotype14-300x225.jpg 300w\" sizes=\"(max-width: 640px) 100vw, 640px\" \/><\/a><\/figure><\/li><li class=\"blocks-gallery-item\"><figure><a href=\"https:\/\/art-mu.fr\/wp-content\/uploads\/2021\/08\/monotype15.jpg\"><img loading=\"lazy\" decoding=\"async\" width=\"640\" height=\"480\" src=\"https:\/\/art-mu.fr\/wp-content\/uploads\/2021\/08\/monotype15.jpg\" alt=\"\" data-id=\"1905\" data-full-url=\"https:\/\/art-mu.fr\/wp-content\/uploads\/2021\/08\/monotype15.jpg\" data-link=\"https:\/\/art-mu.fr\/?attachment_id=1905\" class=\"wp-image-1905\" srcset=\"https:\/\/art-mu.fr\/wp-content\/uploads\/2021\/08\/monotype15.jpg 640w, https:\/\/art-mu.fr\/wp-content\/uploads\/2021\/08\/monotype15-300x225.jpg 300w\" sizes=\"(max-width: 640px) 100vw, 640px\" \/><\/a><\/figure><\/li><li class=\"blocks-gallery-item\"><figure><a href=\"https:\/\/art-mu.fr\/wp-content\/uploads\/2021\/08\/monotype16.jpg\"><img loading=\"lazy\" decoding=\"async\" width=\"360\" height=\"480\" src=\"https:\/\/art-mu.fr\/wp-content\/uploads\/2021\/08\/monotype16.jpg\" alt=\"\" data-id=\"1906\" data-full-url=\"https:\/\/art-mu.fr\/wp-content\/uploads\/2021\/08\/monotype16.jpg\" data-link=\"https:\/\/art-mu.fr\/?attachment_id=1906\" class=\"wp-image-1906\" srcset=\"https:\/\/art-mu.fr\/wp-content\/uploads\/2021\/08\/monotype16.jpg 360w, https:\/\/art-mu.fr\/wp-content\/uploads\/2021\/08\/monotype16-225x300.jpg 225w\" sizes=\"(max-width: 360px) 100vw, 360px\" \/><\/a><\/figure><\/li><\/ul><\/figure>\n\n\n\n<p>Un atelier de <a href=\"https:\/\/art-mu.fr\/?page_id=1984\" data-type=\"page\" data-id=\"1984\">gravure sur Rhenalon<\/a> sera propos\u00e9 l&rsquo;ann\u00e9e suivante<br><a href=\"file:\/\/\/F:\/site%20Art-Mu\/10_ancien_site\/artmu\/evenement2\/monotype\/index.html\"><\/a><\/p>\n\n\n\n<div class=\"wp-block-buttons is-content-justification-center is-layout-flex wp-block-buttons-is-layout-flex\">\n<div class=\"wp-block-button is-style-outline is-style-outline--2\"><a class=\"wp-block-button__link has-blue-color has-light-gray-background-color has-text-color has-background\" href=\"#\">Retour au haut de page<\/a><\/div>\n<\/div>\n","protected":false},"excerpt":{"rendered":"<p>Le lundi 2 mai 2016 9 adh\u00e9rents se sont retrouv\u00e9s pour une recherche cr\u00e9ative autour des techniques de \u00ab\u00a0Monotype* \u00a0\u00bb anim\u00e9e par Marie-Christine F. D\u00e9monstration des diff\u00e9rents proc\u00e9d\u00e9s, illustr\u00e9s par quelques \u0153uvres d&rsquo;artistes connus comme Degas et surtout Max Ernst ainsi que de r\u00e9alisations personnelles de Marie-Christine. Puis mise ne pratique par les pr\u00e9sents * [&hellip;]<\/p>\n","protected":false},"author":3,"featured_media":0,"parent":25,"menu_order":3,"comment_status":"closed","ping_status":"closed","template":"","meta":{"footnotes":""},"class_list":["post-1901","page","type-page","status-publish","hentry"],"_links":{"self":[{"href":"https:\/\/art-mu.fr\/index.php?rest_route=\/wp\/v2\/pages\/1901","targetHints":{"allow":["GET"]}}],"collection":[{"href":"https:\/\/art-mu.fr\/index.php?rest_route=\/wp\/v2\/pages"}],"about":[{"href":"https:\/\/art-mu.fr\/index.php?rest_route=\/wp\/v2\/types\/page"}],"author":[{"embeddable":true,"href":"https:\/\/art-mu.fr\/index.php?rest_route=\/wp\/v2\/users\/3"}],"replies":[{"embeddable":true,"href":"https:\/\/art-mu.fr\/index.php?rest_route=%2Fwp%2Fv2%2Fcomments&post=1901"}],"version-history":[{"count":3,"href":"https:\/\/art-mu.fr\/index.php?rest_route=\/wp\/v2\/pages\/1901\/revisions"}],"predecessor-version":[{"id":2025,"href":"https:\/\/art-mu.fr\/index.php?rest_route=\/wp\/v2\/pages\/1901\/revisions\/2025"}],"up":[{"embeddable":true,"href":"https:\/\/art-mu.fr\/index.php?rest_route=\/wp\/v2\/pages\/25"}],"wp:attachment":[{"href":"https:\/\/art-mu.fr\/index.php?rest_route=%2Fwp%2Fv2%2Fmedia&parent=1901"}],"curies":[{"name":"wp","href":"https:\/\/api.w.org\/{rel}","templated":true}]}}