{"id":1872,"date":"2021-08-22T14:22:48","date_gmt":"2021-08-22T12:22:48","guid":{"rendered":"https:\/\/art-mu.fr\/?page_id=1872"},"modified":"2025-12-08T20:05:02","modified_gmt":"2025-12-08T18:05:02","slug":"les-prochaines-expositions-auxquelles-participent-les-membres-de-lassociation","status":"publish","type":"page","link":"https:\/\/art-mu.fr\/?page_id=1872","title":{"rendered":"Les prochaines expositions auxquelles participent les membres de l&rsquo;association."},"content":{"rendered":"\n<p><strong>Suite au d\u00e9part de notre <a href=\"https:\/\/art-mu.fr\/?p=7607\" data-type=\"post\" data-id=\"7607\">Webmaster<\/a>, cette page n&rsquo;est actuellement pas tenue \u00e0 jour&#8230;<\/strong><\/p>\n\n\n\n<p><\/p>\n\n\n\n<p>En compl\u00e9ment du <a href=\"https:\/\/art-mu.fr\/?page_id=66\" data-type=\"page\" data-id=\"66\">calendrier des activit\u00e9s de l&rsquo;association<\/a>, cette page permet aux membres de l&rsquo;association de signaler les prochaines expositions (personnelles ou collectives) au sein desquelles leurs \u0153uvres seront expos\u00e9es (hors expositions organis\u00e9es par Art-Mu) .<\/p>\n\n\n\n<p><em>Classement par ordre croissant de date de fin (ceux qui finissent bient\u00f4t en t\u00eate<\/em><\/p>\n\n\n\n<p><\/p>\n\n\n\n<p><\/p>\n\n\n\n<p class=\"has-text-align-center\">*******************<\/p>\n\n\n\n<p><\/p>\n\n\n\n<hr class=\"wp-block-separator has-alpha-channel-opacity\"\/>\n\n\n\n<p>Retrouvez <a href=\"https:\/\/art-mu.fr\/?page_id=61#faust\" data-type=\"page\" data-id=\"61\">Marie-Christine Faust<\/a>, <a href=\"https:\/\/art-mu.fr\/?page_id=61#demonchy\" data-type=\"page\" data-id=\"61\">Christiane Demonchy<\/a>, <a href=\"https:\/\/art-mu.fr\/?page_id=61#jenot\" data-type=\"page\" data-id=\"61\">Jean-Marie Jenot<\/a>, <a href=\"https:\/\/art-mu.fr\/?page_id=61#gaspard\" data-type=\"page\" data-id=\"61\">Nicole Gaspard<\/a>, <a href=\"https:\/\/art-mu.fr\/?page_id=61#bertipaglia\" data-type=\"page\" data-id=\"61\">Denis Bertipaglia<\/a>, Alain <a href=\"https:\/\/art-mu.fr\/?page_id=61#a_bauchat\" data-type=\"page\" data-id=\"61\">Bauchat<\/a> dans notre galerie des artistes<\/p>\n\n\n\n<p><\/p>\n","protected":false},"excerpt":{"rendered":"<p>Suite au d\u00e9part de notre Webmaster, cette page n&rsquo;est actuellement pas tenue \u00e0 jour&#8230; En compl\u00e9ment du calendrier des activit\u00e9s de l&rsquo;association, cette page permet aux membres de l&rsquo;association de signaler les prochaines expositions (personnelles ou collectives) au sein desquelles leurs \u0153uvres seront expos\u00e9es (hors expositions organis\u00e9es par Art-Mu) . Classement par ordre croissant de [&hellip;]<\/p>\n","protected":false},"author":3,"featured_media":0,"parent":2955,"menu_order":2,"comment_status":"closed","ping_status":"closed","template":"","meta":{"footnotes":""},"class_list":["post-1872","page","type-page","status-publish","hentry"],"_links":{"self":[{"href":"https:\/\/art-mu.fr\/index.php?rest_route=\/wp\/v2\/pages\/1872","targetHints":{"allow":["GET"]}}],"collection":[{"href":"https:\/\/art-mu.fr\/index.php?rest_route=\/wp\/v2\/pages"}],"about":[{"href":"https:\/\/art-mu.fr\/index.php?rest_route=\/wp\/v2\/types\/page"}],"author":[{"embeddable":true,"href":"https:\/\/art-mu.fr\/index.php?rest_route=\/wp\/v2\/users\/3"}],"replies":[{"embeddable":true,"href":"https:\/\/art-mu.fr\/index.php?rest_route=%2Fwp%2Fv2%2Fcomments&post=1872"}],"version-history":[{"count":113,"href":"https:\/\/art-mu.fr\/index.php?rest_route=\/wp\/v2\/pages\/1872\/revisions"}],"predecessor-version":[{"id":7711,"href":"https:\/\/art-mu.fr\/index.php?rest_route=\/wp\/v2\/pages\/1872\/revisions\/7711"}],"up":[{"embeddable":true,"href":"https:\/\/art-mu.fr\/index.php?rest_route=\/wp\/v2\/pages\/2955"}],"wp:attachment":[{"href":"https:\/\/art-mu.fr\/index.php?rest_route=%2Fwp%2Fv2%2Fmedia&parent=1872"}],"curies":[{"name":"wp","href":"https:\/\/api.w.org\/{rel}","templated":true}]}}