{"id":1831,"date":"2021-08-20T11:42:35","date_gmt":"2021-08-20T09:42:35","guid":{"rendered":"https:\/\/art-mu.fr\/?page_id=1831"},"modified":"2021-08-20T11:42:36","modified_gmt":"2021-08-20T09:42:36","slug":"stage-terre-papier-2018","status":"publish","type":"page","link":"https:\/\/art-mu.fr\/?page_id=1831","title":{"rendered":"Stage Terre-Papier 2018"},"content":{"rendered":"\n<p>Le samedi 18 octobre 2018, Jacques B\u00e9na, membre de l&rsquo;association, nous initie \u00e0 la fabrication artisanale* de terre papier (m\u00e9lange de terre et de fibres de papier lui donnant des propri\u00e9t\u00e9s particuli\u00e8res et notamment une facilit\u00e9 de modelage en faible \u00e9paisseur et une meilleure tenue \u00e0 la cuisson. les fibres br\u00fblant durant celle-ci, la terre cuite r\u00e9sultante est un peu plus l\u00e9g\u00e8re.) Apr\u00e8s avoir r\u00e9alis\u00e9 cette premi\u00e8re phase de pr\u00e9paration du mat\u00e9riau (pr\u00e9paration des fibres de papier, m\u00e9lange, \u00e9limination de l&rsquo;eau en surplus&#8230;), le restant de la journ\u00e9e est consacr\u00e9 \u00e0 l&rsquo;exp\u00e9rimentation avec modelage de ce nouveau m\u00e9dium (modelage libre sans mod\u00e8les de mani\u00e8re \u00e0 pouvoir tester au mieux les possibilit\u00e9 du m\u00e9lange).<\/p>\n\n\n\n<p class=\"has-small-font-size\"><em>* le<\/em> <em>m\u00e9lange se trouve \u00e9gal<\/em>ement tout pr\u00eat dans le commerce<\/p>\n\n\n\n<figure class=\"wp-block-gallery columns-2 wp-block-gallery-1 is-layout-flex wp-block-gallery-is-layout-flex\"><ul class=\"blocks-gallery-grid\"><li class=\"blocks-gallery-item\"><figure><a href=\"https:\/\/art-mu.fr\/wp-content\/uploads\/2021\/08\/2018_terre_papier_01.jpg\"><img fetchpriority=\"high\" decoding=\"async\" width=\"640\" height=\"480\" src=\"https:\/\/art-mu.fr\/wp-content\/uploads\/2021\/08\/2018_terre_papier_01.jpg\" alt=\"\" data-id=\"1832\" data-full-url=\"https:\/\/art-mu.fr\/wp-content\/uploads\/2021\/08\/2018_terre_papier_01.jpg\" data-link=\"https:\/\/art-mu.fr\/?attachment_id=1832\" class=\"wp-image-1832\" srcset=\"https:\/\/art-mu.fr\/wp-content\/uploads\/2021\/08\/2018_terre_papier_01.jpg 640w, https:\/\/art-mu.fr\/wp-content\/uploads\/2021\/08\/2018_terre_papier_01-300x225.jpg 300w\" sizes=\"(max-width: 640px) 100vw, 640px\" \/><\/a><\/figure><\/li><li class=\"blocks-gallery-item\"><figure><a href=\"https:\/\/art-mu.fr\/wp-content\/uploads\/2021\/08\/2018_terre_papier_02.jpg\"><img decoding=\"async\" width=\"640\" height=\"480\" src=\"https:\/\/art-mu.fr\/wp-content\/uploads\/2021\/08\/2018_terre_papier_02.jpg\" alt=\"\" data-id=\"1833\" data-full-url=\"https:\/\/art-mu.fr\/wp-content\/uploads\/2021\/08\/2018_terre_papier_02.jpg\" data-link=\"https:\/\/art-mu.fr\/?attachment_id=1833\" class=\"wp-image-1833\" srcset=\"https:\/\/art-mu.fr\/wp-content\/uploads\/2021\/08\/2018_terre_papier_02.jpg 640w, https:\/\/art-mu.fr\/wp-content\/uploads\/2021\/08\/2018_terre_papier_02-300x225.jpg 300w\" sizes=\"(max-width: 640px) 100vw, 640px\" \/><\/a><\/figure><\/li><li class=\"blocks-gallery-item\"><figure><a href=\"https:\/\/art-mu.fr\/wp-content\/uploads\/2021\/08\/2018_terre_papier_03.jpg\"><img decoding=\"async\" width=\"360\" height=\"480\" src=\"https:\/\/art-mu.fr\/wp-content\/uploads\/2021\/08\/2018_terre_papier_03.jpg\" alt=\"\" data-id=\"1834\" data-full-url=\"https:\/\/art-mu.fr\/wp-content\/uploads\/2021\/08\/2018_terre_papier_03.jpg\" data-link=\"https:\/\/art-mu.fr\/?attachment_id=1834\" class=\"wp-image-1834\" srcset=\"https:\/\/art-mu.fr\/wp-content\/uploads\/2021\/08\/2018_terre_papier_03.jpg 360w, https:\/\/art-mu.fr\/wp-content\/uploads\/2021\/08\/2018_terre_papier_03-225x300.jpg 225w\" sizes=\"(max-width: 360px) 100vw, 360px\" \/><\/a><\/figure><\/li><li class=\"blocks-gallery-item\"><figure><a href=\"https:\/\/art-mu.fr\/wp-content\/uploads\/2021\/08\/2018_terre_papier_04.jpg\"><img loading=\"lazy\" decoding=\"async\" width=\"360\" height=\"480\" src=\"https:\/\/art-mu.fr\/wp-content\/uploads\/2021\/08\/2018_terre_papier_04.jpg\" alt=\"\" data-id=\"1835\" data-full-url=\"https:\/\/art-mu.fr\/wp-content\/uploads\/2021\/08\/2018_terre_papier_04.jpg\" data-link=\"https:\/\/art-mu.fr\/?attachment_id=1835\" class=\"wp-image-1835\" srcset=\"https:\/\/art-mu.fr\/wp-content\/uploads\/2021\/08\/2018_terre_papier_04.jpg 360w, https:\/\/art-mu.fr\/wp-content\/uploads\/2021\/08\/2018_terre_papier_04-225x300.jpg 225w\" sizes=\"(max-width: 360px) 100vw, 360px\" \/><\/a><\/figure><\/li><li class=\"blocks-gallery-item\"><figure><a href=\"https:\/\/art-mu.fr\/wp-content\/uploads\/2021\/08\/2018_terre_papier_05.jpg\"><img loading=\"lazy\" decoding=\"async\" width=\"640\" height=\"480\" src=\"https:\/\/art-mu.fr\/wp-content\/uploads\/2021\/08\/2018_terre_papier_05.jpg\" alt=\"\" data-id=\"1836\" data-full-url=\"https:\/\/art-mu.fr\/wp-content\/uploads\/2021\/08\/2018_terre_papier_05.jpg\" data-link=\"https:\/\/art-mu.fr\/?attachment_id=1836\" class=\"wp-image-1836\" srcset=\"https:\/\/art-mu.fr\/wp-content\/uploads\/2021\/08\/2018_terre_papier_05.jpg 640w, https:\/\/art-mu.fr\/wp-content\/uploads\/2021\/08\/2018_terre_papier_05-300x225.jpg 300w\" sizes=\"(max-width: 640px) 100vw, 640px\" \/><\/a><\/figure><\/li><li class=\"blocks-gallery-item\"><figure><a href=\"https:\/\/art-mu.fr\/wp-content\/uploads\/2021\/08\/2018_terre_papier_06.jpg\"><img loading=\"lazy\" decoding=\"async\" width=\"640\" height=\"480\" src=\"https:\/\/art-mu.fr\/wp-content\/uploads\/2021\/08\/2018_terre_papier_06.jpg\" alt=\"\" data-id=\"1837\" data-full-url=\"https:\/\/art-mu.fr\/wp-content\/uploads\/2021\/08\/2018_terre_papier_06.jpg\" data-link=\"https:\/\/art-mu.fr\/?attachment_id=1837\" class=\"wp-image-1837\" srcset=\"https:\/\/art-mu.fr\/wp-content\/uploads\/2021\/08\/2018_terre_papier_06.jpg 640w, https:\/\/art-mu.fr\/wp-content\/uploads\/2021\/08\/2018_terre_papier_06-300x225.jpg 300w\" sizes=\"(max-width: 640px) 100vw, 640px\" \/><\/a><\/figure><\/li><li class=\"blocks-gallery-item\"><figure><a href=\"https:\/\/art-mu.fr\/wp-content\/uploads\/2021\/08\/2018_terre_papier_07.jpg\"><img loading=\"lazy\" decoding=\"async\" width=\"640\" height=\"425\" src=\"https:\/\/art-mu.fr\/wp-content\/uploads\/2021\/08\/2018_terre_papier_07.jpg\" alt=\"\" data-id=\"1838\" data-full-url=\"https:\/\/art-mu.fr\/wp-content\/uploads\/2021\/08\/2018_terre_papier_07.jpg\" data-link=\"https:\/\/art-mu.fr\/?attachment_id=1838\" class=\"wp-image-1838\" srcset=\"https:\/\/art-mu.fr\/wp-content\/uploads\/2021\/08\/2018_terre_papier_07.jpg 640w, https:\/\/art-mu.fr\/wp-content\/uploads\/2021\/08\/2018_terre_papier_07-300x199.jpg 300w\" sizes=\"(max-width: 640px) 100vw, 640px\" \/><\/a><\/figure><\/li><li class=\"blocks-gallery-item\"><figure><a href=\"https:\/\/art-mu.fr\/wp-content\/uploads\/2021\/08\/2018_terre_papier_08.jpg\"><img loading=\"lazy\" decoding=\"async\" width=\"640\" height=\"425\" src=\"https:\/\/art-mu.fr\/wp-content\/uploads\/2021\/08\/2018_terre_papier_08.jpg\" alt=\"\" data-id=\"1839\" data-full-url=\"https:\/\/art-mu.fr\/wp-content\/uploads\/2021\/08\/2018_terre_papier_08.jpg\" data-link=\"https:\/\/art-mu.fr\/?attachment_id=1839\" class=\"wp-image-1839\" srcset=\"https:\/\/art-mu.fr\/wp-content\/uploads\/2021\/08\/2018_terre_papier_08.jpg 640w, https:\/\/art-mu.fr\/wp-content\/uploads\/2021\/08\/2018_terre_papier_08-300x199.jpg 300w\" sizes=\"(max-width: 640px) 100vw, 640px\" \/><\/a><\/figure><\/li><li class=\"blocks-gallery-item\"><figure><a href=\"https:\/\/art-mu.fr\/wp-content\/uploads\/2021\/08\/2018_terre_papier_09.jpg\"><img loading=\"lazy\" decoding=\"async\" width=\"640\" height=\"425\" src=\"https:\/\/art-mu.fr\/wp-content\/uploads\/2021\/08\/2018_terre_papier_09.jpg\" alt=\"\" data-id=\"1840\" data-full-url=\"https:\/\/art-mu.fr\/wp-content\/uploads\/2021\/08\/2018_terre_papier_09.jpg\" data-link=\"https:\/\/art-mu.fr\/?attachment_id=1840\" class=\"wp-image-1840\" srcset=\"https:\/\/art-mu.fr\/wp-content\/uploads\/2021\/08\/2018_terre_papier_09.jpg 640w, https:\/\/art-mu.fr\/wp-content\/uploads\/2021\/08\/2018_terre_papier_09-300x199.jpg 300w\" sizes=\"(max-width: 640px) 100vw, 640px\" \/><\/a><\/figure><\/li><li class=\"blocks-gallery-item\"><figure><a href=\"https:\/\/art-mu.fr\/wp-content\/uploads\/2021\/08\/2018_terre_papier_10.jpg\"><img loading=\"lazy\" decoding=\"async\" width=\"640\" height=\"425\" src=\"https:\/\/art-mu.fr\/wp-content\/uploads\/2021\/08\/2018_terre_papier_10.jpg\" alt=\"\" data-id=\"1841\" data-full-url=\"https:\/\/art-mu.fr\/wp-content\/uploads\/2021\/08\/2018_terre_papier_10.jpg\" data-link=\"https:\/\/art-mu.fr\/?attachment_id=1841\" class=\"wp-image-1841\" srcset=\"https:\/\/art-mu.fr\/wp-content\/uploads\/2021\/08\/2018_terre_papier_10.jpg 640w, https:\/\/art-mu.fr\/wp-content\/uploads\/2021\/08\/2018_terre_papier_10-300x199.jpg 300w\" sizes=\"(max-width: 640px) 100vw, 640px\" \/><\/a><\/figure><\/li><li class=\"blocks-gallery-item\"><figure><a href=\"https:\/\/art-mu.fr\/wp-content\/uploads\/2021\/08\/2018_terre_papier_11.jpg\"><img loading=\"lazy\" decoding=\"async\" width=\"640\" height=\"425\" src=\"https:\/\/art-mu.fr\/wp-content\/uploads\/2021\/08\/2018_terre_papier_11.jpg\" alt=\"\" data-id=\"1842\" data-full-url=\"https:\/\/art-mu.fr\/wp-content\/uploads\/2021\/08\/2018_terre_papier_11.jpg\" data-link=\"https:\/\/art-mu.fr\/?attachment_id=1842\" class=\"wp-image-1842\" srcset=\"https:\/\/art-mu.fr\/wp-content\/uploads\/2021\/08\/2018_terre_papier_11.jpg 640w, https:\/\/art-mu.fr\/wp-content\/uploads\/2021\/08\/2018_terre_papier_11-300x199.jpg 300w\" sizes=\"(max-width: 640px) 100vw, 640px\" \/><\/a><\/figure><\/li><li class=\"blocks-gallery-item\"><figure><a href=\"https:\/\/art-mu.fr\/wp-content\/uploads\/2021\/08\/2018_terre_papier_12.jpg\"><img loading=\"lazy\" decoding=\"async\" width=\"319\" height=\"480\" src=\"https:\/\/art-mu.fr\/wp-content\/uploads\/2021\/08\/2018_terre_papier_12.jpg\" alt=\"\" data-id=\"1843\" data-full-url=\"https:\/\/art-mu.fr\/wp-content\/uploads\/2021\/08\/2018_terre_papier_12.jpg\" data-link=\"https:\/\/art-mu.fr\/?attachment_id=1843\" class=\"wp-image-1843\" srcset=\"https:\/\/art-mu.fr\/wp-content\/uploads\/2021\/08\/2018_terre_papier_12.jpg 319w, https:\/\/art-mu.fr\/wp-content\/uploads\/2021\/08\/2018_terre_papier_12-199x300.jpg 199w\" sizes=\"(max-width: 319px) 100vw, 319px\" \/><\/a><\/figure><\/li><\/ul><\/figure>\n\n\n\n<div class=\"wp-block-buttons is-content-justification-center is-layout-flex wp-block-buttons-is-layout-flex\">\n<div class=\"wp-block-button is-style-outline is-style-outline--2\"><a class=\"wp-block-button__link has-blue-color has-light-gray-background-color has-text-color has-background\" href=\"#\">Retour au haut de page<\/a><\/div>\n<\/div>\n","protected":false},"excerpt":{"rendered":"<p>Le samedi 18 octobre 2018, Jacques B\u00e9na, membre de l&rsquo;association, nous initie \u00e0 la fabrication artisanale* de terre papier (m\u00e9lange de terre et de fibres de papier lui donnant des propri\u00e9t\u00e9s particuli\u00e8res et notamment une facilit\u00e9 de modelage en faible \u00e9paisseur et une meilleure tenue \u00e0 la cuisson. les fibres br\u00fblant durant celle-ci, la terre [&hellip;]<\/p>\n","protected":false},"author":3,"featured_media":0,"parent":25,"menu_order":3,"comment_status":"closed","ping_status":"closed","template":"","meta":{"footnotes":""},"class_list":["post-1831","page","type-page","status-publish","hentry"],"_links":{"self":[{"href":"https:\/\/art-mu.fr\/index.php?rest_route=\/wp\/v2\/pages\/1831","targetHints":{"allow":["GET"]}}],"collection":[{"href":"https:\/\/art-mu.fr\/index.php?rest_route=\/wp\/v2\/pages"}],"about":[{"href":"https:\/\/art-mu.fr\/index.php?rest_route=\/wp\/v2\/types\/page"}],"author":[{"embeddable":true,"href":"https:\/\/art-mu.fr\/index.php?rest_route=\/wp\/v2\/users\/3"}],"replies":[{"embeddable":true,"href":"https:\/\/art-mu.fr\/index.php?rest_route=%2Fwp%2Fv2%2Fcomments&post=1831"}],"version-history":[{"count":1,"href":"https:\/\/art-mu.fr\/index.php?rest_route=\/wp\/v2\/pages\/1831\/revisions"}],"predecessor-version":[{"id":1844,"href":"https:\/\/art-mu.fr\/index.php?rest_route=\/wp\/v2\/pages\/1831\/revisions\/1844"}],"up":[{"embeddable":true,"href":"https:\/\/art-mu.fr\/index.php?rest_route=\/wp\/v2\/pages\/25"}],"wp:attachment":[{"href":"https:\/\/art-mu.fr\/index.php?rest_route=%2Fwp%2Fv2%2Fmedia&parent=1831"}],"curies":[{"name":"wp","href":"https:\/\/api.w.org\/{rel}","templated":true}]}}