{"id":1739,"date":"2021-08-20T10:37:51","date_gmt":"2021-08-20T08:37:51","guid":{"rendered":"https:\/\/art-mu.fr\/?page_id=1739"},"modified":"2021-08-20T10:55:45","modified_gmt":"2021-08-20T08:55:45","slug":"marathon-du-nu-janvier-2019","status":"publish","type":"page","link":"https:\/\/art-mu.fr\/?page_id=1739","title":{"rendered":"Marathon du nu janvier 2019"},"content":{"rendered":"\n<p>Retour \u00e0 une formule pour ce <a href=\"https:\/\/art-mu.fr\/?page_id=79\" data-type=\"page\" data-id=\"79\">marathon du  nu<\/a> de d\u00e9but d&rsquo;ann\u00e9e, avec trois mod\u00e8les, deux f\u00e9minins et un masculin, pour une journ\u00e9e autour de la repr\u00e9sentation du corps au naturel.<\/p>\n\n\n\n<p>Pauses statiques (mais jamais plus d&rsquo;un quart d&rsquo;heure) mais \u00e9galement parfois en mouvement lent que chacun utilise \u00e0 sa mani\u00e8re. Et comme d&rsquo;habitude une grande vari\u00e9t\u00e9 d&rsquo;outils utilis\u00e9s par les pr\u00e9sents, du simple crayon \u00e0 la gravure en passant naturellement par le pinceau.<\/p>\n\n\n\n<figure class=\"wp-block-gallery columns-2 wp-block-gallery-1 is-layout-flex wp-block-gallery-is-layout-flex\"><ul class=\"blocks-gallery-grid\"><li class=\"blocks-gallery-item\"><figure><a href=\"https:\/\/art-mu.fr\/wp-content\/uploads\/2021\/08\/2019_01mara_01.jpg\"><img fetchpriority=\"high\" decoding=\"async\" width=\"1000\" height=\"750\" src=\"https:\/\/art-mu.fr\/wp-content\/uploads\/2021\/08\/2019_01mara_01.jpg\" alt=\"\" data-id=\"1740\" data-full-url=\"https:\/\/art-mu.fr\/wp-content\/uploads\/2021\/08\/2019_01mara_01.jpg\" data-link=\"https:\/\/art-mu.fr\/?attachment_id=1740\" class=\"wp-image-1740\" srcset=\"https:\/\/art-mu.fr\/wp-content\/uploads\/2021\/08\/2019_01mara_01.jpg 1000w, https:\/\/art-mu.fr\/wp-content\/uploads\/2021\/08\/2019_01mara_01-300x225.jpg 300w, https:\/\/art-mu.fr\/wp-content\/uploads\/2021\/08\/2019_01mara_01-768x576.jpg 768w\" sizes=\"(max-width: 1000px) 100vw, 1000px\" \/><\/a><\/figure><\/li><li class=\"blocks-gallery-item\"><figure><a href=\"https:\/\/art-mu.fr\/wp-content\/uploads\/2021\/08\/2019_01mara_06.jpg\"><img decoding=\"async\" width=\"1000\" height=\"667\" src=\"https:\/\/art-mu.fr\/wp-content\/uploads\/2021\/08\/2019_01mara_06.jpg\" alt=\"\" data-id=\"1745\" data-full-url=\"https:\/\/art-mu.fr\/wp-content\/uploads\/2021\/08\/2019_01mara_06.jpg\" data-link=\"https:\/\/art-mu.fr\/?attachment_id=1745\" class=\"wp-image-1745\" srcset=\"https:\/\/art-mu.fr\/wp-content\/uploads\/2021\/08\/2019_01mara_06.jpg 1000w, https:\/\/art-mu.fr\/wp-content\/uploads\/2021\/08\/2019_01mara_06-300x200.jpg 300w, https:\/\/art-mu.fr\/wp-content\/uploads\/2021\/08\/2019_01mara_06-768x512.jpg 768w\" sizes=\"(max-width: 1000px) 100vw, 1000px\" \/><\/a><\/figure><\/li><li class=\"blocks-gallery-item\"><figure><a href=\"https:\/\/art-mu.fr\/wp-content\/uploads\/2021\/08\/2019_01mara_04.jpg\"><img decoding=\"async\" width=\"667\" height=\"1000\" src=\"https:\/\/art-mu.fr\/wp-content\/uploads\/2021\/08\/2019_01mara_04.jpg\" alt=\"\" data-id=\"1743\" data-full-url=\"https:\/\/art-mu.fr\/wp-content\/uploads\/2021\/08\/2019_01mara_04.jpg\" data-link=\"https:\/\/art-mu.fr\/?attachment_id=1743\" class=\"wp-image-1743\" srcset=\"https:\/\/art-mu.fr\/wp-content\/uploads\/2021\/08\/2019_01mara_04.jpg 667w, https:\/\/art-mu.fr\/wp-content\/uploads\/2021\/08\/2019_01mara_04-200x300.jpg 200w\" sizes=\"(max-width: 667px) 100vw, 667px\" \/><\/a><\/figure><\/li><li class=\"blocks-gallery-item\"><figure><a href=\"https:\/\/art-mu.fr\/wp-content\/uploads\/2021\/08\/2019_01mara_14.jpg\"><img loading=\"lazy\" decoding=\"async\" width=\"667\" height=\"1000\" src=\"https:\/\/art-mu.fr\/wp-content\/uploads\/2021\/08\/2019_01mara_14.jpg\" alt=\"\" data-id=\"1753\" data-full-url=\"https:\/\/art-mu.fr\/wp-content\/uploads\/2021\/08\/2019_01mara_14.jpg\" data-link=\"https:\/\/art-mu.fr\/?attachment_id=1753\" class=\"wp-image-1753\" srcset=\"https:\/\/art-mu.fr\/wp-content\/uploads\/2021\/08\/2019_01mara_14.jpg 667w, https:\/\/art-mu.fr\/wp-content\/uploads\/2021\/08\/2019_01mara_14-200x300.jpg 200w\" sizes=\"(max-width: 667px) 100vw, 667px\" \/><\/a><\/figure><\/li><li class=\"blocks-gallery-item\"><figure><a href=\"https:\/\/art-mu.fr\/wp-content\/uploads\/2021\/08\/2019_01mara_07.jpg\"><img loading=\"lazy\" decoding=\"async\" width=\"1000\" height=\"738\" src=\"https:\/\/art-mu.fr\/wp-content\/uploads\/2021\/08\/2019_01mara_07.jpg\" alt=\"\" data-id=\"1746\" data-full-url=\"https:\/\/art-mu.fr\/wp-content\/uploads\/2021\/08\/2019_01mara_07.jpg\" data-link=\"https:\/\/art-mu.fr\/?attachment_id=1746\" class=\"wp-image-1746\" srcset=\"https:\/\/art-mu.fr\/wp-content\/uploads\/2021\/08\/2019_01mara_07.jpg 1000w, https:\/\/art-mu.fr\/wp-content\/uploads\/2021\/08\/2019_01mara_07-300x221.jpg 300w, https:\/\/art-mu.fr\/wp-content\/uploads\/2021\/08\/2019_01mara_07-768x567.jpg 768w\" sizes=\"(max-width: 1000px) 100vw, 1000px\" \/><\/a><\/figure><\/li><li class=\"blocks-gallery-item\"><figure><a href=\"https:\/\/art-mu.fr\/wp-content\/uploads\/2021\/08\/2019_01mara_08.jpg\"><img loading=\"lazy\" decoding=\"async\" width=\"1920\" height=\"1126\" src=\"https:\/\/art-mu.fr\/wp-content\/uploads\/2021\/08\/2019_01mara_08.jpg\" alt=\"\" data-id=\"1747\" data-full-url=\"https:\/\/art-mu.fr\/wp-content\/uploads\/2021\/08\/2019_01mara_08.jpg\" data-link=\"https:\/\/art-mu.fr\/?attachment_id=1747\" class=\"wp-image-1747\" srcset=\"https:\/\/art-mu.fr\/wp-content\/uploads\/2021\/08\/2019_01mara_08.jpg 1920w, https:\/\/art-mu.fr\/wp-content\/uploads\/2021\/08\/2019_01mara_08-300x176.jpg 300w, https:\/\/art-mu.fr\/wp-content\/uploads\/2021\/08\/2019_01mara_08-1024x601.jpg 1024w, https:\/\/art-mu.fr\/wp-content\/uploads\/2021\/08\/2019_01mara_08-768x450.jpg 768w, https:\/\/art-mu.fr\/wp-content\/uploads\/2021\/08\/2019_01mara_08-1536x901.jpg 1536w\" sizes=\"(max-width: 1920px) 100vw, 1920px\" \/><\/a><\/figure><\/li><li class=\"blocks-gallery-item\"><figure><a href=\"https:\/\/art-mu.fr\/wp-content\/uploads\/2021\/08\/2019_01mara_10.jpg\"><img loading=\"lazy\" decoding=\"async\" width=\"1000\" height=\"765\" src=\"https:\/\/art-mu.fr\/wp-content\/uploads\/2021\/08\/2019_01mara_10.jpg\" alt=\"\" data-id=\"1749\" data-full-url=\"https:\/\/art-mu.fr\/wp-content\/uploads\/2021\/08\/2019_01mara_10.jpg\" data-link=\"https:\/\/art-mu.fr\/?attachment_id=1749\" class=\"wp-image-1749\" srcset=\"https:\/\/art-mu.fr\/wp-content\/uploads\/2021\/08\/2019_01mara_10.jpg 1000w, https:\/\/art-mu.fr\/wp-content\/uploads\/2021\/08\/2019_01mara_10-300x230.jpg 300w, https:\/\/art-mu.fr\/wp-content\/uploads\/2021\/08\/2019_01mara_10-768x588.jpg 768w\" sizes=\"(max-width: 1000px) 100vw, 1000px\" \/><\/a><\/figure><\/li><li class=\"blocks-gallery-item\"><figure><a href=\"https:\/\/art-mu.fr\/wp-content\/uploads\/2021\/08\/2019_01mara_09.jpg\"><img loading=\"lazy\" decoding=\"async\" width=\"1000\" height=\"667\" src=\"https:\/\/art-mu.fr\/wp-content\/uploads\/2021\/08\/2019_01mara_09.jpg\" alt=\"\" data-id=\"1748\" data-full-url=\"https:\/\/art-mu.fr\/wp-content\/uploads\/2021\/08\/2019_01mara_09.jpg\" data-link=\"https:\/\/art-mu.fr\/?attachment_id=1748\" class=\"wp-image-1748\" srcset=\"https:\/\/art-mu.fr\/wp-content\/uploads\/2021\/08\/2019_01mara_09.jpg 1000w, https:\/\/art-mu.fr\/wp-content\/uploads\/2021\/08\/2019_01mara_09-300x200.jpg 300w, https:\/\/art-mu.fr\/wp-content\/uploads\/2021\/08\/2019_01mara_09-768x512.jpg 768w\" sizes=\"(max-width: 1000px) 100vw, 1000px\" \/><\/a><\/figure><\/li><li class=\"blocks-gallery-item\"><figure><a href=\"https:\/\/art-mu.fr\/wp-content\/uploads\/2021\/08\/2019_01mara_11.jpg\"><img loading=\"lazy\" decoding=\"async\" width=\"667\" height=\"1000\" src=\"https:\/\/art-mu.fr\/wp-content\/uploads\/2021\/08\/2019_01mara_11.jpg\" alt=\"\" data-id=\"1750\" data-full-url=\"https:\/\/art-mu.fr\/wp-content\/uploads\/2021\/08\/2019_01mara_11.jpg\" data-link=\"https:\/\/art-mu.fr\/?attachment_id=1750\" class=\"wp-image-1750\" srcset=\"https:\/\/art-mu.fr\/wp-content\/uploads\/2021\/08\/2019_01mara_11.jpg 667w, https:\/\/art-mu.fr\/wp-content\/uploads\/2021\/08\/2019_01mara_11-200x300.jpg 200w\" sizes=\"(max-width: 667px) 100vw, 667px\" \/><\/a><\/figure><\/li><li class=\"blocks-gallery-item\"><figure><a href=\"https:\/\/art-mu.fr\/wp-content\/uploads\/2021\/08\/2019_01mara_12.jpg\"><img loading=\"lazy\" decoding=\"async\" width=\"699\" height=\"1000\" src=\"https:\/\/art-mu.fr\/wp-content\/uploads\/2021\/08\/2019_01mara_12.jpg\" alt=\"\" data-id=\"1751\" data-full-url=\"https:\/\/art-mu.fr\/wp-content\/uploads\/2021\/08\/2019_01mara_12.jpg\" data-link=\"https:\/\/art-mu.fr\/?attachment_id=1751\" class=\"wp-image-1751\" srcset=\"https:\/\/art-mu.fr\/wp-content\/uploads\/2021\/08\/2019_01mara_12.jpg 699w, https:\/\/art-mu.fr\/wp-content\/uploads\/2021\/08\/2019_01mara_12-210x300.jpg 210w\" sizes=\"(max-width: 699px) 100vw, 699px\" \/><\/a><\/figure><\/li><li class=\"blocks-gallery-item\"><figure><a href=\"https:\/\/art-mu.fr\/wp-content\/uploads\/2021\/08\/2019_01mara_13.jpg\"><img loading=\"lazy\" decoding=\"async\" width=\"741\" height=\"1000\" src=\"https:\/\/art-mu.fr\/wp-content\/uploads\/2021\/08\/2019_01mara_13.jpg\" alt=\"\" data-id=\"1752\" data-full-url=\"https:\/\/art-mu.fr\/wp-content\/uploads\/2021\/08\/2019_01mara_13.jpg\" data-link=\"https:\/\/art-mu.fr\/?attachment_id=1752\" class=\"wp-image-1752\" srcset=\"https:\/\/art-mu.fr\/wp-content\/uploads\/2021\/08\/2019_01mara_13.jpg 741w, https:\/\/art-mu.fr\/wp-content\/uploads\/2021\/08\/2019_01mara_13-222x300.jpg 222w\" sizes=\"(max-width: 741px) 100vw, 741px\" \/><\/a><\/figure><\/li><li class=\"blocks-gallery-item\"><figure><a href=\"https:\/\/art-mu.fr\/wp-content\/uploads\/2021\/08\/2019_01mara_18.jpg\"><img loading=\"lazy\" decoding=\"async\" width=\"730\" height=\"1000\" src=\"https:\/\/art-mu.fr\/wp-content\/uploads\/2021\/08\/2019_01mara_18.jpg\" alt=\"\" data-id=\"1757\" data-full-url=\"https:\/\/art-mu.fr\/wp-content\/uploads\/2021\/08\/2019_01mara_18.jpg\" data-link=\"https:\/\/art-mu.fr\/?attachment_id=1757\" class=\"wp-image-1757\" srcset=\"https:\/\/art-mu.fr\/wp-content\/uploads\/2021\/08\/2019_01mara_18.jpg 730w, https:\/\/art-mu.fr\/wp-content\/uploads\/2021\/08\/2019_01mara_18-219x300.jpg 219w\" sizes=\"(max-width: 730px) 100vw, 730px\" \/><\/a><\/figure><\/li><li class=\"blocks-gallery-item\"><figure><a href=\"https:\/\/art-mu.fr\/wp-content\/uploads\/2021\/08\/2019_01mara_16.jpg\"><img loading=\"lazy\" decoding=\"async\" width=\"1000\" height=\"667\" src=\"https:\/\/art-mu.fr\/wp-content\/uploads\/2021\/08\/2019_01mara_16.jpg\" alt=\"\" data-id=\"1755\" data-full-url=\"https:\/\/art-mu.fr\/wp-content\/uploads\/2021\/08\/2019_01mara_16.jpg\" data-link=\"https:\/\/art-mu.fr\/?attachment_id=1755\" class=\"wp-image-1755\" srcset=\"https:\/\/art-mu.fr\/wp-content\/uploads\/2021\/08\/2019_01mara_16.jpg 1000w, https:\/\/art-mu.fr\/wp-content\/uploads\/2021\/08\/2019_01mara_16-300x200.jpg 300w, https:\/\/art-mu.fr\/wp-content\/uploads\/2021\/08\/2019_01mara_16-768x512.jpg 768w\" sizes=\"(max-width: 1000px) 100vw, 1000px\" \/><\/a><\/figure><\/li><li class=\"blocks-gallery-item\"><figure><a href=\"https:\/\/art-mu.fr\/wp-content\/uploads\/2021\/08\/2019_01mara_17.jpg\"><img loading=\"lazy\" decoding=\"async\" width=\"1000\" height=\"810\" src=\"https:\/\/art-mu.fr\/wp-content\/uploads\/2021\/08\/2019_01mara_17.jpg\" alt=\"\" data-id=\"1756\" data-full-url=\"https:\/\/art-mu.fr\/wp-content\/uploads\/2021\/08\/2019_01mara_17.jpg\" data-link=\"https:\/\/art-mu.fr\/?attachment_id=1756\" class=\"wp-image-1756\" srcset=\"https:\/\/art-mu.fr\/wp-content\/uploads\/2021\/08\/2019_01mara_17.jpg 1000w, https:\/\/art-mu.fr\/wp-content\/uploads\/2021\/08\/2019_01mara_17-300x243.jpg 300w, https:\/\/art-mu.fr\/wp-content\/uploads\/2021\/08\/2019_01mara_17-768x622.jpg 768w\" sizes=\"(max-width: 1000px) 100vw, 1000px\" \/><\/a><\/figure><\/li><li class=\"blocks-gallery-item\"><figure><a href=\"https:\/\/art-mu.fr\/wp-content\/uploads\/2021\/08\/2019_01mara_05.jpg\"><img loading=\"lazy\" decoding=\"async\" width=\"1000\" height=\"667\" src=\"https:\/\/art-mu.fr\/wp-content\/uploads\/2021\/08\/2019_01mara_05.jpg\" alt=\"\" data-id=\"1761\" data-full-url=\"https:\/\/art-mu.fr\/wp-content\/uploads\/2021\/08\/2019_01mara_05.jpg\" data-link=\"https:\/\/art-mu.fr\/?attachment_id=1761\" class=\"wp-image-1761\" srcset=\"https:\/\/art-mu.fr\/wp-content\/uploads\/2021\/08\/2019_01mara_05.jpg 1000w, https:\/\/art-mu.fr\/wp-content\/uploads\/2021\/08\/2019_01mara_05-300x200.jpg 300w, https:\/\/art-mu.fr\/wp-content\/uploads\/2021\/08\/2019_01mara_05-768x512.jpg 768w\" sizes=\"(max-width: 1000px) 100vw, 1000px\" \/><\/a><\/figure><\/li><li class=\"blocks-gallery-item\"><figure><a href=\"https:\/\/art-mu.fr\/wp-content\/uploads\/2021\/08\/2019_01mara_15.jpg\"><img loading=\"lazy\" decoding=\"async\" width=\"1000\" height=\"667\" src=\"https:\/\/art-mu.fr\/wp-content\/uploads\/2021\/08\/2019_01mara_15.jpg\" alt=\"\" data-id=\"1762\" data-full-url=\"https:\/\/art-mu.fr\/wp-content\/uploads\/2021\/08\/2019_01mara_15.jpg\" data-link=\"https:\/\/art-mu.fr\/?attachment_id=1762\" class=\"wp-image-1762\" srcset=\"https:\/\/art-mu.fr\/wp-content\/uploads\/2021\/08\/2019_01mara_15.jpg 1000w, https:\/\/art-mu.fr\/wp-content\/uploads\/2021\/08\/2019_01mara_15-300x200.jpg 300w, https:\/\/art-mu.fr\/wp-content\/uploads\/2021\/08\/2019_01mara_15-768x512.jpg 768w\" sizes=\"(max-width: 1000px) 100vw, 1000px\" \/><\/a><\/figure><\/li><\/ul><\/figure>\n\n\n\n<p><\/p>\n\n\n\n<p>Ver<a href=\"https:\/\/art-mu.fr\/?page_id=1671\" data-type=\"page\" data-id=\"1671\">s le marathon du janvier 2020<\/a> <em>(pour l&rsquo;instant pas de photos du marathon de juin 2019)<\/em><\/p>\n\n\n\n<div class=\"wp-block-buttons is-content-justification-center is-layout-flex wp-block-buttons-is-layout-flex\">\n<div class=\"wp-block-button is-style-outline is-style-outline--2\"><a class=\"wp-block-button__link has-blue-color has-light-gray-background-color has-text-color has-background\" href=\"#\">Retour au haut de page<\/a><\/div>\n<\/div>\n","protected":false},"excerpt":{"rendered":"<p>Retour \u00e0 une formule pour ce marathon du nu de d\u00e9but d&rsquo;ann\u00e9e, avec trois mod\u00e8les, deux f\u00e9minins et un masculin, pour une journ\u00e9e autour de la repr\u00e9sentation du corps au naturel. Pauses statiques (mais jamais plus d&rsquo;un quart d&rsquo;heure) mais \u00e9galement parfois en mouvement lent que chacun utilise \u00e0 sa mani\u00e8re. Et comme d&rsquo;habitude une [&hellip;]<\/p>\n","protected":false},"author":3,"featured_media":0,"parent":79,"menu_order":3,"comment_status":"closed","ping_status":"closed","template":"","meta":{"footnotes":""},"class_list":["post-1739","page","type-page","status-publish","hentry"],"_links":{"self":[{"href":"https:\/\/art-mu.fr\/index.php?rest_route=\/wp\/v2\/pages\/1739","targetHints":{"allow":["GET"]}}],"collection":[{"href":"https:\/\/art-mu.fr\/index.php?rest_route=\/wp\/v2\/pages"}],"about":[{"href":"https:\/\/art-mu.fr\/index.php?rest_route=\/wp\/v2\/types\/page"}],"author":[{"embeddable":true,"href":"https:\/\/art-mu.fr\/index.php?rest_route=\/wp\/v2\/users\/3"}],"replies":[{"embeddable":true,"href":"https:\/\/art-mu.fr\/index.php?rest_route=%2Fwp%2Fv2%2Fcomments&post=1739"}],"version-history":[{"count":3,"href":"https:\/\/art-mu.fr\/index.php?rest_route=\/wp\/v2\/pages\/1739\/revisions"}],"predecessor-version":[{"id":1766,"href":"https:\/\/art-mu.fr\/index.php?rest_route=\/wp\/v2\/pages\/1739\/revisions\/1766"}],"up":[{"embeddable":true,"href":"https:\/\/art-mu.fr\/index.php?rest_route=\/wp\/v2\/pages\/79"}],"wp:attachment":[{"href":"https:\/\/art-mu.fr\/index.php?rest_route=%2Fwp%2Fv2%2Fmedia&parent=1739"}],"curies":[{"name":"wp","href":"https:\/\/api.w.org\/{rel}","templated":true}]}}