{"id":158,"date":"2021-08-14T09:14:50","date_gmt":"2021-08-14T07:14:50","guid":{"rendered":"https:\/\/art-mu.fr\/?page_id=158"},"modified":"2025-08-12T14:05:38","modified_gmt":"2025-08-12T12:05:38","slug":"entre-rives-et-reves","status":"publish","type":"page","link":"https:\/\/art-mu.fr\/?page_id=158","title":{"rendered":"Entre rives et r\u00eaves"},"content":{"rendered":"\n<p>Tous les deux ans, en mai ou juin des ann\u00e9es impaires, Art\u2019Mu transforme les rives du canal \u00e0 Montigny-l\u00e8s-Metz entre galerie et land-art. Le temps d\u2019une journ\u00e9e, les artistes jouent avec le d\u00e9cor et la th\u00e9matique de l&rsquo;ann\u00e9e et exposent leurs cr\u00e9ations avec toujours \u00e0 l&rsquo;esprit le d\u00e9tournement d\u2019objets qui est la marque de l&rsquo;association. Les mat\u00e9riaux de r\u00e9cup\u00e9ration sont sublim\u00e9s et offrent couleurs, humour ou po\u00e9sie aux promeneurs et amateurs de ce rendez-vous.<\/p>\n\n\n\n<p><\/p>\n\n\n\n<p class=\"has-text-align-center\">***********************<\/p>\n\n\n\n<p><strong>Voir les compte-rendu photos des diff\u00e9rentes  :<\/strong><\/p>\n\n\n\n<figure class=\"wp-block-image size-full\"><img fetchpriority=\"high\" decoding=\"async\" width=\"740\" height=\"555\" src=\"https:\/\/art-mu.fr\/wp-content\/uploads\/2021\/08\/rivesreves2015faust-337-1.jpg\" alt=\"\" class=\"wp-image-159\" srcset=\"https:\/\/art-mu.fr\/wp-content\/uploads\/2021\/08\/rivesreves2015faust-337-1.jpg 740w, https:\/\/art-mu.fr\/wp-content\/uploads\/2021\/08\/rivesreves2015faust-337-1-300x225.jpg 300w\" sizes=\"(max-width: 740px) 100vw, 740px\" \/><\/figure>\n\n\n\n<ul class=\"wp-block-list\">\n<li><a href=\"https:\/\/art-mu.fr\/?page_id=2974\" data-type=\"page\" data-id=\"2974\">Ann\u00e9e 2010  : \u00ab\u00a0Entre rives et r\u00eaves\u00a0\u00bb simplement&#8230;.<\/a><\/li>\n\n\n\n<li><a href=\"https:\/\/art-mu.fr\/?page_id=2625\" data-type=\"page\" data-id=\"2625\">Ann\u00e9e 2011 sur le th\u00e8me du voyage<\/a><\/li>\n\n\n\n<li>Ann\u00e9e 2013 sur le th\u00e8me \u00ab\u00a0autour des jardins\u00a0\u00bb<\/li>\n\n\n\n<li><a href=\"https:\/\/art-mu.fr\/?page_id=6865\" data-type=\"page\" data-id=\"6865\">Ann\u00e9e 2015 sur le th\u00e8me du rouge<\/a><\/li>\n\n\n\n<li><a href=\"https:\/\/art-mu.fr\/?page_id=2737\" data-type=\"page\" data-id=\"2737\">Ann\u00e9e 2017 sur le th\u00e8me des bestioles<\/a><\/li>\n\n\n\n<li><a href=\"https:\/\/art-mu.fr\/?page_id=2691\" data-type=\"page\" data-id=\"2691\">Ann\u00e9e 2019 sur le th\u00e8me du r\u00eave<\/a><\/li>\n\n\n\n<li><a href=\"https:\/\/art-mu.fr\/?page_id=455\" data-type=\"page\" data-id=\"455\">Ann\u00e9e 2021 sur le th\u00e8me de l&rsquo;eau<\/a><\/li>\n\n\n\n<li><a href=\"https:\/\/art-mu.fr\/?page_id=4900\" data-type=\"page\" data-id=\"4900\">Ann\u00e9e 2023 sur le th\u00e8me Tot&rsquo;M<\/a><\/li>\n\n\n\n<li>Ann\u00e9e 2025 : annul\u00e9 \u00e0 contre-coeur pour cause m\u00e9t\u00e9orologique&#8230;<\/li>\n<\/ul>\n\n\n\n<p><em>Compte-rendus manquants \u00e0 venir<\/em><\/p>\n\n\n\n<p><\/p>\n\n\n\n<div class=\"wp-block-buttons is-content-justification-center is-layout-flex wp-block-buttons-is-layout-flex\">\n<div class=\"wp-block-button is-style-outline is-style-outline--1\"><a class=\"wp-block-button__link has-blue-color has-light-gray-background-color has-text-color has-background\" href=\"#\">Retour au haut de page<\/a><\/div>\n<\/div>\n","protected":false},"excerpt":{"rendered":"<p>Tous les deux ans, en mai ou juin des ann\u00e9es impaires, Art\u2019Mu transforme les rives du canal \u00e0 Montigny-l\u00e8s-Metz entre galerie et land-art. Le temps d\u2019une journ\u00e9e, les artistes jouent avec le d\u00e9cor et la th\u00e9matique de l&rsquo;ann\u00e9e et exposent leurs cr\u00e9ations avec toujours \u00e0 l&rsquo;esprit le d\u00e9tournement d\u2019objets qui est la marque de l&rsquo;association. [&hellip;]<\/p>\n","protected":false},"author":3,"featured_media":0,"parent":34,"menu_order":2,"comment_status":"closed","ping_status":"closed","template":"","meta":{"footnotes":""},"class_list":["post-158","page","type-page","status-publish","hentry"],"_links":{"self":[{"href":"https:\/\/art-mu.fr\/index.php?rest_route=\/wp\/v2\/pages\/158","targetHints":{"allow":["GET"]}}],"collection":[{"href":"https:\/\/art-mu.fr\/index.php?rest_route=\/wp\/v2\/pages"}],"about":[{"href":"https:\/\/art-mu.fr\/index.php?rest_route=\/wp\/v2\/types\/page"}],"author":[{"embeddable":true,"href":"https:\/\/art-mu.fr\/index.php?rest_route=\/wp\/v2\/users\/3"}],"replies":[{"embeddable":true,"href":"https:\/\/art-mu.fr\/index.php?rest_route=%2Fwp%2Fv2%2Fcomments&post=158"}],"version-history":[{"count":24,"href":"https:\/\/art-mu.fr\/index.php?rest_route=\/wp\/v2\/pages\/158\/revisions"}],"predecessor-version":[{"id":7639,"href":"https:\/\/art-mu.fr\/index.php?rest_route=\/wp\/v2\/pages\/158\/revisions\/7639"}],"up":[{"embeddable":true,"href":"https:\/\/art-mu.fr\/index.php?rest_route=\/wp\/v2\/pages\/34"}],"wp:attachment":[{"href":"https:\/\/art-mu.fr\/index.php?rest_route=%2Fwp%2Fv2%2Fmedia&parent=158"}],"curies":[{"name":"wp","href":"https:\/\/api.w.org\/{rel}","templated":true}]}}