{"id":155,"date":"2021-08-14T09:05:53","date_gmt":"2021-08-14T07:05:53","guid":{"rendered":"https:\/\/art-mu.fr\/?page_id=155"},"modified":"2026-04-12T11:14:49","modified_gmt":"2026-04-12T09:14:49","slug":"salon-lart-mue","status":"publish","type":"page","link":"https:\/\/art-mu.fr\/?page_id=155","title":{"rendered":"Salon biennal"},"content":{"rendered":"\n<p id=\"block-4c26e305-8e92-4019-9531-1ca82e22b103\">En partenariat avec la municipalit\u00e9 de Montigny-l\u00e8s-Metz, l\u2019association Art\u2019Mu organise, du samedi 26 septembre au dimanche 11 octobre 2026, la biennale du salon d&rsquo;arts plastiques intitul\u00e9 \u00ab L\u2019Art\u2019Mue \u00bb.&nbsp;<\/p>\n\n\n\n<p>Comme les ann\u00e9es pr\u00e9c\u00e9dentes, celui-ci se d\u00e9roulera au Ch\u00e2teau de Courcelles, 73 rue de Pont-\u00e0-Mousson 57950 Montigny-l\u00e8s-Metz. L\u2019invit\u00e9 d\u2019honneur sera cette ann\u00e9e Philippe SERRE, Grand Prix de la Ville 2024.<\/p>\n\n\n\n<p id=\"block-4c26e305-8e92-4019-9531-1ca82e22b103\">Si vous souhaitez exposer une de vos \u0153uvres \u00e0 ce salon, vous trouverez ci-dessous le r\u00e8glement du salon 2026 ainsi que la fiche d\u2019inscription, que nous vous invitons \u00e0 nous retourner par mail avant le mardi 16 juin 2026 \u00e0 minuit.\u00a0<\/p>\n\n\n\n<div data-wp-interactive=\"core\/file\" class=\"wp-block-file\"><object data-wp-bind--hidden=\"!state.hasPdfPreview\" hidden class=\"wp-block-file__embed\" data=\"https:\/\/art-mu.fr\/wp-content\/uploads\/2026\/04\/reglement_2026_-salon_Art-Mu.pdf\" type=\"application\/pdf\" style=\"width:100%;height:600px\" aria-label=\"Contenu embarqu\u00e9 R\u00e8glement 2026 du salon Art-Mu.\"><\/object><a id=\"wp-block-file--media-64be74eb-c608-46df-a964-c0ecd0dac10d\" href=\"https:\/\/art-mu.fr\/wp-content\/uploads\/2026\/04\/reglement_2026_-salon_Art-Mu.pdf\">R\u00e8glement 2026 du salon Art-Mu<\/a><a href=\"https:\/\/art-mu.fr\/wp-content\/uploads\/2026\/04\/reglement_2026_-salon_Art-Mu.pdf\" class=\"wp-block-file__button wp-element-button\" download aria-describedby=\"wp-block-file--media-64be74eb-c608-46df-a964-c0ecd0dac10d\">T\u00e9l\u00e9charger<\/a><\/div>\n\n\n\n<div class=\"wp-block-file\"><a id=\"wp-block-file--media-3e464ccc-89a4-408f-a86e-48167c859c71\" href=\"https:\/\/art-mu.fr\/wp-content\/uploads\/2026\/04\/bulletin_inscription_Salon_Art-Mu_2026.doc\">Bulletin d&rsquo;inscription du Salon Art-Mu 2026<\/a><a href=\"https:\/\/art-mu.fr\/wp-content\/uploads\/2026\/04\/bulletin_inscription_Salon_Art-Mu_2026.doc\" class=\"wp-block-file__button wp-element-button\" download aria-describedby=\"wp-block-file--media-3e464ccc-89a4-408f-a86e-48167c859c71\">T\u00e9l\u00e9charger<\/a><\/div>\n\n\n\n<p class=\"has-text-align-center\">*******************<\/p>\n\n\n\n<figure class=\"wp-block-image size-full\"><img fetchpriority=\"high\" decoding=\"async\" width=\"525\" height=\"350\" src=\"https:\/\/art-mu.fr\/wp-content\/uploads\/2021\/08\/99_vues_generales_12.jpg\" alt=\"\" class=\"wp-image-35\" srcset=\"https:\/\/art-mu.fr\/wp-content\/uploads\/2021\/08\/99_vues_generales_12.jpg 525w, https:\/\/art-mu.fr\/wp-content\/uploads\/2021\/08\/99_vues_generales_12-300x200.jpg 300w\" sizes=\"(max-width: 525px) 100vw, 525px\" \/><\/figure>\n\n\n\n<p>Le salon de l&rsquo;association Art-Mu, actuellement baptis\u00e9 \u00ab\u00a0L&rsquo;art mue\u00a0\u00bb se tient tous les deux ans, en septembre-octobre des ann\u00e9es paires, <strong>au ch\u00e2teau de Courcelles \u00e0 Montigny-l\u00e8s-Metz<\/strong> (pr\u00e8s de la salle Europa).<\/p>\n\n\n\n<p>Sont invit\u00e9s \u00e0 y exposer les membres de l&rsquo;association mais \u00e9galement tous les artistes qui le souhaitent, sur s\u00e9lection des oeuvres qui doivent respecter le principe de l&rsquo;association : travailler sur le d\u00e9tournement, des objets, des mati\u00e8res&#8230; Chaque artiste peut pr\u00e9senter une ou deux oeuvres (\u00e0 accrocher ou \u00e0 poser).<\/p>\n\n\n\n<p>La participation est gratuite pour les membres, une petite participation est demand\u00e9e pour les artistes  ext\u00e9rieurs.<\/p>\n\n\n\n<p>Un jury (ext\u00e9rieur \u00e0 l&rsquo;association) d\u00e9cerne diff\u00e9rents prix.<\/p>\n\n\n\n<p>Il est ouvert au public (gratuit)  tous les jours de la semaine durant deux semaines (trois week-end).<\/p>\n\n\n\n<p><strong>Voir les compte-rendus photos<\/strong> :<\/p>\n\n\n\n<ul class=\"wp-block-list\">\n<li><a href=\"https:\/\/art-mu.fr\/?page_id=1524\" data-type=\"page\" data-id=\"1524\">Ann\u00e9e 2008<\/a> \u00ab\u00a0Salon du d\u00e9tournement\u00a0\u00bb<\/li>\n\n\n\n<li><a href=\"https:\/\/art-mu.fr\/?page_id=2579\" data-type=\"page\" data-id=\"2579\">Ann\u00e9e 2010<\/a> \u00ab\u00a0Les contes d&rsquo;Art&rsquo;Mu\u00a0\u00bb <\/li>\n\n\n\n<li><a href=\"https:\/\/art-mu.fr\/?page_id=2398\" data-type=\"page\" data-id=\"2398\">Ann\u00e9e 2012<\/a>  \u00ab\u00a0L&rsquo;art et la mati\u00e8re\u00a0\u00bb<\/li>\n\n\n\n<li><a href=\"https:\/\/art-mu.fr\/?page_id=2512\" data-type=\"page\" data-id=\"2512\">Ann\u00e9e 2014 <\/a> \u00ab\u00a0Art et mati\u00e8re\u00a0\u00bb<\/li>\n\n\n\n<li><a href=\"https:\/\/art-mu.fr\/?page_id=2140\" data-type=\"page\" data-id=\"2140\">Ann\u00e9e 2016<\/a>  \u00ab\u00a0Mati\u00e8re&rsquo;Art\u00a0\u00bb<\/li>\n\n\n\n<li><a href=\"https:\/\/art-mu.fr\/?page_id=1256\" data-type=\"page\" data-id=\"1256\">Ann\u00e9e 2018<\/a> \u00ab\u00a0L&rsquo;art mue\u00a0\u00bb<\/li>\n\n\n\n<li><a href=\"https:\/\/art-mu.fr\/?page_id=621\" data-type=\"page\" data-id=\"621\">Ann\u00e9e 2020<\/a> \u00ab\u00a0L&rsquo;art mue\u00a0\u00bb<\/li>\n\n\n\n<li><a href=\"https:\/\/art-mu.fr\/?page_id=3607\" data-type=\"page\" data-id=\"3607\">Ann\u00e9e 2022<\/a> \u00ab\u00a0L&rsquo;art mue\u00a0\u00bb<\/li>\n\n\n\n<li><strong><a href=\"https:\/\/art-mu.fr\/?page_id=5846\" data-type=\"page\" data-id=\"5846\">Ann\u00e9e 2024<\/a> \u00ab\u00a0L&rsquo;art mue\u00a0\u00bb <\/strong><em>(on ne change pas un titre qui gagne&#8230;)<\/em><\/li>\n<\/ul>\n\n\n\n<div class=\"wp-block-buttons is-content-justification-center is-layout-flex wp-block-buttons-is-layout-flex\">\n<div class=\"wp-block-button is-style-outline is-style-outline--1\"><a class=\"wp-block-button__link has-blue-color has-light-gray-background-color has-text-color has-background\" href=\"#\">Retour au haut de page<\/a><\/div>\n<\/div>\n\n\n\n<p><\/p>\n","protected":false},"excerpt":{"rendered":"<p>En partenariat avec la municipalit\u00e9 de Montigny-l\u00e8s-Metz, l\u2019association Art\u2019Mu organise, du samedi 26 septembre au dimanche 11 octobre 2026, la biennale du salon d&rsquo;arts plastiques intitul\u00e9 \u00ab L\u2019Art\u2019Mue \u00bb.&nbsp; Comme les ann\u00e9es pr\u00e9c\u00e9dentes, celui-ci se d\u00e9roulera au Ch\u00e2teau de Courcelles, 73 rue de Pont-\u00e0-Mousson 57950 Montigny-l\u00e8s-Metz. L\u2019invit\u00e9 d\u2019honneur sera cette ann\u00e9e Philippe SERRE, Grand Prix [&hellip;]<\/p>\n","protected":false},"author":3,"featured_media":0,"parent":34,"menu_order":2,"comment_status":"closed","ping_status":"closed","template":"","meta":{"footnotes":""},"class_list":["post-155","page","type-page","status-publish","hentry"],"_links":{"self":[{"href":"https:\/\/art-mu.fr\/index.php?rest_route=\/wp\/v2\/pages\/155","targetHints":{"allow":["GET"]}}],"collection":[{"href":"https:\/\/art-mu.fr\/index.php?rest_route=\/wp\/v2\/pages"}],"about":[{"href":"https:\/\/art-mu.fr\/index.php?rest_route=\/wp\/v2\/types\/page"}],"author":[{"embeddable":true,"href":"https:\/\/art-mu.fr\/index.php?rest_route=\/wp\/v2\/users\/3"}],"replies":[{"embeddable":true,"href":"https:\/\/art-mu.fr\/index.php?rest_route=%2Fwp%2Fv2%2Fcomments&post=155"}],"version-history":[{"count":46,"href":"https:\/\/art-mu.fr\/index.php?rest_route=\/wp\/v2\/pages\/155\/revisions"}],"predecessor-version":[{"id":7897,"href":"https:\/\/art-mu.fr\/index.php?rest_route=\/wp\/v2\/pages\/155\/revisions\/7897"}],"up":[{"embeddable":true,"href":"https:\/\/art-mu.fr\/index.php?rest_route=\/wp\/v2\/pages\/34"}],"wp:attachment":[{"href":"https:\/\/art-mu.fr\/index.php?rest_route=%2Fwp%2Fv2%2Fmedia&parent=155"}],"curies":[{"name":"wp","href":"https:\/\/api.w.org\/{rel}","templated":true}]}}