{"id":1524,"date":"2021-08-19T10:07:48","date_gmt":"2021-08-19T08:07:48","guid":{"rendered":"https:\/\/art-mu.fr\/?page_id=1524"},"modified":"2024-10-26T11:58:11","modified_gmt":"2024-10-26T09:58:11","slug":"salon-du-detournement-2008","status":"publish","type":"page","link":"https:\/\/art-mu.fr\/?page_id=1524","title":{"rendered":"Salon du d\u00e9tournement 2008"},"content":{"rendered":"\n<p>Retour en quelques images sur l&rsquo;un des premiers <a href=\"https:\/\/art-mu.fr\/?page_id=155\" data-type=\"page\" data-id=\"155\">salons<\/a> (qui ne s&rsquo;appelait pas encore \u00ab\u00a0L&rsquo;art mue\u00a0\u00bb puisque le nom change r\u00e9guli\u00e8rement), mais par contre d\u00e9j\u00e0 dans le tr\u00e8s beau cadre du ch\u00e2teau de Courcelles \u00e0 Montigny-l\u00e8s-Metz, mis \u00e0 disposition par la municipalit\u00e9&#8230;<\/p>\n\n\n\n<p>28 artistes ont expos\u00e9 (leur nombre sera bien sup\u00e9rieur lors des biennales suivantes), membres ou non de l&rsquo;association Art-Mu.<\/p>\n\n\n\n<ul class=\"wp-block-list\">\n<li>Premier prix de la ville de Montigny : Eric Delacroix pour \u00ab\u00a0Le Taureau\u00a0\u00bb (premi\u00e8re photo ci-dessous)<\/li>\n\n\n\n<li>1er prix Art&rsquo;Mu : Philippe Serre<\/li>\n\n\n\n<li>2\u00e8me prix : Dominique M\u00e9tais<\/li>\n\n\n\n<li>Prix encouragement : Siegrund Mandon<\/li>\n\n\n\n<li>Oeuvres remarquables et remarqu\u00e9es : Alain Bauchat, Marie-Christine Faust, Baptiste Verdoliva, Marguerite Zvunka, Laurelise Mulot, Alice Bach.<\/li>\n<\/ul>\n\n\n\n<figure class=\"wp-block-gallery has-nested-images columns-2 wp-block-gallery-1 is-layout-flex wp-block-gallery-is-layout-flex\">\n<figure class=\"wp-block-image size-full\"><a href=\"https:\/\/art-mu.fr\/wp-content\/uploads\/2021\/08\/2008_salon_grand_prix_de_la_ville.jpg\"><img fetchpriority=\"high\" decoding=\"async\" width=\"640\" height=\"480\" data-id=\"1529\" src=\"https:\/\/art-mu.fr\/wp-content\/uploads\/2021\/08\/2008_salon_grand_prix_de_la_ville.jpg\" alt=\"\" class=\"wp-image-1529\" srcset=\"https:\/\/art-mu.fr\/wp-content\/uploads\/2021\/08\/2008_salon_grand_prix_de_la_ville.jpg 640w, https:\/\/art-mu.fr\/wp-content\/uploads\/2021\/08\/2008_salon_grand_prix_de_la_ville-300x225.jpg 300w\" sizes=\"(max-width: 640px) 100vw, 640px\" \/><\/a><\/figure>\n\n\n\n<figure class=\"wp-block-image size-full\"><a href=\"https:\/\/art-mu.fr\/wp-content\/uploads\/2021\/08\/2008_salon_Baptiste_Verdoliva.jpg\"><img decoding=\"async\" width=\"640\" height=\"480\" data-id=\"1526\" src=\"https:\/\/art-mu.fr\/wp-content\/uploads\/2021\/08\/2008_salon_Baptiste_Verdoliva.jpg\" alt=\"\" class=\"wp-image-1526\" srcset=\"https:\/\/art-mu.fr\/wp-content\/uploads\/2021\/08\/2008_salon_Baptiste_Verdoliva.jpg 640w, https:\/\/art-mu.fr\/wp-content\/uploads\/2021\/08\/2008_salon_Baptiste_Verdoliva-300x225.jpg 300w\" sizes=\"(max-width: 640px) 100vw, 640px\" \/><\/a><\/figure>\n\n\n\n<figure class=\"wp-block-image size-full\"><a href=\"https:\/\/art-mu.fr\/wp-content\/uploads\/2021\/08\/2008_salon_Brigitte_Bonnet.jpg\"><img decoding=\"async\" width=\"640\" height=\"480\" data-id=\"1527\" src=\"https:\/\/art-mu.fr\/wp-content\/uploads\/2021\/08\/2008_salon_Brigitte_Bonnet.jpg\" alt=\"\" class=\"wp-image-1527\" srcset=\"https:\/\/art-mu.fr\/wp-content\/uploads\/2021\/08\/2008_salon_Brigitte_Bonnet.jpg 640w, https:\/\/art-mu.fr\/wp-content\/uploads\/2021\/08\/2008_salon_Brigitte_Bonnet-300x225.jpg 300w\" sizes=\"(max-width: 640px) 100vw, 640px\" \/><\/a><\/figure>\n\n\n\n<figure class=\"wp-block-image size-full\"><a href=\"https:\/\/art-mu.fr\/wp-content\/uploads\/2021\/08\/2008_salon_Christiane_Goby.jpg\"><img loading=\"lazy\" decoding=\"async\" width=\"640\" height=\"480\" data-id=\"1528\" src=\"https:\/\/art-mu.fr\/wp-content\/uploads\/2021\/08\/2008_salon_Christiane_Goby.jpg\" alt=\"\" class=\"wp-image-1528\" srcset=\"https:\/\/art-mu.fr\/wp-content\/uploads\/2021\/08\/2008_salon_Christiane_Goby.jpg 640w, https:\/\/art-mu.fr\/wp-content\/uploads\/2021\/08\/2008_salon_Christiane_Goby-300x225.jpg 300w\" sizes=\"(max-width: 640px) 100vw, 640px\" \/><\/a><\/figure>\n\n\n\n<figure class=\"wp-block-image size-full\"><a href=\"https:\/\/art-mu.fr\/wp-content\/uploads\/2021\/08\/2008_salon_Isabelle_Pons.jpg\"><img loading=\"lazy\" decoding=\"async\" width=\"480\" height=\"640\" data-id=\"1530\" src=\"https:\/\/art-mu.fr\/wp-content\/uploads\/2021\/08\/2008_salon_Isabelle_Pons.jpg\" alt=\"\" class=\"wp-image-1530\" srcset=\"https:\/\/art-mu.fr\/wp-content\/uploads\/2021\/08\/2008_salon_Isabelle_Pons.jpg 480w, https:\/\/art-mu.fr\/wp-content\/uploads\/2021\/08\/2008_salon_Isabelle_Pons-225x300.jpg 225w\" sizes=\"(max-width: 480px) 100vw, 480px\" \/><\/a><\/figure>\n\n\n\n<figure class=\"wp-block-image size-full\"><a href=\"https:\/\/art-mu.fr\/wp-content\/uploads\/2021\/08\/2008_salon_Marie-Jo_et_Alain_Bauchat.jpg\"><img loading=\"lazy\" decoding=\"async\" width=\"480\" height=\"640\" data-id=\"1532\" src=\"https:\/\/art-mu.fr\/wp-content\/uploads\/2021\/08\/2008_salon_Marie-Jo_et_Alain_Bauchat.jpg\" alt=\"\" class=\"wp-image-1532\" srcset=\"https:\/\/art-mu.fr\/wp-content\/uploads\/2021\/08\/2008_salon_Marie-Jo_et_Alain_Bauchat.jpg 480w, https:\/\/art-mu.fr\/wp-content\/uploads\/2021\/08\/2008_salon_Marie-Jo_et_Alain_Bauchat-225x300.jpg 225w\" sizes=\"(max-width: 480px) 100vw, 480px\" \/><\/a><\/figure>\n\n\n\n<figure class=\"wp-block-image size-full\"><a href=\"https:\/\/art-mu.fr\/wp-content\/uploads\/2021\/08\/2008_salon_Marie-Jo_Karbovnik.jpg\"><img loading=\"lazy\" decoding=\"async\" width=\"640\" height=\"480\" data-id=\"1533\" src=\"https:\/\/art-mu.fr\/wp-content\/uploads\/2021\/08\/2008_salon_Marie-Jo_Karbovnik.jpg\" alt=\"\" class=\"wp-image-1533\" srcset=\"https:\/\/art-mu.fr\/wp-content\/uploads\/2021\/08\/2008_salon_Marie-Jo_Karbovnik.jpg 640w, https:\/\/art-mu.fr\/wp-content\/uploads\/2021\/08\/2008_salon_Marie-Jo_Karbovnik-300x225.jpg 300w\" sizes=\"(max-width: 640px) 100vw, 640px\" \/><\/a><\/figure>\n\n\n\n<figure class=\"wp-block-image size-full\"><a href=\"https:\/\/art-mu.fr\/wp-content\/uploads\/2021\/08\/2008_salon_Marie-Paule_Cortelli.jpg\"><img loading=\"lazy\" decoding=\"async\" width=\"640\" height=\"480\" data-id=\"1534\" src=\"https:\/\/art-mu.fr\/wp-content\/uploads\/2021\/08\/2008_salon_Marie-Paule_Cortelli.jpg\" alt=\"\" class=\"wp-image-1534\" srcset=\"https:\/\/art-mu.fr\/wp-content\/uploads\/2021\/08\/2008_salon_Marie-Paule_Cortelli.jpg 640w, https:\/\/art-mu.fr\/wp-content\/uploads\/2021\/08\/2008_salon_Marie-Paule_Cortelli-300x225.jpg 300w\" sizes=\"(max-width: 640px) 100vw, 640px\" \/><\/a><\/figure>\n\n\n\n<figure class=\"wp-block-image size-full\"><a href=\"https:\/\/art-mu.fr\/wp-content\/uploads\/2021\/08\/2008_salon_Marie-Christine_Faust.jpg\"><img loading=\"lazy\" decoding=\"async\" width=\"640\" height=\"480\" data-id=\"1531\" src=\"https:\/\/art-mu.fr\/wp-content\/uploads\/2021\/08\/2008_salon_Marie-Christine_Faust.jpg\" alt=\"\" class=\"wp-image-1531\" srcset=\"https:\/\/art-mu.fr\/wp-content\/uploads\/2021\/08\/2008_salon_Marie-Christine_Faust.jpg 640w, https:\/\/art-mu.fr\/wp-content\/uploads\/2021\/08\/2008_salon_Marie-Christine_Faust-300x225.jpg 300w\" sizes=\"(max-width: 640px) 100vw, 640px\" \/><\/a><\/figure>\n\n\n\n<figure class=\"wp-block-image size-full\"><a href=\"https:\/\/art-mu.fr\/wp-content\/uploads\/2021\/08\/2008_salon_Siegrun_Mandon_et_Dominique_Metais.jpg\"><img loading=\"lazy\" decoding=\"async\" width=\"640\" height=\"480\" data-id=\"1537\" src=\"https:\/\/art-mu.fr\/wp-content\/uploads\/2021\/08\/2008_salon_Siegrun_Mandon_et_Dominique_Metais.jpg\" alt=\"\" class=\"wp-image-1537\" srcset=\"https:\/\/art-mu.fr\/wp-content\/uploads\/2021\/08\/2008_salon_Siegrun_Mandon_et_Dominique_Metais.jpg 640w, https:\/\/art-mu.fr\/wp-content\/uploads\/2021\/08\/2008_salon_Siegrun_Mandon_et_Dominique_Metais-300x225.jpg 300w\" sizes=\"(max-width: 640px) 100vw, 640px\" \/><\/a><\/figure>\n\n\n\n<figure class=\"wp-block-image size-full\"><a href=\"https:\/\/art-mu.fr\/wp-content\/uploads\/2021\/08\/2008_salon_Rose_Derien_et_Jean-Marie_Jenot.jpg\"><img loading=\"lazy\" decoding=\"async\" width=\"480\" height=\"640\" data-id=\"1536\" src=\"https:\/\/art-mu.fr\/wp-content\/uploads\/2021\/08\/2008_salon_Rose_Derien_et_Jean-Marie_Jenot.jpg\" alt=\"\" class=\"wp-image-1536\" srcset=\"https:\/\/art-mu.fr\/wp-content\/uploads\/2021\/08\/2008_salon_Rose_Derien_et_Jean-Marie_Jenot.jpg 480w, https:\/\/art-mu.fr\/wp-content\/uploads\/2021\/08\/2008_salon_Rose_Derien_et_Jean-Marie_Jenot-225x300.jpg 225w\" sizes=\"(max-width: 480px) 100vw, 480px\" \/><\/a><\/figure>\n<\/figure>\n\n\n\n<p>Vers <a href=\"https:\/\/art-mu.fr\/?page_id=2579\" data-type=\"page\" data-id=\"2579\">l&rsquo;\u00e9dition 2010<\/a> ou retour <a href=\"https:\/\/art-mu.fr\/?page_id=155\" data-type=\"page\" data-id=\"155\">page g\u00e9n\u00e9rale des salons biennaux<\/a><\/p>\n\n\n\n<div class=\"wp-block-buttons is-content-justification-center is-layout-flex wp-block-buttons-is-layout-flex\">\n<div class=\"wp-block-button is-style-outline is-style-outline--2\"><a class=\"wp-block-button__link has-blue-color has-light-gray-background-color has-text-color has-background\" href=\"#\">Retour au haut de page<\/a><\/div>\n<\/div>\n\n\n\n<p><\/p>\n","protected":false},"excerpt":{"rendered":"<p>Retour en quelques images sur l&rsquo;un des premiers salons (qui ne s&rsquo;appelait pas encore \u00ab\u00a0L&rsquo;art mue\u00a0\u00bb puisque le nom change r\u00e9guli\u00e8rement), mais par contre d\u00e9j\u00e0 dans le tr\u00e8s beau cadre du ch\u00e2teau de Courcelles \u00e0 Montigny-l\u00e8s-Metz, mis \u00e0 disposition par la municipalit\u00e9&#8230; 28 artistes ont expos\u00e9 (leur nombre sera bien sup\u00e9rieur lors des biennales suivantes), [&hellip;]<\/p>\n","protected":false},"author":3,"featured_media":0,"parent":155,"menu_order":3,"comment_status":"closed","ping_status":"closed","template":"","meta":{"footnotes":""},"class_list":["post-1524","page","type-page","status-publish","hentry"],"_links":{"self":[{"href":"https:\/\/art-mu.fr\/index.php?rest_route=\/wp\/v2\/pages\/1524","targetHints":{"allow":["GET"]}}],"collection":[{"href":"https:\/\/art-mu.fr\/index.php?rest_route=\/wp\/v2\/pages"}],"about":[{"href":"https:\/\/art-mu.fr\/index.php?rest_route=\/wp\/v2\/types\/page"}],"author":[{"embeddable":true,"href":"https:\/\/art-mu.fr\/index.php?rest_route=\/wp\/v2\/users\/3"}],"replies":[{"embeddable":true,"href":"https:\/\/art-mu.fr\/index.php?rest_route=%2Fwp%2Fv2%2Fcomments&post=1524"}],"version-history":[{"count":4,"href":"https:\/\/art-mu.fr\/index.php?rest_route=\/wp\/v2\/pages\/1524\/revisions"}],"predecessor-version":[{"id":7200,"href":"https:\/\/art-mu.fr\/index.php?rest_route=\/wp\/v2\/pages\/1524\/revisions\/7200"}],"up":[{"embeddable":true,"href":"https:\/\/art-mu.fr\/index.php?rest_route=\/wp\/v2\/pages\/155"}],"wp:attachment":[{"href":"https:\/\/art-mu.fr\/index.php?rest_route=%2Fwp%2Fv2%2Fmedia&parent=1524"}],"curies":[{"name":"wp","href":"https:\/\/api.w.org\/{rel}","templated":true}]}}