{"id":1366,"date":"2021-08-18T10:51:14","date_gmt":"2021-08-18T08:51:14","guid":{"rendered":"https:\/\/art-mu.fr\/?page_id=1366"},"modified":"2021-08-24T14:57:20","modified_gmt":"2021-08-24T12:57:20","slug":"atelier-tetrapak-janvier-2018","status":"publish","type":"page","link":"https:\/\/art-mu.fr\/?page_id=1366","title":{"rendered":"Atelier Tetrapak janvier 2018"},"content":{"rendered":"\n<p>Faisant imm\u00e9diatement suite au <a href=\"https:\/\/art-mu.fr\/?page_id=977\" data-type=\"page\" data-id=\"977\">marathon du nu de ce m\u00eame mois de janvier 2018<\/a> au cours duquel la <a href=\"https:\/\/art-mu.fr\/?page_id=102\" data-type=\"page\" data-id=\"102\">gravure sur Tetrapak<\/a> (briques de laits ou jus de fruits) avait \u00e9t\u00e9 exp\u00e9riment\u00e9, ce atelier a permis aux membres pr\u00e9sents de poursuivre leurs premi\u00e8res exp\u00e9rimentation avec cette technique de gravure facile et rapide.<\/p>\n\n\n\n<figure class=\"wp-block-gallery columns-2 wp-block-gallery-1 is-layout-flex wp-block-gallery-is-layout-flex\"><ul class=\"blocks-gallery-grid\"><li class=\"blocks-gallery-item\"><figure><a href=\"https:\/\/art-mu.fr\/wp-content\/uploads\/2021\/08\/grav2018_01_ttpk01.jpg\"><img fetchpriority=\"high\" decoding=\"async\" width=\"655\" height=\"960\" src=\"https:\/\/art-mu.fr\/wp-content\/uploads\/2021\/08\/grav2018_01_ttpk01.jpg\" alt=\"\" data-id=\"1367\" data-full-url=\"https:\/\/art-mu.fr\/wp-content\/uploads\/2021\/08\/grav2018_01_ttpk01.jpg\" data-link=\"https:\/\/art-mu.fr\/?attachment_id=1367\" class=\"wp-image-1367\" srcset=\"https:\/\/art-mu.fr\/wp-content\/uploads\/2021\/08\/grav2018_01_ttpk01.jpg 655w, https:\/\/art-mu.fr\/wp-content\/uploads\/2021\/08\/grav2018_01_ttpk01-205x300.jpg 205w\" sizes=\"(max-width: 655px) 100vw, 655px\" \/><\/a><\/figure><\/li><li class=\"blocks-gallery-item\"><figure><a href=\"https:\/\/art-mu.fr\/wp-content\/uploads\/2021\/08\/grav2018_01_ttpk02.jpg\"><img decoding=\"async\" width=\"648\" height=\"960\" src=\"https:\/\/art-mu.fr\/wp-content\/uploads\/2021\/08\/grav2018_01_ttpk02.jpg\" alt=\"\" data-id=\"1368\" data-full-url=\"https:\/\/art-mu.fr\/wp-content\/uploads\/2021\/08\/grav2018_01_ttpk02.jpg\" data-link=\"https:\/\/art-mu.fr\/?attachment_id=1368\" class=\"wp-image-1368\" srcset=\"https:\/\/art-mu.fr\/wp-content\/uploads\/2021\/08\/grav2018_01_ttpk02.jpg 648w, https:\/\/art-mu.fr\/wp-content\/uploads\/2021\/08\/grav2018_01_ttpk02-203x300.jpg 203w\" sizes=\"(max-width: 648px) 100vw, 648px\" \/><\/a><\/figure><\/li><li class=\"blocks-gallery-item\"><figure><a href=\"https:\/\/art-mu.fr\/wp-content\/uploads\/2021\/08\/grav2018_01_ttpk03.jpg\"><img decoding=\"async\" width=\"675\" height=\"960\" src=\"https:\/\/art-mu.fr\/wp-content\/uploads\/2021\/08\/grav2018_01_ttpk03.jpg\" alt=\"\" data-id=\"1369\" data-full-url=\"https:\/\/art-mu.fr\/wp-content\/uploads\/2021\/08\/grav2018_01_ttpk03.jpg\" data-link=\"https:\/\/art-mu.fr\/?attachment_id=1369\" class=\"wp-image-1369\" srcset=\"https:\/\/art-mu.fr\/wp-content\/uploads\/2021\/08\/grav2018_01_ttpk03.jpg 675w, https:\/\/art-mu.fr\/wp-content\/uploads\/2021\/08\/grav2018_01_ttpk03-211x300.jpg 211w\" sizes=\"(max-width: 675px) 100vw, 675px\" \/><\/a><\/figure><\/li><li class=\"blocks-gallery-item\"><figure><a href=\"https:\/\/art-mu.fr\/wp-content\/uploads\/2021\/08\/grav2018_01_ttpk04.jpg\"><img loading=\"lazy\" decoding=\"async\" width=\"1280\" height=\"859\" src=\"https:\/\/art-mu.fr\/wp-content\/uploads\/2021\/08\/grav2018_01_ttpk04.jpg\" alt=\"\" data-id=\"1370\" data-full-url=\"https:\/\/art-mu.fr\/wp-content\/uploads\/2021\/08\/grav2018_01_ttpk04.jpg\" data-link=\"https:\/\/art-mu.fr\/?attachment_id=1370\" class=\"wp-image-1370\" srcset=\"https:\/\/art-mu.fr\/wp-content\/uploads\/2021\/08\/grav2018_01_ttpk04.jpg 1280w, https:\/\/art-mu.fr\/wp-content\/uploads\/2021\/08\/grav2018_01_ttpk04-300x201.jpg 300w, https:\/\/art-mu.fr\/wp-content\/uploads\/2021\/08\/grav2018_01_ttpk04-1024x687.jpg 1024w, https:\/\/art-mu.fr\/wp-content\/uploads\/2021\/08\/grav2018_01_ttpk04-768x515.jpg 768w\" sizes=\"(max-width: 1280px) 100vw, 1280px\" \/><\/a><\/figure><\/li><li class=\"blocks-gallery-item\"><figure><a href=\"https:\/\/art-mu.fr\/wp-content\/uploads\/2021\/08\/grav2018_01_ttpk05.jpg\"><img loading=\"lazy\" decoding=\"async\" width=\"1280\" height=\"843\" src=\"https:\/\/art-mu.fr\/wp-content\/uploads\/2021\/08\/grav2018_01_ttpk05.jpg\" alt=\"\" data-id=\"1371\" data-full-url=\"https:\/\/art-mu.fr\/wp-content\/uploads\/2021\/08\/grav2018_01_ttpk05.jpg\" data-link=\"https:\/\/art-mu.fr\/?attachment_id=1371\" class=\"wp-image-1371\" srcset=\"https:\/\/art-mu.fr\/wp-content\/uploads\/2021\/08\/grav2018_01_ttpk05.jpg 1280w, https:\/\/art-mu.fr\/wp-content\/uploads\/2021\/08\/grav2018_01_ttpk05-300x198.jpg 300w, https:\/\/art-mu.fr\/wp-content\/uploads\/2021\/08\/grav2018_01_ttpk05-1024x674.jpg 1024w, https:\/\/art-mu.fr\/wp-content\/uploads\/2021\/08\/grav2018_01_ttpk05-768x506.jpg 768w\" sizes=\"(max-width: 1280px) 100vw, 1280px\" \/><\/a><\/figure><\/li><li class=\"blocks-gallery-item\"><figure><a href=\"https:\/\/art-mu.fr\/wp-content\/uploads\/2021\/08\/grav2018_01_ttpk06.jpg\"><img loading=\"lazy\" decoding=\"async\" width=\"1280\" height=\"861\" src=\"https:\/\/art-mu.fr\/wp-content\/uploads\/2021\/08\/grav2018_01_ttpk06.jpg\" alt=\"\" data-id=\"1372\" data-full-url=\"https:\/\/art-mu.fr\/wp-content\/uploads\/2021\/08\/grav2018_01_ttpk06.jpg\" data-link=\"https:\/\/art-mu.fr\/?attachment_id=1372\" class=\"wp-image-1372\" srcset=\"https:\/\/art-mu.fr\/wp-content\/uploads\/2021\/08\/grav2018_01_ttpk06.jpg 1280w, https:\/\/art-mu.fr\/wp-content\/uploads\/2021\/08\/grav2018_01_ttpk06-300x202.jpg 300w, https:\/\/art-mu.fr\/wp-content\/uploads\/2021\/08\/grav2018_01_ttpk06-1024x689.jpg 1024w, https:\/\/art-mu.fr\/wp-content\/uploads\/2021\/08\/grav2018_01_ttpk06-768x517.jpg 768w\" sizes=\"(max-width: 1280px) 100vw, 1280px\" \/><\/a><\/figure><\/li><li class=\"blocks-gallery-item\"><figure><a href=\"https:\/\/art-mu.fr\/wp-content\/uploads\/2021\/08\/grav2018_01_ttpk07.jpg\"><img loading=\"lazy\" decoding=\"async\" width=\"1280\" height=\"856\" src=\"https:\/\/art-mu.fr\/wp-content\/uploads\/2021\/08\/grav2018_01_ttpk07.jpg\" alt=\"\" data-id=\"1373\" data-full-url=\"https:\/\/art-mu.fr\/wp-content\/uploads\/2021\/08\/grav2018_01_ttpk07.jpg\" data-link=\"https:\/\/art-mu.fr\/?attachment_id=1373\" class=\"wp-image-1373\" srcset=\"https:\/\/art-mu.fr\/wp-content\/uploads\/2021\/08\/grav2018_01_ttpk07.jpg 1280w, https:\/\/art-mu.fr\/wp-content\/uploads\/2021\/08\/grav2018_01_ttpk07-300x201.jpg 300w, https:\/\/art-mu.fr\/wp-content\/uploads\/2021\/08\/grav2018_01_ttpk07-1024x685.jpg 1024w, https:\/\/art-mu.fr\/wp-content\/uploads\/2021\/08\/grav2018_01_ttpk07-768x514.jpg 768w\" sizes=\"(max-width: 1280px) 100vw, 1280px\" \/><\/a><\/figure><\/li><li class=\"blocks-gallery-item\"><figure><a href=\"https:\/\/art-mu.fr\/wp-content\/uploads\/2021\/08\/grav2018_01_ttpk08.jpg\"><img loading=\"lazy\" decoding=\"async\" width=\"687\" height=\"960\" src=\"https:\/\/art-mu.fr\/wp-content\/uploads\/2021\/08\/grav2018_01_ttpk08.jpg\" alt=\"\" data-id=\"1374\" data-full-url=\"https:\/\/art-mu.fr\/wp-content\/uploads\/2021\/08\/grav2018_01_ttpk08.jpg\" data-link=\"https:\/\/art-mu.fr\/?attachment_id=1374\" class=\"wp-image-1374\" srcset=\"https:\/\/art-mu.fr\/wp-content\/uploads\/2021\/08\/grav2018_01_ttpk08.jpg 687w, https:\/\/art-mu.fr\/wp-content\/uploads\/2021\/08\/grav2018_01_ttpk08-215x300.jpg 215w\" sizes=\"(max-width: 687px) 100vw, 687px\" \/><\/a><\/figure><\/li><li class=\"blocks-gallery-item\"><figure><a href=\"https:\/\/art-mu.fr\/wp-content\/uploads\/2021\/08\/grav2018_01_ttpk09.jpg\"><img loading=\"lazy\" decoding=\"async\" width=\"681\" height=\"960\" src=\"https:\/\/art-mu.fr\/wp-content\/uploads\/2021\/08\/grav2018_01_ttpk09.jpg\" alt=\"\" data-id=\"1375\" data-full-url=\"https:\/\/art-mu.fr\/wp-content\/uploads\/2021\/08\/grav2018_01_ttpk09.jpg\" data-link=\"https:\/\/art-mu.fr\/?attachment_id=1375\" class=\"wp-image-1375\" srcset=\"https:\/\/art-mu.fr\/wp-content\/uploads\/2021\/08\/grav2018_01_ttpk09.jpg 681w, https:\/\/art-mu.fr\/wp-content\/uploads\/2021\/08\/grav2018_01_ttpk09-213x300.jpg 213w\" sizes=\"(max-width: 681px) 100vw, 681px\" \/><\/a><\/figure><\/li><li class=\"blocks-gallery-item\"><figure><a href=\"https:\/\/art-mu.fr\/wp-content\/uploads\/2021\/08\/grav2018_01_ttpk10.jpg\"><img loading=\"lazy\" decoding=\"async\" width=\"676\" height=\"960\" src=\"https:\/\/art-mu.fr\/wp-content\/uploads\/2021\/08\/grav2018_01_ttpk10.jpg\" alt=\"\" data-id=\"1376\" data-full-url=\"https:\/\/art-mu.fr\/wp-content\/uploads\/2021\/08\/grav2018_01_ttpk10.jpg\" data-link=\"https:\/\/art-mu.fr\/?attachment_id=1376\" class=\"wp-image-1376\" srcset=\"https:\/\/art-mu.fr\/wp-content\/uploads\/2021\/08\/grav2018_01_ttpk10.jpg 676w, https:\/\/art-mu.fr\/wp-content\/uploads\/2021\/08\/grav2018_01_ttpk10-211x300.jpg 211w\" sizes=\"(max-width: 676px) 100vw, 676px\" \/><\/a><\/figure><\/li><li class=\"blocks-gallery-item\"><figure><a href=\"https:\/\/art-mu.fr\/wp-content\/uploads\/2021\/08\/grav2018_01_ttpk11.jpg\"><img loading=\"lazy\" decoding=\"async\" width=\"667\" height=\"960\" src=\"https:\/\/art-mu.fr\/wp-content\/uploads\/2021\/08\/grav2018_01_ttpk11.jpg\" alt=\"\" data-id=\"1377\" data-full-url=\"https:\/\/art-mu.fr\/wp-content\/uploads\/2021\/08\/grav2018_01_ttpk11.jpg\" data-link=\"https:\/\/art-mu.fr\/?attachment_id=1377\" class=\"wp-image-1377\" srcset=\"https:\/\/art-mu.fr\/wp-content\/uploads\/2021\/08\/grav2018_01_ttpk11.jpg 667w, https:\/\/art-mu.fr\/wp-content\/uploads\/2021\/08\/grav2018_01_ttpk11-208x300.jpg 208w\" sizes=\"(max-width: 667px) 100vw, 667px\" \/><\/a><\/figure><\/li><li class=\"blocks-gallery-item\"><figure><a href=\"https:\/\/art-mu.fr\/wp-content\/uploads\/2021\/08\/grav2018_01_ttpk12.jpg\"><img loading=\"lazy\" decoding=\"async\" width=\"721\" height=\"960\" src=\"https:\/\/art-mu.fr\/wp-content\/uploads\/2021\/08\/grav2018_01_ttpk12.jpg\" alt=\"\" data-id=\"1378\" data-full-url=\"https:\/\/art-mu.fr\/wp-content\/uploads\/2021\/08\/grav2018_01_ttpk12.jpg\" data-link=\"https:\/\/art-mu.fr\/?attachment_id=1378\" class=\"wp-image-1378\" srcset=\"https:\/\/art-mu.fr\/wp-content\/uploads\/2021\/08\/grav2018_01_ttpk12.jpg 721w, https:\/\/art-mu.fr\/wp-content\/uploads\/2021\/08\/grav2018_01_ttpk12-225x300.jpg 225w\" sizes=\"(max-width: 721px) 100vw, 721px\" \/><\/a><\/figure><\/li><li class=\"blocks-gallery-item\"><figure><a href=\"https:\/\/art-mu.fr\/wp-content\/uploads\/2021\/08\/grav2018_01_ttpk13.jpg\"><img loading=\"lazy\" decoding=\"async\" width=\"1280\" height=\"700\" src=\"https:\/\/art-mu.fr\/wp-content\/uploads\/2021\/08\/grav2018_01_ttpk13.jpg\" alt=\"\" data-id=\"1379\" data-full-url=\"https:\/\/art-mu.fr\/wp-content\/uploads\/2021\/08\/grav2018_01_ttpk13.jpg\" data-link=\"https:\/\/art-mu.fr\/?attachment_id=1379\" class=\"wp-image-1379\" srcset=\"https:\/\/art-mu.fr\/wp-content\/uploads\/2021\/08\/grav2018_01_ttpk13.jpg 1280w, https:\/\/art-mu.fr\/wp-content\/uploads\/2021\/08\/grav2018_01_ttpk13-300x164.jpg 300w, https:\/\/art-mu.fr\/wp-content\/uploads\/2021\/08\/grav2018_01_ttpk13-1024x560.jpg 1024w, https:\/\/art-mu.fr\/wp-content\/uploads\/2021\/08\/grav2018_01_ttpk13-768x420.jpg 768w\" sizes=\"(max-width: 1280px) 100vw, 1280px\" \/><\/a><\/figure><\/li><\/ul><\/figure>\n\n\n\n<p>En parall\u00e8le certains ont poursuivis des essais de gravure sur Rh\u00e9nalon<\/p>\n\n\n\n<figure class=\"wp-block-gallery columns-2 wp-block-gallery-2 is-layout-flex wp-block-gallery-is-layout-flex\"><ul class=\"blocks-gallery-grid\"><li class=\"blocks-gallery-item\"><figure><a href=\"https:\/\/art-mu.fr\/wp-content\/uploads\/2021\/08\/grav2018_01_zR1.jpg\"><img loading=\"lazy\" decoding=\"async\" width=\"651\" height=\"960\" src=\"https:\/\/art-mu.fr\/wp-content\/uploads\/2021\/08\/grav2018_01_zR1.jpg\" alt=\"\" data-id=\"1380\" data-full-url=\"https:\/\/art-mu.fr\/wp-content\/uploads\/2021\/08\/grav2018_01_zR1.jpg\" data-link=\"https:\/\/art-mu.fr\/?attachment_id=1380\" class=\"wp-image-1380\" srcset=\"https:\/\/art-mu.fr\/wp-content\/uploads\/2021\/08\/grav2018_01_zR1.jpg 651w, https:\/\/art-mu.fr\/wp-content\/uploads\/2021\/08\/grav2018_01_zR1-203x300.jpg 203w\" sizes=\"(max-width: 651px) 100vw, 651px\" \/><\/a><\/figure><\/li><li class=\"blocks-gallery-item\"><figure><a href=\"https:\/\/art-mu.fr\/wp-content\/uploads\/2021\/08\/grav2018_01_zR2.jpg\"><img loading=\"lazy\" decoding=\"async\" width=\"661\" height=\"960\" src=\"https:\/\/art-mu.fr\/wp-content\/uploads\/2021\/08\/grav2018_01_zR2.jpg\" alt=\"\" data-id=\"1381\" data-full-url=\"https:\/\/art-mu.fr\/wp-content\/uploads\/2021\/08\/grav2018_01_zR2.jpg\" data-link=\"https:\/\/art-mu.fr\/?attachment_id=1381\" class=\"wp-image-1381\" srcset=\"https:\/\/art-mu.fr\/wp-content\/uploads\/2021\/08\/grav2018_01_zR2.jpg 661w, https:\/\/art-mu.fr\/wp-content\/uploads\/2021\/08\/grav2018_01_zR2-207x300.jpg 207w\" sizes=\"(max-width: 661px) 100vw, 661px\" \/><\/a><\/figure><\/li><li class=\"blocks-gallery-item\"><figure><a href=\"https:\/\/art-mu.fr\/wp-content\/uploads\/2021\/08\/grav2018_01_zR4.jpg\"><img loading=\"lazy\" decoding=\"async\" width=\"1280\" height=\"897\" src=\"https:\/\/art-mu.fr\/wp-content\/uploads\/2021\/08\/grav2018_01_zR4.jpg\" alt=\"\" data-id=\"1383\" data-full-url=\"https:\/\/art-mu.fr\/wp-content\/uploads\/2021\/08\/grav2018_01_zR4.jpg\" data-link=\"https:\/\/art-mu.fr\/?attachment_id=1383\" class=\"wp-image-1383\" srcset=\"https:\/\/art-mu.fr\/wp-content\/uploads\/2021\/08\/grav2018_01_zR4.jpg 1280w, https:\/\/art-mu.fr\/wp-content\/uploads\/2021\/08\/grav2018_01_zR4-300x210.jpg 300w, https:\/\/art-mu.fr\/wp-content\/uploads\/2021\/08\/grav2018_01_zR4-1024x718.jpg 1024w, https:\/\/art-mu.fr\/wp-content\/uploads\/2021\/08\/grav2018_01_zR4-768x538.jpg 768w\" sizes=\"(max-width: 1280px) 100vw, 1280px\" \/><\/a><\/figure><\/li><li class=\"blocks-gallery-item\"><figure><a href=\"https:\/\/art-mu.fr\/wp-content\/uploads\/2021\/08\/grav2018_01_zR5.jpg\"><img loading=\"lazy\" decoding=\"async\" width=\"1280\" height=\"872\" src=\"https:\/\/art-mu.fr\/wp-content\/uploads\/2021\/08\/grav2018_01_zR5.jpg\" alt=\"\" data-id=\"1384\" data-full-url=\"https:\/\/art-mu.fr\/wp-content\/uploads\/2021\/08\/grav2018_01_zR5.jpg\" data-link=\"https:\/\/art-mu.fr\/?attachment_id=1384\" class=\"wp-image-1384\" srcset=\"https:\/\/art-mu.fr\/wp-content\/uploads\/2021\/08\/grav2018_01_zR5.jpg 1280w, https:\/\/art-mu.fr\/wp-content\/uploads\/2021\/08\/grav2018_01_zR5-300x204.jpg 300w, https:\/\/art-mu.fr\/wp-content\/uploads\/2021\/08\/grav2018_01_zR5-1024x698.jpg 1024w, https:\/\/art-mu.fr\/wp-content\/uploads\/2021\/08\/grav2018_01_zR5-768x523.jpg 768w\" sizes=\"(max-width: 1280px) 100vw, 1280px\" \/><\/a><\/figure><\/li><li class=\"blocks-gallery-item\"><figure><a href=\"https:\/\/art-mu.fr\/wp-content\/uploads\/2021\/08\/grav2018_01_zR3.jpg\"><img loading=\"lazy\" decoding=\"async\" width=\"640\" height=\"960\" src=\"https:\/\/art-mu.fr\/wp-content\/uploads\/2021\/08\/grav2018_01_zR3.jpg\" alt=\"\" data-id=\"1382\" data-full-url=\"https:\/\/art-mu.fr\/wp-content\/uploads\/2021\/08\/grav2018_01_zR3.jpg\" data-link=\"https:\/\/art-mu.fr\/?attachment_id=1382\" class=\"wp-image-1382\" srcset=\"https:\/\/art-mu.fr\/wp-content\/uploads\/2021\/08\/grav2018_01_zR3.jpg 640w, https:\/\/art-mu.fr\/wp-content\/uploads\/2021\/08\/grav2018_01_zR3-200x300.jpg 200w\" sizes=\"(max-width: 640px) 100vw, 640px\" \/><\/a><\/figure><\/li><\/ul><\/figure>\n\n\n\n<div class=\"wp-block-buttons is-content-justification-center is-layout-flex wp-block-buttons-is-layout-flex\">\n<div class=\"wp-block-button is-style-outline is-style-outline--3\"><a class=\"wp-block-button__link has-blue-color has-light-gray-background-color has-text-color has-background\" href=\"#\">Retour au haut de page<\/a><\/div>\n<\/div>\n","protected":false},"excerpt":{"rendered":"<p>Faisant imm\u00e9diatement suite au marathon du nu de ce m\u00eame mois de janvier 2018 au cours duquel la gravure sur Tetrapak (briques de laits ou jus de fruits) avait \u00e9t\u00e9 exp\u00e9riment\u00e9, ce atelier a permis aux membres pr\u00e9sents de poursuivre leurs premi\u00e8res exp\u00e9rimentation avec cette technique de gravure facile et rapide. En parall\u00e8le certains ont [&hellip;]<\/p>\n","protected":false},"author":3,"featured_media":0,"parent":102,"menu_order":3,"comment_status":"closed","ping_status":"closed","template":"","meta":{"footnotes":""},"class_list":["post-1366","page","type-page","status-publish","hentry"],"_links":{"self":[{"href":"https:\/\/art-mu.fr\/index.php?rest_route=\/wp\/v2\/pages\/1366","targetHints":{"allow":["GET"]}}],"collection":[{"href":"https:\/\/art-mu.fr\/index.php?rest_route=\/wp\/v2\/pages"}],"about":[{"href":"https:\/\/art-mu.fr\/index.php?rest_route=\/wp\/v2\/types\/page"}],"author":[{"embeddable":true,"href":"https:\/\/art-mu.fr\/index.php?rest_route=\/wp\/v2\/users\/3"}],"replies":[{"embeddable":true,"href":"https:\/\/art-mu.fr\/index.php?rest_route=%2Fwp%2Fv2%2Fcomments&post=1366"}],"version-history":[{"count":2,"href":"https:\/\/art-mu.fr\/index.php?rest_route=\/wp\/v2\/pages\/1366\/revisions"}],"predecessor-version":[{"id":2027,"href":"https:\/\/art-mu.fr\/index.php?rest_route=\/wp\/v2\/pages\/1366\/revisions\/2027"}],"up":[{"embeddable":true,"href":"https:\/\/art-mu.fr\/index.php?rest_route=\/wp\/v2\/pages\/102"}],"wp:attachment":[{"href":"https:\/\/art-mu.fr\/index.php?rest_route=%2Fwp%2Fv2%2Fmedia&parent=1366"}],"curies":[{"name":"wp","href":"https:\/\/api.w.org\/{rel}","templated":true}]}}