{"id":129,"date":"2021-08-12T09:52:52","date_gmt":"2021-08-12T07:52:52","guid":{"rendered":"https:\/\/art-mu.fr\/?page_id=129"},"modified":"2022-07-20T10:34:52","modified_gmt":"2022-07-20T08:34:52","slug":"cours-de-modele-vivant","status":"publish","type":"page","link":"https:\/\/art-mu.fr\/?page_id=129","title":{"rendered":"Cours de mod\u00e8le vivant"},"content":{"rendered":"\n<p><strong>Derni\u00e8re minute : ce cours ne sera pas reconduit en 2022-23 &#8230;<\/strong><\/p>\n\n\n\n<p><\/p>\n\n\n\n<p>Pour ceux qui souhaitaient une formule plus encadr\u00e9e que <a href=\"https:\/\/art-mu.fr\/?page_id=72\" data-type=\"page\" data-id=\"72\">les ateliers de mod\u00e8le vivant du lundi soir<\/a>, Catherine Vistorky a propos\u00e9 en 2021-22, pour la premi\u00e8re fois \u00e0 Art-Mu, des cours mensuels de mod\u00e8le vivant.<\/p>\n\n\n\n<p>Ces cours ont rassembl\u00e9 en moyenne un bonne dizaine de personnes.<\/p>\n\n\n\n<figure class=\"wp-block-image size-full\"><img fetchpriority=\"high\" decoding=\"async\" width=\"900\" height=\"365\" src=\"https:\/\/art-mu.fr\/wp-content\/uploads\/2021\/08\/coursmodvivant.jpg\" alt=\"\" class=\"wp-image-130\" srcset=\"https:\/\/art-mu.fr\/wp-content\/uploads\/2021\/08\/coursmodvivant.jpg 900w, https:\/\/art-mu.fr\/wp-content\/uploads\/2021\/08\/coursmodvivant-300x122.jpg 300w, https:\/\/art-mu.fr\/wp-content\/uploads\/2021\/08\/coursmodvivant-768x311.jpg 768w\" sizes=\"(max-width: 900px) 100vw, 900px\" \/><\/figure>\n\n\n\n<p>Ce cours se pr\u00e9sentait sous forme d&rsquo;une suite de s\u00e9quences de dessin chronom\u00e9tr\u00e9es avec consignes permettant d&rsquo;apprendre \u00e0 voir. <\/p>\n\n\n\n<p>Il s&rsquo;agissait d&rsquo;aider le dessinateur dans son approche du dessin de mod\u00e8les vivants, sans brider sa personnalit\u00e9. (tester des outils, varier des supports et des formats, s&rsquo;appuyer sur des rep\u00e8res morphologiques).<\/p>\n\n\n\n<p> Les poses variaient d&rsquo;une minute \u00e0 une demi-heure.<\/p>\n\n\n\n<figure class=\"wp-block-gallery has-nested-images columns-default wp-block-gallery-1 is-layout-flex wp-block-gallery-is-layout-flex\">\n<figure class=\"wp-block-image size-full\"><a href=\"https:\/\/art-mu.fr\/?attachment_id=3090\"><img decoding=\"async\" width=\"1280\" height=\"1920\" data-id=\"3090\" src=\"https:\/\/art-mu.fr\/wp-content\/uploads\/2021\/10\/cours_modele_vivant_pose.jpg\" alt=\"\" class=\"wp-image-3090\" srcset=\"https:\/\/art-mu.fr\/wp-content\/uploads\/2021\/10\/cours_modele_vivant_pose.jpg 1280w, https:\/\/art-mu.fr\/wp-content\/uploads\/2021\/10\/cours_modele_vivant_pose-200x300.jpg 200w, https:\/\/art-mu.fr\/wp-content\/uploads\/2021\/10\/cours_modele_vivant_pose-683x1024.jpg 683w, https:\/\/art-mu.fr\/wp-content\/uploads\/2021\/10\/cours_modele_vivant_pose-768x1152.jpg 768w, https:\/\/art-mu.fr\/wp-content\/uploads\/2021\/10\/cours_modele_vivant_pose-1024x1536.jpg 1024w\" sizes=\"(max-width: 1280px) 100vw, 1280px\" \/><\/a><\/figure>\n<\/figure>\n\n\n\n<p><\/p>\n\n\n\n<p><strong>Voir \u00e0 titre d&rsquo;exemple le <a href=\"https:\/\/art-mu.fr\/?page_id=3161\" data-type=\"page\" data-id=\"3161\">d\u00e9roul\u00e9 et les r\u00e9alisations d&rsquo;un cours (celui de d\u00e9cembre 2021<\/a>)<\/strong><\/p>\n\n\n\n<p><\/p>\n\n\n\n<p><strong>Dates et horaires des s\u00e9ances, lieu, prix, jauge, contact<\/strong><\/p>\n\n\n\n<p>Un mercredi apr\u00e8s midi par mois <a href=\"https:\/\/art-mu.fr\/?page_id=66\" data-type=\"page\" data-id=\"66\">selon le calendrier<\/a>  de 14h30 \u00e0 17h30<\/p>\n\n\n\n<p>Lieu : \u00e0 l&rsquo;<a href=\"https:\/\/art-mu.fr\/?page_id=2\" data-type=\"page\" data-id=\"2\">atelier <\/a> <\/p>\n\n\n\n<p>Participation aux frais : 10 euros par s\u00e9ance<\/p>\n\n\n\n<p>Capacit\u00e9 : une dizaine de personnes<\/p>\n\n\n\n<p>Contraintes COVID19 et Pass sanistaire : voir dans les actualit\u00e9s du pr\u00e9sent site  <\/p>\n\n\n\n<p><br>Responsable de l\u2019atelier : si un nouveau volontaire veut assurer des cours selon ces principes ou en les am\u00e9nageant<\/p>\n\n\n\n<figure class=\"wp-block-gallery has-nested-images columns-default is-cropped wp-block-gallery-2 is-layout-flex wp-block-gallery-is-layout-flex\">\n<figure class=\"wp-block-image size-large\"><img decoding=\"async\" width=\"709\" height=\"1024\" data-id=\"3075\" src=\"https:\/\/art-mu.fr\/wp-content\/uploads\/2021\/10\/2021_cours_modele_vivant_01-709x1024.jpg\" alt=\"\" class=\"wp-image-3075\" srcset=\"https:\/\/art-mu.fr\/wp-content\/uploads\/2021\/10\/2021_cours_modele_vivant_01-709x1024.jpg 709w, https:\/\/art-mu.fr\/wp-content\/uploads\/2021\/10\/2021_cours_modele_vivant_01-208x300.jpg 208w, https:\/\/art-mu.fr\/wp-content\/uploads\/2021\/10\/2021_cours_modele_vivant_01-768x1109.jpg 768w, https:\/\/art-mu.fr\/wp-content\/uploads\/2021\/10\/2021_cours_modele_vivant_01-1064x1536.jpg 1064w, https:\/\/art-mu.fr\/wp-content\/uploads\/2021\/10\/2021_cours_modele_vivant_01.jpg 1330w\" sizes=\"(max-width: 709px) 100vw, 709px\" \/><\/figure>\n<\/figure>\n\n\n\n<div class=\"wp-block-buttons is-content-justification-center is-layout-flex wp-block-buttons-is-layout-flex\">\n<div class=\"wp-block-button is-style-outline is-style-outline--3\"><a class=\"wp-block-button__link has-blue-color has-light-gray-background-color has-text-color has-background\" href=\"#\">Retour au haut de page<\/a><\/div>\n<\/div>\n","protected":false},"excerpt":{"rendered":"<p>Derni\u00e8re minute : ce cours ne sera pas reconduit en 2022-23 &#8230; Pour ceux qui souhaitaient une formule plus encadr\u00e9e que les ateliers de mod\u00e8le vivant du lundi soir, Catherine Vistorky a propos\u00e9 en 2021-22, pour la premi\u00e8re fois \u00e0 Art-Mu, des cours mensuels de mod\u00e8le vivant. Ces cours ont rassembl\u00e9 en moyenne un bonne [&hellip;]<\/p>\n","protected":false},"author":3,"featured_media":0,"parent":25,"menu_order":3,"comment_status":"closed","ping_status":"closed","template":"","meta":{"footnotes":""},"class_list":["post-129","page","type-page","status-publish","hentry"],"_links":{"self":[{"href":"https:\/\/art-mu.fr\/index.php?rest_route=\/wp\/v2\/pages\/129","targetHints":{"allow":["GET"]}}],"collection":[{"href":"https:\/\/art-mu.fr\/index.php?rest_route=\/wp\/v2\/pages"}],"about":[{"href":"https:\/\/art-mu.fr\/index.php?rest_route=\/wp\/v2\/types\/page"}],"author":[{"embeddable":true,"href":"https:\/\/art-mu.fr\/index.php?rest_route=\/wp\/v2\/users\/3"}],"replies":[{"embeddable":true,"href":"https:\/\/art-mu.fr\/index.php?rest_route=%2Fwp%2Fv2%2Fcomments&post=129"}],"version-history":[{"count":9,"href":"https:\/\/art-mu.fr\/index.php?rest_route=\/wp\/v2\/pages\/129\/revisions"}],"predecessor-version":[{"id":3562,"href":"https:\/\/art-mu.fr\/index.php?rest_route=\/wp\/v2\/pages\/129\/revisions\/3562"}],"up":[{"embeddable":true,"href":"https:\/\/art-mu.fr\/index.php?rest_route=\/wp\/v2\/pages\/25"}],"wp:attachment":[{"href":"https:\/\/art-mu.fr\/index.php?rest_route=%2Fwp%2Fv2%2Fmedia&parent=129"}],"curies":[{"name":"wp","href":"https:\/\/api.w.org\/{rel}","templated":true}]}}