{"id":1065,"date":"2021-08-16T16:13:55","date_gmt":"2021-08-16T14:13:55","guid":{"rendered":"https:\/\/art-mu.fr\/?page_id=1065"},"modified":"2021-08-18T10:27:50","modified_gmt":"2021-08-18T08:27:50","slug":"de-la-trace-a-la-lettre-mai-2021","status":"publish","type":"page","link":"https:\/\/art-mu.fr\/?page_id=1065","title":{"rendered":"De la Trace \u00e0 la lettre mai 2021"},"content":{"rendered":"\n<p>Voici quelques photos ainsi que les mod\u00e8les utilis\u00e9s pour le cours <a href=\"https:\/\/art-mu.fr\/?page_id=84\" data-type=\"page\" data-id=\"84\">De la Trace \u00e0 la Lettre<\/a> r\u00e9alis\u00e9 en visio en mai 2021 et, enfin, quelques r\u00e9alisations des participants.<\/p>\n\n\n\n<figure class=\"wp-block-gallery columns-2 wp-block-gallery-1 is-layout-flex wp-block-gallery-is-layout-flex\"><ul class=\"blocks-gallery-grid\"><li class=\"blocks-gallery-item\"><figure><a href=\"https:\/\/art-mu.fr\/wp-content\/uploads\/2021\/08\/2021_05_trace_00.jpg\"><img fetchpriority=\"high\" decoding=\"async\" width=\"525\" height=\"806\" src=\"https:\/\/art-mu.fr\/wp-content\/uploads\/2021\/08\/2021_05_trace_00.jpg\" alt=\"\" data-id=\"1066\" data-full-url=\"https:\/\/art-mu.fr\/wp-content\/uploads\/2021\/08\/2021_05_trace_00.jpg\" data-link=\"https:\/\/art-mu.fr\/?attachment_id=1066\" class=\"wp-image-1066\" srcset=\"https:\/\/art-mu.fr\/wp-content\/uploads\/2021\/08\/2021_05_trace_00.jpg 525w, https:\/\/art-mu.fr\/wp-content\/uploads\/2021\/08\/2021_05_trace_00-195x300.jpg 195w\" sizes=\"(max-width: 525px) 100vw, 525px\" \/><\/a><\/figure><\/li><li class=\"blocks-gallery-item\"><figure><a href=\"https:\/\/art-mu.fr\/wp-content\/uploads\/2021\/08\/2021_05_trace_04.jpg\"><img decoding=\"async\" width=\"525\" height=\"787\" src=\"https:\/\/art-mu.fr\/wp-content\/uploads\/2021\/08\/2021_05_trace_04.jpg\" alt=\"\" data-id=\"1069\" data-full-url=\"https:\/\/art-mu.fr\/wp-content\/uploads\/2021\/08\/2021_05_trace_04.jpg\" data-link=\"https:\/\/art-mu.fr\/?attachment_id=1069\" class=\"wp-image-1069\" srcset=\"https:\/\/art-mu.fr\/wp-content\/uploads\/2021\/08\/2021_05_trace_04.jpg 525w, https:\/\/art-mu.fr\/wp-content\/uploads\/2021\/08\/2021_05_trace_04-200x300.jpg 200w\" sizes=\"(max-width: 525px) 100vw, 525px\" \/><\/a><\/figure><\/li><li class=\"blocks-gallery-item\"><figure><a href=\"https:\/\/art-mu.fr\/wp-content\/uploads\/2021\/08\/2021_05_trace_02.jpg\"><img decoding=\"async\" width=\"1000\" height=\"667\" src=\"https:\/\/art-mu.fr\/wp-content\/uploads\/2021\/08\/2021_05_trace_02.jpg\" alt=\"\" data-id=\"1067\" data-full-url=\"https:\/\/art-mu.fr\/wp-content\/uploads\/2021\/08\/2021_05_trace_02.jpg\" data-link=\"https:\/\/art-mu.fr\/?attachment_id=1067\" class=\"wp-image-1067\" srcset=\"https:\/\/art-mu.fr\/wp-content\/uploads\/2021\/08\/2021_05_trace_02.jpg 1000w, https:\/\/art-mu.fr\/wp-content\/uploads\/2021\/08\/2021_05_trace_02-300x200.jpg 300w, https:\/\/art-mu.fr\/wp-content\/uploads\/2021\/08\/2021_05_trace_02-768x512.jpg 768w\" sizes=\"(max-width: 1000px) 100vw, 1000px\" \/><\/a><\/figure><\/li><li class=\"blocks-gallery-item\"><figure><a href=\"https:\/\/art-mu.fr\/wp-content\/uploads\/2021\/08\/2021_05_trace_03.jpg\"><img loading=\"lazy\" decoding=\"async\" width=\"1000\" height=\"671\" src=\"https:\/\/art-mu.fr\/wp-content\/uploads\/2021\/08\/2021_05_trace_03.jpg\" alt=\"\" data-id=\"1068\" data-full-url=\"https:\/\/art-mu.fr\/wp-content\/uploads\/2021\/08\/2021_05_trace_03.jpg\" data-link=\"https:\/\/art-mu.fr\/?attachment_id=1068\" class=\"wp-image-1068\" srcset=\"https:\/\/art-mu.fr\/wp-content\/uploads\/2021\/08\/2021_05_trace_03.jpg 1000w, https:\/\/art-mu.fr\/wp-content\/uploads\/2021\/08\/2021_05_trace_03-300x201.jpg 300w, https:\/\/art-mu.fr\/wp-content\/uploads\/2021\/08\/2021_05_trace_03-768x515.jpg 768w\" sizes=\"(max-width: 1000px) 100vw, 1000px\" \/><\/a><\/figure><\/li><li class=\"blocks-gallery-item\"><figure><a href=\"https:\/\/art-mu.fr\/wp-content\/uploads\/2021\/08\/2021_05_trace_05.jpg\"><img loading=\"lazy\" decoding=\"async\" width=\"525\" height=\"527\" src=\"https:\/\/art-mu.fr\/wp-content\/uploads\/2021\/08\/2021_05_trace_05.jpg\" alt=\"\" data-id=\"1070\" data-full-url=\"https:\/\/art-mu.fr\/wp-content\/uploads\/2021\/08\/2021_05_trace_05.jpg\" data-link=\"https:\/\/art-mu.fr\/?attachment_id=1070\" class=\"wp-image-1070\" srcset=\"https:\/\/art-mu.fr\/wp-content\/uploads\/2021\/08\/2021_05_trace_05.jpg 525w, https:\/\/art-mu.fr\/wp-content\/uploads\/2021\/08\/2021_05_trace_05-300x300.jpg 300w, https:\/\/art-mu.fr\/wp-content\/uploads\/2021\/08\/2021_05_trace_05-150x150.jpg 150w\" sizes=\"(max-width: 525px) 100vw, 525px\" \/><\/a><\/figure><\/li><li class=\"blocks-gallery-item\"><figure><a href=\"https:\/\/art-mu.fr\/wp-content\/uploads\/2021\/08\/2021_05_trace_06.jpg\"><img loading=\"lazy\" decoding=\"async\" width=\"525\" height=\"517\" src=\"https:\/\/art-mu.fr\/wp-content\/uploads\/2021\/08\/2021_05_trace_06.jpg\" alt=\"\" data-id=\"1071\" data-full-url=\"https:\/\/art-mu.fr\/wp-content\/uploads\/2021\/08\/2021_05_trace_06.jpg\" data-link=\"https:\/\/art-mu.fr\/?attachment_id=1071\" class=\"wp-image-1071\" srcset=\"https:\/\/art-mu.fr\/wp-content\/uploads\/2021\/08\/2021_05_trace_06.jpg 525w, https:\/\/art-mu.fr\/wp-content\/uploads\/2021\/08\/2021_05_trace_06-300x295.jpg 300w\" sizes=\"(max-width: 525px) 100vw, 525px\" \/><\/a><\/figure><\/li><li class=\"blocks-gallery-item\"><figure><a href=\"https:\/\/art-mu.fr\/wp-content\/uploads\/2021\/08\/2021_05_trace_06_002.jpg\"><img loading=\"lazy\" decoding=\"async\" width=\"1000\" height=\"984\" src=\"https:\/\/art-mu.fr\/wp-content\/uploads\/2021\/08\/2021_05_trace_06_002.jpg\" alt=\"\" data-id=\"1072\" data-full-url=\"https:\/\/art-mu.fr\/wp-content\/uploads\/2021\/08\/2021_05_trace_06_002.jpg\" data-link=\"https:\/\/art-mu.fr\/?attachment_id=1072\" class=\"wp-image-1072\" srcset=\"https:\/\/art-mu.fr\/wp-content\/uploads\/2021\/08\/2021_05_trace_06_002.jpg 1000w, https:\/\/art-mu.fr\/wp-content\/uploads\/2021\/08\/2021_05_trace_06_002-300x295.jpg 300w, https:\/\/art-mu.fr\/wp-content\/uploads\/2021\/08\/2021_05_trace_06_002-768x756.jpg 768w\" sizes=\"(max-width: 1000px) 100vw, 1000px\" \/><\/a><\/figure><\/li><li class=\"blocks-gallery-item\"><figure><a href=\"https:\/\/art-mu.fr\/wp-content\/uploads\/2021\/08\/2021_05_trace_07.jpg\"><img loading=\"lazy\" decoding=\"async\" width=\"971\" height=\"1000\" src=\"https:\/\/art-mu.fr\/wp-content\/uploads\/2021\/08\/2021_05_trace_07.jpg\" alt=\"\" data-id=\"1073\" data-full-url=\"https:\/\/art-mu.fr\/wp-content\/uploads\/2021\/08\/2021_05_trace_07.jpg\" data-link=\"https:\/\/art-mu.fr\/?attachment_id=1073\" class=\"wp-image-1073\" srcset=\"https:\/\/art-mu.fr\/wp-content\/uploads\/2021\/08\/2021_05_trace_07.jpg 971w, https:\/\/art-mu.fr\/wp-content\/uploads\/2021\/08\/2021_05_trace_07-291x300.jpg 291w, https:\/\/art-mu.fr\/wp-content\/uploads\/2021\/08\/2021_05_trace_07-768x791.jpg 768w\" sizes=\"(max-width: 971px) 100vw, 971px\" \/><\/a><\/figure><\/li><li class=\"blocks-gallery-item\"><figure><a href=\"https:\/\/art-mu.fr\/wp-content\/uploads\/2021\/08\/2021_05_trace_08.jpg\"><img loading=\"lazy\" decoding=\"async\" width=\"525\" height=\"540\" src=\"https:\/\/art-mu.fr\/wp-content\/uploads\/2021\/08\/2021_05_trace_08.jpg\" alt=\"\" data-id=\"1074\" data-full-url=\"https:\/\/art-mu.fr\/wp-content\/uploads\/2021\/08\/2021_05_trace_08.jpg\" data-link=\"https:\/\/art-mu.fr\/?attachment_id=1074\" class=\"wp-image-1074\" srcset=\"https:\/\/art-mu.fr\/wp-content\/uploads\/2021\/08\/2021_05_trace_08.jpg 525w, https:\/\/art-mu.fr\/wp-content\/uploads\/2021\/08\/2021_05_trace_08-292x300.jpg 292w\" sizes=\"(max-width: 525px) 100vw, 525px\" \/><\/a><\/figure><\/li><li class=\"blocks-gallery-item\"><figure><a href=\"https:\/\/art-mu.fr\/wp-content\/uploads\/2021\/08\/2021_05_trace_09.jpg\"><img loading=\"lazy\" decoding=\"async\" width=\"1000\" height=\"975\" src=\"https:\/\/art-mu.fr\/wp-content\/uploads\/2021\/08\/2021_05_trace_09.jpg\" alt=\"\" data-id=\"1075\" data-full-url=\"https:\/\/art-mu.fr\/wp-content\/uploads\/2021\/08\/2021_05_trace_09.jpg\" data-link=\"https:\/\/art-mu.fr\/?attachment_id=1075\" class=\"wp-image-1075\" srcset=\"https:\/\/art-mu.fr\/wp-content\/uploads\/2021\/08\/2021_05_trace_09.jpg 1000w, https:\/\/art-mu.fr\/wp-content\/uploads\/2021\/08\/2021_05_trace_09-300x293.jpg 300w, https:\/\/art-mu.fr\/wp-content\/uploads\/2021\/08\/2021_05_trace_09-768x749.jpg 768w\" sizes=\"(max-width: 1000px) 100vw, 1000px\" \/><\/a><\/figure><\/li><li class=\"blocks-gallery-item\"><figure><a href=\"https:\/\/art-mu.fr\/wp-content\/uploads\/2021\/08\/2021_05_trace_10.jpg\"><img loading=\"lazy\" decoding=\"async\" width=\"1000\" height=\"988\" src=\"https:\/\/art-mu.fr\/wp-content\/uploads\/2021\/08\/2021_05_trace_10.jpg\" alt=\"\" data-id=\"1076\" data-full-url=\"https:\/\/art-mu.fr\/wp-content\/uploads\/2021\/08\/2021_05_trace_10.jpg\" data-link=\"https:\/\/art-mu.fr\/?attachment_id=1076\" class=\"wp-image-1076\" srcset=\"https:\/\/art-mu.fr\/wp-content\/uploads\/2021\/08\/2021_05_trace_10.jpg 1000w, https:\/\/art-mu.fr\/wp-content\/uploads\/2021\/08\/2021_05_trace_10-300x296.jpg 300w, https:\/\/art-mu.fr\/wp-content\/uploads\/2021\/08\/2021_05_trace_10-768x759.jpg 768w\" sizes=\"(max-width: 1000px) 100vw, 1000px\" \/><\/a><\/figure><\/li><li class=\"blocks-gallery-item\"><figure><a href=\"https:\/\/art-mu.fr\/wp-content\/uploads\/2021\/08\/2021_05_trace_11.jpg\"><img loading=\"lazy\" decoding=\"async\" width=\"1000\" height=\"998\" src=\"https:\/\/art-mu.fr\/wp-content\/uploads\/2021\/08\/2021_05_trace_11.jpg\" alt=\"\" data-id=\"1077\" data-full-url=\"https:\/\/art-mu.fr\/wp-content\/uploads\/2021\/08\/2021_05_trace_11.jpg\" data-link=\"https:\/\/art-mu.fr\/?attachment_id=1077\" class=\"wp-image-1077\" srcset=\"https:\/\/art-mu.fr\/wp-content\/uploads\/2021\/08\/2021_05_trace_11.jpg 1000w, https:\/\/art-mu.fr\/wp-content\/uploads\/2021\/08\/2021_05_trace_11-300x300.jpg 300w, https:\/\/art-mu.fr\/wp-content\/uploads\/2021\/08\/2021_05_trace_11-150x150.jpg 150w, https:\/\/art-mu.fr\/wp-content\/uploads\/2021\/08\/2021_05_trace_11-768x766.jpg 768w\" sizes=\"(max-width: 1000px) 100vw, 1000px\" \/><\/a><\/figure><\/li><li class=\"blocks-gallery-item\"><figure><a href=\"https:\/\/art-mu.fr\/wp-content\/uploads\/2021\/08\/2021_05_trace_12.jpg\"><img loading=\"lazy\" decoding=\"async\" width=\"525\" height=\"506\" src=\"https:\/\/art-mu.fr\/wp-content\/uploads\/2021\/08\/2021_05_trace_12.jpg\" alt=\"\" data-id=\"1078\" data-full-url=\"https:\/\/art-mu.fr\/wp-content\/uploads\/2021\/08\/2021_05_trace_12.jpg\" data-link=\"https:\/\/art-mu.fr\/?attachment_id=1078\" class=\"wp-image-1078\" srcset=\"https:\/\/art-mu.fr\/wp-content\/uploads\/2021\/08\/2021_05_trace_12.jpg 525w, https:\/\/art-mu.fr\/wp-content\/uploads\/2021\/08\/2021_05_trace_12-300x289.jpg 300w\" sizes=\"(max-width: 525px) 100vw, 525px\" \/><\/a><\/figure><\/li><li class=\"blocks-gallery-item\"><figure><a href=\"https:\/\/art-mu.fr\/wp-content\/uploads\/2021\/08\/2021_05_Trace_17.jpg\"><img loading=\"lazy\" decoding=\"async\" width=\"1000\" height=\"941\" src=\"https:\/\/art-mu.fr\/wp-content\/uploads\/2021\/08\/2021_05_Trace_17.jpg\" alt=\"\" data-id=\"1356\" data-full-url=\"https:\/\/art-mu.fr\/wp-content\/uploads\/2021\/08\/2021_05_Trace_17.jpg\" data-link=\"https:\/\/art-mu.fr\/?attachment_id=1356\" class=\"wp-image-1356\" srcset=\"https:\/\/art-mu.fr\/wp-content\/uploads\/2021\/08\/2021_05_Trace_17.jpg 1000w, https:\/\/art-mu.fr\/wp-content\/uploads\/2021\/08\/2021_05_Trace_17-300x282.jpg 300w, https:\/\/art-mu.fr\/wp-content\/uploads\/2021\/08\/2021_05_Trace_17-768x723.jpg 768w\" sizes=\"(max-width: 1000px) 100vw, 1000px\" \/><\/a><\/figure><\/li><li class=\"blocks-gallery-item\"><figure><a href=\"https:\/\/art-mu.fr\/wp-content\/uploads\/2021\/08\/2021_05_Trace_18.jpg\"><img loading=\"lazy\" decoding=\"async\" width=\"1000\" height=\"906\" src=\"https:\/\/art-mu.fr\/wp-content\/uploads\/2021\/08\/2021_05_Trace_18.jpg\" alt=\"\" data-id=\"1357\" data-full-url=\"https:\/\/art-mu.fr\/wp-content\/uploads\/2021\/08\/2021_05_Trace_18.jpg\" data-link=\"https:\/\/art-mu.fr\/?attachment_id=1357\" class=\"wp-image-1357\" srcset=\"https:\/\/art-mu.fr\/wp-content\/uploads\/2021\/08\/2021_05_Trace_18.jpg 1000w, https:\/\/art-mu.fr\/wp-content\/uploads\/2021\/08\/2021_05_Trace_18-300x272.jpg 300w, https:\/\/art-mu.fr\/wp-content\/uploads\/2021\/08\/2021_05_Trace_18-768x696.jpg 768w\" sizes=\"(max-width: 1000px) 100vw, 1000px\" \/><\/a><\/figure><\/li><li class=\"blocks-gallery-item\"><figure><a href=\"https:\/\/art-mu.fr\/wp-content\/uploads\/2021\/08\/2021_05_Trace_20.jpg\"><img loading=\"lazy\" decoding=\"async\" width=\"1000\" height=\"999\" src=\"https:\/\/art-mu.fr\/wp-content\/uploads\/2021\/08\/2021_05_Trace_20.jpg\" alt=\"\" data-id=\"1358\" data-full-url=\"https:\/\/art-mu.fr\/wp-content\/uploads\/2021\/08\/2021_05_Trace_20.jpg\" data-link=\"https:\/\/art-mu.fr\/?attachment_id=1358\" class=\"wp-image-1358\" srcset=\"https:\/\/art-mu.fr\/wp-content\/uploads\/2021\/08\/2021_05_Trace_20.jpg 1000w, https:\/\/art-mu.fr\/wp-content\/uploads\/2021\/08\/2021_05_Trace_20-300x300.jpg 300w, https:\/\/art-mu.fr\/wp-content\/uploads\/2021\/08\/2021_05_Trace_20-150x150.jpg 150w, https:\/\/art-mu.fr\/wp-content\/uploads\/2021\/08\/2021_05_Trace_20-768x767.jpg 768w\" sizes=\"(max-width: 1000px) 100vw, 1000px\" \/><\/a><\/figure><\/li><li class=\"blocks-gallery-item\"><figure><a href=\"https:\/\/art-mu.fr\/wp-content\/uploads\/2021\/08\/2021_05_Trace_21.jpg\"><img loading=\"lazy\" decoding=\"async\" width=\"975\" height=\"1000\" src=\"https:\/\/art-mu.fr\/wp-content\/uploads\/2021\/08\/2021_05_Trace_21.jpg\" alt=\"\" data-id=\"1359\" data-full-url=\"https:\/\/art-mu.fr\/wp-content\/uploads\/2021\/08\/2021_05_Trace_21.jpg\" data-link=\"https:\/\/art-mu.fr\/?attachment_id=1359\" class=\"wp-image-1359\" srcset=\"https:\/\/art-mu.fr\/wp-content\/uploads\/2021\/08\/2021_05_Trace_21.jpg 975w, https:\/\/art-mu.fr\/wp-content\/uploads\/2021\/08\/2021_05_Trace_21-293x300.jpg 293w, https:\/\/art-mu.fr\/wp-content\/uploads\/2021\/08\/2021_05_Trace_21-768x788.jpg 768w\" sizes=\"(max-width: 975px) 100vw, 975px\" \/><\/a><\/figure><\/li><li class=\"blocks-gallery-item\"><figure><a href=\"https:\/\/art-mu.fr\/wp-content\/uploads\/2021\/08\/2021_05_Trace_22.jpg\"><img loading=\"lazy\" decoding=\"async\" width=\"958\" height=\"1000\" src=\"https:\/\/art-mu.fr\/wp-content\/uploads\/2021\/08\/2021_05_Trace_22.jpg\" alt=\"\" data-id=\"1360\" data-full-url=\"https:\/\/art-mu.fr\/wp-content\/uploads\/2021\/08\/2021_05_Trace_22.jpg\" data-link=\"https:\/\/art-mu.fr\/?attachment_id=1360\" class=\"wp-image-1360\" srcset=\"https:\/\/art-mu.fr\/wp-content\/uploads\/2021\/08\/2021_05_Trace_22.jpg 958w, https:\/\/art-mu.fr\/wp-content\/uploads\/2021\/08\/2021_05_Trace_22-287x300.jpg 287w, https:\/\/art-mu.fr\/wp-content\/uploads\/2021\/08\/2021_05_Trace_22-768x802.jpg 768w\" sizes=\"(max-width: 958px) 100vw, 958px\" \/><\/a><\/figure><\/li><\/ul><\/figure>\n\n\n\n<p><a href=\"https:\/\/art-mu.fr\/?page_id=586\" data-type=\"page\" data-id=\"586\">Vers le cours de juin 2021<\/a><\/p>\n\n\n\n<div class=\"wp-block-buttons is-content-justification-center is-layout-flex wp-block-buttons-is-layout-flex\">\n<div class=\"wp-block-button is-style-outline is-style-outline--2\"><a class=\"wp-block-button__link has-blue-color has-light-gray-background-color has-text-color has-background\" href=\"#\">Retour au haut de page<\/a><\/div>\n<\/div>\n","protected":false},"excerpt":{"rendered":"<p>Voici quelques photos ainsi que les mod\u00e8les utilis\u00e9s pour le cours De la Trace \u00e0 la Lettre r\u00e9alis\u00e9 en visio en mai 2021 et, enfin, quelques r\u00e9alisations des participants. Vers le cours de juin 2021<\/p>\n","protected":false},"author":3,"featured_media":0,"parent":84,"menu_order":3,"comment_status":"closed","ping_status":"closed","template":"","meta":{"footnotes":""},"class_list":["post-1065","page","type-page","status-publish","hentry"],"_links":{"self":[{"href":"https:\/\/art-mu.fr\/index.php?rest_route=\/wp\/v2\/pages\/1065","targetHints":{"allow":["GET"]}}],"collection":[{"href":"https:\/\/art-mu.fr\/index.php?rest_route=\/wp\/v2\/pages"}],"about":[{"href":"https:\/\/art-mu.fr\/index.php?rest_route=\/wp\/v2\/types\/page"}],"author":[{"embeddable":true,"href":"https:\/\/art-mu.fr\/index.php?rest_route=\/wp\/v2\/users\/3"}],"replies":[{"embeddable":true,"href":"https:\/\/art-mu.fr\/index.php?rest_route=%2Fwp%2Fv2%2Fcomments&post=1065"}],"version-history":[{"count":2,"href":"https:\/\/art-mu.fr\/index.php?rest_route=\/wp\/v2\/pages\/1065\/revisions"}],"predecessor-version":[{"id":1361,"href":"https:\/\/art-mu.fr\/index.php?rest_route=\/wp\/v2\/pages\/1065\/revisions\/1361"}],"up":[{"embeddable":true,"href":"https:\/\/art-mu.fr\/index.php?rest_route=\/wp\/v2\/pages\/84"}],"wp:attachment":[{"href":"https:\/\/art-mu.fr\/index.php?rest_route=%2Fwp%2Fv2%2Fmedia&parent=1065"}],"curies":[{"name":"wp","href":"https:\/\/api.w.org\/{rel}","templated":true}]}}