{"id":105,"date":"2021-08-12T08:41:30","date_gmt":"2021-08-12T06:41:30","guid":{"rendered":"https:\/\/art-mu.fr\/?page_id=105"},"modified":"2025-12-08T19:58:01","modified_gmt":"2025-12-08T17:58:01","slug":"stage-artistique-annuel","status":"publish","type":"page","link":"https:\/\/art-mu.fr\/?page_id=105","title":{"rendered":"Stage artistique annuel"},"content":{"rendered":"\n<figure class=\"wp-block-image size-full is-resized\"><img fetchpriority=\"high\" decoding=\"async\" width=\"1920\" height=\"1373\" src=\"https:\/\/art-mu.fr\/wp-content\/uploads\/2024\/03\/stg24_0_groupe.jpg\" alt=\"\" class=\"wp-image-5601\" srcset=\"https:\/\/art-mu.fr\/wp-content\/uploads\/2024\/03\/stg24_0_groupe.jpg 1920w, https:\/\/art-mu.fr\/wp-content\/uploads\/2024\/03\/stg24_0_groupe-300x215.jpg 300w, https:\/\/art-mu.fr\/wp-content\/uploads\/2024\/03\/stg24_0_groupe-1024x732.jpg 1024w, https:\/\/art-mu.fr\/wp-content\/uploads\/2024\/03\/stg24_0_groupe-768x549.jpg 768w, https:\/\/art-mu.fr\/wp-content\/uploads\/2024\/03\/stg24_0_groupe-1536x1098.jpg 1536w\" sizes=\"(max-width: 1920px) 100vw, 1920px\" \/><\/figure>\n\n\n\n<p><em>Les participantes au stage 2024 et St\u00e9phanie au milieu \u00e0 l&rsquo;arri\u00e8re plan.<\/em><\/p>\n\n\n\n<p><\/p>\n\n\n\n<p>*****************<\/p>\n\n\n\n<p><strong>Pas de stage en pr\u00e9vision actuellement<\/strong>&#8230;.<\/p>\n\n\n\n<p><\/p>\n\n\n\n<p>*****************************<\/p>\n\n\n\n<p>Ces stages fournissent l\u2019occasion de d\u00e9couvrir ou d\u2019approfondir une technique sur un week-end avec un animateur chevronn\u00e9 venu sp\u00e9cialement\u2026.<\/p>\n\n\n\n<p>Depuis plusieurs ann\u00e9es c&rsquo;est la calligraphe St\u00e9phanie Devaux qui intervient autour du livre d&rsquo;artiste.<\/p>\n\n\n\n<p><\/p>\n\n\n\n<p class=\"has-text-align-center\">***********************************<\/p>\n\n\n\n<p>Comptes-rendus photos<\/p>\n\n\n\n<ul class=\"wp-block-list\">\n<li><a href=\"https:\/\/art-mu.fr\/?page_id=1769\" data-type=\"page\" data-id=\"1769\">stage 2016, suivi d&rsquo;un week-end<\/a> de finalisation sans l&rsquo;intervenante.<\/li>\n\n\n\n<li><a href=\"https:\/\/art-mu.fr\/?page_id=1232\" data-type=\"page\" data-id=\"1232\">stage 2017<\/a><\/li>\n\n\n\n<li><a href=\"https:\/\/art-mu.fr\/?page_id=1542\" data-type=\"page\" data-id=\"1542\">stage 2018<\/a><\/li>\n\n\n\n<li><a href=\"https:\/\/art-mu.fr\/?page_id=7332\" data-type=\"page\" data-id=\"7332\">stage 2019<\/a><\/li>\n\n\n\n<li><em>stages 2020 et 2021 annul\u00e9s<\/em><\/li>\n\n\n\n<li><a href=\"https:\/\/art-mu.fr\/?page_id=7221\" data-type=\"page\" data-id=\"7221\">stage 2022<\/a><\/li>\n\n\n\n<li><a href=\"https:\/\/art-mu.fr\/?page_id=4695\" data-type=\"page\" data-id=\"4695\">stage 2023<\/a><\/li>\n\n\n\n<li><a href=\"https:\/\/art-mu.fr\/?page_id=5604\" data-type=\"page\" data-id=\"5604\">stage 2024<\/a><\/li>\n<\/ul>\n\n\n\n<div class=\"wp-block-buttons is-content-justification-center is-layout-flex wp-block-buttons-is-layout-flex\">\n<div class=\"wp-block-button is-style-outline is-style-outline--1\"><a class=\"wp-block-button__link has-blue-color has-light-gray-background-color has-text-color has-background\" href=\"#\">Retour au haut de page<\/a><\/div>\n<\/div>\n","protected":false},"excerpt":{"rendered":"<p>Les participantes au stage 2024 et St\u00e9phanie au milieu \u00e0 l&rsquo;arri\u00e8re plan. ***************** Pas de stage en pr\u00e9vision actuellement&#8230;. ***************************** Ces stages fournissent l\u2019occasion de d\u00e9couvrir ou d\u2019approfondir une technique sur un week-end avec un animateur chevronn\u00e9 venu sp\u00e9cialement\u2026. Depuis plusieurs ann\u00e9es c&rsquo;est la calligraphe St\u00e9phanie Devaux qui intervient autour du livre d&rsquo;artiste. *********************************** Comptes-rendus [&hellip;]<\/p>\n","protected":false},"author":3,"featured_media":0,"parent":25,"menu_order":2,"comment_status":"closed","ping_status":"closed","template":"","meta":{"footnotes":""},"class_list":["post-105","page","type-page","status-publish","hentry"],"_links":{"self":[{"href":"https:\/\/art-mu.fr\/index.php?rest_route=\/wp\/v2\/pages\/105","targetHints":{"allow":["GET"]}}],"collection":[{"href":"https:\/\/art-mu.fr\/index.php?rest_route=\/wp\/v2\/pages"}],"about":[{"href":"https:\/\/art-mu.fr\/index.php?rest_route=\/wp\/v2\/types\/page"}],"author":[{"embeddable":true,"href":"https:\/\/art-mu.fr\/index.php?rest_route=\/wp\/v2\/users\/3"}],"replies":[{"embeddable":true,"href":"https:\/\/art-mu.fr\/index.php?rest_route=%2Fwp%2Fv2%2Fcomments&post=105"}],"version-history":[{"count":26,"href":"https:\/\/art-mu.fr\/index.php?rest_route=\/wp\/v2\/pages\/105\/revisions"}],"predecessor-version":[{"id":7706,"href":"https:\/\/art-mu.fr\/index.php?rest_route=\/wp\/v2\/pages\/105\/revisions\/7706"}],"up":[{"embeddable":true,"href":"https:\/\/art-mu.fr\/index.php?rest_route=\/wp\/v2\/pages\/25"}],"wp:attachment":[{"href":"https:\/\/art-mu.fr\/index.php?rest_route=%2Fwp%2Fv2%2Fmedia&parent=105"}],"curies":[{"name":"wp","href":"https:\/\/api.w.org\/{rel}","templated":true}]}}