{"id":102,"date":"2021-08-12T08:38:26","date_gmt":"2021-08-12T06:38:26","guid":{"rendered":"https:\/\/art-mu.fr\/?page_id=102"},"modified":"2024-11-22T18:10:23","modified_gmt":"2024-11-22T16:10:23","slug":"gravure-sur-tetrapak","status":"publish","type":"page","link":"https:\/\/art-mu.fr\/?page_id=102","title":{"rendered":"Gravure sur Tetrapak"},"content":{"rendered":"\n<p>Tout \u00e0 fait dans l&rsquo;esprit de l&rsquo;association visant \u00e0 utiliser des mat\u00e9riaux de r\u00e9cup\u00e9ration pour la cr\u00e9ation artistique, la gravure sur des briques de lait ou jus de fruit, est un proc\u00e9d\u00e9 de gravure tout \u00e0 la fois facile, rapide, peu on\u00e9reux et aux possibilit\u00e9s pourtant tr\u00e8s \u00e9tendues.<\/p>\n\n\n\n<figure class=\"wp-block-gallery has-nested-images columns-default is-cropped wp-block-gallery-1 is-layout-flex wp-block-gallery-is-layout-flex\">\n<figure class=\"wp-block-image size-large\"><img fetchpriority=\"high\" decoding=\"async\" width=\"1000\" height=\"297\" data-id=\"4761\" src=\"https:\/\/art-mu.fr\/wp-content\/uploads\/2023\/03\/feuilles-noir-reduit.jpg\" alt=\"\" class=\"wp-image-4761\" srcset=\"https:\/\/art-mu.fr\/wp-content\/uploads\/2023\/03\/feuilles-noir-reduit.jpg 1000w, https:\/\/art-mu.fr\/wp-content\/uploads\/2023\/03\/feuilles-noir-reduit-300x89.jpg 300w, https:\/\/art-mu.fr\/wp-content\/uploads\/2023\/03\/feuilles-noir-reduit-768x228.jpg 768w\" sizes=\"(max-width: 1000px) 100vw, 1000px\" \/><\/figure>\n<\/figure>\n\n\n\n<p>Atelier ouvert \u00e0 tous, sans pr\u00e9requis et quel que soit votre niveau en dessin.<\/p>\n\n\n\n<p>Jean-Luc qui s&rsquo;est form\u00e9 en autodidacte et n&rsquo;a cess\u00e9 d&rsquo;explorer de nombreuses pistes durant plusieurs ann\u00e9es de pratique, a <strong>d\u00e9velopp\u00e9 de nombreuses techniques qu&rsquo;il a enregistr\u00e9es sous forme de <a href=\"https:\/\/art-mu.fr\/?page_id=3462\" data-type=\"page\" data-id=\"3462\">TUTOS EN VIDEO<\/a> (youtube) <\/strong>bien connus des internautes qui s&rsquo;int\u00e9ressent \u00e0 ce type de gravure.<\/p>\n\n\n\n<p class=\"has-text-align-center\">*********************<\/p>\n\n\n\n<figure class=\"wp-block-image size-large is-resized\"><a href=\"https:\/\/art-mu.fr\/?page_id=3462\"><img decoding=\"async\" width=\"1024\" height=\"672\" src=\"https:\/\/art-mu.fr\/wp-content\/uploads\/2024\/05\/screen_yoputube-1024x672.png\" alt=\"\" class=\"wp-image-5700\" style=\"width:670px;height:auto\" srcset=\"https:\/\/art-mu.fr\/wp-content\/uploads\/2024\/05\/screen_yoputube-1024x672.png 1024w, https:\/\/art-mu.fr\/wp-content\/uploads\/2024\/05\/screen_yoputube-300x197.png 300w, https:\/\/art-mu.fr\/wp-content\/uploads\/2024\/05\/screen_yoputube-768x504.png 768w, https:\/\/art-mu.fr\/wp-content\/uploads\/2024\/05\/screen_yoputube.png 1132w\" sizes=\"(max-width: 1024px) 100vw, 1024px\" \/><\/a><\/figure>\n\n\n\n<p class=\"has-text-align-center\">Mais il appr\u00e9cie de pouvoir transmettre \u00e9galement de vive voix au sein d&rsquo;Art&rsquo;Mu et d&rsquo;une autre association de la m\u00e9tropole messine.<\/p>\n\n\n\n<p class=\"has-text-align-center\">***********************<\/p>\n\n\n\n<figure class=\"wp-block-image aligncenter size-full\"><img decoding=\"async\" width=\"585\" height=\"949\" src=\"https:\/\/art-mu.fr\/wp-content\/uploads\/2021\/08\/ttpk_exemple2.jpg\" alt=\"\" class=\"wp-image-150\" srcset=\"https:\/\/art-mu.fr\/wp-content\/uploads\/2021\/08\/ttpk_exemple2.jpg 585w, https:\/\/art-mu.fr\/wp-content\/uploads\/2021\/08\/ttpk_exemple2-185x300.jpg 185w\" sizes=\"(max-width: 585px) 100vw, 585px\" \/><figcaption class=\"wp-element-caption\">matrice pr\u00eate \u00e0 l&rsquo;impression avec effet d&rsquo;encrage brut sur le fond.<\/figcaption><\/figure>\n\n\n\n<p>Dans le cadre de notre association il propose une ou deux journ\u00e9es par an, visant \u00e0 permettre une initiation \u00e0 cette technique mais \u00e9galement \u00e0 montrer l&rsquo;\u00e9tendue des possibilit\u00e9s offertes. Il s&rsquo;agit donc de cours relativement cadr\u00e9s portant chacun sur un aspect pr\u00e9cis.<\/p>\n\n\n\n<p>Chaque cours est con\u00e7u avec un rappel des techniques de base afin d&rsquo;\u00eatre ouvert \u00e0 tous, que les cours pr\u00e9c\u00e9dents aient \u00e9t\u00e9 suivis ou non.<\/p>\n\n\n\n<figure class=\"wp-block-image aligncenter size-full\"><img loading=\"lazy\" decoding=\"async\" width=\"601\" height=\"905\" src=\"https:\/\/art-mu.fr\/wp-content\/uploads\/2021\/08\/ttpk_exemple1.jpg\" alt=\"\" class=\"wp-image-149\" srcset=\"https:\/\/art-mu.fr\/wp-content\/uploads\/2021\/08\/ttpk_exemple1.jpg 601w, https:\/\/art-mu.fr\/wp-content\/uploads\/2021\/08\/ttpk_exemple1-199x300.jpg 199w\" sizes=\"(max-width: 601px) 100vw, 601px\" \/><\/figure>\n\n\n\n<p>La participation \u00e0 ces journ\u00e9es ne n\u00e9cessite pas de mat\u00e9riel sp\u00e9cifique, celui-ci (encres, papier, pointe \u00e0 graver, briques vides), \u00e9tant fourni. Une petite presse est mise \u00e0 disposition pour la journ\u00e9e.<\/p>\n\n\n\n<p><strong>Compte-rendus photos d&rsquo;ateliers :<\/strong><\/p>\n\n\n\n<ul class=\"wp-block-list\">\n<li><a href=\"https:\/\/art-mu.fr\/?page_id=977\" data-type=\"page\" data-id=\"977\">initiation \u00e0 diff\u00e9rentes techniques de gravure lors du marathon de janvier 2018<\/a><\/li>\n\n\n\n<li><a href=\"https:\/\/art-mu.fr\/?page_id=1366\" data-type=\"page\" data-id=\"1366\">atelier Tetrapak de janvier 2018<\/a><\/li>\n\n\n\n<li><a href=\"https:\/\/art-mu.fr\/?page_id=954\" data-type=\"page\" data-id=\"954\">initiation Tetrapak lors du marathon de juin 2018<\/a><\/li>\n\n\n\n<li><a href=\"https:\/\/art-mu.fr\/?page_id=903\" data-type=\"page\" data-id=\"903\">premier cours en juin 2021<\/a><\/li>\n\n\n\n<li><a href=\"https:\/\/art-mu.fr\/?page_id=3333\" data-type=\"page\" data-id=\"3333\">trois s\u00e9ances de fin 2021<\/a><\/li>\n<\/ul>\n\n\n\n<p><\/p>\n\n\n\n<p><strong>Dates et horaires des s\u00e9ances, lieu, prix, jauge, contact<\/strong>&#8230;<\/p>\n\n\n\n<p>Dates : voir notre page calendrier : une ou deux journ\u00e9e par an selon la demande : ne pas h\u00e9siter \u00e0 manifester votre int\u00e9r\u00eat (t\u00e9l\u00e9phone ci-dessous ou par <a href=\"https:\/\/art-mu.fr\/?page_id=2\" data-type=\"page\" data-id=\"2\">mail<\/a>) si vous souhaitez que des journ\u00e9es suppl\u00e9mentaires soit programm\u00e9es.<\/p>\n\n\n\n<p><strong>Horaires<\/strong> : 10h \u00e0 13h puis 14h \u00e0 17h avec pose \u00e0 midi, mais tout autre horaire est envisageable&#8230;.<\/p>\n\n\n\n<p><strong>Lieu<\/strong> : selon le nombre de participants, au domicile de l&rsquo;animateur ou <a href=\"https:\/\/art-mu.fr\/?page_id=2\" data-type=\"page\" data-id=\"2\">\u00e0 l&rsquo;atelier<\/a><\/p>\n\n\n\n<p><strong>Participation aux frais<\/strong> (encre, papier etc&#8230;) : 10 euros<\/p>\n\n\n\n<p><strong>Capacit\u00e9<\/strong> : une dizaine de personnes, inscription obligatoire, pas d&rsquo;effectif minimum.<\/p>\n\n\n\n<p><br>Responsable de l\u2019atelier : Jean-Luc MATTE Contact : 06-81-52-81-49<\/p>\n\n\n\n<figure class=\"wp-block-image aligncenter size-full\"><img loading=\"lazy\" decoding=\"async\" width=\"538\" height=\"1000\" src=\"https:\/\/art-mu.fr\/wp-content\/uploads\/2021\/08\/ttpkdos.jpg\" alt=\"\" class=\"wp-image-951\" srcset=\"https:\/\/art-mu.fr\/wp-content\/uploads\/2021\/08\/ttpkdos.jpg 538w, https:\/\/art-mu.fr\/wp-content\/uploads\/2021\/08\/ttpkdos-161x300.jpg 161w\" sizes=\"(max-width: 538px) 100vw, 538px\" \/><figcaption class=\"wp-element-caption\">gravure bicolore sur Tetrapak<\/figcaption><\/figure>\n\n\n\n<div class=\"wp-block-buttons is-content-justification-center is-layout-flex wp-block-buttons-is-layout-flex\">\n<div class=\"wp-block-button is-style-outline is-style-outline--2\"><a class=\"wp-block-button__link has-blue-color has-light-gray-background-color has-text-color has-background\" href=\"#\">Retour au haut de page<\/a><\/div>\n<\/div>\n\n\n\n<p><\/p>\n","protected":false},"excerpt":{"rendered":"<p>Tout \u00e0 fait dans l&rsquo;esprit de l&rsquo;association visant \u00e0 utiliser des mat\u00e9riaux de r\u00e9cup\u00e9ration pour la cr\u00e9ation artistique, la gravure sur des briques de lait ou jus de fruit, est un proc\u00e9d\u00e9 de gravure tout \u00e0 la fois facile, rapide, peu on\u00e9reux et aux possibilit\u00e9s pourtant tr\u00e8s \u00e9tendues. Atelier ouvert \u00e0 tous, sans pr\u00e9requis et [&hellip;]<\/p>\n","protected":false},"author":3,"featured_media":0,"parent":25,"menu_order":2,"comment_status":"closed","ping_status":"closed","template":"","meta":{"footnotes":""},"class_list":["post-102","page","type-page","status-publish","hentry"],"_links":{"self":[{"href":"https:\/\/art-mu.fr\/index.php?rest_route=\/wp\/v2\/pages\/102","targetHints":{"allow":["GET"]}}],"collection":[{"href":"https:\/\/art-mu.fr\/index.php?rest_route=\/wp\/v2\/pages"}],"about":[{"href":"https:\/\/art-mu.fr\/index.php?rest_route=\/wp\/v2\/types\/page"}],"author":[{"embeddable":true,"href":"https:\/\/art-mu.fr\/index.php?rest_route=\/wp\/v2\/users\/3"}],"replies":[{"embeddable":true,"href":"https:\/\/art-mu.fr\/index.php?rest_route=%2Fwp%2Fv2%2Fcomments&post=102"}],"version-history":[{"count":22,"href":"https:\/\/art-mu.fr\/index.php?rest_route=\/wp\/v2\/pages\/102\/revisions"}],"predecessor-version":[{"id":7311,"href":"https:\/\/art-mu.fr\/index.php?rest_route=\/wp\/v2\/pages\/102\/revisions\/7311"}],"up":[{"embeddable":true,"href":"https:\/\/art-mu.fr\/index.php?rest_route=\/wp\/v2\/pages\/25"}],"wp:attachment":[{"href":"https:\/\/art-mu.fr\/index.php?rest_route=%2Fwp%2Fv2%2Fmedia&parent=102"}],"curies":[{"name":"wp","href":"https:\/\/api.w.org\/{rel}","templated":true}]}}