{"id":1002,"date":"2021-08-16T15:33:41","date_gmt":"2021-08-16T13:33:41","guid":{"rendered":"https:\/\/art-mu.fr\/?page_id=1002"},"modified":"2023-07-23T11:35:45","modified_gmt":"2023-07-23T09:35:45","slug":"visites-et-voyages","status":"publish","type":"page","link":"https:\/\/art-mu.fr\/?page_id=1002","title":{"rendered":"Visites et voyages"},"content":{"rendered":"\n<p>L&rsquo;association Art-Mu, en sus des ses ateliers et de ses expositions, organise p\u00e9riodiquement (en fonction des \u00e9v\u00e9nements propos\u00e9s et des envies des membres) des visites sur l&rsquo;agglom\u00e9ration messine ou en des lieux plus \u00e9loign\u00e9s (covoiturage ou bus selon le nombre de participants).<\/p>\n\n\n\n<p>Elle a ainsi, ses derni\u00e8res ann\u00e9es, permis la visite de la Fabuloserie, du mus\u00e9e Camille Claudel, d&rsquo;un fabricant de vitraux, d&rsquo;un mus\u00e9e du verre, du mus\u00e9e du fer de Jarville et du mus\u00e9e du sel de Marsal, de la V\u00f6lkinger H\u00fctte etc&#8230;<\/p>\n\n\n\n<p>Voir compte-rendu photos :<\/p>\n\n\n\n<ul class=\"wp-block-list\">\n<li>2018 : <a href=\"https:\/\/art-mu.fr\/?page_id=1005\" data-type=\"page\" data-id=\"1005\">La Fabuloserie<\/a><\/li>\n<\/ul>\n","protected":false},"excerpt":{"rendered":"<p>L&rsquo;association Art-Mu, en sus des ses ateliers et de ses expositions, organise p\u00e9riodiquement (en fonction des \u00e9v\u00e9nements propos\u00e9s et des envies des membres) des visites sur l&rsquo;agglom\u00e9ration messine ou en des lieux plus \u00e9loign\u00e9s (covoiturage ou bus selon le nombre de participants). Elle a ainsi, ses derni\u00e8res ann\u00e9es, permis la visite de la Fabuloserie, du [&hellip;]<\/p>\n","protected":false},"author":3,"featured_media":0,"parent":0,"menu_order":1,"comment_status":"closed","ping_status":"closed","template":"","meta":{"footnotes":""},"class_list":["post-1002","page","type-page","status-publish","hentry"],"_links":{"self":[{"href":"https:\/\/art-mu.fr\/index.php?rest_route=\/wp\/v2\/pages\/1002","targetHints":{"allow":["GET"]}}],"collection":[{"href":"https:\/\/art-mu.fr\/index.php?rest_route=\/wp\/v2\/pages"}],"about":[{"href":"https:\/\/art-mu.fr\/index.php?rest_route=\/wp\/v2\/types\/page"}],"author":[{"embeddable":true,"href":"https:\/\/art-mu.fr\/index.php?rest_route=\/wp\/v2\/users\/3"}],"replies":[{"embeddable":true,"href":"https:\/\/art-mu.fr\/index.php?rest_route=%2Fwp%2Fv2%2Fcomments&post=1002"}],"version-history":[{"count":3,"href":"https:\/\/art-mu.fr\/index.php?rest_route=\/wp\/v2\/pages\/1002\/revisions"}],"predecessor-version":[{"id":5253,"href":"https:\/\/art-mu.fr\/index.php?rest_route=\/wp\/v2\/pages\/1002\/revisions\/5253"}],"wp:attachment":[{"href":"https:\/\/art-mu.fr\/index.php?rest_route=%2Fwp%2Fv2%2Fmedia&parent=1002"}],"curies":[{"name":"wp","href":"https:\/\/api.w.org\/{rel}","templated":true}]}}